{"id":7266,"date":"2026-03-10T16:48:06","date_gmt":"2026-03-10T16:48:06","guid":{"rendered":"https:\/\/tzionlibreria.com\/?post_type=product&#038;p=7266"},"modified":"2026-03-10T16:48:12","modified_gmt":"2026-03-10T16:48:12","slug":"biblia-rvr60-portatil-letra-grande-12-pts-flores-rosa-indice-cierre","status":"publish","type":"product","link":"https:\/\/tzionlibreria.com\/index.php\/product\/biblia-rvr60-portatil-letra-grande-12-pts-flores-rosa-indice-cierre\/","title":{"rendered":"Biblia RVR60 Port\u00e1til Letra Grande 12 pts Flores Rosa \u00edndice cierre"},"content":{"rendered":"<ul class=\"tabs wc-tabs\" role=\"tablist\">\n<li id=\"tab-title-description\" class=\"description_tab active\" role=\"presentation\"><a tabindex=\"0\" role=\"tab\" href=\"https:\/\/libreria247.com\/producto\/biblia-rvr60-tamano-compacto-letra-grande-12-puntos-ipiel-flores-sobre-rosa-cierre-indice-canto-pintado\/#tab-description\" aria-controls=\"tab-description\" aria-selected=\"true\"> Descripci\u00f3n <\/a><\/li>\n<li id=\"tab-title-reviews\" class=\"reviews_tab\" role=\"presentation\"><a tabindex=\"-1\" role=\"tab\" href=\"https:\/\/libreria247.com\/producto\/biblia-rvr60-tamano-compacto-letra-grande-12-puntos-ipiel-flores-sobre-rosa-cierre-indice-canto-pintado\/#tab-reviews\" aria-controls=\"tab-reviews\" aria-selected=\"false\"> Valoraciones (0) <\/a><\/li>\n<\/ul>\n<div id=\"tab-description\" class=\"woocommerce-Tabs-panel woocommerce-Tabs-panel--description panel entry-content wc-tab\" role=\"tabpanel\" aria-labelledby=\"tab-title-description\">\n<h6 data-start=\"179\" data-end=\"268\"><img decoding=\"async\" class=\"emoji\" role=\"img\" draggable=\"false\" src=\"https:\/\/s.w.org\/images\/core\/emoji\/17.0.2\/svg\/1f4d6.svg\" alt=\"\ud83d\udcd6\" \/>\u00a0 Biblia Reina-Vala 1960 \u2013 Letra Grande 12 Puntos | Edici\u00f3n Compacta con Ayudas<\/h6>\n<p data-start=\"270\" data-end=\"350\">Claridad en la lectura. Fidelidad en la traducci\u00f3n. Profundidad en el contenido.<\/p>\n<p data-start=\"352\" data-end=\"565\">Esta edici\u00f3n de la <strong data-start=\"371\" data-end=\"400\">Reina-Valera 1960 (RVR60)<\/strong> ofrece una experiencia de lectura c\u00f3moda gracias a su <strong data-start=\"455\" data-end=\"484\">letra grande de 12 puntos<\/strong>, ideal para quienes desean una Biblia legible en un formato compacto y pr\u00e1ctico.<\/p>\n<p data-start=\"567\" data-end=\"824\">La RVR60 utiliza el m\u00e9todo de <strong data-start=\"597\" data-end=\"620\">equivalencia formal<\/strong>, preservando el sentido original del texto b\u00edblico en hebreo y griego, manteniendo el estilo cl\u00e1sico y la cadencia que la han convertido en la versi\u00f3n m\u00e1s aceptada por iglesias en Latinoam\u00e9rica y Espa\u00f1a.<\/p>\n<p data-start=\"826\" data-end=\"954\">Incluye <strong data-start=\"834\" data-end=\"881\">32 p\u00e1ginas a todo color con ayudas b\u00edblicas<\/strong>, adem\u00e1s de herramientas completas para estudio y crecimiento espiritual.<\/p>\n<hr data-start=\"956\" data-end=\"959\" \/>\n<h6 data-start=\"961\" data-end=\"992\"><img decoding=\"async\" class=\"emoji\" role=\"img\" draggable=\"false\" src=\"https:\/\/s.w.org\/images\/core\/emoji\/17.0.2\/svg\/2728.svg\" alt=\"\u2728\" \/> Caracter\u00edsticas destacadas<\/h6>\n<p data-start=\"994\" data-end=\"1255\"><img decoding=\"async\" class=\"emoji\" role=\"img\" draggable=\"false\" src=\"https:\/\/s.w.org\/images\/core\/emoji\/17.0.2\/svg\/2714.svg\" alt=\"\u2714\" \/> Letra grande de 12 puntos<br data-start=\"1021\" data-end=\"1024\" \/><img decoding=\"async\" class=\"emoji\" role=\"img\" draggable=\"false\" src=\"https:\/\/s.w.org\/images\/core\/emoji\/17.0.2\/svg\/2714.svg\" alt=\"\u2714\" \/> Palabras de Jes\u00fas en rojo<br data-start=\"1051\" data-end=\"1054\" \/><img decoding=\"async\" class=\"emoji\" role=\"img\" draggable=\"false\" src=\"https:\/\/s.w.org\/images\/core\/emoji\/17.0.2\/svg\/2714.svg\" alt=\"\u2714\" \/> Referencias cruzadas a pie de p\u00e1gina<br data-start=\"1092\" data-end=\"1095\" \/><img decoding=\"async\" class=\"emoji\" role=\"img\" draggable=\"false\" src=\"https:\/\/s.w.org\/images\/core\/emoji\/17.0.2\/svg\/2714.svg\" alt=\"\u2714\" \/> Concordancia de 100 p\u00e1ginas<br data-start=\"1124\" data-end=\"1127\" \/><img decoding=\"async\" class=\"emoji\" role=\"img\" draggable=\"false\" src=\"https:\/\/s.w.org\/images\/core\/emoji\/17.0.2\/svg\/2714.svg\" alt=\"\u2714\" \/> Introducciones y abreviaturas por C.H. Spurgeon y J.C. Ryle<br data-start=\"1188\" data-end=\"1191\" \/><img decoding=\"async\" class=\"emoji\" role=\"img\" draggable=\"false\" src=\"https:\/\/s.w.org\/images\/core\/emoji\/17.0.2\/svg\/2714.svg\" alt=\"\u2714\" \/> 32 p\u00e1ginas a todo color con ayudas<br data-start=\"1227\" data-end=\"1230\" \/><img decoding=\"async\" class=\"emoji\" role=\"img\" draggable=\"false\" src=\"https:\/\/s.w.org\/images\/core\/emoji\/17.0.2\/svg\/2714.svg\" alt=\"\u2714\" \/> 12 mapas a todo color<\/p>\n<hr data-start=\"1257\" data-end=\"1260\" \/>\n<h6 data-start=\"1262\" data-end=\"1297\"><img decoding=\"async\" class=\"emoji\" role=\"img\" draggable=\"false\" src=\"https:\/\/s.w.org\/images\/core\/emoji\/17.0.2\/svg\/1f4da.svg\" alt=\"\ud83d\udcda\" \/> Recursos de estudio incluidos<\/h6>\n<ul data-start=\"1299\" data-end=\"1638\">\n<li data-start=\"1299\" data-end=\"1333\">\n<p data-start=\"1301\" data-end=\"1333\">Vers\u00edculos clave de cada libro<\/p>\n<\/li>\n<li data-start=\"1334\" data-end=\"1357\">\n<p data-start=\"1336\" data-end=\"1357\">Genealog\u00eda de Jes\u00fas<\/p>\n<\/li>\n<li data-start=\"1358\" data-end=\"1378\">\n<p data-start=\"1360\" data-end=\"1378\">Fiestas B\u00edblicas<\/p>\n<\/li>\n<li data-start=\"1379\" data-end=\"1406\">\n<p data-start=\"1381\" data-end=\"1406\">Tipolog\u00eda de los Salmos<\/p>\n<\/li>\n<li data-start=\"1407\" data-end=\"1427\">\n<p data-start=\"1409\" data-end=\"1427\">Plano del Templo<\/p>\n<\/li>\n<li data-start=\"1428\" data-end=\"1462\">\n<p data-start=\"1430\" data-end=\"1462\">Cronolog\u00eda de Reyes y Profetas<\/p>\n<\/li>\n<li data-start=\"1463\" data-end=\"1499\">\n<p data-start=\"1465\" data-end=\"1499\">Cuadro de las par\u00e1bolas de Jes\u00fas<\/p>\n<\/li>\n<li data-start=\"1500\" data-end=\"1535\">\n<p data-start=\"1502\" data-end=\"1535\">Cuadro de los milagros de Jes\u00fas<\/p>\n<\/li>\n<li data-start=\"1536\" data-end=\"1557\">\n<p data-start=\"1538\" data-end=\"1557\">Plan de salvaci\u00f3n<\/p>\n<\/li>\n<li data-start=\"1558\" data-end=\"1578\">\n<p data-start=\"1560\" data-end=\"1578\">Promesas de Dios<\/p>\n<\/li>\n<li data-start=\"1579\" data-end=\"1608\">\n<p data-start=\"1581\" data-end=\"1608\">Plan de lectura en un a\u00f1o<\/p>\n<\/li>\n<li data-start=\"1609\" data-end=\"1638\">\n<p data-start=\"1611\" data-end=\"1638\">Mapas de tiempos b\u00edblicos<\/p>\n<\/li>\n<\/ul>\n<hr data-start=\"1640\" data-end=\"1643\" \/>\n<h6 data-start=\"1645\" data-end=\"1662\"><img decoding=\"async\" class=\"emoji\" role=\"img\" draggable=\"false\" src=\"https:\/\/s.w.org\/images\/core\/emoji\/17.0.2\/svg\/1f64f.svg\" alt=\"\ud83d\ude4f\" \/> Ideal para:<\/h6>\n<ul data-start=\"1664\" data-end=\"1854\">\n<li data-start=\"1664\" data-end=\"1688\">\n<p data-start=\"1666\" data-end=\"1688\">Devocionales diarios<\/p>\n<\/li>\n<li data-start=\"1689\" data-end=\"1720\">\n<p data-start=\"1691\" data-end=\"1720\">Estudio personal o en grupo<\/p>\n<\/li>\n<li data-start=\"1721\" data-end=\"1768\">\n<p data-start=\"1723\" data-end=\"1768\">Personas que necesitan letra clara y c\u00f3moda<\/p>\n<\/li>\n<li data-start=\"1769\" data-end=\"1801\">\n<p data-start=\"1771\" data-end=\"1801\">Regalo para nuevos creyentes<\/p>\n<\/li>\n<li data-start=\"1802\" data-end=\"1854\">\n<p data-start=\"1804\" data-end=\"1854\">Uso en iglesia, viajes o acompa\u00f1amiento pastoral<\/p>\n<\/li>\n<\/ul>\n<hr data-start=\"1856\" data-end=\"1859\" \/>\n<h6 data-start=\"1861\" data-end=\"1925\"><img decoding=\"async\" class=\"emoji\" role=\"img\" draggable=\"false\" src=\"https:\/\/s.w.org\/images\/core\/emoji\/17.0.2\/svg\/1f4cc.svg\" alt=\"\ud83d\udccc\" \/> Una Biblia compacta en tama\u00f1o, pero completa en contenido.<\/h6>\n<p data-start=\"1927\" data-end=\"2053\">Dise\u00f1ada para acompa\u00f1arte cada d\u00eda en tu crecimiento espiritual, con herramientas que fortalecen tu comprensi\u00f3n de la Palabra.<\/p>\n<\/div>\n","protected":false},"excerpt":{"rendered":"<p>Descripci\u00f3n Valoraciones (0) \u00a0 Biblia Reina-Vala 1960 \u2013 Letra Grande 12 Puntos | Edici\u00f3n Compacta con Ayudas Claridad en la lectura. Fidelidad en la traducci\u00f3n. Profundidad en el contenido. Esta edici\u00f3n de la Reina-Valera 1960 (RVR60) ofrece una experiencia de lectura c\u00f3moda gracias a su letra grande de 12 puntos, ideal para quienes desean una [&hellip;]<\/p>\n","protected":false},"featured_media":7274,"comment_status":"open","ping_status":"closed","template":"","meta":{"om_disable_all_campaigns":false,"_monsterinsights_skip_tracking":false,"_monsterinsights_sitenote_active":false,"_monsterinsights_sitenote_note":"","_monsterinsights_sitenote_category":0,"site-sidebar-layout":"default","site-content-layout":"","ast-site-content-layout":"default","site-content-style":"default","site-sidebar-style":"default","ast-global-header-display":"","ast-banner-title-visibility":"","ast-main-header-display":"","ast-hfb-above-header-display":"","ast-hfb-below-header-display":"","ast-hfb-mobile-header-display":"","site-post-title":"","ast-breadcrumbs-content":"","ast-featured-img":"","footer-sml-layout":"","ast-disable-related-posts":"","theme-transparent-header-meta":"default","adv-header-id-meta":"","stick-header-meta":"","header-above-stick-meta":"","header-main-stick-meta":"","header-below-stick-meta":"","astra-migrate-meta-layouts":"set","ast-page-background-enabled":"default","ast-page-background-meta":{"desktop":{"background-color":"var(--ast-global-color-4)","background-image":"","background-repeat":"repeat","background-position":"center center","background-size":"auto","background-attachment":"scroll","background-type":"","background-media":"","overlay-type":"","overlay-color":"","overlay-opacity":"","overlay-gradient":""},"tablet":{"background-color":"","background-image":"","background-repeat":"repeat","background-position":"center center","background-size":"auto","background-attachment":"scroll","background-type":"","background-media":"","overlay-type":"","overlay-color":"","overlay-opacity":"","overlay-gradient":""},"mobile":{"background-color":"","background-image":"","background-repeat":"repeat","background-position":"center center","background-size":"auto","background-attachment":"scroll","background-type":"","background-media":"","overlay-type":"","overlay-color":"","overlay-opacity":"","overlay-gradient":""}},"ast-content-background-meta":{"desktop":{"background-color":"var(--ast-global-color-5)","background-image":"","background-repeat":"repeat","background-position":"center center","background-size":"auto","background-attachment":"scroll","background-type":"","background-media":"","overlay-type":"","overlay-color":"","overlay-opacity":"","overlay-gradient":""},"tablet":{"background-color":"var(--ast-global-color-5)","background-image":"","background-repeat":"repeat","background-position":"center center","background-size":"auto","background-attachment":"scroll","background-type":"","background-media":"","overlay-type":"","overlay-color":"","overlay-opacity":"","overlay-gradient":""},"mobile":{"background-color":"var(--ast-global-color-5)","background-image":"","background-repeat":"repeat","background-position":"center center","background-size":"auto","background-attachment":"scroll","background-type":"","background-media":"","overlay-type":"","overlay-color":"","overlay-opacity":"","overlay-gradient":""}}},"product_brand":[],"product_cat":[22,42,177],"product_tag":[],"class_list":{"0":"post-7266","1":"product","2":"type-product","3":"status-publish","4":"has-post-thumbnail","6":"product_cat-biblias","7":"product_cat-biblias-reina-valera","8":"product_cat-letra-grande-rvr","9":"desktop-align-left","10":"tablet-align-left","11":"mobile-align-left","13":"first","14":"instock","15":"shipping-taxable","16":"purchasable","17":"product-type-simple"},"yoast_head":"<!-- This site is optimized with the Yoast SEO plugin v27.4 - https:\/\/yoast.com\/product\/yoast-seo-wordpress\/ -->\n<title>Biblia RVR60 Port\u00e1til Letra Grande 12 pts Flores Rosa \u00edndice cierre - tzionlibreria.com<\/title>\n<meta name=\"robots\" content=\"index, follow, max-snippet:-1, max-image-preview:large, max-video-preview:-1\" \/>\n<link rel=\"canonical\" href=\"https:\/\/tzionlibreria.com\/index.php\/product\/biblia-rvr60-portatil-letra-grande-12-pts-flores-rosa-indice-cierre\/\" \/>\n<meta property=\"og:locale\" content=\"es_ES\" \/>\n<meta property=\"og:type\" content=\"article\" \/>\n<meta property=\"og:title\" content=\"Biblia RVR60 Port\u00e1til Letra Grande 12 pts Flores Rosa \u00edndice cierre - tzionlibreria.com\" \/>\n<meta property=\"og:description\" content=\"Descripci\u00f3n Valoraciones (0) \u00a0 Biblia Reina-Vala 1960 \u2013 Letra Grande 12 Puntos | Edici\u00f3n Compacta con Ayudas Claridad en la lectura. Fidelidad en la traducci\u00f3n. Profundidad en el contenido. Esta edici\u00f3n de la Reina-Valera 1960 (RVR60) ofrece una experiencia de lectura c\u00f3moda gracias a su letra grande de 12 puntos, ideal para quienes desean una [&hellip;]\" \/>\n<meta property=\"og:url\" content=\"https:\/\/tzionlibreria.com\/index.php\/product\/biblia-rvr60-portatil-letra-grande-12-pts-flores-rosa-indice-cierre\/\" \/>\n<meta property=\"og:site_name\" content=\"tzionlibreria.com\" \/>\n<meta property=\"article:modified_time\" content=\"2026-03-10T16:48:12+00:00\" \/>\n<meta property=\"og:image\" content=\"http:\/\/tzionlibreria.com\/wp-content\/uploads\/2026\/03\/9798885169684-.jpg\" \/>\n\t<meta property=\"og:image:width\" content=\"1200\" \/>\n\t<meta property=\"og:image:height\" content=\"1200\" \/>\n\t<meta property=\"og:image:type\" content=\"image\/jpeg\" \/>\n<meta name=\"twitter:card\" content=\"summary_large_image\" \/>\n<meta name=\"twitter:label1\" content=\"Tiempo de lectura\" \/>\n\t<meta name=\"twitter:data1\" content=\"4 minutos\" \/>\n<script type=\"application\/ld+json\" class=\"yoast-schema-graph\">{\"@context\":\"https:\\\/\\\/schema.org\",\"@graph\":[{\"@type\":\"WebPage\",\"@id\":\"https:\\\/\\\/tzionlibreria.com\\\/index.php\\\/product\\\/biblia-rvr60-portatil-letra-grande-12-pts-flores-rosa-indice-cierre\\\/\",\"url\":\"https:\\\/\\\/tzionlibreria.com\\\/index.php\\\/product\\\/biblia-rvr60-portatil-letra-grande-12-pts-flores-rosa-indice-cierre\\\/\",\"name\":\"Biblia RVR60 Port\u00e1til Letra Grande 12 pts Flores Rosa \u00edndice cierre - tzionlibreria.com\",\"isPartOf\":{\"@id\":\"https:\\\/\\\/tzionlibreria.com\\\/#website\"},\"primaryImageOfPage\":{\"@id\":\"https:\\\/\\\/tzionlibreria.com\\\/index.php\\\/product\\\/biblia-rvr60-portatil-letra-grande-12-pts-flores-rosa-indice-cierre\\\/#primaryimage\"},\"image\":{\"@id\":\"https:\\\/\\\/tzionlibreria.com\\\/index.php\\\/product\\\/biblia-rvr60-portatil-letra-grande-12-pts-flores-rosa-indice-cierre\\\/#primaryimage\"},\"thumbnailUrl\":\"https:\\\/\\\/tzionlibreria.com\\\/wp-content\\\/uploads\\\/2026\\\/03\\\/9798885169684-.jpg\",\"datePublished\":\"2026-03-10T16:48:06+00:00\",\"dateModified\":\"2026-03-10T16:48:12+00:00\",\"breadcrumb\":{\"@id\":\"https:\\\/\\\/tzionlibreria.com\\\/index.php\\\/product\\\/biblia-rvr60-portatil-letra-grande-12-pts-flores-rosa-indice-cierre\\\/#breadcrumb\"},\"inLanguage\":\"es-CO\",\"potentialAction\":[{\"@type\":\"ReadAction\",\"target\":[\"https:\\\/\\\/tzionlibreria.com\\\/index.php\\\/product\\\/biblia-rvr60-portatil-letra-grande-12-pts-flores-rosa-indice-cierre\\\/\"]}]},{\"@type\":\"ImageObject\",\"inLanguage\":\"es-CO\",\"@id\":\"https:\\\/\\\/tzionlibreria.com\\\/index.php\\\/product\\\/biblia-rvr60-portatil-letra-grande-12-pts-flores-rosa-indice-cierre\\\/#primaryimage\",\"url\":\"https:\\\/\\\/tzionlibreria.com\\\/wp-content\\\/uploads\\\/2026\\\/03\\\/9798885169684-.jpg\",\"contentUrl\":\"https:\\\/\\\/tzionlibreria.com\\\/wp-content\\\/uploads\\\/2026\\\/03\\\/9798885169684-.jpg\",\"width\":1200,\"height\":1200},{\"@type\":\"BreadcrumbList\",\"@id\":\"https:\\\/\\\/tzionlibreria.com\\\/index.php\\\/product\\\/biblia-rvr60-portatil-letra-grande-12-pts-flores-rosa-indice-cierre\\\/#breadcrumb\",\"itemListElement\":[{\"@type\":\"ListItem\",\"position\":1,\"name\":\"Inicio\",\"item\":\"https:\\\/\\\/tzionlibreria.com\\\/\"},{\"@type\":\"ListItem\",\"position\":2,\"name\":\"Shop\",\"item\":\"https:\\\/\\\/tzionlibreria.com\\\/index.php\\\/shop\\\/\"},{\"@type\":\"ListItem\",\"position\":3,\"name\":\"Biblia RVR60 Port\u00e1til Letra Grande 12 pts Flores Rosa \u00edndice cierre\"}]},{\"@type\":\"WebSite\",\"@id\":\"https:\\\/\\\/tzionlibreria.com\\\/#website\",\"url\":\"https:\\\/\\\/tzionlibreria.com\\\/\",\"name\":\"tzionlibreria.com\",\"description\":\"Libreria Cristiana Venezuela\",\"publisher\":{\"@id\":\"https:\\\/\\\/tzionlibreria.com\\\/#organization\"},\"potentialAction\":[{\"@type\":\"SearchAction\",\"target\":{\"@type\":\"EntryPoint\",\"urlTemplate\":\"https:\\\/\\\/tzionlibreria.com\\\/?s={search_term_string}\"},\"query-input\":{\"@type\":\"PropertyValueSpecification\",\"valueRequired\":true,\"valueName\":\"search_term_string\"}}],\"inLanguage\":\"es-CO\"},{\"@type\":\"Organization\",\"@id\":\"https:\\\/\\\/tzionlibreria.com\\\/#organization\",\"name\":\"tzionlibreria.com\",\"url\":\"https:\\\/\\\/tzionlibreria.com\\\/\",\"logo\":{\"@type\":\"ImageObject\",\"inLanguage\":\"es-CO\",\"@id\":\"https:\\\/\\\/tzionlibreria.com\\\/#\\\/schema\\\/logo\\\/image\\\/\",\"url\":\"https:\\\/\\\/tzionlibreria.com\\\/wp-content\\\/uploads\\\/2023\\\/10\\\/cropped-Cuadricula-scaled-1.jpg\",\"contentUrl\":\"https:\\\/\\\/tzionlibreria.com\\\/wp-content\\\/uploads\\\/2023\\\/10\\\/cropped-Cuadricula-scaled-1.jpg\",\"width\":2560,\"height\":2560,\"caption\":\"tzionlibreria.com\"},\"image\":{\"@id\":\"https:\\\/\\\/tzionlibreria.com\\\/#\\\/schema\\\/logo\\\/image\\\/\"}}]}<\/script>\n<!-- \/ Yoast SEO plugin. -->","yoast_head_json":{"title":"Biblia RVR60 Port\u00e1til Letra Grande 12 pts Flores Rosa \u00edndice cierre - tzionlibreria.com","robots":{"index":"index","follow":"follow","max-snippet":"max-snippet:-1","max-image-preview":"max-image-preview:large","max-video-preview":"max-video-preview:-1"},"canonical":"https:\/\/tzionlibreria.com\/index.php\/product\/biblia-rvr60-portatil-letra-grande-12-pts-flores-rosa-indice-cierre\/","og_locale":"es_ES","og_type":"article","og_title":"Biblia RVR60 Port\u00e1til Letra Grande 12 pts Flores Rosa \u00edndice cierre - tzionlibreria.com","og_description":"Descripci\u00f3n Valoraciones (0) \u00a0 Biblia Reina-Vala 1960 \u2013 Letra Grande 12 Puntos | Edici\u00f3n Compacta con Ayudas Claridad en la lectura. Fidelidad en la traducci\u00f3n. Profundidad en el contenido. Esta edici\u00f3n de la Reina-Valera 1960 (RVR60) ofrece una experiencia de lectura c\u00f3moda gracias a su letra grande de 12 puntos, ideal para quienes desean una [&hellip;]","og_url":"https:\/\/tzionlibreria.com\/index.php\/product\/biblia-rvr60-portatil-letra-grande-12-pts-flores-rosa-indice-cierre\/","og_site_name":"tzionlibreria.com","article_modified_time":"2026-03-10T16:48:12+00:00","og_image":[{"width":1200,"height":1200,"url":"http:\/\/tzionlibreria.com\/wp-content\/uploads\/2026\/03\/9798885169684-.jpg","type":"image\/jpeg"}],"twitter_card":"summary_large_image","twitter_misc":{"Tiempo de lectura":"4 minutos"},"schema":{"@context":"https:\/\/schema.org","@graph":[{"@type":"WebPage","@id":"https:\/\/tzionlibreria.com\/index.php\/product\/biblia-rvr60-portatil-letra-grande-12-pts-flores-rosa-indice-cierre\/","url":"https:\/\/tzionlibreria.com\/index.php\/product\/biblia-rvr60-portatil-letra-grande-12-pts-flores-rosa-indice-cierre\/","name":"Biblia RVR60 Port\u00e1til Letra Grande 12 pts Flores Rosa \u00edndice cierre - tzionlibreria.com","isPartOf":{"@id":"https:\/\/tzionlibreria.com\/#website"},"primaryImageOfPage":{"@id":"https:\/\/tzionlibreria.com\/index.php\/product\/biblia-rvr60-portatil-letra-grande-12-pts-flores-rosa-indice-cierre\/#primaryimage"},"image":{"@id":"https:\/\/tzionlibreria.com\/index.php\/product\/biblia-rvr60-portatil-letra-grande-12-pts-flores-rosa-indice-cierre\/#primaryimage"},"thumbnailUrl":"https:\/\/tzionlibreria.com\/wp-content\/uploads\/2026\/03\/9798885169684-.jpg","datePublished":"2026-03-10T16:48:06+00:00","dateModified":"2026-03-10T16:48:12+00:00","breadcrumb":{"@id":"https:\/\/tzionlibreria.com\/index.php\/product\/biblia-rvr60-portatil-letra-grande-12-pts-flores-rosa-indice-cierre\/#breadcrumb"},"inLanguage":"es-CO","potentialAction":[{"@type":"ReadAction","target":["https:\/\/tzionlibreria.com\/index.php\/product\/biblia-rvr60-portatil-letra-grande-12-pts-flores-rosa-indice-cierre\/"]}]},{"@type":"ImageObject","inLanguage":"es-CO","@id":"https:\/\/tzionlibreria.com\/index.php\/product\/biblia-rvr60-portatil-letra-grande-12-pts-flores-rosa-indice-cierre\/#primaryimage","url":"https:\/\/tzionlibreria.com\/wp-content\/uploads\/2026\/03\/9798885169684-.jpg","contentUrl":"https:\/\/tzionlibreria.com\/wp-content\/uploads\/2026\/03\/9798885169684-.jpg","width":1200,"height":1200},{"@type":"BreadcrumbList","@id":"https:\/\/tzionlibreria.com\/index.php\/product\/biblia-rvr60-portatil-letra-grande-12-pts-flores-rosa-indice-cierre\/#breadcrumb","itemListElement":[{"@type":"ListItem","position":1,"name":"Inicio","item":"https:\/\/tzionlibreria.com\/"},{"@type":"ListItem","position":2,"name":"Shop","item":"https:\/\/tzionlibreria.com\/index.php\/shop\/"},{"@type":"ListItem","position":3,"name":"Biblia RVR60 Port\u00e1til Letra Grande 12 pts Flores Rosa \u00edndice cierre"}]},{"@type":"WebSite","@id":"https:\/\/tzionlibreria.com\/#website","url":"https:\/\/tzionlibreria.com\/","name":"tzionlibreria.com","description":"Libreria Cristiana Venezuela","publisher":{"@id":"https:\/\/tzionlibreria.com\/#organization"},"potentialAction":[{"@type":"SearchAction","target":{"@type":"EntryPoint","urlTemplate":"https:\/\/tzionlibreria.com\/?s={search_term_string}"},"query-input":{"@type":"PropertyValueSpecification","valueRequired":true,"valueName":"search_term_string"}}],"inLanguage":"es-CO"},{"@type":"Organization","@id":"https:\/\/tzionlibreria.com\/#organization","name":"tzionlibreria.com","url":"https:\/\/tzionlibreria.com\/","logo":{"@type":"ImageObject","inLanguage":"es-CO","@id":"https:\/\/tzionlibreria.com\/#\/schema\/logo\/image\/","url":"https:\/\/tzionlibreria.com\/wp-content\/uploads\/2023\/10\/cropped-Cuadricula-scaled-1.jpg","contentUrl":"https:\/\/tzionlibreria.com\/wp-content\/uploads\/2023\/10\/cropped-Cuadricula-scaled-1.jpg","width":2560,"height":2560,"caption":"tzionlibreria.com"},"image":{"@id":"https:\/\/tzionlibreria.com\/#\/schema\/logo\/image\/"}}]}},"jetpack_sharing_enabled":true,"_links":{"self":[{"href":"https:\/\/tzionlibreria.com\/index.php\/wp-json\/wp\/v2\/product\/7266","targetHints":{"allow":["GET"]}}],"collection":[{"href":"https:\/\/tzionlibreria.com\/index.php\/wp-json\/wp\/v2\/product"}],"about":[{"href":"https:\/\/tzionlibreria.com\/index.php\/wp-json\/wp\/v2\/types\/product"}],"replies":[{"embeddable":true,"href":"https:\/\/tzionlibreria.com\/index.php\/wp-json\/wp\/v2\/comments?post=7266"}],"wp:featuredmedia":[{"embeddable":true,"href":"https:\/\/tzionlibreria.com\/index.php\/wp-json\/wp\/v2\/media\/7274"}],"wp:attachment":[{"href":"https:\/\/tzionlibreria.com\/index.php\/wp-json\/wp\/v2\/media?parent=7266"}],"wp:term":[{"taxonomy":"product_brand","embeddable":true,"href":"https:\/\/tzionlibreria.com\/index.php\/wp-json\/wp\/v2\/product_brand?post=7266"},{"taxonomy":"product_cat","embeddable":true,"href":"https:\/\/tzionlibreria.com\/index.php\/wp-json\/wp\/v2\/product_cat?post=7266"},{"taxonomy":"product_tag","embeddable":true,"href":"https:\/\/tzionlibreria.com\/index.php\/wp-json\/wp\/v2\/product_tag?post=7266"}],"curies":[{"name":"wp","href":"https:\/\/api.w.org\/{rel}","templated":true}]}}