{"id":729,"date":"2023-10-07T13:00:17","date_gmt":"2023-10-07T13:00:17","guid":{"rendered":"https:\/\/tzionlibreria.com\/?post_type=product&#038;p=729"},"modified":"2025-06-16T02:13:23","modified_gmt":"2025-06-16T02:13:23","slug":"kjail-libere-el-poder-de-la-mujer-virtuosa-john-eckhardt","status":"publish","type":"product","link":"https:\/\/tzionlibreria.com\/index.php\/product\/kjail-libere-el-poder-de-la-mujer-virtuosa-john-eckhardt\/","title":{"rendered":"Kj\u00e1il Libere El Poder De La Mujer Virtuosa &#8211; John Eckhardt"},"content":{"rendered":"<p>Kj\u00e1il: Libere EL PODER de la mujer virtuosa Tapa blanda<\/p>\n<p>Las mujeres kj\u00e1il defienden sus hogares y familias de las influencias del mal.<br \/>\nLas mujeres kj\u00e1il gu\u00edan con excelencia a los que est\u00e1n bajo su autoridad.<br \/>\nLas mujeres kj\u00e1il glorifican a Dios en todo lo que hacen.<\/p>\n<p>Usted tambi\u00e9n puede andar en la unci\u00f3n kj\u00e1il<\/p>\n<p>Utilizada com\u00fanmente en la Escritura para describir a los hombres, kj\u00e1il (se pronuncia Khah&#8217;.yil) es una palabra hebrea que conecta la totalidad de lo que significa andar en virtud, valor, fortaleza, sabidur\u00eda y riqueza. Haciendo uso de ejemplos de la Escritura, John Eckhardt, autor de libros de mayor venta, le mostrar\u00e1 c\u00f3mo:<\/p>\n<p>-Tener acceso a las habilidades que Dios le dio e influencia en las \u00e1reas que ocupa<br \/>\n-Vencer al ladr\u00f3n que viene a robar, matar y destruir<br \/>\n-Defender y recuperar lo que le pertenece<br \/>\n-La lucha nunca debi\u00f3 ser hombre contra mujer. El hombre y la mujer fueron creados para luchar hombro a hombro, rompiendo fortalezas demon\u00edacas y engrandeciendo el reino de Dios.<br \/>\n&#8211; Reciba ense\u00f1anzas y poder para alcanzar su destino en el reino y su prop\u00f3sito en Cristo.<\/p>\n<p>&nbsp;<\/p>\n<p>ISBN: 9781629992938<\/p>\n","protected":false},"excerpt":{"rendered":"<p>Kj\u00e1il: Libere EL PODER de la mujer virtuosa Tapa blanda Las mujeres kj\u00e1il defienden sus hogares y familias de las influencias del mal. Las mujeres kj\u00e1il gu\u00edan con excelencia a los que est\u00e1n bajo su autoridad. Las mujeres kj\u00e1il glorifican a Dios en todo lo que hacen. Usted tambi\u00e9n puede andar en la unci\u00f3n kj\u00e1il [&hellip;]<\/p>\n","protected":false},"featured_media":730,"comment_status":"open","ping_status":"closed","template":"","meta":{"om_disable_all_campaigns":false,"_monsterinsights_skip_tracking":false,"_monsterinsights_sitenote_active":false,"_monsterinsights_sitenote_note":"","_monsterinsights_sitenote_category":0,"site-sidebar-layout":"default","site-content-layout":"","ast-site-content-layout":"default","site-content-style":"default","site-sidebar-style":"default","ast-global-header-display":"","ast-banner-title-visibility":"","ast-main-header-display":"","ast-hfb-above-header-display":"","ast-hfb-below-header-display":"","ast-hfb-mobile-header-display":"","site-post-title":"","ast-breadcrumbs-content":"","ast-featured-img":"","footer-sml-layout":"","ast-disable-related-posts":"","theme-transparent-header-meta":"default","adv-header-id-meta":"","stick-header-meta":"","header-above-stick-meta":"","header-main-stick-meta":"","header-below-stick-meta":"","astra-migrate-meta-layouts":"set","ast-page-background-enabled":"default","ast-page-background-meta":{"desktop":{"background-color":"var(--ast-global-color-4)","background-image":"","background-repeat":"repeat","background-position":"center center","background-size":"auto","background-attachment":"scroll","background-type":"","background-media":"","overlay-type":"","overlay-color":"","overlay-opacity":"","overlay-gradient":""},"tablet":{"background-color":"","background-image":"","background-repeat":"repeat","background-position":"center center","background-size":"auto","background-attachment":"scroll","background-type":"","background-media":"","overlay-type":"","overlay-color":"","overlay-opacity":"","overlay-gradient":""},"mobile":{"background-color":"","background-image":"","background-repeat":"repeat","background-position":"center center","background-size":"auto","background-attachment":"scroll","background-type":"","background-media":"","overlay-type":"","overlay-color":"","overlay-opacity":"","overlay-gradient":""}},"ast-content-background-meta":{"desktop":{"background-color":"var(--ast-global-color-5)","background-image":"","background-repeat":"repeat","background-position":"center center","background-size":"auto","background-attachment":"scroll","background-type":"","background-media":"","overlay-type":"","overlay-color":"","overlay-opacity":"","overlay-gradient":""},"tablet":{"background-color":"var(--ast-global-color-5)","background-image":"","background-repeat":"repeat","background-position":"center center","background-size":"auto","background-attachment":"scroll","background-type":"","background-media":"","overlay-type":"","overlay-color":"","overlay-opacity":"","overlay-gradient":""},"mobile":{"background-color":"var(--ast-global-color-5)","background-image":"","background-repeat":"repeat","background-position":"center center","background-size":"auto","background-attachment":"scroll","background-type":"","background-media":"","overlay-type":"","overlay-color":"","overlay-opacity":"","overlay-gradient":""}}},"product_brand":[],"product_cat":[23,170],"product_tag":[56,103],"class_list":{"0":"post-729","1":"product","2":"type-product","3":"status-publish","4":"has-post-thumbnail","6":"product_cat-libros","7":"product_cat-mujeres","8":"product_tag-john-eckhardt","9":"product_tag-mujeres","10":"desktop-align-left","11":"tablet-align-left","12":"mobile-align-left","14":"first","15":"instock","16":"shipping-taxable","17":"purchasable","18":"product-type-simple"},"yoast_head":"<!-- This site is optimized with the Yoast SEO plugin v27.4 - https:\/\/yoast.com\/product\/yoast-seo-wordpress\/ -->\n<title>Kj\u00e1il Libere El Poder De La Mujer Virtuosa - John Eckhardt - tzionlibreria.com<\/title>\n<meta name=\"robots\" content=\"index, follow, max-snippet:-1, max-image-preview:large, max-video-preview:-1\" \/>\n<link rel=\"canonical\" href=\"https:\/\/tzionlibreria.com\/index.php\/product\/kjail-libere-el-poder-de-la-mujer-virtuosa-john-eckhardt\/\" \/>\n<meta property=\"og:locale\" content=\"es_ES\" \/>\n<meta property=\"og:type\" content=\"article\" \/>\n<meta property=\"og:title\" content=\"Kj\u00e1il Libere El Poder De La Mujer Virtuosa - John Eckhardt - tzionlibreria.com\" \/>\n<meta property=\"og:description\" content=\"Kj\u00e1il: Libere EL PODER de la mujer virtuosa Tapa blanda Las mujeres kj\u00e1il defienden sus hogares y familias de las influencias del mal. Las mujeres kj\u00e1il gu\u00edan con excelencia a los que est\u00e1n bajo su autoridad. Las mujeres kj\u00e1il glorifican a Dios en todo lo que hacen. Usted tambi\u00e9n puede andar en la unci\u00f3n kj\u00e1il [&hellip;]\" \/>\n<meta property=\"og:url\" content=\"https:\/\/tzionlibreria.com\/index.php\/product\/kjail-libere-el-poder-de-la-mujer-virtuosa-john-eckhardt\/\" \/>\n<meta property=\"og:site_name\" content=\"tzionlibreria.com\" \/>\n<meta property=\"article:modified_time\" content=\"2025-06-16T02:13:23+00:00\" \/>\n<meta property=\"og:image\" content=\"http:\/\/tzionlibreria.com\/wp-content\/uploads\/2023\/10\/D_NQ_NP_2X_632137-MLV69743658241_052023-F.webp\" \/>\n\t<meta property=\"og:image:width\" content=\"1047\" \/>\n\t<meta property=\"og:image:height\" content=\"951\" \/>\n\t<meta property=\"og:image:type\" content=\"image\/webp\" \/>\n<meta name=\"twitter:card\" content=\"summary_large_image\" \/>\n<meta name=\"twitter:label1\" content=\"Tiempo de lectura\" \/>\n\t<meta name=\"twitter:data1\" content=\"2 minutos\" \/>\n<script type=\"application\/ld+json\" class=\"yoast-schema-graph\">{\"@context\":\"https:\\\/\\\/schema.org\",\"@graph\":[{\"@type\":\"WebPage\",\"@id\":\"https:\\\/\\\/tzionlibreria.com\\\/index.php\\\/product\\\/kjail-libere-el-poder-de-la-mujer-virtuosa-john-eckhardt\\\/\",\"url\":\"https:\\\/\\\/tzionlibreria.com\\\/index.php\\\/product\\\/kjail-libere-el-poder-de-la-mujer-virtuosa-john-eckhardt\\\/\",\"name\":\"Kj\u00e1il Libere El Poder De La Mujer Virtuosa - John Eckhardt - tzionlibreria.com\",\"isPartOf\":{\"@id\":\"https:\\\/\\\/tzionlibreria.com\\\/#website\"},\"primaryImageOfPage\":{\"@id\":\"https:\\\/\\\/tzionlibreria.com\\\/index.php\\\/product\\\/kjail-libere-el-poder-de-la-mujer-virtuosa-john-eckhardt\\\/#primaryimage\"},\"image\":{\"@id\":\"https:\\\/\\\/tzionlibreria.com\\\/index.php\\\/product\\\/kjail-libere-el-poder-de-la-mujer-virtuosa-john-eckhardt\\\/#primaryimage\"},\"thumbnailUrl\":\"https:\\\/\\\/tzionlibreria.com\\\/wp-content\\\/uploads\\\/2023\\\/10\\\/D_NQ_NP_2X_632137-MLV69743658241_052023-F.webp\",\"datePublished\":\"2023-10-07T13:00:17+00:00\",\"dateModified\":\"2025-06-16T02:13:23+00:00\",\"breadcrumb\":{\"@id\":\"https:\\\/\\\/tzionlibreria.com\\\/index.php\\\/product\\\/kjail-libere-el-poder-de-la-mujer-virtuosa-john-eckhardt\\\/#breadcrumb\"},\"inLanguage\":\"es-CO\",\"potentialAction\":[{\"@type\":\"ReadAction\",\"target\":[\"https:\\\/\\\/tzionlibreria.com\\\/index.php\\\/product\\\/kjail-libere-el-poder-de-la-mujer-virtuosa-john-eckhardt\\\/\"]}]},{\"@type\":\"ImageObject\",\"inLanguage\":\"es-CO\",\"@id\":\"https:\\\/\\\/tzionlibreria.com\\\/index.php\\\/product\\\/kjail-libere-el-poder-de-la-mujer-virtuosa-john-eckhardt\\\/#primaryimage\",\"url\":\"https:\\\/\\\/tzionlibreria.com\\\/wp-content\\\/uploads\\\/2023\\\/10\\\/D_NQ_NP_2X_632137-MLV69743658241_052023-F.webp\",\"contentUrl\":\"https:\\\/\\\/tzionlibreria.com\\\/wp-content\\\/uploads\\\/2023\\\/10\\\/D_NQ_NP_2X_632137-MLV69743658241_052023-F.webp\",\"width\":1047,\"height\":951},{\"@type\":\"BreadcrumbList\",\"@id\":\"https:\\\/\\\/tzionlibreria.com\\\/index.php\\\/product\\\/kjail-libere-el-poder-de-la-mujer-virtuosa-john-eckhardt\\\/#breadcrumb\",\"itemListElement\":[{\"@type\":\"ListItem\",\"position\":1,\"name\":\"Inicio\",\"item\":\"https:\\\/\\\/tzionlibreria.com\\\/\"},{\"@type\":\"ListItem\",\"position\":2,\"name\":\"Shop\",\"item\":\"https:\\\/\\\/tzionlibreria.com\\\/index.php\\\/shop\\\/\"},{\"@type\":\"ListItem\",\"position\":3,\"name\":\"Kj\u00e1il Libere El Poder De La Mujer Virtuosa &#8211; John Eckhardt\"}]},{\"@type\":\"WebSite\",\"@id\":\"https:\\\/\\\/tzionlibreria.com\\\/#website\",\"url\":\"https:\\\/\\\/tzionlibreria.com\\\/\",\"name\":\"tzionlibreria.com\",\"description\":\"Libreria Cristiana Venezuela\",\"publisher\":{\"@id\":\"https:\\\/\\\/tzionlibreria.com\\\/#organization\"},\"potentialAction\":[{\"@type\":\"SearchAction\",\"target\":{\"@type\":\"EntryPoint\",\"urlTemplate\":\"https:\\\/\\\/tzionlibreria.com\\\/?s={search_term_string}\"},\"query-input\":{\"@type\":\"PropertyValueSpecification\",\"valueRequired\":true,\"valueName\":\"search_term_string\"}}],\"inLanguage\":\"es-CO\"},{\"@type\":\"Organization\",\"@id\":\"https:\\\/\\\/tzionlibreria.com\\\/#organization\",\"name\":\"tzionlibreria.com\",\"url\":\"https:\\\/\\\/tzionlibreria.com\\\/\",\"logo\":{\"@type\":\"ImageObject\",\"inLanguage\":\"es-CO\",\"@id\":\"https:\\\/\\\/tzionlibreria.com\\\/#\\\/schema\\\/logo\\\/image\\\/\",\"url\":\"https:\\\/\\\/tzionlibreria.com\\\/wp-content\\\/uploads\\\/2023\\\/10\\\/cropped-Cuadricula-scaled-1.jpg\",\"contentUrl\":\"https:\\\/\\\/tzionlibreria.com\\\/wp-content\\\/uploads\\\/2023\\\/10\\\/cropped-Cuadricula-scaled-1.jpg\",\"width\":2560,\"height\":2560,\"caption\":\"tzionlibreria.com\"},\"image\":{\"@id\":\"https:\\\/\\\/tzionlibreria.com\\\/#\\\/schema\\\/logo\\\/image\\\/\"}}]}<\/script>\n<!-- \/ Yoast SEO plugin. -->","yoast_head_json":{"title":"Kj\u00e1il Libere El Poder De La Mujer Virtuosa - John Eckhardt - tzionlibreria.com","robots":{"index":"index","follow":"follow","max-snippet":"max-snippet:-1","max-image-preview":"max-image-preview:large","max-video-preview":"max-video-preview:-1"},"canonical":"https:\/\/tzionlibreria.com\/index.php\/product\/kjail-libere-el-poder-de-la-mujer-virtuosa-john-eckhardt\/","og_locale":"es_ES","og_type":"article","og_title":"Kj\u00e1il Libere El Poder De La Mujer Virtuosa - John Eckhardt - tzionlibreria.com","og_description":"Kj\u00e1il: Libere EL PODER de la mujer virtuosa Tapa blanda Las mujeres kj\u00e1il defienden sus hogares y familias de las influencias del mal. Las mujeres kj\u00e1il gu\u00edan con excelencia a los que est\u00e1n bajo su autoridad. Las mujeres kj\u00e1il glorifican a Dios en todo lo que hacen. Usted tambi\u00e9n puede andar en la unci\u00f3n kj\u00e1il [&hellip;]","og_url":"https:\/\/tzionlibreria.com\/index.php\/product\/kjail-libere-el-poder-de-la-mujer-virtuosa-john-eckhardt\/","og_site_name":"tzionlibreria.com","article_modified_time":"2025-06-16T02:13:23+00:00","og_image":[{"width":1047,"height":951,"url":"http:\/\/tzionlibreria.com\/wp-content\/uploads\/2023\/10\/D_NQ_NP_2X_632137-MLV69743658241_052023-F.webp","type":"image\/webp"}],"twitter_card":"summary_large_image","twitter_misc":{"Tiempo de lectura":"2 minutos"},"schema":{"@context":"https:\/\/schema.org","@graph":[{"@type":"WebPage","@id":"https:\/\/tzionlibreria.com\/index.php\/product\/kjail-libere-el-poder-de-la-mujer-virtuosa-john-eckhardt\/","url":"https:\/\/tzionlibreria.com\/index.php\/product\/kjail-libere-el-poder-de-la-mujer-virtuosa-john-eckhardt\/","name":"Kj\u00e1il Libere El Poder De La Mujer Virtuosa - John Eckhardt - tzionlibreria.com","isPartOf":{"@id":"https:\/\/tzionlibreria.com\/#website"},"primaryImageOfPage":{"@id":"https:\/\/tzionlibreria.com\/index.php\/product\/kjail-libere-el-poder-de-la-mujer-virtuosa-john-eckhardt\/#primaryimage"},"image":{"@id":"https:\/\/tzionlibreria.com\/index.php\/product\/kjail-libere-el-poder-de-la-mujer-virtuosa-john-eckhardt\/#primaryimage"},"thumbnailUrl":"https:\/\/tzionlibreria.com\/wp-content\/uploads\/2023\/10\/D_NQ_NP_2X_632137-MLV69743658241_052023-F.webp","datePublished":"2023-10-07T13:00:17+00:00","dateModified":"2025-06-16T02:13:23+00:00","breadcrumb":{"@id":"https:\/\/tzionlibreria.com\/index.php\/product\/kjail-libere-el-poder-de-la-mujer-virtuosa-john-eckhardt\/#breadcrumb"},"inLanguage":"es-CO","potentialAction":[{"@type":"ReadAction","target":["https:\/\/tzionlibreria.com\/index.php\/product\/kjail-libere-el-poder-de-la-mujer-virtuosa-john-eckhardt\/"]}]},{"@type":"ImageObject","inLanguage":"es-CO","@id":"https:\/\/tzionlibreria.com\/index.php\/product\/kjail-libere-el-poder-de-la-mujer-virtuosa-john-eckhardt\/#primaryimage","url":"https:\/\/tzionlibreria.com\/wp-content\/uploads\/2023\/10\/D_NQ_NP_2X_632137-MLV69743658241_052023-F.webp","contentUrl":"https:\/\/tzionlibreria.com\/wp-content\/uploads\/2023\/10\/D_NQ_NP_2X_632137-MLV69743658241_052023-F.webp","width":1047,"height":951},{"@type":"BreadcrumbList","@id":"https:\/\/tzionlibreria.com\/index.php\/product\/kjail-libere-el-poder-de-la-mujer-virtuosa-john-eckhardt\/#breadcrumb","itemListElement":[{"@type":"ListItem","position":1,"name":"Inicio","item":"https:\/\/tzionlibreria.com\/"},{"@type":"ListItem","position":2,"name":"Shop","item":"https:\/\/tzionlibreria.com\/index.php\/shop\/"},{"@type":"ListItem","position":3,"name":"Kj\u00e1il Libere El Poder De La Mujer Virtuosa &#8211; John Eckhardt"}]},{"@type":"WebSite","@id":"https:\/\/tzionlibreria.com\/#website","url":"https:\/\/tzionlibreria.com\/","name":"tzionlibreria.com","description":"Libreria Cristiana Venezuela","publisher":{"@id":"https:\/\/tzionlibreria.com\/#organization"},"potentialAction":[{"@type":"SearchAction","target":{"@type":"EntryPoint","urlTemplate":"https:\/\/tzionlibreria.com\/?s={search_term_string}"},"query-input":{"@type":"PropertyValueSpecification","valueRequired":true,"valueName":"search_term_string"}}],"inLanguage":"es-CO"},{"@type":"Organization","@id":"https:\/\/tzionlibreria.com\/#organization","name":"tzionlibreria.com","url":"https:\/\/tzionlibreria.com\/","logo":{"@type":"ImageObject","inLanguage":"es-CO","@id":"https:\/\/tzionlibreria.com\/#\/schema\/logo\/image\/","url":"https:\/\/tzionlibreria.com\/wp-content\/uploads\/2023\/10\/cropped-Cuadricula-scaled-1.jpg","contentUrl":"https:\/\/tzionlibreria.com\/wp-content\/uploads\/2023\/10\/cropped-Cuadricula-scaled-1.jpg","width":2560,"height":2560,"caption":"tzionlibreria.com"},"image":{"@id":"https:\/\/tzionlibreria.com\/#\/schema\/logo\/image\/"}}]}},"jetpack_sharing_enabled":true,"_links":{"self":[{"href":"https:\/\/tzionlibreria.com\/index.php\/wp-json\/wp\/v2\/product\/729","targetHints":{"allow":["GET"]}}],"collection":[{"href":"https:\/\/tzionlibreria.com\/index.php\/wp-json\/wp\/v2\/product"}],"about":[{"href":"https:\/\/tzionlibreria.com\/index.php\/wp-json\/wp\/v2\/types\/product"}],"replies":[{"embeddable":true,"href":"https:\/\/tzionlibreria.com\/index.php\/wp-json\/wp\/v2\/comments?post=729"}],"wp:featuredmedia":[{"embeddable":true,"href":"https:\/\/tzionlibreria.com\/index.php\/wp-json\/wp\/v2\/media\/730"}],"wp:attachment":[{"href":"https:\/\/tzionlibreria.com\/index.php\/wp-json\/wp\/v2\/media?parent=729"}],"wp:term":[{"taxonomy":"product_brand","embeddable":true,"href":"https:\/\/tzionlibreria.com\/index.php\/wp-json\/wp\/v2\/product_brand?post=729"},{"taxonomy":"product_cat","embeddable":true,"href":"https:\/\/tzionlibreria.com\/index.php\/wp-json\/wp\/v2\/product_cat?post=729"},{"taxonomy":"product_tag","embeddable":true,"href":"https:\/\/tzionlibreria.com\/index.php\/wp-json\/wp\/v2\/product_tag?post=729"}],"curies":[{"name":"wp","href":"https:\/\/api.w.org\/{rel}","templated":true}]}}