{"id":7295,"date":"2026-03-10T17:47:49","date_gmt":"2026-03-10T17:47:49","guid":{"rendered":"https:\/\/tzionlibreria.com\/?post_type=product&#038;p=7295"},"modified":"2026-03-10T17:48:44","modified_gmt":"2026-03-10T17:48:44","slug":"biblia-rvr60-portatil-letra-grande-12-pts-piel-negro-cierre","status":"publish","type":"product","link":"https:\/\/tzionlibreria.com\/index.php\/product\/biblia-rvr60-portatil-letra-grande-12-pts-piel-negro-cierre\/","title":{"rendered":"Biblia RVR60 Port\u00e1til Letra Grande 12 pts piel Negro cierre"},"content":{"rendered":"<ul class=\"tabs wc-tabs\" role=\"tablist\">\n<li id=\"tab-title-description\" class=\"description_tab active\" role=\"presentation\"><a tabindex=\"0\" role=\"tab\" href=\"https:\/\/libreria247.com\/producto\/biblia-rvr60-tamano-compacto-letra-grande-12-puntos-i-piel-negro-geometrico-con-cierre\/#tab-description\" aria-controls=\"tab-description\" aria-selected=\"true\"> Descripci\u00f3n <\/a><\/li>\n<li id=\"tab-title-reviews\" class=\"reviews_tab\" role=\"presentation\"><a tabindex=\"-1\" role=\"tab\" href=\"https:\/\/libreria247.com\/producto\/biblia-rvr60-tamano-compacto-letra-grande-12-puntos-i-piel-negro-geometrico-con-cierre\/#tab-reviews\" aria-controls=\"tab-reviews\" aria-selected=\"false\"> Valoraciones (0) <\/a><\/li>\n<\/ul>\n<div id=\"tab-description\" class=\"woocommerce-Tabs-panel woocommerce-Tabs-panel--description panel entry-content wc-tab\" role=\"tabpanel\" aria-labelledby=\"tab-title-description\">\n<p data-start=\"307\" data-end=\"516\">\u00bfBuscas una <strong data-start=\"319\" data-end=\"354\">Biblia peque\u00f1a con letra grande<\/strong> que sea f\u00e1cil de llevar y c\u00f3moda de leer?<br data-start=\"396\" data-end=\"399\" \/>La <strong data-start=\"402\" data-end=\"455\">Biblia Reina Valera 1960 compacta letra 12 puntos<\/strong> es la combinaci\u00f3n perfecta entre portabilidad y legibilidad.<\/p>\n<p data-start=\"518\" data-end=\"596\">Dise\u00f1ada para acompa\u00f1arte en tu d\u00eda a d\u00eda sin que el tama\u00f1o limite tu lectura.<\/p>\n<hr data-start=\"598\" data-end=\"601\" \/>\n<h6 data-start=\"603\" data-end=\"651\"><img decoding=\"async\" class=\"emoji\" role=\"img\" draggable=\"false\" src=\"https:\/\/s.w.org\/images\/core\/emoji\/17.0.2\/svg\/2728.svg\" alt=\"\u2728\" \/> Caracter\u00edsticas<\/h6>\n<ul data-start=\"653\" data-end=\"1066\">\n<li data-start=\"653\" data-end=\"692\">\n<p data-start=\"655\" data-end=\"692\"><img decoding=\"async\" class=\"emoji\" role=\"img\" draggable=\"false\" src=\"https:\/\/s.w.org\/images\/core\/emoji\/17.0.2\/svg\/2714.svg\" alt=\"\u2714\" \/> Versi\u00f3n Reina Valera 1960 (RVR1960)<\/p>\n<\/li>\n<li data-start=\"693\" data-end=\"726\">\n<p data-start=\"695\" data-end=\"726\"><img decoding=\"async\" class=\"emoji\" role=\"img\" draggable=\"false\" src=\"https:\/\/s.w.org\/images\/core\/emoji\/17.0.2\/svg\/2714.svg\" alt=\"\u2714\" \/> Tama\u00f1o compacto: 114 x 162 mm<\/p>\n<\/li>\n<li data-start=\"727\" data-end=\"756\">\n<p data-start=\"729\" data-end=\"756\"><img decoding=\"async\" class=\"emoji\" role=\"img\" draggable=\"false\" src=\"https:\/\/s.w.org\/images\/core\/emoji\/17.0.2\/svg\/2714.svg\" alt=\"\u2714\" \/> Letra grande de 12 puntos<\/p>\n<\/li>\n<li data-start=\"757\" data-end=\"795\">\n<p data-start=\"759\" data-end=\"795\"><img decoding=\"async\" class=\"emoji\" role=\"img\" draggable=\"false\" src=\"https:\/\/s.w.org\/images\/core\/emoji\/17.0.2\/svg\/2714.svg\" alt=\"\u2714\" \/> Portada en imitaci\u00f3n piel elegante<\/p>\n<\/li>\n<li data-start=\"796\" data-end=\"823\">\n<p data-start=\"798\" data-end=\"823\"><img decoding=\"async\" class=\"emoji\" role=\"img\" draggable=\"false\" src=\"https:\/\/s.w.org\/images\/core\/emoji\/17.0.2\/svg\/2714.svg\" alt=\"\u2714\" \/> Con cierre (cremallera)<\/p>\n<\/li>\n<li data-start=\"824\" data-end=\"840\">\n<p data-start=\"826\" data-end=\"840\"><img decoding=\"async\" class=\"emoji\" role=\"img\" draggable=\"false\" src=\"https:\/\/s.w.org\/images\/core\/emoji\/17.0.2\/svg\/2714.svg\" alt=\"\u2714\" \/> Canto dorado<\/p>\n<\/li>\n<li data-start=\"841\" data-end=\"870\">\n<p data-start=\"843\" data-end=\"870\"><img decoding=\"async\" class=\"emoji\" role=\"img\" draggable=\"false\" src=\"https:\/\/s.w.org\/images\/core\/emoji\/17.0.2\/svg\/2714.svg\" alt=\"\u2714\" \/> Palabras de Jes\u00fas en rojo<\/p>\n<\/li>\n<li data-start=\"871\" data-end=\"915\">\n<p data-start=\"873\" data-end=\"915\"><img decoding=\"async\" class=\"emoji\" role=\"img\" draggable=\"false\" src=\"https:\/\/s.w.org\/images\/core\/emoji\/17.0.2\/svg\/2714.svg\" alt=\"\u2714\" \/> Concordancia amplia de palabras b\u00edblicas<\/p>\n<\/li>\n<li data-start=\"916\" data-end=\"955\">\n<p data-start=\"918\" data-end=\"955\"><img decoding=\"async\" class=\"emoji\" role=\"img\" draggable=\"false\" src=\"https:\/\/s.w.org\/images\/core\/emoji\/17.0.2\/svg\/2714.svg\" alt=\"\u2714\" \/> Concordancia de personajes b\u00edblicos<\/p>\n<\/li>\n<li data-start=\"956\" data-end=\"988\">\n<p data-start=\"958\" data-end=\"988\"><img decoding=\"async\" class=\"emoji\" role=\"img\" draggable=\"false\" src=\"https:\/\/s.w.org\/images\/core\/emoji\/17.0.2\/svg\/2714.svg\" alt=\"\u2714\" \/> Papel de alta calidad 30 gsm<\/p>\n<\/li>\n<li data-start=\"989\" data-end=\"1036\">\n<p data-start=\"991\" data-end=\"1036\"><img decoding=\"async\" class=\"emoji\" role=\"img\" draggable=\"false\" src=\"https:\/\/s.w.org\/images\/core\/emoji\/17.0.2\/svg\/2714.svg\" alt=\"\u2714\" \/> 32 p\u00e1ginas a todo color con ayudas visuales<\/p>\n<\/li>\n<li data-start=\"1037\" data-end=\"1066\">\n<p data-start=\"1039\" data-end=\"1066\"><img decoding=\"async\" class=\"emoji\" role=\"img\" draggable=\"false\" src=\"https:\/\/s.w.org\/images\/core\/emoji\/17.0.2\/svg\/2714.svg\" alt=\"\u2714\" \/> 12 mapas b\u00edblicos a color<\/p>\n<\/li>\n<\/ul>\n<hr data-start=\"1068\" data-end=\"1071\" \/>\n<h6 data-start=\"1073\" data-end=\"1110\"><img decoding=\"async\" class=\"emoji\" role=\"img\" draggable=\"false\" src=\"https:\/\/s.w.org\/images\/core\/emoji\/17.0.2\/svg\/1f4da.svg\" alt=\"\ud83d\udcda\" \/> Incluye herramientas de estudio<\/h6>\n<p data-start=\"1112\" data-end=\"1191\">Esta Biblia peque\u00f1a letra grande incluye recursos que facilitan la comprensi\u00f3n:<\/p>\n<ul data-start=\"1193\" data-end=\"1472\">\n<li data-start=\"1193\" data-end=\"1225\">\n<p data-start=\"1195\" data-end=\"1225\">Vers\u00edculos clave de cada libro<\/p>\n<\/li>\n<li data-start=\"1226\" data-end=\"1247\">\n<p data-start=\"1228\" data-end=\"1247\">Genealog\u00eda de Jes\u00fas<\/p>\n<\/li>\n<li data-start=\"1248\" data-end=\"1266\">\n<p data-start=\"1250\" data-end=\"1266\">Fiestas b\u00edblicas<\/p>\n<\/li>\n<li data-start=\"1267\" data-end=\"1292\">\n<p data-start=\"1269\" data-end=\"1292\">Tipolog\u00eda de los Salmos<\/p>\n<\/li>\n<li data-start=\"1293\" data-end=\"1311\">\n<p data-start=\"1295\" data-end=\"1311\">Plano del templo<\/p>\n<\/li>\n<li data-start=\"1312\" data-end=\"1344\">\n<p data-start=\"1314\" data-end=\"1344\">Cronolog\u00eda de reyes y profetas<\/p>\n<\/li>\n<li data-start=\"1345\" data-end=\"1375\">\n<p data-start=\"1347\" data-end=\"1375\">Cuadro de par\u00e1bolas de Jes\u00fas<\/p>\n<\/li>\n<li data-start=\"1376\" data-end=\"1405\">\n<p data-start=\"1378\" data-end=\"1405\">Cuadro de milagros de Jes\u00fas<\/p>\n<\/li>\n<li data-start=\"1406\" data-end=\"1425\">\n<p data-start=\"1408\" data-end=\"1425\">Plan de salvaci\u00f3n<\/p>\n<\/li>\n<li data-start=\"1426\" data-end=\"1444\">\n<p data-start=\"1428\" data-end=\"1444\">Promesas de Dios<\/p>\n<\/li>\n<li data-start=\"1445\" data-end=\"1472\">\n<p data-start=\"1447\" data-end=\"1472\">Plan de lectura en un a\u00f1o<\/p>\n<\/li>\n<\/ul>\n<hr data-start=\"1474\" data-end=\"1477\" \/>\n<h6 data-start=\"1910\" data-end=\"1938\"><img decoding=\"async\" class=\"emoji\" role=\"img\" draggable=\"false\" src=\"https:\/\/s.w.org\/images\/core\/emoji\/17.0.2\/svg\/1f381.svg\" alt=\"\ud83c\udf81\" \/> Como regalo cristiano<\/h6>\n<p data-start=\"1939\" data-end=\"1965\">Una excelente opci\u00f3n para:<\/p>\n<ul data-start=\"1966\" data-end=\"2077\">\n<li data-start=\"1966\" data-end=\"1984\">\n<p data-start=\"1968\" data-end=\"1984\">Nuevos creyentes<\/p>\n<\/li>\n<li data-start=\"1985\" data-end=\"1994\">\n<p data-start=\"1987\" data-end=\"1994\">J\u00f3venes<\/p>\n<\/li>\n<li data-start=\"1995\" data-end=\"2004\">\n<p data-start=\"1997\" data-end=\"2004\">Adultos<\/p>\n<\/li>\n<li data-start=\"2005\" data-end=\"2037\">\n<p data-start=\"2007\" data-end=\"2037\">Personas en procesos dif\u00edciles<\/p>\n<\/li>\n<li data-start=\"2038\" data-end=\"2077\">\n<p data-start=\"2040\" data-end=\"2077\">Cumplea\u00f1os o celebraciones especiales<\/p>\n<\/li>\n<\/ul>\n<hr data-start=\"2376\" data-end=\"2379\" \/>\n<h6 data-start=\"2381\" data-end=\"2435\"><img decoding=\"async\" class=\"emoji\" role=\"img\" draggable=\"false\" src=\"https:\/\/s.w.org\/images\/core\/emoji\/17.0.2\/svg\/1f6d2.svg\" alt=\"\ud83d\uded2\" \/> Compra tu Biblia Compacta Letra Grande hoy mismo<\/h6>\n<p data-start=\"2437\" data-end=\"2609\">Si necesitas una <strong data-start=\"2454\" data-end=\"2507\">Biblia peque\u00f1a con letra grande Reina Valera 1960<\/strong>, esta es una de las mejores opciones por su equilibrio entre tama\u00f1o, comodidad y recursos de estudio.<\/p>\n<p data-start=\"2611\" data-end=\"2676\">Ll\u00e9vala contigo todos los d\u00edas y mant\u00e9n la Palabra siempre cerca.<\/p>\n<\/div>\n","protected":false},"excerpt":{"rendered":"<p>Descripci\u00f3n Valoraciones (0) \u00bfBuscas una Biblia peque\u00f1a con letra grande que sea f\u00e1cil de llevar y c\u00f3moda de leer?La Biblia Reina Valera 1960 compacta letra 12 puntos es la combinaci\u00f3n perfecta entre portabilidad y legibilidad. Dise\u00f1ada para acompa\u00f1arte en tu d\u00eda a d\u00eda sin que el tama\u00f1o limite tu lectura. Caracter\u00edsticas Versi\u00f3n Reina Valera 1960 [&hellip;]<\/p>\n","protected":false},"featured_media":7301,"comment_status":"open","ping_status":"closed","template":"","meta":{"om_disable_all_campaigns":false,"_monsterinsights_skip_tracking":false,"_monsterinsights_sitenote_active":false,"_monsterinsights_sitenote_note":"","_monsterinsights_sitenote_category":0,"site-sidebar-layout":"default","site-content-layout":"","ast-site-content-layout":"default","site-content-style":"default","site-sidebar-style":"default","ast-global-header-display":"","ast-banner-title-visibility":"","ast-main-header-display":"","ast-hfb-above-header-display":"","ast-hfb-below-header-display":"","ast-hfb-mobile-header-display":"","site-post-title":"","ast-breadcrumbs-content":"","ast-featured-img":"","footer-sml-layout":"","ast-disable-related-posts":"","theme-transparent-header-meta":"default","adv-header-id-meta":"","stick-header-meta":"","header-above-stick-meta":"","header-main-stick-meta":"","header-below-stick-meta":"","astra-migrate-meta-layouts":"set","ast-page-background-enabled":"default","ast-page-background-meta":{"desktop":{"background-color":"var(--ast-global-color-4)","background-image":"","background-repeat":"repeat","background-position":"center center","background-size":"auto","background-attachment":"scroll","background-type":"","background-media":"","overlay-type":"","overlay-color":"","overlay-opacity":"","overlay-gradient":""},"tablet":{"background-color":"","background-image":"","background-repeat":"repeat","background-position":"center center","background-size":"auto","background-attachment":"scroll","background-type":"","background-media":"","overlay-type":"","overlay-color":"","overlay-opacity":"","overlay-gradient":""},"mobile":{"background-color":"","background-image":"","background-repeat":"repeat","background-position":"center center","background-size":"auto","background-attachment":"scroll","background-type":"","background-media":"","overlay-type":"","overlay-color":"","overlay-opacity":"","overlay-gradient":""}},"ast-content-background-meta":{"desktop":{"background-color":"var(--ast-global-color-5)","background-image":"","background-repeat":"repeat","background-position":"center center","background-size":"auto","background-attachment":"scroll","background-type":"","background-media":"","overlay-type":"","overlay-color":"","overlay-opacity":"","overlay-gradient":""},"tablet":{"background-color":"var(--ast-global-color-5)","background-image":"","background-repeat":"repeat","background-position":"center center","background-size":"auto","background-attachment":"scroll","background-type":"","background-media":"","overlay-type":"","overlay-color":"","overlay-opacity":"","overlay-gradient":""},"mobile":{"background-color":"var(--ast-global-color-5)","background-image":"","background-repeat":"repeat","background-position":"center center","background-size":"auto","background-attachment":"scroll","background-type":"","background-media":"","overlay-type":"","overlay-color":"","overlay-opacity":"","overlay-gradient":""}}},"product_brand":[],"product_cat":[22,42,177],"product_tag":[],"class_list":{"0":"post-7295","1":"product","2":"type-product","3":"status-publish","4":"has-post-thumbnail","6":"product_cat-biblias","7":"product_cat-biblias-reina-valera","8":"product_cat-letra-grande-rvr","9":"desktop-align-left","10":"tablet-align-left","11":"mobile-align-left","13":"first","14":"instock","15":"shipping-taxable","16":"purchasable","17":"product-type-simple"},"yoast_head":"<!-- This site is optimized with the Yoast SEO plugin v27.4 - https:\/\/yoast.com\/product\/yoast-seo-wordpress\/ -->\n<title>Biblia RVR60 Port\u00e1til Letra Grande 12 pts piel Negro cierre - tzionlibreria.com<\/title>\n<meta name=\"robots\" content=\"index, follow, max-snippet:-1, max-image-preview:large, max-video-preview:-1\" \/>\n<link rel=\"canonical\" href=\"https:\/\/tzionlibreria.com\/index.php\/product\/biblia-rvr60-portatil-letra-grande-12-pts-piel-negro-cierre\/\" \/>\n<meta property=\"og:locale\" content=\"es_ES\" \/>\n<meta property=\"og:type\" content=\"article\" \/>\n<meta property=\"og:title\" content=\"Biblia RVR60 Port\u00e1til Letra Grande 12 pts piel Negro cierre - tzionlibreria.com\" \/>\n<meta property=\"og:description\" content=\"Descripci\u00f3n Valoraciones (0) \u00bfBuscas una Biblia peque\u00f1a con letra grande que sea f\u00e1cil de llevar y c\u00f3moda de leer?La Biblia Reina Valera 1960 compacta letra 12 puntos es la combinaci\u00f3n perfecta entre portabilidad y legibilidad. Dise\u00f1ada para acompa\u00f1arte en tu d\u00eda a d\u00eda sin que el tama\u00f1o limite tu lectura. Caracter\u00edsticas Versi\u00f3n Reina Valera 1960 [&hellip;]\" \/>\n<meta property=\"og:url\" content=\"https:\/\/tzionlibreria.com\/index.php\/product\/biblia-rvr60-portatil-letra-grande-12-pts-piel-negro-cierre\/\" \/>\n<meta property=\"og:site_name\" content=\"tzionlibreria.com\" \/>\n<meta property=\"article:modified_time\" content=\"2026-03-10T17:48:44+00:00\" \/>\n<meta property=\"og:image\" content=\"http:\/\/tzionlibreria.com\/wp-content\/uploads\/2026\/03\/9798885169479.jpg\" \/>\n\t<meta property=\"og:image:width\" content=\"1200\" \/>\n\t<meta property=\"og:image:height\" content=\"1200\" \/>\n\t<meta property=\"og:image:type\" content=\"image\/jpeg\" \/>\n<meta name=\"twitter:card\" content=\"summary_large_image\" \/>\n<meta name=\"twitter:label1\" content=\"Tiempo de lectura\" \/>\n\t<meta name=\"twitter:data1\" content=\"5 minutos\" \/>\n<script type=\"application\/ld+json\" class=\"yoast-schema-graph\">{\"@context\":\"https:\\\/\\\/schema.org\",\"@graph\":[{\"@type\":\"WebPage\",\"@id\":\"https:\\\/\\\/tzionlibreria.com\\\/index.php\\\/product\\\/biblia-rvr60-portatil-letra-grande-12-pts-piel-negro-cierre\\\/\",\"url\":\"https:\\\/\\\/tzionlibreria.com\\\/index.php\\\/product\\\/biblia-rvr60-portatil-letra-grande-12-pts-piel-negro-cierre\\\/\",\"name\":\"Biblia RVR60 Port\u00e1til Letra Grande 12 pts piel Negro cierre - tzionlibreria.com\",\"isPartOf\":{\"@id\":\"https:\\\/\\\/tzionlibreria.com\\\/#website\"},\"primaryImageOfPage\":{\"@id\":\"https:\\\/\\\/tzionlibreria.com\\\/index.php\\\/product\\\/biblia-rvr60-portatil-letra-grande-12-pts-piel-negro-cierre\\\/#primaryimage\"},\"image\":{\"@id\":\"https:\\\/\\\/tzionlibreria.com\\\/index.php\\\/product\\\/biblia-rvr60-portatil-letra-grande-12-pts-piel-negro-cierre\\\/#primaryimage\"},\"thumbnailUrl\":\"https:\\\/\\\/tzionlibreria.com\\\/wp-content\\\/uploads\\\/2026\\\/03\\\/9798885169479.jpg\",\"datePublished\":\"2026-03-10T17:47:49+00:00\",\"dateModified\":\"2026-03-10T17:48:44+00:00\",\"breadcrumb\":{\"@id\":\"https:\\\/\\\/tzionlibreria.com\\\/index.php\\\/product\\\/biblia-rvr60-portatil-letra-grande-12-pts-piel-negro-cierre\\\/#breadcrumb\"},\"inLanguage\":\"es-CO\",\"potentialAction\":[{\"@type\":\"ReadAction\",\"target\":[\"https:\\\/\\\/tzionlibreria.com\\\/index.php\\\/product\\\/biblia-rvr60-portatil-letra-grande-12-pts-piel-negro-cierre\\\/\"]}]},{\"@type\":\"ImageObject\",\"inLanguage\":\"es-CO\",\"@id\":\"https:\\\/\\\/tzionlibreria.com\\\/index.php\\\/product\\\/biblia-rvr60-portatil-letra-grande-12-pts-piel-negro-cierre\\\/#primaryimage\",\"url\":\"https:\\\/\\\/tzionlibreria.com\\\/wp-content\\\/uploads\\\/2026\\\/03\\\/9798885169479.jpg\",\"contentUrl\":\"https:\\\/\\\/tzionlibreria.com\\\/wp-content\\\/uploads\\\/2026\\\/03\\\/9798885169479.jpg\",\"width\":1200,\"height\":1200},{\"@type\":\"BreadcrumbList\",\"@id\":\"https:\\\/\\\/tzionlibreria.com\\\/index.php\\\/product\\\/biblia-rvr60-portatil-letra-grande-12-pts-piel-negro-cierre\\\/#breadcrumb\",\"itemListElement\":[{\"@type\":\"ListItem\",\"position\":1,\"name\":\"Inicio\",\"item\":\"https:\\\/\\\/tzionlibreria.com\\\/\"},{\"@type\":\"ListItem\",\"position\":2,\"name\":\"Shop\",\"item\":\"https:\\\/\\\/tzionlibreria.com\\\/index.php\\\/shop\\\/\"},{\"@type\":\"ListItem\",\"position\":3,\"name\":\"Biblia RVR60 Port\u00e1til Letra Grande 12 pts piel Negro cierre\"}]},{\"@type\":\"WebSite\",\"@id\":\"https:\\\/\\\/tzionlibreria.com\\\/#website\",\"url\":\"https:\\\/\\\/tzionlibreria.com\\\/\",\"name\":\"tzionlibreria.com\",\"description\":\"Libreria Cristiana Venezuela\",\"publisher\":{\"@id\":\"https:\\\/\\\/tzionlibreria.com\\\/#organization\"},\"potentialAction\":[{\"@type\":\"SearchAction\",\"target\":{\"@type\":\"EntryPoint\",\"urlTemplate\":\"https:\\\/\\\/tzionlibreria.com\\\/?s={search_term_string}\"},\"query-input\":{\"@type\":\"PropertyValueSpecification\",\"valueRequired\":true,\"valueName\":\"search_term_string\"}}],\"inLanguage\":\"es-CO\"},{\"@type\":\"Organization\",\"@id\":\"https:\\\/\\\/tzionlibreria.com\\\/#organization\",\"name\":\"tzionlibreria.com\",\"url\":\"https:\\\/\\\/tzionlibreria.com\\\/\",\"logo\":{\"@type\":\"ImageObject\",\"inLanguage\":\"es-CO\",\"@id\":\"https:\\\/\\\/tzionlibreria.com\\\/#\\\/schema\\\/logo\\\/image\\\/\",\"url\":\"https:\\\/\\\/tzionlibreria.com\\\/wp-content\\\/uploads\\\/2023\\\/10\\\/cropped-Cuadricula-scaled-1.jpg\",\"contentUrl\":\"https:\\\/\\\/tzionlibreria.com\\\/wp-content\\\/uploads\\\/2023\\\/10\\\/cropped-Cuadricula-scaled-1.jpg\",\"width\":2560,\"height\":2560,\"caption\":\"tzionlibreria.com\"},\"image\":{\"@id\":\"https:\\\/\\\/tzionlibreria.com\\\/#\\\/schema\\\/logo\\\/image\\\/\"}}]}<\/script>\n<!-- \/ Yoast SEO plugin. -->","yoast_head_json":{"title":"Biblia RVR60 Port\u00e1til Letra Grande 12 pts piel Negro cierre - tzionlibreria.com","robots":{"index":"index","follow":"follow","max-snippet":"max-snippet:-1","max-image-preview":"max-image-preview:large","max-video-preview":"max-video-preview:-1"},"canonical":"https:\/\/tzionlibreria.com\/index.php\/product\/biblia-rvr60-portatil-letra-grande-12-pts-piel-negro-cierre\/","og_locale":"es_ES","og_type":"article","og_title":"Biblia RVR60 Port\u00e1til Letra Grande 12 pts piel Negro cierre - tzionlibreria.com","og_description":"Descripci\u00f3n Valoraciones (0) \u00bfBuscas una Biblia peque\u00f1a con letra grande que sea f\u00e1cil de llevar y c\u00f3moda de leer?La Biblia Reina Valera 1960 compacta letra 12 puntos es la combinaci\u00f3n perfecta entre portabilidad y legibilidad. Dise\u00f1ada para acompa\u00f1arte en tu d\u00eda a d\u00eda sin que el tama\u00f1o limite tu lectura. Caracter\u00edsticas Versi\u00f3n Reina Valera 1960 [&hellip;]","og_url":"https:\/\/tzionlibreria.com\/index.php\/product\/biblia-rvr60-portatil-letra-grande-12-pts-piel-negro-cierre\/","og_site_name":"tzionlibreria.com","article_modified_time":"2026-03-10T17:48:44+00:00","og_image":[{"width":1200,"height":1200,"url":"http:\/\/tzionlibreria.com\/wp-content\/uploads\/2026\/03\/9798885169479.jpg","type":"image\/jpeg"}],"twitter_card":"summary_large_image","twitter_misc":{"Tiempo de lectura":"5 minutos"},"schema":{"@context":"https:\/\/schema.org","@graph":[{"@type":"WebPage","@id":"https:\/\/tzionlibreria.com\/index.php\/product\/biblia-rvr60-portatil-letra-grande-12-pts-piel-negro-cierre\/","url":"https:\/\/tzionlibreria.com\/index.php\/product\/biblia-rvr60-portatil-letra-grande-12-pts-piel-negro-cierre\/","name":"Biblia RVR60 Port\u00e1til Letra Grande 12 pts piel Negro cierre - tzionlibreria.com","isPartOf":{"@id":"https:\/\/tzionlibreria.com\/#website"},"primaryImageOfPage":{"@id":"https:\/\/tzionlibreria.com\/index.php\/product\/biblia-rvr60-portatil-letra-grande-12-pts-piel-negro-cierre\/#primaryimage"},"image":{"@id":"https:\/\/tzionlibreria.com\/index.php\/product\/biblia-rvr60-portatil-letra-grande-12-pts-piel-negro-cierre\/#primaryimage"},"thumbnailUrl":"https:\/\/tzionlibreria.com\/wp-content\/uploads\/2026\/03\/9798885169479.jpg","datePublished":"2026-03-10T17:47:49+00:00","dateModified":"2026-03-10T17:48:44+00:00","breadcrumb":{"@id":"https:\/\/tzionlibreria.com\/index.php\/product\/biblia-rvr60-portatil-letra-grande-12-pts-piel-negro-cierre\/#breadcrumb"},"inLanguage":"es-CO","potentialAction":[{"@type":"ReadAction","target":["https:\/\/tzionlibreria.com\/index.php\/product\/biblia-rvr60-portatil-letra-grande-12-pts-piel-negro-cierre\/"]}]},{"@type":"ImageObject","inLanguage":"es-CO","@id":"https:\/\/tzionlibreria.com\/index.php\/product\/biblia-rvr60-portatil-letra-grande-12-pts-piel-negro-cierre\/#primaryimage","url":"https:\/\/tzionlibreria.com\/wp-content\/uploads\/2026\/03\/9798885169479.jpg","contentUrl":"https:\/\/tzionlibreria.com\/wp-content\/uploads\/2026\/03\/9798885169479.jpg","width":1200,"height":1200},{"@type":"BreadcrumbList","@id":"https:\/\/tzionlibreria.com\/index.php\/product\/biblia-rvr60-portatil-letra-grande-12-pts-piel-negro-cierre\/#breadcrumb","itemListElement":[{"@type":"ListItem","position":1,"name":"Inicio","item":"https:\/\/tzionlibreria.com\/"},{"@type":"ListItem","position":2,"name":"Shop","item":"https:\/\/tzionlibreria.com\/index.php\/shop\/"},{"@type":"ListItem","position":3,"name":"Biblia RVR60 Port\u00e1til Letra Grande 12 pts piel Negro cierre"}]},{"@type":"WebSite","@id":"https:\/\/tzionlibreria.com\/#website","url":"https:\/\/tzionlibreria.com\/","name":"tzionlibreria.com","description":"Libreria Cristiana Venezuela","publisher":{"@id":"https:\/\/tzionlibreria.com\/#organization"},"potentialAction":[{"@type":"SearchAction","target":{"@type":"EntryPoint","urlTemplate":"https:\/\/tzionlibreria.com\/?s={search_term_string}"},"query-input":{"@type":"PropertyValueSpecification","valueRequired":true,"valueName":"search_term_string"}}],"inLanguage":"es-CO"},{"@type":"Organization","@id":"https:\/\/tzionlibreria.com\/#organization","name":"tzionlibreria.com","url":"https:\/\/tzionlibreria.com\/","logo":{"@type":"ImageObject","inLanguage":"es-CO","@id":"https:\/\/tzionlibreria.com\/#\/schema\/logo\/image\/","url":"https:\/\/tzionlibreria.com\/wp-content\/uploads\/2023\/10\/cropped-Cuadricula-scaled-1.jpg","contentUrl":"https:\/\/tzionlibreria.com\/wp-content\/uploads\/2023\/10\/cropped-Cuadricula-scaled-1.jpg","width":2560,"height":2560,"caption":"tzionlibreria.com"},"image":{"@id":"https:\/\/tzionlibreria.com\/#\/schema\/logo\/image\/"}}]}},"jetpack_sharing_enabled":true,"_links":{"self":[{"href":"https:\/\/tzionlibreria.com\/index.php\/wp-json\/wp\/v2\/product\/7295","targetHints":{"allow":["GET"]}}],"collection":[{"href":"https:\/\/tzionlibreria.com\/index.php\/wp-json\/wp\/v2\/product"}],"about":[{"href":"https:\/\/tzionlibreria.com\/index.php\/wp-json\/wp\/v2\/types\/product"}],"replies":[{"embeddable":true,"href":"https:\/\/tzionlibreria.com\/index.php\/wp-json\/wp\/v2\/comments?post=7295"}],"wp:featuredmedia":[{"embeddable":true,"href":"https:\/\/tzionlibreria.com\/index.php\/wp-json\/wp\/v2\/media\/7301"}],"wp:attachment":[{"href":"https:\/\/tzionlibreria.com\/index.php\/wp-json\/wp\/v2\/media?parent=7295"}],"wp:term":[{"taxonomy":"product_brand","embeddable":true,"href":"https:\/\/tzionlibreria.com\/index.php\/wp-json\/wp\/v2\/product_brand?post=7295"},{"taxonomy":"product_cat","embeddable":true,"href":"https:\/\/tzionlibreria.com\/index.php\/wp-json\/wp\/v2\/product_cat?post=7295"},{"taxonomy":"product_tag","embeddable":true,"href":"https:\/\/tzionlibreria.com\/index.php\/wp-json\/wp\/v2\/product_tag?post=7295"}],"curies":[{"name":"wp","href":"https:\/\/api.w.org\/{rel}","templated":true}]}}