{"id":7302,"date":"2026-03-10T17:58:20","date_gmt":"2026-03-10T17:58:20","guid":{"rendered":"https:\/\/tzionlibreria.com\/?post_type=product&#038;p=7302"},"modified":"2026-03-10T18:00:33","modified_gmt":"2026-03-10T18:00:33","slug":"biblia-rvr60-tamano-compacto-letra-grande-12-puntos-i-piel-tricolor-cafe-cafe-cafe-aguila-con-cierre-e-indice","status":"publish","type":"product","link":"https:\/\/tzionlibreria.com\/index.php\/product\/biblia-rvr60-tamano-compacto-letra-grande-12-puntos-i-piel-tricolor-cafe-cafe-cafe-aguila-con-cierre-e-indice\/","title":{"rendered":"Biblia RVR60 Tama\u00f1o compacto Letra Grande 12 puntos i\/piel tricolor caf\u00e9\/caf\u00e9\/caf\u00e9 \u00e1guila con cierre e \u00edndice"},"content":{"rendered":"<ul class=\"tabs wc-tabs\" role=\"tablist\">\n<li id=\"tab-title-description\" class=\"description_tab active\" role=\"presentation\"><a tabindex=\"0\" role=\"tab\" href=\"https:\/\/libreria247.com\/producto\/biblia-rvr60-tamano-compacto-letra-grande-12-puntos-i-piel-tricolor-cafe-cafe-cafe-aguila-con-cierre-e-indice\/#tab-description\" aria-controls=\"tab-description\" aria-selected=\"true\"> Descripci\u00f3n <\/a><\/li>\n<li id=\"tab-title-reviews\" class=\"reviews_tab\" role=\"presentation\"><a tabindex=\"-1\" role=\"tab\" href=\"https:\/\/libreria247.com\/producto\/biblia-rvr60-tamano-compacto-letra-grande-12-puntos-i-piel-tricolor-cafe-cafe-cafe-aguila-con-cierre-e-indice\/#tab-reviews\" aria-controls=\"tab-reviews\" aria-selected=\"false\"> Valoraciones (0) <\/a><\/li>\n<\/ul>\n<div id=\"tab-description\" class=\"woocommerce-Tabs-panel woocommerce-Tabs-panel--description panel entry-content wc-tab\" role=\"tabpanel\" aria-labelledby=\"tab-title-description\">\n<p>\u00bfLlevas tiempo buscando una Biblia peque\u00f1a con letra grande? Pues desde Mundo Biblia te presentamos la Biblia compacta con Letra de 12 puntos. Para que su portabilidad no limite su legibilidad.<\/p>\n<p>Descripci\u00f3n<\/p>\n<p>\u201d Reina Valera 1960<\/p>\n<p>\u201d tama\u00f1o Compacto: 114\u00d7162 mm<\/p>\n<p>\u201d Portada: Imitaci\u00f3n piel<\/p>\n<p>\u201d Letra: 12 puntos<\/p>\n<p>\u201d con cierre<\/p>\n<p>\u201d con \u00edndice<\/p>\n<p>\u201d Con canto dorado.<\/p>\n<p>\u201d Palabras de Jes\u00fas en rojo.<\/p>\n<p>\u201d Concordancia amplia de palabras de la Biblia.<\/p>\n<p>\u201d Concordancia de personajes b\u00edblicos<\/p>\n<p>\u201d 32 p\u00e1ginas a todo color con ayudas y esquemas que incluyen:<\/p>\n<p>\u201d Vers\u00edculos clave de cada libro<\/p>\n<p>\u201d Genealog\u00eda de Jes\u00fas<\/p>\n<p>\u201d Fiestas Biblicas<\/p>\n<p>\u201d Tipolog\u00eda de los salmos<\/p>\n<p>\u201d Plano del templo<\/p>\n<p>\u201d Cronolog\u00eda de Reyes y Profetas<\/p>\n<p>\u201d Cuadro con las par\u00e1bolas de Jes\u00fas<\/p>\n<p>\u201d Cuadro con los milagros de Jes\u00fas<\/p>\n<p>\u201d Plan de salvaci\u00f3n<\/p>\n<p>\u201d Promesas de Dios<\/p>\n<p>\u201d Plan de lectura en un a\u00f1o<\/p>\n<p>\u201d 12 mapas a todo color<\/p>\n<p>Usos de esta Biblia:<\/p>\n<p>1. Devocional personal<\/p>\n<p>\u201d Perfecta para tus momentos diarios con Dios.<\/p>\n<p>\u201d La letra grande permite leer c\u00f3modamente al despertar, antes de dormir o en tiempos de meditaci\u00f3n.<\/p>\n<p>________________________________________<\/p>\n<p>2. Oraci\u00f3n con la Palabra<\/p>\n<p>\u201d Puedes usarla para orar con vers\u00edculos clave.<\/p>\n<p>\u201d Facilita encontrar pasajes de consuelo, promesas, aliento o intercesi\u00f3n.<\/p>\n<p>________________________________________<\/p>\n<p>3. Llevarla a cualquier parte<\/p>\n<p>\u201d Por su tama\u00f1o reducido, cabe en bolsos, mochilas o incluso bolsillos grandes.<\/p>\n<p>\u201d Ideal para usar en:<\/p>\n<p>o Viajes<\/p>\n<p>o En la iglesia<\/p>\n<p>o Transporte p\u00fablico<\/p>\n<p>o Esperas m\u00e9dicas<\/p>\n<p>o Retiros y campamentos\u2026<\/p>\n<p>________________________________________<\/p>\n<p>4. Evangelismo personal<\/p>\n<p>\u201d \u00datil para compartir la Palabra con otros en la calle, en el trabajo o en visitas.<\/p>\n<p>\u201d Puedes marcar vers\u00edculos clave de salvaci\u00f3n, como Juan 3:16 o Romanos 10:9-10.<\/p>\n<p>________________________________________<\/p>\n<p>5. Lectura para personas mayores<\/p>\n<p>\u201d La letra grande favorece la lectura a personas con visi\u00f3n cansada o limitada.<\/p>\n<p>\u201d Puede ser una excelente Biblia para ancianos o enfermos.<\/p>\n<p>________________________________________<\/p>\n<p>6. Estudio en casa o peque\u00f1os grupos<\/p>\n<p>\u201d Aunque es compacta, es completa, y sirve muy bien para estudiar la Biblia en familia o con hermanos en la fe.<\/p>\n<p>________________________________________<\/p>\n<p>7. Regalo significativo<\/p>\n<p>\u201d Excelente opci\u00f3n como regalo para:<\/p>\n<p>o Nuevos creyentes<\/p>\n<p>o Ni\u00f1os o adolescentes<\/p>\n<p>o Adultos<\/p>\n<p>o Personas mayores<\/p>\n<p>o Amigos en momentos dif\u00edciles<\/p>\n<p>________________________________________<\/p>\n<p>8. Biblia para subrayar o marcar<\/p>\n<p>\u201d Su papel de alta calidad de 30 gsm permite que puedas subrayarla con un subrayador de cera (No usar los de gel normal).<\/p>\n<p>________________________________________<\/p>\n<p>9. Apoyo en visitas y discipulado<\/p>\n<p>\u201d Ideal para pastores, l\u00edderes o evangelistas que hacen visitas frecuentes a hogares, hospitales, c\u00e1rceles, etc.<\/p>\n<p>________________________________________<\/p>\n<p>10. Herramienta de memorizaci\u00f3n<\/p>\n<p>\u201d Tenerla siempre contigo te permite repasar y memorizar vers\u00edculos en todo momento.<\/p>\n<\/div>\n","protected":false},"excerpt":{"rendered":"<p>Descripci\u00f3n Valoraciones (0) \u00bfLlevas tiempo buscando una Biblia peque\u00f1a con letra grande? Pues desde Mundo Biblia te presentamos la Biblia compacta con Letra de 12 puntos. Para que su portabilidad no limite su legibilidad. Descripci\u00f3n \u201d Reina Valera 1960 \u201d tama\u00f1o Compacto: 114\u00d7162 mm \u201d Portada: Imitaci\u00f3n piel \u201d Letra: 12 puntos \u201d con cierre [&hellip;]<\/p>\n","protected":false},"featured_media":7309,"comment_status":"open","ping_status":"closed","template":"","meta":{"om_disable_all_campaigns":false,"_monsterinsights_skip_tracking":false,"_monsterinsights_sitenote_active":false,"_monsterinsights_sitenote_note":"","_monsterinsights_sitenote_category":0,"site-sidebar-layout":"default","site-content-layout":"","ast-site-content-layout":"default","site-content-style":"default","site-sidebar-style":"default","ast-global-header-display":"","ast-banner-title-visibility":"","ast-main-header-display":"","ast-hfb-above-header-display":"","ast-hfb-below-header-display":"","ast-hfb-mobile-header-display":"","site-post-title":"","ast-breadcrumbs-content":"","ast-featured-img":"","footer-sml-layout":"","ast-disable-related-posts":"","theme-transparent-header-meta":"default","adv-header-id-meta":"","stick-header-meta":"","header-above-stick-meta":"","header-main-stick-meta":"","header-below-stick-meta":"","astra-migrate-meta-layouts":"set","ast-page-background-enabled":"default","ast-page-background-meta":{"desktop":{"background-color":"var(--ast-global-color-4)","background-image":"","background-repeat":"repeat","background-position":"center center","background-size":"auto","background-attachment":"scroll","background-type":"","background-media":"","overlay-type":"","overlay-color":"","overlay-opacity":"","overlay-gradient":""},"tablet":{"background-color":"","background-image":"","background-repeat":"repeat","background-position":"center center","background-size":"auto","background-attachment":"scroll","background-type":"","background-media":"","overlay-type":"","overlay-color":"","overlay-opacity":"","overlay-gradient":""},"mobile":{"background-color":"","background-image":"","background-repeat":"repeat","background-position":"center center","background-size":"auto","background-attachment":"scroll","background-type":"","background-media":"","overlay-type":"","overlay-color":"","overlay-opacity":"","overlay-gradient":""}},"ast-content-background-meta":{"desktop":{"background-color":"var(--ast-global-color-5)","background-image":"","background-repeat":"repeat","background-position":"center center","background-size":"auto","background-attachment":"scroll","background-type":"","background-media":"","overlay-type":"","overlay-color":"","overlay-opacity":"","overlay-gradient":""},"tablet":{"background-color":"var(--ast-global-color-5)","background-image":"","background-repeat":"repeat","background-position":"center center","background-size":"auto","background-attachment":"scroll","background-type":"","background-media":"","overlay-type":"","overlay-color":"","overlay-opacity":"","overlay-gradient":""},"mobile":{"background-color":"var(--ast-global-color-5)","background-image":"","background-repeat":"repeat","background-position":"center center","background-size":"auto","background-attachment":"scroll","background-type":"","background-media":"","overlay-type":"","overlay-color":"","overlay-opacity":"","overlay-gradient":""}}},"product_brand":[],"product_cat":[22,42,177],"product_tag":[],"class_list":{"0":"post-7302","1":"product","2":"type-product","3":"status-publish","4":"has-post-thumbnail","6":"product_cat-biblias","7":"product_cat-biblias-reina-valera","8":"product_cat-letra-grande-rvr","9":"desktop-align-left","10":"tablet-align-left","11":"mobile-align-left","13":"first","14":"instock","15":"shipping-taxable","16":"purchasable","17":"product-type-simple"},"yoast_head":"<!-- This site is optimized with the Yoast SEO plugin v27.4 - https:\/\/yoast.com\/product\/yoast-seo-wordpress\/ -->\n<title>Biblia RVR60 Tama\u00f1o compacto Letra Grande 12 puntos i\/piel tricolor caf\u00e9\/caf\u00e9\/caf\u00e9 \u00e1guila con cierre e \u00edndice - tzionlibreria.com<\/title>\n<meta name=\"robots\" content=\"index, follow, max-snippet:-1, max-image-preview:large, max-video-preview:-1\" \/>\n<link rel=\"canonical\" href=\"https:\/\/tzionlibreria.com\/index.php\/product\/biblia-rvr60-tamano-compacto-letra-grande-12-puntos-i-piel-tricolor-cafe-cafe-cafe-aguila-con-cierre-e-indice\/\" \/>\n<meta property=\"og:locale\" content=\"es_ES\" \/>\n<meta property=\"og:type\" content=\"article\" \/>\n<meta property=\"og:title\" content=\"Biblia RVR60 Tama\u00f1o compacto Letra Grande 12 puntos i\/piel tricolor caf\u00e9\/caf\u00e9\/caf\u00e9 \u00e1guila con cierre e \u00edndice - tzionlibreria.com\" \/>\n<meta property=\"og:description\" content=\"Descripci\u00f3n Valoraciones (0) \u00bfLlevas tiempo buscando una Biblia peque\u00f1a con letra grande? Pues desde Mundo Biblia te presentamos la Biblia compacta con Letra de 12 puntos. Para que su portabilidad no limite su legibilidad. Descripci\u00f3n \u201d Reina Valera 1960 \u201d tama\u00f1o Compacto: 114\u00d7162 mm \u201d Portada: Imitaci\u00f3n piel \u201d Letra: 12 puntos \u201d con cierre [&hellip;]\" \/>\n<meta property=\"og:url\" content=\"https:\/\/tzionlibreria.com\/index.php\/product\/biblia-rvr60-tamano-compacto-letra-grande-12-puntos-i-piel-tricolor-cafe-cafe-cafe-aguila-con-cierre-e-indice\/\" \/>\n<meta property=\"og:site_name\" content=\"tzionlibreria.com\" \/>\n<meta property=\"article:modified_time\" content=\"2026-03-10T18:00:33+00:00\" \/>\n<meta property=\"og:image\" content=\"http:\/\/tzionlibreria.com\/wp-content\/uploads\/2026\/03\/9798885169523.jpg\" \/>\n\t<meta property=\"og:image:width\" content=\"1200\" \/>\n\t<meta property=\"og:image:height\" content=\"1200\" \/>\n\t<meta property=\"og:image:type\" content=\"image\/jpeg\" \/>\n<meta name=\"twitter:card\" content=\"summary_large_image\" \/>\n<meta name=\"twitter:label1\" content=\"Tiempo de lectura\" \/>\n\t<meta name=\"twitter:data1\" content=\"3 minutos\" \/>\n<script type=\"application\/ld+json\" class=\"yoast-schema-graph\">{\"@context\":\"https:\\\/\\\/schema.org\",\"@graph\":[{\"@type\":\"WebPage\",\"@id\":\"https:\\\/\\\/tzionlibreria.com\\\/index.php\\\/product\\\/biblia-rvr60-tamano-compacto-letra-grande-12-puntos-i-piel-tricolor-cafe-cafe-cafe-aguila-con-cierre-e-indice\\\/\",\"url\":\"https:\\\/\\\/tzionlibreria.com\\\/index.php\\\/product\\\/biblia-rvr60-tamano-compacto-letra-grande-12-puntos-i-piel-tricolor-cafe-cafe-cafe-aguila-con-cierre-e-indice\\\/\",\"name\":\"Biblia RVR60 Tama\u00f1o compacto Letra Grande 12 puntos i\\\/piel tricolor caf\u00e9\\\/caf\u00e9\\\/caf\u00e9 \u00e1guila con cierre e \u00edndice - tzionlibreria.com\",\"isPartOf\":{\"@id\":\"https:\\\/\\\/tzionlibreria.com\\\/#website\"},\"primaryImageOfPage\":{\"@id\":\"https:\\\/\\\/tzionlibreria.com\\\/index.php\\\/product\\\/biblia-rvr60-tamano-compacto-letra-grande-12-puntos-i-piel-tricolor-cafe-cafe-cafe-aguila-con-cierre-e-indice\\\/#primaryimage\"},\"image\":{\"@id\":\"https:\\\/\\\/tzionlibreria.com\\\/index.php\\\/product\\\/biblia-rvr60-tamano-compacto-letra-grande-12-puntos-i-piel-tricolor-cafe-cafe-cafe-aguila-con-cierre-e-indice\\\/#primaryimage\"},\"thumbnailUrl\":\"https:\\\/\\\/tzionlibreria.com\\\/wp-content\\\/uploads\\\/2026\\\/03\\\/9798885169523.jpg\",\"datePublished\":\"2026-03-10T17:58:20+00:00\",\"dateModified\":\"2026-03-10T18:00:33+00:00\",\"breadcrumb\":{\"@id\":\"https:\\\/\\\/tzionlibreria.com\\\/index.php\\\/product\\\/biblia-rvr60-tamano-compacto-letra-grande-12-puntos-i-piel-tricolor-cafe-cafe-cafe-aguila-con-cierre-e-indice\\\/#breadcrumb\"},\"inLanguage\":\"es-CO\",\"potentialAction\":[{\"@type\":\"ReadAction\",\"target\":[\"https:\\\/\\\/tzionlibreria.com\\\/index.php\\\/product\\\/biblia-rvr60-tamano-compacto-letra-grande-12-puntos-i-piel-tricolor-cafe-cafe-cafe-aguila-con-cierre-e-indice\\\/\"]}]},{\"@type\":\"ImageObject\",\"inLanguage\":\"es-CO\",\"@id\":\"https:\\\/\\\/tzionlibreria.com\\\/index.php\\\/product\\\/biblia-rvr60-tamano-compacto-letra-grande-12-puntos-i-piel-tricolor-cafe-cafe-cafe-aguila-con-cierre-e-indice\\\/#primaryimage\",\"url\":\"https:\\\/\\\/tzionlibreria.com\\\/wp-content\\\/uploads\\\/2026\\\/03\\\/9798885169523.jpg\",\"contentUrl\":\"https:\\\/\\\/tzionlibreria.com\\\/wp-content\\\/uploads\\\/2026\\\/03\\\/9798885169523.jpg\",\"width\":1200,\"height\":1200},{\"@type\":\"BreadcrumbList\",\"@id\":\"https:\\\/\\\/tzionlibreria.com\\\/index.php\\\/product\\\/biblia-rvr60-tamano-compacto-letra-grande-12-puntos-i-piel-tricolor-cafe-cafe-cafe-aguila-con-cierre-e-indice\\\/#breadcrumb\",\"itemListElement\":[{\"@type\":\"ListItem\",\"position\":1,\"name\":\"Inicio\",\"item\":\"https:\\\/\\\/tzionlibreria.com\\\/\"},{\"@type\":\"ListItem\",\"position\":2,\"name\":\"Shop\",\"item\":\"https:\\\/\\\/tzionlibreria.com\\\/index.php\\\/shop\\\/\"},{\"@type\":\"ListItem\",\"position\":3,\"name\":\"Biblia RVR60 Tama\u00f1o compacto Letra Grande 12 puntos i\\\/piel tricolor caf\u00e9\\\/caf\u00e9\\\/caf\u00e9 \u00e1guila con cierre e \u00edndice\"}]},{\"@type\":\"WebSite\",\"@id\":\"https:\\\/\\\/tzionlibreria.com\\\/#website\",\"url\":\"https:\\\/\\\/tzionlibreria.com\\\/\",\"name\":\"tzionlibreria.com\",\"description\":\"Libreria Cristiana Venezuela\",\"publisher\":{\"@id\":\"https:\\\/\\\/tzionlibreria.com\\\/#organization\"},\"potentialAction\":[{\"@type\":\"SearchAction\",\"target\":{\"@type\":\"EntryPoint\",\"urlTemplate\":\"https:\\\/\\\/tzionlibreria.com\\\/?s={search_term_string}\"},\"query-input\":{\"@type\":\"PropertyValueSpecification\",\"valueRequired\":true,\"valueName\":\"search_term_string\"}}],\"inLanguage\":\"es-CO\"},{\"@type\":\"Organization\",\"@id\":\"https:\\\/\\\/tzionlibreria.com\\\/#organization\",\"name\":\"tzionlibreria.com\",\"url\":\"https:\\\/\\\/tzionlibreria.com\\\/\",\"logo\":{\"@type\":\"ImageObject\",\"inLanguage\":\"es-CO\",\"@id\":\"https:\\\/\\\/tzionlibreria.com\\\/#\\\/schema\\\/logo\\\/image\\\/\",\"url\":\"https:\\\/\\\/tzionlibreria.com\\\/wp-content\\\/uploads\\\/2023\\\/10\\\/cropped-Cuadricula-scaled-1.jpg\",\"contentUrl\":\"https:\\\/\\\/tzionlibreria.com\\\/wp-content\\\/uploads\\\/2023\\\/10\\\/cropped-Cuadricula-scaled-1.jpg\",\"width\":2560,\"height\":2560,\"caption\":\"tzionlibreria.com\"},\"image\":{\"@id\":\"https:\\\/\\\/tzionlibreria.com\\\/#\\\/schema\\\/logo\\\/image\\\/\"}}]}<\/script>\n<!-- \/ Yoast SEO plugin. -->","yoast_head_json":{"title":"Biblia RVR60 Tama\u00f1o compacto Letra Grande 12 puntos i\/piel tricolor caf\u00e9\/caf\u00e9\/caf\u00e9 \u00e1guila con cierre e \u00edndice - tzionlibreria.com","robots":{"index":"index","follow":"follow","max-snippet":"max-snippet:-1","max-image-preview":"max-image-preview:large","max-video-preview":"max-video-preview:-1"},"canonical":"https:\/\/tzionlibreria.com\/index.php\/product\/biblia-rvr60-tamano-compacto-letra-grande-12-puntos-i-piel-tricolor-cafe-cafe-cafe-aguila-con-cierre-e-indice\/","og_locale":"es_ES","og_type":"article","og_title":"Biblia RVR60 Tama\u00f1o compacto Letra Grande 12 puntos i\/piel tricolor caf\u00e9\/caf\u00e9\/caf\u00e9 \u00e1guila con cierre e \u00edndice - tzionlibreria.com","og_description":"Descripci\u00f3n Valoraciones (0) \u00bfLlevas tiempo buscando una Biblia peque\u00f1a con letra grande? Pues desde Mundo Biblia te presentamos la Biblia compacta con Letra de 12 puntos. Para que su portabilidad no limite su legibilidad. Descripci\u00f3n \u201d Reina Valera 1960 \u201d tama\u00f1o Compacto: 114\u00d7162 mm \u201d Portada: Imitaci\u00f3n piel \u201d Letra: 12 puntos \u201d con cierre [&hellip;]","og_url":"https:\/\/tzionlibreria.com\/index.php\/product\/biblia-rvr60-tamano-compacto-letra-grande-12-puntos-i-piel-tricolor-cafe-cafe-cafe-aguila-con-cierre-e-indice\/","og_site_name":"tzionlibreria.com","article_modified_time":"2026-03-10T18:00:33+00:00","og_image":[{"width":1200,"height":1200,"url":"http:\/\/tzionlibreria.com\/wp-content\/uploads\/2026\/03\/9798885169523.jpg","type":"image\/jpeg"}],"twitter_card":"summary_large_image","twitter_misc":{"Tiempo de lectura":"3 minutos"},"schema":{"@context":"https:\/\/schema.org","@graph":[{"@type":"WebPage","@id":"https:\/\/tzionlibreria.com\/index.php\/product\/biblia-rvr60-tamano-compacto-letra-grande-12-puntos-i-piel-tricolor-cafe-cafe-cafe-aguila-con-cierre-e-indice\/","url":"https:\/\/tzionlibreria.com\/index.php\/product\/biblia-rvr60-tamano-compacto-letra-grande-12-puntos-i-piel-tricolor-cafe-cafe-cafe-aguila-con-cierre-e-indice\/","name":"Biblia RVR60 Tama\u00f1o compacto Letra Grande 12 puntos i\/piel tricolor caf\u00e9\/caf\u00e9\/caf\u00e9 \u00e1guila con cierre e \u00edndice - tzionlibreria.com","isPartOf":{"@id":"https:\/\/tzionlibreria.com\/#website"},"primaryImageOfPage":{"@id":"https:\/\/tzionlibreria.com\/index.php\/product\/biblia-rvr60-tamano-compacto-letra-grande-12-puntos-i-piel-tricolor-cafe-cafe-cafe-aguila-con-cierre-e-indice\/#primaryimage"},"image":{"@id":"https:\/\/tzionlibreria.com\/index.php\/product\/biblia-rvr60-tamano-compacto-letra-grande-12-puntos-i-piel-tricolor-cafe-cafe-cafe-aguila-con-cierre-e-indice\/#primaryimage"},"thumbnailUrl":"https:\/\/tzionlibreria.com\/wp-content\/uploads\/2026\/03\/9798885169523.jpg","datePublished":"2026-03-10T17:58:20+00:00","dateModified":"2026-03-10T18:00:33+00:00","breadcrumb":{"@id":"https:\/\/tzionlibreria.com\/index.php\/product\/biblia-rvr60-tamano-compacto-letra-grande-12-puntos-i-piel-tricolor-cafe-cafe-cafe-aguila-con-cierre-e-indice\/#breadcrumb"},"inLanguage":"es-CO","potentialAction":[{"@type":"ReadAction","target":["https:\/\/tzionlibreria.com\/index.php\/product\/biblia-rvr60-tamano-compacto-letra-grande-12-puntos-i-piel-tricolor-cafe-cafe-cafe-aguila-con-cierre-e-indice\/"]}]},{"@type":"ImageObject","inLanguage":"es-CO","@id":"https:\/\/tzionlibreria.com\/index.php\/product\/biblia-rvr60-tamano-compacto-letra-grande-12-puntos-i-piel-tricolor-cafe-cafe-cafe-aguila-con-cierre-e-indice\/#primaryimage","url":"https:\/\/tzionlibreria.com\/wp-content\/uploads\/2026\/03\/9798885169523.jpg","contentUrl":"https:\/\/tzionlibreria.com\/wp-content\/uploads\/2026\/03\/9798885169523.jpg","width":1200,"height":1200},{"@type":"BreadcrumbList","@id":"https:\/\/tzionlibreria.com\/index.php\/product\/biblia-rvr60-tamano-compacto-letra-grande-12-puntos-i-piel-tricolor-cafe-cafe-cafe-aguila-con-cierre-e-indice\/#breadcrumb","itemListElement":[{"@type":"ListItem","position":1,"name":"Inicio","item":"https:\/\/tzionlibreria.com\/"},{"@type":"ListItem","position":2,"name":"Shop","item":"https:\/\/tzionlibreria.com\/index.php\/shop\/"},{"@type":"ListItem","position":3,"name":"Biblia RVR60 Tama\u00f1o compacto Letra Grande 12 puntos i\/piel tricolor caf\u00e9\/caf\u00e9\/caf\u00e9 \u00e1guila con cierre e \u00edndice"}]},{"@type":"WebSite","@id":"https:\/\/tzionlibreria.com\/#website","url":"https:\/\/tzionlibreria.com\/","name":"tzionlibreria.com","description":"Libreria Cristiana Venezuela","publisher":{"@id":"https:\/\/tzionlibreria.com\/#organization"},"potentialAction":[{"@type":"SearchAction","target":{"@type":"EntryPoint","urlTemplate":"https:\/\/tzionlibreria.com\/?s={search_term_string}"},"query-input":{"@type":"PropertyValueSpecification","valueRequired":true,"valueName":"search_term_string"}}],"inLanguage":"es-CO"},{"@type":"Organization","@id":"https:\/\/tzionlibreria.com\/#organization","name":"tzionlibreria.com","url":"https:\/\/tzionlibreria.com\/","logo":{"@type":"ImageObject","inLanguage":"es-CO","@id":"https:\/\/tzionlibreria.com\/#\/schema\/logo\/image\/","url":"https:\/\/tzionlibreria.com\/wp-content\/uploads\/2023\/10\/cropped-Cuadricula-scaled-1.jpg","contentUrl":"https:\/\/tzionlibreria.com\/wp-content\/uploads\/2023\/10\/cropped-Cuadricula-scaled-1.jpg","width":2560,"height":2560,"caption":"tzionlibreria.com"},"image":{"@id":"https:\/\/tzionlibreria.com\/#\/schema\/logo\/image\/"}}]}},"jetpack_sharing_enabled":true,"_links":{"self":[{"href":"https:\/\/tzionlibreria.com\/index.php\/wp-json\/wp\/v2\/product\/7302","targetHints":{"allow":["GET"]}}],"collection":[{"href":"https:\/\/tzionlibreria.com\/index.php\/wp-json\/wp\/v2\/product"}],"about":[{"href":"https:\/\/tzionlibreria.com\/index.php\/wp-json\/wp\/v2\/types\/product"}],"replies":[{"embeddable":true,"href":"https:\/\/tzionlibreria.com\/index.php\/wp-json\/wp\/v2\/comments?post=7302"}],"wp:featuredmedia":[{"embeddable":true,"href":"https:\/\/tzionlibreria.com\/index.php\/wp-json\/wp\/v2\/media\/7309"}],"wp:attachment":[{"href":"https:\/\/tzionlibreria.com\/index.php\/wp-json\/wp\/v2\/media?parent=7302"}],"wp:term":[{"taxonomy":"product_brand","embeddable":true,"href":"https:\/\/tzionlibreria.com\/index.php\/wp-json\/wp\/v2\/product_brand?post=7302"},{"taxonomy":"product_cat","embeddable":true,"href":"https:\/\/tzionlibreria.com\/index.php\/wp-json\/wp\/v2\/product_cat?post=7302"},{"taxonomy":"product_tag","embeddable":true,"href":"https:\/\/tzionlibreria.com\/index.php\/wp-json\/wp\/v2\/product_tag?post=7302"}],"curies":[{"name":"wp","href":"https:\/\/api.w.org\/{rel}","templated":true}]}}