{"id":7334,"date":"2026-03-10T20:17:57","date_gmt":"2026-03-10T20:17:57","guid":{"rendered":"https:\/\/tzionlibreria.com\/?post_type=product&#038;p=7334"},"modified":"2026-04-09T20:06:06","modified_gmt":"2026-04-09T20:06:06","slug":"biblia-rvr60-letra-grande-12-pts-tapa-dura-pastor-con-elastico","status":"publish","type":"product","link":"https:\/\/tzionlibreria.com\/index.php\/product\/biblia-rvr60-letra-grande-12-pts-tapa-dura-pastor-con-elastico\/","title":{"rendered":"Biblia RVR60 Letra Grande 12 pts Tapa dura Pastor con el\u00e1stico"},"content":{"rendered":"<ul class=\"tabs wc-tabs\" role=\"tablist\">\n<li id=\"tab-title-description\" class=\"description_tab active\" role=\"presentation\"><a tabindex=\"0\" role=\"tab\" href=\"https:\/\/libreria247.com\/producto\/biblia-rvr60-tamano-manual-letra-grande-12-puntos-tapa-dura-con-elastico-pastor\/#tab-description\" aria-controls=\"tab-description\" aria-selected=\"true\"> Descripci\u00f3n <\/a><\/li>\n<li id=\"tab-title-reviews\" class=\"reviews_tab\" role=\"presentation\"><a tabindex=\"-1\" role=\"tab\" href=\"https:\/\/libreria247.com\/producto\/biblia-rvr60-tamano-manual-letra-grande-12-puntos-tapa-dura-con-elastico-pastor\/#tab-reviews\" aria-controls=\"tab-reviews\" aria-selected=\"false\"> Valoraciones (0) <\/a><\/li>\n<\/ul>\n<div id=\"tab-description\" class=\"woocommerce-Tabs-panel woocommerce-Tabs-panel--description panel entry-content wc-tab\" role=\"tabpanel\" aria-labelledby=\"tab-title-description\">\n<h6 data-start=\"152\" data-end=\"212\">Biblia Reina-Valera 1960 \u2013 Letra Grande 12 pts<\/h6>\n<h6 data-start=\"213\" data-end=\"255\">Tapa dura con el\u00e1stico | Tama\u00f1o manual<\/h6>\n<p data-start=\"257\" data-end=\"325\">Una Biblia pensada para acompa\u00f1arte cada d\u00eda en tu caminar con Dios.<\/p>\n<p data-start=\"327\" data-end=\"499\">Esta edici\u00f3n de la <strong data-start=\"346\" data-end=\"378\">Reina-Valera 1960 (RVR 1960)<\/strong> ha sido dise\u00f1ada para quienes desean llevar la Palabra siempre consigo, sin renunciar a profundidad, claridad y belleza.<\/p>\n<p data-start=\"501\" data-end=\"813\">Su <strong data-start=\"504\" data-end=\"538\">tama\u00f1o manual (13.8 x 21.2 cm)<\/strong> la hace ideal para el uso diario, el estudio personal, la iglesia o los viajes. La <strong data-start=\"622\" data-end=\"660\">cubierta de tapa dura con el\u00e1stico<\/strong> protege tus p\u00e1ginas con elegancia y firmeza, mientras que el <strong data-start=\"722\" data-end=\"739\">canto pintado<\/strong> aporta un detalle distintivo que refleja el valor eterno de su contenido.<\/p>\n<p data-start=\"815\" data-end=\"1033\">El texto b\u00edblico se presenta en <strong data-start=\"847\" data-end=\"876\">letra grande de 12 puntos<\/strong>, c\u00f3moda para la lectura prolongada. Adem\u00e1s, las <strong data-start=\"925\" data-end=\"954\">palabras de Jes\u00fas en rojo<\/strong> destacan sus ense\u00f1anzas, ayud\u00e1ndote a meditar con mayor atenci\u00f3n y reverencia.<\/p>\n<hr data-start=\"1035\" data-end=\"1038\" \/>\n<h6 data-start=\"1040\" data-end=\"1072\"><img decoding=\"async\" class=\"emoji\" role=\"img\" draggable=\"false\" src=\"https:\/\/s.w.org\/images\/core\/emoji\/17.0.2\/svg\/2728.svg\" alt=\"\u2728\" \/> Caracter\u00edsticas principales<\/h6>\n<p data-start=\"1074\" data-end=\"1337\"><img decoding=\"async\" class=\"emoji\" role=\"img\" draggable=\"false\" src=\"https:\/\/s.w.org\/images\/core\/emoji\/17.0.2\/svg\/2714.svg\" alt=\"\u2714\" \/> Versi\u00f3n: Reina-Valera 1960<br data-start=\"1102\" data-end=\"1105\" \/><img decoding=\"async\" class=\"emoji\" role=\"img\" draggable=\"false\" src=\"https:\/\/s.w.org\/images\/core\/emoji\/17.0.2\/svg\/2714.svg\" alt=\"\u2714\" \/> Letra grande: 12 puntos<br data-start=\"1130\" data-end=\"1133\" \/><img decoding=\"async\" class=\"emoji\" role=\"img\" draggable=\"false\" src=\"https:\/\/s.w.org\/images\/core\/emoji\/17.0.2\/svg\/2714.svg\" alt=\"\u2714\" \/> Tapa dura con banda el\u00e1stica<br data-start=\"1163\" data-end=\"1166\" \/><img decoding=\"async\" class=\"emoji\" role=\"img\" draggable=\"false\" src=\"https:\/\/s.w.org\/images\/core\/emoji\/17.0.2\/svg\/2714.svg\" alt=\"\u2714\" \/> Tama\u00f1o manual (138 x 212 mm)<br data-start=\"1196\" data-end=\"1199\" \/><img decoding=\"async\" class=\"emoji\" role=\"img\" draggable=\"false\" src=\"https:\/\/s.w.org\/images\/core\/emoji\/17.0.2\/svg\/2714.svg\" alt=\"\u2714\" \/> Canto pintado<br data-start=\"1214\" data-end=\"1217\" \/><img decoding=\"async\" class=\"emoji\" role=\"img\" draggable=\"false\" src=\"https:\/\/s.w.org\/images\/core\/emoji\/17.0.2\/svg\/2714.svg\" alt=\"\u2714\" \/> Palabras de Jes\u00fas en rojo<br data-start=\"1244\" data-end=\"1247\" \/><img decoding=\"async\" class=\"emoji\" role=\"img\" draggable=\"false\" src=\"https:\/\/s.w.org\/images\/core\/emoji\/17.0.2\/svg\/2714.svg\" alt=\"\u2714\" \/> Referencias cruzadas<br data-start=\"1269\" data-end=\"1272\" \/><img decoding=\"async\" class=\"emoji\" role=\"img\" draggable=\"false\" src=\"https:\/\/s.w.org\/images\/core\/emoji\/17.0.2\/svg\/2714.svg\" alt=\"\u2714\" \/> Concordancia completa<br data-start=\"1295\" data-end=\"1298\" \/><img decoding=\"async\" class=\"emoji\" role=\"img\" draggable=\"false\" src=\"https:\/\/s.w.org\/images\/core\/emoji\/17.0.2\/svg\/2714.svg\" alt=\"\u2714\" \/> Concordancia de personajes b\u00edblicos<\/p>\n<hr data-start=\"1339\" data-end=\"1342\" \/>\n<h6 data-start=\"1344\" data-end=\"1381\"><img decoding=\"async\" class=\"emoji\" role=\"img\" draggable=\"false\" src=\"https:\/\/s.w.org\/images\/core\/emoji\/17.0.2\/svg\/1f4da.svg\" alt=\"\ud83d\udcda\" \/> Incluye herramientas de estudio<\/h6>\n<p data-start=\"1383\" data-end=\"1509\"><img decoding=\"async\" class=\"emoji\" role=\"img\" draggable=\"false\" src=\"https:\/\/s.w.org\/images\/core\/emoji\/17.0.2\/svg\/2714.svg\" alt=\"\u2714\" \/> 32 p\u00e1ginas a todo color con recursos visuales<br data-start=\"1430\" data-end=\"1433\" \/><img decoding=\"async\" class=\"emoji\" role=\"img\" draggable=\"false\" src=\"https:\/\/s.w.org\/images\/core\/emoji\/17.0.2\/svg\/2714.svg\" alt=\"\u2714\" \/> 12 mapas a todo color<br data-start=\"1456\" data-end=\"1459\" \/><img decoding=\"async\" class=\"emoji\" role=\"img\" draggable=\"false\" src=\"https:\/\/s.w.org\/images\/core\/emoji\/17.0.2\/svg\/2714.svg\" alt=\"\u2714\" \/> Ayudas y esquemas para profundizar en el texto<\/p>\n<h6 data-start=\"1511\" data-end=\"1545\">Recursos especiales incluidos:<\/h6>\n<ul data-start=\"1547\" data-end=\"1864\">\n<li data-start=\"1547\" data-end=\"1581\">\n<p data-start=\"1549\" data-end=\"1581\">Vers\u00edculos clave de cada libro<\/p>\n<\/li>\n<li data-start=\"1582\" data-end=\"1605\">\n<p data-start=\"1584\" data-end=\"1605\">Genealog\u00eda de Jes\u00fas<\/p>\n<\/li>\n<li data-start=\"1606\" data-end=\"1626\">\n<p data-start=\"1608\" data-end=\"1626\">Fiestas b\u00edblicas<\/p>\n<\/li>\n<li data-start=\"1627\" data-end=\"1654\">\n<p data-start=\"1629\" data-end=\"1654\">Tipolog\u00eda de los Salmos<\/p>\n<\/li>\n<li data-start=\"1655\" data-end=\"1675\">\n<p data-start=\"1657\" data-end=\"1675\">Plano del Templo<\/p>\n<\/li>\n<li data-start=\"1676\" data-end=\"1710\">\n<p data-start=\"1678\" data-end=\"1710\">Cronolog\u00eda de Reyes y Profetas<\/p>\n<\/li>\n<li data-start=\"1711\" data-end=\"1747\">\n<p data-start=\"1713\" data-end=\"1747\">Cuadro de las par\u00e1bolas de Jes\u00fas<\/p>\n<\/li>\n<li data-start=\"1748\" data-end=\"1783\">\n<p data-start=\"1750\" data-end=\"1783\">Cuadro de los milagros de Jes\u00fas<\/p>\n<\/li>\n<li data-start=\"1784\" data-end=\"1805\">\n<p data-start=\"1786\" data-end=\"1805\">Plan de salvaci\u00f3n<\/p>\n<\/li>\n<li data-start=\"1806\" data-end=\"1826\">\n<p data-start=\"1808\" data-end=\"1826\">Promesas de Dios<\/p>\n<\/li>\n<li data-start=\"1827\" data-end=\"1864\">\n<p data-start=\"1829\" data-end=\"1864\">Plan de lectura b\u00edblica en un a\u00f1o<\/p>\n<\/li>\n<\/ul>\n<hr data-start=\"1866\" data-end=\"1869\" \/>\n<h6 data-start=\"1871\" data-end=\"1888\"><img decoding=\"async\" class=\"emoji\" role=\"img\" draggable=\"false\" src=\"https:\/\/s.w.org\/images\/core\/emoji\/17.0.2\/svg\/1f64f.svg\" alt=\"\ud83d\ude4f\" \/> Ideal para:<\/h6>\n<ul data-start=\"1890\" data-end=\"2042\">\n<li data-start=\"1890\" data-end=\"1914\">\n<p data-start=\"1892\" data-end=\"1914\">Devocionales diarios<\/p>\n<\/li>\n<li data-start=\"1915\" data-end=\"1949\">\n<p data-start=\"1917\" data-end=\"1949\">Estudio profundo de la Palabra<\/p>\n<\/li>\n<li data-start=\"1950\" data-end=\"1989\">\n<p data-start=\"1952\" data-end=\"1989\">Nuevos creyentes y lectores maduros<\/p>\n<\/li>\n<li data-start=\"1990\" data-end=\"2014\">\n<p data-start=\"1992\" data-end=\"2014\">Regalo significativo<\/p>\n<\/li>\n<li data-start=\"2015\" data-end=\"2042\">\n<p data-start=\"2017\" data-end=\"2042\">Uso en iglesia o viajes<\/p>\n<\/li>\n<\/ul>\n<hr data-start=\"2044\" data-end=\"2047\" \/>\n<h6 data-start=\"2049\" data-end=\"2094\"><img decoding=\"async\" class=\"emoji\" role=\"img\" draggable=\"false\" src=\"https:\/\/s.w.org\/images\/core\/emoji\/17.0.2\/svg\/1f4cc.svg\" alt=\"\ud83d\udccc\" \/> M\u00e1s que un libro: una herramienta viva.<\/h6>\n<p data-start=\"2096\" data-end=\"2228\">Una Biblia para leer, estudiar, orar\u2026 y atesorar.<br data-start=\"2145\" data-end=\"2148\" \/>Dise\u00f1ada para edificar tu fe y acompa\u00f1arte cada d\u00eda en tu relaci\u00f3n con el Se\u00f1or.<\/p>\n<\/div>\n","protected":false},"excerpt":{"rendered":"<p>Descripci\u00f3n Valoraciones (0) Biblia Reina-Valera 1960 \u2013 Letra Grande 12 pts Tapa dura con el\u00e1stico | Tama\u00f1o manual Una Biblia pensada para acompa\u00f1arte cada d\u00eda en tu caminar con Dios. Esta edici\u00f3n de la Reina-Valera 1960 (RVR 1960) ha sido dise\u00f1ada para quienes desean llevar la Palabra siempre consigo, sin renunciar a profundidad, claridad y [&hellip;]<\/p>\n","protected":false},"featured_media":7342,"comment_status":"open","ping_status":"closed","template":"","meta":{"om_disable_all_campaigns":false,"_monsterinsights_skip_tracking":false,"_monsterinsights_sitenote_active":false,"_monsterinsights_sitenote_note":"","_monsterinsights_sitenote_category":0,"site-sidebar-layout":"default","site-content-layout":"","ast-site-content-layout":"default","site-content-style":"default","site-sidebar-style":"default","ast-global-header-display":"","ast-banner-title-visibility":"","ast-main-header-display":"","ast-hfb-above-header-display":"","ast-hfb-below-header-display":"","ast-hfb-mobile-header-display":"","site-post-title":"","ast-breadcrumbs-content":"","ast-featured-img":"","footer-sml-layout":"","ast-disable-related-posts":"","theme-transparent-header-meta":"default","adv-header-id-meta":"","stick-header-meta":"","header-above-stick-meta":"","header-main-stick-meta":"","header-below-stick-meta":"","astra-migrate-meta-layouts":"set","ast-page-background-enabled":"default","ast-page-background-meta":{"desktop":{"background-color":"var(--ast-global-color-4)","background-image":"","background-repeat":"repeat","background-position":"center center","background-size":"auto","background-attachment":"scroll","background-type":"","background-media":"","overlay-type":"","overlay-color":"","overlay-opacity":"","overlay-gradient":""},"tablet":{"background-color":"","background-image":"","background-repeat":"repeat","background-position":"center center","background-size":"auto","background-attachment":"scroll","background-type":"","background-media":"","overlay-type":"","overlay-color":"","overlay-opacity":"","overlay-gradient":""},"mobile":{"background-color":"","background-image":"","background-repeat":"repeat","background-position":"center center","background-size":"auto","background-attachment":"scroll","background-type":"","background-media":"","overlay-type":"","overlay-color":"","overlay-opacity":"","overlay-gradient":""}},"ast-content-background-meta":{"desktop":{"background-color":"var(--ast-global-color-5)","background-image":"","background-repeat":"repeat","background-position":"center center","background-size":"auto","background-attachment":"scroll","background-type":"","background-media":"","overlay-type":"","overlay-color":"","overlay-opacity":"","overlay-gradient":""},"tablet":{"background-color":"var(--ast-global-color-5)","background-image":"","background-repeat":"repeat","background-position":"center center","background-size":"auto","background-attachment":"scroll","background-type":"","background-media":"","overlay-type":"","overlay-color":"","overlay-opacity":"","overlay-gradient":""},"mobile":{"background-color":"var(--ast-global-color-5)","background-image":"","background-repeat":"repeat","background-position":"center center","background-size":"auto","background-attachment":"scroll","background-type":"","background-media":"","overlay-type":"","overlay-color":"","overlay-opacity":"","overlay-gradient":""}}},"product_brand":[],"product_cat":[22,42,177],"product_tag":[],"class_list":{"0":"post-7334","1":"product","2":"type-product","3":"status-publish","4":"has-post-thumbnail","6":"product_cat-biblias","7":"product_cat-biblias-reina-valera","8":"product_cat-letra-grande-rvr","9":"desktop-align-left","10":"tablet-align-left","11":"mobile-align-left","13":"first","14":"instock","15":"shipping-taxable","16":"purchasable","17":"product-type-simple"},"yoast_head":"<!-- This site is optimized with the Yoast SEO plugin v27.4 - https:\/\/yoast.com\/product\/yoast-seo-wordpress\/ -->\n<title>Biblia RVR60 Letra Grande 12 pts Tapa dura Pastor con el\u00e1stico - tzionlibreria.com<\/title>\n<meta name=\"robots\" content=\"index, follow, max-snippet:-1, max-image-preview:large, max-video-preview:-1\" \/>\n<link rel=\"canonical\" href=\"https:\/\/tzionlibreria.com\/index.php\/product\/biblia-rvr60-letra-grande-12-pts-tapa-dura-pastor-con-elastico\/\" \/>\n<meta property=\"og:locale\" content=\"es_ES\" \/>\n<meta property=\"og:type\" content=\"article\" \/>\n<meta property=\"og:title\" content=\"Biblia RVR60 Letra Grande 12 pts Tapa dura Pastor con el\u00e1stico - tzionlibreria.com\" \/>\n<meta property=\"og:description\" content=\"Descripci\u00f3n Valoraciones (0) Biblia Reina-Valera 1960 \u2013 Letra Grande 12 pts Tapa dura con el\u00e1stico | Tama\u00f1o manual Una Biblia pensada para acompa\u00f1arte cada d\u00eda en tu caminar con Dios. Esta edici\u00f3n de la Reina-Valera 1960 (RVR 1960) ha sido dise\u00f1ada para quienes desean llevar la Palabra siempre consigo, sin renunciar a profundidad, claridad y [&hellip;]\" \/>\n<meta property=\"og:url\" content=\"https:\/\/tzionlibreria.com\/index.php\/product\/biblia-rvr60-letra-grande-12-pts-tapa-dura-pastor-con-elastico\/\" \/>\n<meta property=\"og:site_name\" content=\"tzionlibreria.com\" \/>\n<meta property=\"article:modified_time\" content=\"2026-04-09T20:06:06+00:00\" \/>\n<meta property=\"og:image\" content=\"http:\/\/tzionlibreria.com\/wp-content\/uploads\/2026\/03\/9798893843484.jpg\" \/>\n\t<meta property=\"og:image:width\" content=\"1200\" \/>\n\t<meta property=\"og:image:height\" content=\"1200\" \/>\n\t<meta property=\"og:image:type\" content=\"image\/jpeg\" \/>\n<meta name=\"twitter:card\" content=\"summary_large_image\" \/>\n<meta name=\"twitter:label1\" content=\"Tiempo de lectura\" \/>\n\t<meta name=\"twitter:data1\" content=\"5 minutos\" \/>\n<script type=\"application\/ld+json\" class=\"yoast-schema-graph\">{\"@context\":\"https:\\\/\\\/schema.org\",\"@graph\":[{\"@type\":\"WebPage\",\"@id\":\"https:\\\/\\\/tzionlibreria.com\\\/index.php\\\/product\\\/biblia-rvr60-letra-grande-12-pts-tapa-dura-pastor-con-elastico\\\/\",\"url\":\"https:\\\/\\\/tzionlibreria.com\\\/index.php\\\/product\\\/biblia-rvr60-letra-grande-12-pts-tapa-dura-pastor-con-elastico\\\/\",\"name\":\"Biblia RVR60 Letra Grande 12 pts Tapa dura Pastor con el\u00e1stico - tzionlibreria.com\",\"isPartOf\":{\"@id\":\"https:\\\/\\\/tzionlibreria.com\\\/#website\"},\"primaryImageOfPage\":{\"@id\":\"https:\\\/\\\/tzionlibreria.com\\\/index.php\\\/product\\\/biblia-rvr60-letra-grande-12-pts-tapa-dura-pastor-con-elastico\\\/#primaryimage\"},\"image\":{\"@id\":\"https:\\\/\\\/tzionlibreria.com\\\/index.php\\\/product\\\/biblia-rvr60-letra-grande-12-pts-tapa-dura-pastor-con-elastico\\\/#primaryimage\"},\"thumbnailUrl\":\"https:\\\/\\\/tzionlibreria.com\\\/wp-content\\\/uploads\\\/2026\\\/03\\\/9798893843484.jpg\",\"datePublished\":\"2026-03-10T20:17:57+00:00\",\"dateModified\":\"2026-04-09T20:06:06+00:00\",\"breadcrumb\":{\"@id\":\"https:\\\/\\\/tzionlibreria.com\\\/index.php\\\/product\\\/biblia-rvr60-letra-grande-12-pts-tapa-dura-pastor-con-elastico\\\/#breadcrumb\"},\"inLanguage\":\"es-CO\",\"potentialAction\":[{\"@type\":\"ReadAction\",\"target\":[\"https:\\\/\\\/tzionlibreria.com\\\/index.php\\\/product\\\/biblia-rvr60-letra-grande-12-pts-tapa-dura-pastor-con-elastico\\\/\"]}]},{\"@type\":\"ImageObject\",\"inLanguage\":\"es-CO\",\"@id\":\"https:\\\/\\\/tzionlibreria.com\\\/index.php\\\/product\\\/biblia-rvr60-letra-grande-12-pts-tapa-dura-pastor-con-elastico\\\/#primaryimage\",\"url\":\"https:\\\/\\\/tzionlibreria.com\\\/wp-content\\\/uploads\\\/2026\\\/03\\\/9798893843484.jpg\",\"contentUrl\":\"https:\\\/\\\/tzionlibreria.com\\\/wp-content\\\/uploads\\\/2026\\\/03\\\/9798893843484.jpg\",\"width\":1200,\"height\":1200},{\"@type\":\"BreadcrumbList\",\"@id\":\"https:\\\/\\\/tzionlibreria.com\\\/index.php\\\/product\\\/biblia-rvr60-letra-grande-12-pts-tapa-dura-pastor-con-elastico\\\/#breadcrumb\",\"itemListElement\":[{\"@type\":\"ListItem\",\"position\":1,\"name\":\"Inicio\",\"item\":\"https:\\\/\\\/tzionlibreria.com\\\/\"},{\"@type\":\"ListItem\",\"position\":2,\"name\":\"Shop\",\"item\":\"https:\\\/\\\/tzionlibreria.com\\\/index.php\\\/shop\\\/\"},{\"@type\":\"ListItem\",\"position\":3,\"name\":\"Biblia RVR60 Letra Grande 12 pts Tapa dura Pastor con el\u00e1stico\"}]},{\"@type\":\"WebSite\",\"@id\":\"https:\\\/\\\/tzionlibreria.com\\\/#website\",\"url\":\"https:\\\/\\\/tzionlibreria.com\\\/\",\"name\":\"tzionlibreria.com\",\"description\":\"Libreria Cristiana Venezuela\",\"publisher\":{\"@id\":\"https:\\\/\\\/tzionlibreria.com\\\/#organization\"},\"potentialAction\":[{\"@type\":\"SearchAction\",\"target\":{\"@type\":\"EntryPoint\",\"urlTemplate\":\"https:\\\/\\\/tzionlibreria.com\\\/?s={search_term_string}\"},\"query-input\":{\"@type\":\"PropertyValueSpecification\",\"valueRequired\":true,\"valueName\":\"search_term_string\"}}],\"inLanguage\":\"es-CO\"},{\"@type\":\"Organization\",\"@id\":\"https:\\\/\\\/tzionlibreria.com\\\/#organization\",\"name\":\"tzionlibreria.com\",\"url\":\"https:\\\/\\\/tzionlibreria.com\\\/\",\"logo\":{\"@type\":\"ImageObject\",\"inLanguage\":\"es-CO\",\"@id\":\"https:\\\/\\\/tzionlibreria.com\\\/#\\\/schema\\\/logo\\\/image\\\/\",\"url\":\"https:\\\/\\\/tzionlibreria.com\\\/wp-content\\\/uploads\\\/2023\\\/10\\\/cropped-Cuadricula-scaled-1.jpg\",\"contentUrl\":\"https:\\\/\\\/tzionlibreria.com\\\/wp-content\\\/uploads\\\/2023\\\/10\\\/cropped-Cuadricula-scaled-1.jpg\",\"width\":2560,\"height\":2560,\"caption\":\"tzionlibreria.com\"},\"image\":{\"@id\":\"https:\\\/\\\/tzionlibreria.com\\\/#\\\/schema\\\/logo\\\/image\\\/\"}}]}<\/script>\n<!-- \/ Yoast SEO plugin. -->","yoast_head_json":{"title":"Biblia RVR60 Letra Grande 12 pts Tapa dura Pastor con el\u00e1stico - tzionlibreria.com","robots":{"index":"index","follow":"follow","max-snippet":"max-snippet:-1","max-image-preview":"max-image-preview:large","max-video-preview":"max-video-preview:-1"},"canonical":"https:\/\/tzionlibreria.com\/index.php\/product\/biblia-rvr60-letra-grande-12-pts-tapa-dura-pastor-con-elastico\/","og_locale":"es_ES","og_type":"article","og_title":"Biblia RVR60 Letra Grande 12 pts Tapa dura Pastor con el\u00e1stico - tzionlibreria.com","og_description":"Descripci\u00f3n Valoraciones (0) Biblia Reina-Valera 1960 \u2013 Letra Grande 12 pts Tapa dura con el\u00e1stico | Tama\u00f1o manual Una Biblia pensada para acompa\u00f1arte cada d\u00eda en tu caminar con Dios. Esta edici\u00f3n de la Reina-Valera 1960 (RVR 1960) ha sido dise\u00f1ada para quienes desean llevar la Palabra siempre consigo, sin renunciar a profundidad, claridad y [&hellip;]","og_url":"https:\/\/tzionlibreria.com\/index.php\/product\/biblia-rvr60-letra-grande-12-pts-tapa-dura-pastor-con-elastico\/","og_site_name":"tzionlibreria.com","article_modified_time":"2026-04-09T20:06:06+00:00","og_image":[{"width":1200,"height":1200,"url":"http:\/\/tzionlibreria.com\/wp-content\/uploads\/2026\/03\/9798893843484.jpg","type":"image\/jpeg"}],"twitter_card":"summary_large_image","twitter_misc":{"Tiempo de lectura":"5 minutos"},"schema":{"@context":"https:\/\/schema.org","@graph":[{"@type":"WebPage","@id":"https:\/\/tzionlibreria.com\/index.php\/product\/biblia-rvr60-letra-grande-12-pts-tapa-dura-pastor-con-elastico\/","url":"https:\/\/tzionlibreria.com\/index.php\/product\/biblia-rvr60-letra-grande-12-pts-tapa-dura-pastor-con-elastico\/","name":"Biblia RVR60 Letra Grande 12 pts Tapa dura Pastor con el\u00e1stico - tzionlibreria.com","isPartOf":{"@id":"https:\/\/tzionlibreria.com\/#website"},"primaryImageOfPage":{"@id":"https:\/\/tzionlibreria.com\/index.php\/product\/biblia-rvr60-letra-grande-12-pts-tapa-dura-pastor-con-elastico\/#primaryimage"},"image":{"@id":"https:\/\/tzionlibreria.com\/index.php\/product\/biblia-rvr60-letra-grande-12-pts-tapa-dura-pastor-con-elastico\/#primaryimage"},"thumbnailUrl":"https:\/\/tzionlibreria.com\/wp-content\/uploads\/2026\/03\/9798893843484.jpg","datePublished":"2026-03-10T20:17:57+00:00","dateModified":"2026-04-09T20:06:06+00:00","breadcrumb":{"@id":"https:\/\/tzionlibreria.com\/index.php\/product\/biblia-rvr60-letra-grande-12-pts-tapa-dura-pastor-con-elastico\/#breadcrumb"},"inLanguage":"es-CO","potentialAction":[{"@type":"ReadAction","target":["https:\/\/tzionlibreria.com\/index.php\/product\/biblia-rvr60-letra-grande-12-pts-tapa-dura-pastor-con-elastico\/"]}]},{"@type":"ImageObject","inLanguage":"es-CO","@id":"https:\/\/tzionlibreria.com\/index.php\/product\/biblia-rvr60-letra-grande-12-pts-tapa-dura-pastor-con-elastico\/#primaryimage","url":"https:\/\/tzionlibreria.com\/wp-content\/uploads\/2026\/03\/9798893843484.jpg","contentUrl":"https:\/\/tzionlibreria.com\/wp-content\/uploads\/2026\/03\/9798893843484.jpg","width":1200,"height":1200},{"@type":"BreadcrumbList","@id":"https:\/\/tzionlibreria.com\/index.php\/product\/biblia-rvr60-letra-grande-12-pts-tapa-dura-pastor-con-elastico\/#breadcrumb","itemListElement":[{"@type":"ListItem","position":1,"name":"Inicio","item":"https:\/\/tzionlibreria.com\/"},{"@type":"ListItem","position":2,"name":"Shop","item":"https:\/\/tzionlibreria.com\/index.php\/shop\/"},{"@type":"ListItem","position":3,"name":"Biblia RVR60 Letra Grande 12 pts Tapa dura Pastor con el\u00e1stico"}]},{"@type":"WebSite","@id":"https:\/\/tzionlibreria.com\/#website","url":"https:\/\/tzionlibreria.com\/","name":"tzionlibreria.com","description":"Libreria Cristiana Venezuela","publisher":{"@id":"https:\/\/tzionlibreria.com\/#organization"},"potentialAction":[{"@type":"SearchAction","target":{"@type":"EntryPoint","urlTemplate":"https:\/\/tzionlibreria.com\/?s={search_term_string}"},"query-input":{"@type":"PropertyValueSpecification","valueRequired":true,"valueName":"search_term_string"}}],"inLanguage":"es-CO"},{"@type":"Organization","@id":"https:\/\/tzionlibreria.com\/#organization","name":"tzionlibreria.com","url":"https:\/\/tzionlibreria.com\/","logo":{"@type":"ImageObject","inLanguage":"es-CO","@id":"https:\/\/tzionlibreria.com\/#\/schema\/logo\/image\/","url":"https:\/\/tzionlibreria.com\/wp-content\/uploads\/2023\/10\/cropped-Cuadricula-scaled-1.jpg","contentUrl":"https:\/\/tzionlibreria.com\/wp-content\/uploads\/2023\/10\/cropped-Cuadricula-scaled-1.jpg","width":2560,"height":2560,"caption":"tzionlibreria.com"},"image":{"@id":"https:\/\/tzionlibreria.com\/#\/schema\/logo\/image\/"}}]}},"jetpack_sharing_enabled":true,"_links":{"self":[{"href":"https:\/\/tzionlibreria.com\/index.php\/wp-json\/wp\/v2\/product\/7334","targetHints":{"allow":["GET"]}}],"collection":[{"href":"https:\/\/tzionlibreria.com\/index.php\/wp-json\/wp\/v2\/product"}],"about":[{"href":"https:\/\/tzionlibreria.com\/index.php\/wp-json\/wp\/v2\/types\/product"}],"replies":[{"embeddable":true,"href":"https:\/\/tzionlibreria.com\/index.php\/wp-json\/wp\/v2\/comments?post=7334"}],"wp:featuredmedia":[{"embeddable":true,"href":"https:\/\/tzionlibreria.com\/index.php\/wp-json\/wp\/v2\/media\/7342"}],"wp:attachment":[{"href":"https:\/\/tzionlibreria.com\/index.php\/wp-json\/wp\/v2\/media?parent=7334"}],"wp:term":[{"taxonomy":"product_brand","embeddable":true,"href":"https:\/\/tzionlibreria.com\/index.php\/wp-json\/wp\/v2\/product_brand?post=7334"},{"taxonomy":"product_cat","embeddable":true,"href":"https:\/\/tzionlibreria.com\/index.php\/wp-json\/wp\/v2\/product_cat?post=7334"},{"taxonomy":"product_tag","embeddable":true,"href":"https:\/\/tzionlibreria.com\/index.php\/wp-json\/wp\/v2\/product_tag?post=7334"}],"curies":[{"name":"wp","href":"https:\/\/api.w.org\/{rel}","templated":true}]}}