{"id":7343,"date":"2026-03-10T20:21:22","date_gmt":"2026-03-10T20:21:22","guid":{"rendered":"https:\/\/tzionlibreria.com\/?post_type=product&#038;p=7343"},"modified":"2026-04-09T20:03:25","modified_gmt":"2026-04-09T20:03:25","slug":"biblia-rvr60-tamano-manual-letra-grande-12-puntos-tapa-dura-con-elastico-espada","status":"publish","type":"product","link":"https:\/\/tzionlibreria.com\/index.php\/product\/biblia-rvr60-tamano-manual-letra-grande-12-puntos-tapa-dura-con-elastico-espada\/","title":{"rendered":"Biblia RVR60 Tama\u00f1o manual Letra Grande 12 puntos Tapa dura con el\u00e1stico Espada"},"content":{"rendered":"<ul class=\"tabs wc-tabs\" role=\"tablist\">\n<li id=\"tab-title-description\" class=\"description_tab active\" role=\"presentation\"><a tabindex=\"0\" role=\"tab\" href=\"https:\/\/libreria247.com\/producto\/biblia-rvr60-tamano-manual-letra-grande-12-puntos-tapa-dura-con-elastico-espada\/#tab-description\" aria-controls=\"tab-description\" aria-selected=\"true\"> Descripci\u00f3n <\/a><\/li>\n<li id=\"tab-title-reviews\" class=\"reviews_tab\" role=\"presentation\"><a tabindex=\"-1\" role=\"tab\" href=\"https:\/\/libreria247.com\/producto\/biblia-rvr60-tamano-manual-letra-grande-12-puntos-tapa-dura-con-elastico-espada\/#tab-reviews\" aria-controls=\"tab-reviews\" aria-selected=\"false\"> Valoraciones (0) <\/a><\/li>\n<\/ul>\n<div id=\"tab-description\" class=\"woocommerce-Tabs-panel woocommerce-Tabs-panel--description panel entry-content wc-tab\" role=\"tabpanel\" aria-labelledby=\"tab-title-description\">\n<p>Una Biblia pensada para acompa\u00f1arte cada d\u00eda en tu caminar con Dios<br \/>\n.<br \/>\nEsta Biblia Reina-Valera 1960 ha sido dise\u00f1ada para quienes desean llevar la Palabra de Dios siempre consigo, sin renunciar a profundidad, claridad y belleza. Su tama\u00f1o manual (138 x 212 mm) la hace perfecta para el uso diario, el estudio personal, la iglesia o los viajes, mientras que su cubierta de tapa dura con el\u00e1stico protege tu Biblia y mantiene sus p\u00e1ginas cuidadas con elegancia. El canto pintado a\u00f1ade un toque distintivo que refleja el valor eterno de su contenido.<\/p>\n<p>El texto b\u00edblico, en la amada y confiable RVR 1960, se presenta con letra de 12 puntos, c\u00f3moda para la lectura prolongada. Las palabras de Jes\u00fas en rojo resaltan de forma especial las ense\u00f1anzas del Se\u00f1or, ayud\u00e1ndote a escucharlas con mayor atenci\u00f3n y reverencia.<\/p>\n<p>Incluye una concordancia completa, concordancia de personajes b\u00edblicos, referencias cruzadas y m\u00faltiples ayudas y esquemas, ideales tanto para nuevos creyentes como para lectores maduros que desean profundizar en las Escrituras. Adem\u00e1s, cuenta con 32 p\u00e1ginas a todo color llenas de recursos visuales y 12 mapas a todo color que facilitan la comprensi\u00f3n hist\u00f3rica y geogr\u00e1fica del texto b\u00edblico.<\/p>\n<p>Recursos especiales incluidos en todas las Biblias RVR 1960<\/p>\n<p>\u201d Vers\u00edculos clave de cada libro<br \/>\n\u201d Genealog\u00eda de Jes\u00fas<br \/>\n\u201d Fiestas b\u00edblicas<br \/>\n\u201d Tipolog\u00eda de los Salmos<br \/>\n\u201d Plano del Templo<br \/>\n\u201d Cronolog\u00eda de Reyes y Profetas<br \/>\n\u201d Cuadro de las par\u00e1bolas de Jes\u00fas<br \/>\n\u201d Cuadro de los milagros de Jes\u00fas<br \/>\n\u201d Plan de salvaci\u00f3n<br \/>\n\u201d Promesas de Dios<br \/>\n\u201d Plan de lectura b\u00edblica en un a\u00f1o<br \/>\n\u201d 12 mapas a todo color<\/p>\n<p>Esta Biblia no es solo un libro: es una herramienta viva, pensada para edificar tu fe, ordenar tu estudio y acompa\u00f1arte d\u00eda a d\u00eda en tu relaci\u00f3n con el Se\u00f1or. Una Biblia para leer, estudiar, orar\u2026 y atesorar.<\/p>\n<\/div>\n","protected":false},"excerpt":{"rendered":"<p>Descripci\u00f3n Valoraciones (0) Una Biblia pensada para acompa\u00f1arte cada d\u00eda en tu caminar con Dios . Esta Biblia Reina-Valera 1960 ha sido dise\u00f1ada para quienes desean llevar la Palabra de Dios siempre consigo, sin renunciar a profundidad, claridad y belleza. Su tama\u00f1o manual (138 x 212 mm) la hace perfecta para el uso diario, el [&hellip;]<\/p>\n","protected":false},"featured_media":7332,"comment_status":"open","ping_status":"closed","template":"","meta":{"om_disable_all_campaigns":false,"_monsterinsights_skip_tracking":false,"_monsterinsights_sitenote_active":false,"_monsterinsights_sitenote_note":"","_monsterinsights_sitenote_category":0,"site-sidebar-layout":"default","site-content-layout":"","ast-site-content-layout":"default","site-content-style":"default","site-sidebar-style":"default","ast-global-header-display":"","ast-banner-title-visibility":"","ast-main-header-display":"","ast-hfb-above-header-display":"","ast-hfb-below-header-display":"","ast-hfb-mobile-header-display":"","site-post-title":"","ast-breadcrumbs-content":"","ast-featured-img":"","footer-sml-layout":"","ast-disable-related-posts":"","theme-transparent-header-meta":"default","adv-header-id-meta":"","stick-header-meta":"","header-above-stick-meta":"","header-main-stick-meta":"","header-below-stick-meta":"","astra-migrate-meta-layouts":"set","ast-page-background-enabled":"default","ast-page-background-meta":{"desktop":{"background-color":"var(--ast-global-color-4)","background-image":"","background-repeat":"repeat","background-position":"center center","background-size":"auto","background-attachment":"scroll","background-type":"","background-media":"","overlay-type":"","overlay-color":"","overlay-opacity":"","overlay-gradient":""},"tablet":{"background-color":"","background-image":"","background-repeat":"repeat","background-position":"center center","background-size":"auto","background-attachment":"scroll","background-type":"","background-media":"","overlay-type":"","overlay-color":"","overlay-opacity":"","overlay-gradient":""},"mobile":{"background-color":"","background-image":"","background-repeat":"repeat","background-position":"center center","background-size":"auto","background-attachment":"scroll","background-type":"","background-media":"","overlay-type":"","overlay-color":"","overlay-opacity":"","overlay-gradient":""}},"ast-content-background-meta":{"desktop":{"background-color":"var(--ast-global-color-5)","background-image":"","background-repeat":"repeat","background-position":"center center","background-size":"auto","background-attachment":"scroll","background-type":"","background-media":"","overlay-type":"","overlay-color":"","overlay-opacity":"","overlay-gradient":""},"tablet":{"background-color":"var(--ast-global-color-5)","background-image":"","background-repeat":"repeat","background-position":"center center","background-size":"auto","background-attachment":"scroll","background-type":"","background-media":"","overlay-type":"","overlay-color":"","overlay-opacity":"","overlay-gradient":""},"mobile":{"background-color":"var(--ast-global-color-5)","background-image":"","background-repeat":"repeat","background-position":"center center","background-size":"auto","background-attachment":"scroll","background-type":"","background-media":"","overlay-type":"","overlay-color":"","overlay-opacity":"","overlay-gradient":""}}},"product_brand":[],"product_cat":[22,42,177],"product_tag":[],"class_list":{"0":"post-7343","1":"product","2":"type-product","3":"status-publish","4":"has-post-thumbnail","6":"product_cat-biblias","7":"product_cat-biblias-reina-valera","8":"product_cat-letra-grande-rvr","9":"desktop-align-left","10":"tablet-align-left","11":"mobile-align-left","13":"first","14":"instock","15":"shipping-taxable","16":"purchasable","17":"product-type-simple"},"yoast_head":"<!-- This site is optimized with the Yoast SEO plugin v27.4 - https:\/\/yoast.com\/product\/yoast-seo-wordpress\/ -->\n<title>Biblia RVR60 Tama\u00f1o manual Letra Grande 12 puntos Tapa dura con el\u00e1stico Espada - tzionlibreria.com<\/title>\n<meta name=\"robots\" content=\"index, follow, max-snippet:-1, max-image-preview:large, max-video-preview:-1\" \/>\n<link rel=\"canonical\" href=\"https:\/\/tzionlibreria.com\/index.php\/product\/biblia-rvr60-tamano-manual-letra-grande-12-puntos-tapa-dura-con-elastico-espada\/\" \/>\n<meta property=\"og:locale\" content=\"es_ES\" \/>\n<meta property=\"og:type\" content=\"article\" \/>\n<meta property=\"og:title\" content=\"Biblia RVR60 Tama\u00f1o manual Letra Grande 12 puntos Tapa dura con el\u00e1stico Espada - tzionlibreria.com\" \/>\n<meta property=\"og:description\" content=\"Descripci\u00f3n Valoraciones (0) Una Biblia pensada para acompa\u00f1arte cada d\u00eda en tu caminar con Dios . Esta Biblia Reina-Valera 1960 ha sido dise\u00f1ada para quienes desean llevar la Palabra de Dios siempre consigo, sin renunciar a profundidad, claridad y belleza. Su tama\u00f1o manual (138 x 212 mm) la hace perfecta para el uso diario, el [&hellip;]\" \/>\n<meta property=\"og:url\" content=\"https:\/\/tzionlibreria.com\/index.php\/product\/biblia-rvr60-tamano-manual-letra-grande-12-puntos-tapa-dura-con-elastico-espada\/\" \/>\n<meta property=\"og:site_name\" content=\"tzionlibreria.com\" \/>\n<meta property=\"article:modified_time\" content=\"2026-04-09T20:03:25+00:00\" \/>\n<meta property=\"og:image\" content=\"http:\/\/tzionlibreria.com\/wp-content\/uploads\/2026\/03\/9798893843477.jpg\" \/>\n\t<meta property=\"og:image:width\" content=\"1200\" \/>\n\t<meta property=\"og:image:height\" content=\"1200\" \/>\n\t<meta property=\"og:image:type\" content=\"image\/jpeg\" \/>\n<meta name=\"twitter:card\" content=\"summary_large_image\" \/>\n<meta name=\"twitter:label1\" content=\"Tiempo de lectura\" \/>\n\t<meta name=\"twitter:data1\" content=\"2 minutos\" \/>\n<script type=\"application\/ld+json\" class=\"yoast-schema-graph\">{\"@context\":\"https:\\\/\\\/schema.org\",\"@graph\":[{\"@type\":\"WebPage\",\"@id\":\"https:\\\/\\\/tzionlibreria.com\\\/index.php\\\/product\\\/biblia-rvr60-tamano-manual-letra-grande-12-puntos-tapa-dura-con-elastico-espada\\\/\",\"url\":\"https:\\\/\\\/tzionlibreria.com\\\/index.php\\\/product\\\/biblia-rvr60-tamano-manual-letra-grande-12-puntos-tapa-dura-con-elastico-espada\\\/\",\"name\":\"Biblia RVR60 Tama\u00f1o manual Letra Grande 12 puntos Tapa dura con el\u00e1stico Espada - tzionlibreria.com\",\"isPartOf\":{\"@id\":\"https:\\\/\\\/tzionlibreria.com\\\/#website\"},\"primaryImageOfPage\":{\"@id\":\"https:\\\/\\\/tzionlibreria.com\\\/index.php\\\/product\\\/biblia-rvr60-tamano-manual-letra-grande-12-puntos-tapa-dura-con-elastico-espada\\\/#primaryimage\"},\"image\":{\"@id\":\"https:\\\/\\\/tzionlibreria.com\\\/index.php\\\/product\\\/biblia-rvr60-tamano-manual-letra-grande-12-puntos-tapa-dura-con-elastico-espada\\\/#primaryimage\"},\"thumbnailUrl\":\"https:\\\/\\\/tzionlibreria.com\\\/wp-content\\\/uploads\\\/2026\\\/03\\\/9798893843477.jpg\",\"datePublished\":\"2026-03-10T20:21:22+00:00\",\"dateModified\":\"2026-04-09T20:03:25+00:00\",\"breadcrumb\":{\"@id\":\"https:\\\/\\\/tzionlibreria.com\\\/index.php\\\/product\\\/biblia-rvr60-tamano-manual-letra-grande-12-puntos-tapa-dura-con-elastico-espada\\\/#breadcrumb\"},\"inLanguage\":\"es-CO\",\"potentialAction\":[{\"@type\":\"ReadAction\",\"target\":[\"https:\\\/\\\/tzionlibreria.com\\\/index.php\\\/product\\\/biblia-rvr60-tamano-manual-letra-grande-12-puntos-tapa-dura-con-elastico-espada\\\/\"]}]},{\"@type\":\"ImageObject\",\"inLanguage\":\"es-CO\",\"@id\":\"https:\\\/\\\/tzionlibreria.com\\\/index.php\\\/product\\\/biblia-rvr60-tamano-manual-letra-grande-12-puntos-tapa-dura-con-elastico-espada\\\/#primaryimage\",\"url\":\"https:\\\/\\\/tzionlibreria.com\\\/wp-content\\\/uploads\\\/2026\\\/03\\\/9798893843477.jpg\",\"contentUrl\":\"https:\\\/\\\/tzionlibreria.com\\\/wp-content\\\/uploads\\\/2026\\\/03\\\/9798893843477.jpg\",\"width\":1200,\"height\":1200},{\"@type\":\"BreadcrumbList\",\"@id\":\"https:\\\/\\\/tzionlibreria.com\\\/index.php\\\/product\\\/biblia-rvr60-tamano-manual-letra-grande-12-puntos-tapa-dura-con-elastico-espada\\\/#breadcrumb\",\"itemListElement\":[{\"@type\":\"ListItem\",\"position\":1,\"name\":\"Inicio\",\"item\":\"https:\\\/\\\/tzionlibreria.com\\\/\"},{\"@type\":\"ListItem\",\"position\":2,\"name\":\"Shop\",\"item\":\"https:\\\/\\\/tzionlibreria.com\\\/index.php\\\/shop\\\/\"},{\"@type\":\"ListItem\",\"position\":3,\"name\":\"Biblia RVR60 Tama\u00f1o manual Letra Grande 12 puntos Tapa dura con el\u00e1stico Espada\"}]},{\"@type\":\"WebSite\",\"@id\":\"https:\\\/\\\/tzionlibreria.com\\\/#website\",\"url\":\"https:\\\/\\\/tzionlibreria.com\\\/\",\"name\":\"tzionlibreria.com\",\"description\":\"Libreria Cristiana Venezuela\",\"publisher\":{\"@id\":\"https:\\\/\\\/tzionlibreria.com\\\/#organization\"},\"potentialAction\":[{\"@type\":\"SearchAction\",\"target\":{\"@type\":\"EntryPoint\",\"urlTemplate\":\"https:\\\/\\\/tzionlibreria.com\\\/?s={search_term_string}\"},\"query-input\":{\"@type\":\"PropertyValueSpecification\",\"valueRequired\":true,\"valueName\":\"search_term_string\"}}],\"inLanguage\":\"es-CO\"},{\"@type\":\"Organization\",\"@id\":\"https:\\\/\\\/tzionlibreria.com\\\/#organization\",\"name\":\"tzionlibreria.com\",\"url\":\"https:\\\/\\\/tzionlibreria.com\\\/\",\"logo\":{\"@type\":\"ImageObject\",\"inLanguage\":\"es-CO\",\"@id\":\"https:\\\/\\\/tzionlibreria.com\\\/#\\\/schema\\\/logo\\\/image\\\/\",\"url\":\"https:\\\/\\\/tzionlibreria.com\\\/wp-content\\\/uploads\\\/2023\\\/10\\\/cropped-Cuadricula-scaled-1.jpg\",\"contentUrl\":\"https:\\\/\\\/tzionlibreria.com\\\/wp-content\\\/uploads\\\/2023\\\/10\\\/cropped-Cuadricula-scaled-1.jpg\",\"width\":2560,\"height\":2560,\"caption\":\"tzionlibreria.com\"},\"image\":{\"@id\":\"https:\\\/\\\/tzionlibreria.com\\\/#\\\/schema\\\/logo\\\/image\\\/\"}}]}<\/script>\n<!-- \/ Yoast SEO plugin. -->","yoast_head_json":{"title":"Biblia RVR60 Tama\u00f1o manual Letra Grande 12 puntos Tapa dura con el\u00e1stico Espada - tzionlibreria.com","robots":{"index":"index","follow":"follow","max-snippet":"max-snippet:-1","max-image-preview":"max-image-preview:large","max-video-preview":"max-video-preview:-1"},"canonical":"https:\/\/tzionlibreria.com\/index.php\/product\/biblia-rvr60-tamano-manual-letra-grande-12-puntos-tapa-dura-con-elastico-espada\/","og_locale":"es_ES","og_type":"article","og_title":"Biblia RVR60 Tama\u00f1o manual Letra Grande 12 puntos Tapa dura con el\u00e1stico Espada - tzionlibreria.com","og_description":"Descripci\u00f3n Valoraciones (0) Una Biblia pensada para acompa\u00f1arte cada d\u00eda en tu caminar con Dios . Esta Biblia Reina-Valera 1960 ha sido dise\u00f1ada para quienes desean llevar la Palabra de Dios siempre consigo, sin renunciar a profundidad, claridad y belleza. Su tama\u00f1o manual (138 x 212 mm) la hace perfecta para el uso diario, el [&hellip;]","og_url":"https:\/\/tzionlibreria.com\/index.php\/product\/biblia-rvr60-tamano-manual-letra-grande-12-puntos-tapa-dura-con-elastico-espada\/","og_site_name":"tzionlibreria.com","article_modified_time":"2026-04-09T20:03:25+00:00","og_image":[{"width":1200,"height":1200,"url":"http:\/\/tzionlibreria.com\/wp-content\/uploads\/2026\/03\/9798893843477.jpg","type":"image\/jpeg"}],"twitter_card":"summary_large_image","twitter_misc":{"Tiempo de lectura":"2 minutos"},"schema":{"@context":"https:\/\/schema.org","@graph":[{"@type":"WebPage","@id":"https:\/\/tzionlibreria.com\/index.php\/product\/biblia-rvr60-tamano-manual-letra-grande-12-puntos-tapa-dura-con-elastico-espada\/","url":"https:\/\/tzionlibreria.com\/index.php\/product\/biblia-rvr60-tamano-manual-letra-grande-12-puntos-tapa-dura-con-elastico-espada\/","name":"Biblia RVR60 Tama\u00f1o manual Letra Grande 12 puntos Tapa dura con el\u00e1stico Espada - tzionlibreria.com","isPartOf":{"@id":"https:\/\/tzionlibreria.com\/#website"},"primaryImageOfPage":{"@id":"https:\/\/tzionlibreria.com\/index.php\/product\/biblia-rvr60-tamano-manual-letra-grande-12-puntos-tapa-dura-con-elastico-espada\/#primaryimage"},"image":{"@id":"https:\/\/tzionlibreria.com\/index.php\/product\/biblia-rvr60-tamano-manual-letra-grande-12-puntos-tapa-dura-con-elastico-espada\/#primaryimage"},"thumbnailUrl":"https:\/\/tzionlibreria.com\/wp-content\/uploads\/2026\/03\/9798893843477.jpg","datePublished":"2026-03-10T20:21:22+00:00","dateModified":"2026-04-09T20:03:25+00:00","breadcrumb":{"@id":"https:\/\/tzionlibreria.com\/index.php\/product\/biblia-rvr60-tamano-manual-letra-grande-12-puntos-tapa-dura-con-elastico-espada\/#breadcrumb"},"inLanguage":"es-CO","potentialAction":[{"@type":"ReadAction","target":["https:\/\/tzionlibreria.com\/index.php\/product\/biblia-rvr60-tamano-manual-letra-grande-12-puntos-tapa-dura-con-elastico-espada\/"]}]},{"@type":"ImageObject","inLanguage":"es-CO","@id":"https:\/\/tzionlibreria.com\/index.php\/product\/biblia-rvr60-tamano-manual-letra-grande-12-puntos-tapa-dura-con-elastico-espada\/#primaryimage","url":"https:\/\/tzionlibreria.com\/wp-content\/uploads\/2026\/03\/9798893843477.jpg","contentUrl":"https:\/\/tzionlibreria.com\/wp-content\/uploads\/2026\/03\/9798893843477.jpg","width":1200,"height":1200},{"@type":"BreadcrumbList","@id":"https:\/\/tzionlibreria.com\/index.php\/product\/biblia-rvr60-tamano-manual-letra-grande-12-puntos-tapa-dura-con-elastico-espada\/#breadcrumb","itemListElement":[{"@type":"ListItem","position":1,"name":"Inicio","item":"https:\/\/tzionlibreria.com\/"},{"@type":"ListItem","position":2,"name":"Shop","item":"https:\/\/tzionlibreria.com\/index.php\/shop\/"},{"@type":"ListItem","position":3,"name":"Biblia RVR60 Tama\u00f1o manual Letra Grande 12 puntos Tapa dura con el\u00e1stico Espada"}]},{"@type":"WebSite","@id":"https:\/\/tzionlibreria.com\/#website","url":"https:\/\/tzionlibreria.com\/","name":"tzionlibreria.com","description":"Libreria Cristiana Venezuela","publisher":{"@id":"https:\/\/tzionlibreria.com\/#organization"},"potentialAction":[{"@type":"SearchAction","target":{"@type":"EntryPoint","urlTemplate":"https:\/\/tzionlibreria.com\/?s={search_term_string}"},"query-input":{"@type":"PropertyValueSpecification","valueRequired":true,"valueName":"search_term_string"}}],"inLanguage":"es-CO"},{"@type":"Organization","@id":"https:\/\/tzionlibreria.com\/#organization","name":"tzionlibreria.com","url":"https:\/\/tzionlibreria.com\/","logo":{"@type":"ImageObject","inLanguage":"es-CO","@id":"https:\/\/tzionlibreria.com\/#\/schema\/logo\/image\/","url":"https:\/\/tzionlibreria.com\/wp-content\/uploads\/2023\/10\/cropped-Cuadricula-scaled-1.jpg","contentUrl":"https:\/\/tzionlibreria.com\/wp-content\/uploads\/2023\/10\/cropped-Cuadricula-scaled-1.jpg","width":2560,"height":2560,"caption":"tzionlibreria.com"},"image":{"@id":"https:\/\/tzionlibreria.com\/#\/schema\/logo\/image\/"}}]}},"jetpack_sharing_enabled":true,"_links":{"self":[{"href":"https:\/\/tzionlibreria.com\/index.php\/wp-json\/wp\/v2\/product\/7343","targetHints":{"allow":["GET"]}}],"collection":[{"href":"https:\/\/tzionlibreria.com\/index.php\/wp-json\/wp\/v2\/product"}],"about":[{"href":"https:\/\/tzionlibreria.com\/index.php\/wp-json\/wp\/v2\/types\/product"}],"replies":[{"embeddable":true,"href":"https:\/\/tzionlibreria.com\/index.php\/wp-json\/wp\/v2\/comments?post=7343"}],"wp:featuredmedia":[{"embeddable":true,"href":"https:\/\/tzionlibreria.com\/index.php\/wp-json\/wp\/v2\/media\/7332"}],"wp:attachment":[{"href":"https:\/\/tzionlibreria.com\/index.php\/wp-json\/wp\/v2\/media?parent=7343"}],"wp:term":[{"taxonomy":"product_brand","embeddable":true,"href":"https:\/\/tzionlibreria.com\/index.php\/wp-json\/wp\/v2\/product_brand?post=7343"},{"taxonomy":"product_cat","embeddable":true,"href":"https:\/\/tzionlibreria.com\/index.php\/wp-json\/wp\/v2\/product_cat?post=7343"},{"taxonomy":"product_tag","embeddable":true,"href":"https:\/\/tzionlibreria.com\/index.php\/wp-json\/wp\/v2\/product_tag?post=7343"}],"curies":[{"name":"wp","href":"https:\/\/api.w.org\/{rel}","templated":true}]}}