{"id":7354,"date":"2026-03-10T20:48:01","date_gmt":"2026-03-10T20:48:01","guid":{"rendered":"https:\/\/tzionlibreria.com\/?post_type=product&#038;p=7354"},"modified":"2026-04-09T20:10:34","modified_gmt":"2026-04-09T20:10:34","slug":"biblia-rvr-letra-grande-12-pts-primavera-tapa-dura-con-elastico","status":"publish","type":"product","link":"https:\/\/tzionlibreria.com\/index.php\/product\/biblia-rvr-letra-grande-12-pts-primavera-tapa-dura-con-elastico\/","title":{"rendered":"Biblia RVR Letra Grande 12 pts Primavera Tapa dura con el\u00e1stico"},"content":{"rendered":"<ul class=\"tabs wc-tabs\" role=\"tablist\">\n<li id=\"tab-title-description\" class=\"description_tab active\" role=\"presentation\"><a tabindex=\"0\" role=\"tab\" href=\"https:\/\/libreria247.com\/producto\/biblia-rvr-letra-grande-12-pts-primavera-tapa-dura-con-elastico\/#tab-description\" aria-controls=\"tab-description\" aria-selected=\"true\"> Descripci\u00f3n <\/a><\/li>\n<li id=\"tab-title-reviews\" class=\"reviews_tab\" role=\"presentation\"><a tabindex=\"-1\" role=\"tab\" href=\"https:\/\/libreria247.com\/producto\/biblia-rvr-letra-grande-12-pts-primavera-tapa-dura-con-elastico\/#tab-reviews\" aria-controls=\"tab-reviews\" aria-selected=\"false\"> Valoraciones (0) <\/a><\/li>\n<\/ul>\n<div id=\"tab-description\" class=\"woocommerce-Tabs-panel woocommerce-Tabs-panel--description panel entry-content wc-tab\" role=\"tabpanel\" aria-labelledby=\"tab-title-description\">\n<h6 data-start=\"147\" data-end=\"207\"><img decoding=\"async\" class=\"emoji\" role=\"img\" draggable=\"false\" src=\"https:\/\/s.w.org\/images\/core\/emoji\/17.0.2\/svg\/1f4d6.svg\" alt=\"\ud83d\udcd6\" \/>\u00a0 Biblia Reina-Valera 1960 \u2013 Letra Grande 12 pts<\/h6>\n<h6 data-start=\"208\" data-end=\"250\">Tapa dura con el\u00e1stico | Tama\u00f1o manual<\/h6>\n<p data-start=\"252\" data-end=\"320\">Una Biblia pensada para acompa\u00f1arte cada d\u00eda en tu caminar con Dios.<\/p>\n<p data-start=\"322\" data-end=\"494\">Esta edici\u00f3n de la <strong data-start=\"341\" data-end=\"373\">Reina-Valera 1960 (RVR 1960)<\/strong> ha sido dise\u00f1ada para quienes desean llevar la Palabra siempre consigo, sin renunciar a profundidad, claridad y belleza.<\/p>\n<p data-start=\"496\" data-end=\"844\">Su <strong data-start=\"499\" data-end=\"533\">tama\u00f1o manual (13.8 x 21.2 cm)<\/strong> la convierte en una compa\u00f1era ideal para el uso diario, el estudio personal, la iglesia o los viajes. La <strong data-start=\"639\" data-end=\"683\">cubierta de tapa dura con banda el\u00e1stica<\/strong> protege tus p\u00e1ginas con firmeza y elegancia, mientras que el <strong data-start=\"745\" data-end=\"762\">canto pintado<\/strong> a\u00f1ade un detalle distintivo que refleja el valor eterno del mensaje que contiene.<\/p>\n<hr data-start=\"846\" data-end=\"849\" \/>\n<h6 data-start=\"851\" data-end=\"886\"><img decoding=\"async\" class=\"emoji\" role=\"img\" draggable=\"false\" src=\"https:\/\/s.w.org\/images\/core\/emoji\/17.0.2\/svg\/2728.svg\" alt=\"\u2728\" \/> Claridad que invita a leer m\u00e1s<\/h6>\n<p data-start=\"888\" data-end=\"1124\">El texto b\u00edblico se presenta en <strong data-start=\"920\" data-end=\"949\">letra grande de 12 puntos<\/strong>, perfecta para una lectura prolongada sin fatiga visual.<br data-start=\"1006\" data-end=\"1009\" \/>Las <strong data-start=\"1013\" data-end=\"1042\">palabras de Jes\u00fas en rojo<\/strong> resaltan sus ense\u00f1anzas, ayud\u00e1ndote a meditarlas con mayor atenci\u00f3n y reverencia.<\/p>\n<hr data-start=\"1126\" data-end=\"1129\" \/>\n<h6 data-start=\"1131\" data-end=\"1185\"><img decoding=\"async\" class=\"emoji\" role=\"img\" draggable=\"false\" src=\"https:\/\/s.w.org\/images\/core\/emoji\/17.0.2\/svg\/1f4da.svg\" alt=\"\ud83d\udcda\" \/> Herramientas completas para crecer en la Palabra<\/h6>\n<p data-start=\"1187\" data-end=\"1195\">Incluye:<\/p>\n<p data-start=\"1197\" data-end=\"1363\"><img decoding=\"async\" class=\"emoji\" role=\"img\" draggable=\"false\" src=\"https:\/\/s.w.org\/images\/core\/emoji\/17.0.2\/svg\/2714.svg\" alt=\"\u2714\" \/> Concordancia completa<br data-start=\"1220\" data-end=\"1223\" \/><img decoding=\"async\" class=\"emoji\" role=\"img\" draggable=\"false\" src=\"https:\/\/s.w.org\/images\/core\/emoji\/17.0.2\/svg\/2714.svg\" alt=\"\u2714\" \/> Concordancia de personajes b\u00edblicos<br data-start=\"1260\" data-end=\"1263\" \/><img decoding=\"async\" class=\"emoji\" role=\"img\" draggable=\"false\" src=\"https:\/\/s.w.org\/images\/core\/emoji\/17.0.2\/svg\/2714.svg\" alt=\"\u2714\" \/> Referencias cruzadas<br data-start=\"1285\" data-end=\"1288\" \/><img decoding=\"async\" class=\"emoji\" role=\"img\" draggable=\"false\" src=\"https:\/\/s.w.org\/images\/core\/emoji\/17.0.2\/svg\/2714.svg\" alt=\"\u2714\" \/> 32 p\u00e1ginas a todo color con recursos visuales<br data-start=\"1335\" data-end=\"1338\" \/><img decoding=\"async\" class=\"emoji\" role=\"img\" draggable=\"false\" src=\"https:\/\/s.w.org\/images\/core\/emoji\/17.0.2\/svg\/2714.svg\" alt=\"\u2714\" \/> 12 mapas a todo color<\/p>\n<h6 data-start=\"1365\" data-end=\"1429\">Recursos especiales presentes en todas las Biblias RVR 1960:<\/h6>\n<ul data-start=\"1431\" data-end=\"1748\">\n<li data-start=\"1431\" data-end=\"1465\">\n<p data-start=\"1433\" data-end=\"1465\">Vers\u00edculos clave de cada libro<\/p>\n<\/li>\n<li data-start=\"1466\" data-end=\"1489\">\n<p data-start=\"1468\" data-end=\"1489\">Genealog\u00eda de Jes\u00fas<\/p>\n<\/li>\n<li data-start=\"1490\" data-end=\"1510\">\n<p data-start=\"1492\" data-end=\"1510\">Fiestas b\u00edblicas<\/p>\n<\/li>\n<li data-start=\"1511\" data-end=\"1538\">\n<p data-start=\"1513\" data-end=\"1538\">Tipolog\u00eda de los Salmos<\/p>\n<\/li>\n<li data-start=\"1539\" data-end=\"1559\">\n<p data-start=\"1541\" data-end=\"1559\">Plano del Templo<\/p>\n<\/li>\n<li data-start=\"1560\" data-end=\"1594\">\n<p data-start=\"1562\" data-end=\"1594\">Cronolog\u00eda de Reyes y Profetas<\/p>\n<\/li>\n<li data-start=\"1595\" data-end=\"1631\">\n<p data-start=\"1597\" data-end=\"1631\">Cuadro de las par\u00e1bolas de Jes\u00fas<\/p>\n<\/li>\n<li data-start=\"1632\" data-end=\"1667\">\n<p data-start=\"1634\" data-end=\"1667\">Cuadro de los milagros de Jes\u00fas<\/p>\n<\/li>\n<li data-start=\"1668\" data-end=\"1689\">\n<p data-start=\"1670\" data-end=\"1689\">Plan de salvaci\u00f3n<\/p>\n<\/li>\n<li data-start=\"1690\" data-end=\"1710\">\n<p data-start=\"1692\" data-end=\"1710\">Promesas de Dios<\/p>\n<\/li>\n<li data-start=\"1711\" data-end=\"1748\">\n<p data-start=\"1713\" data-end=\"1748\">Plan de lectura b\u00edblica en un a\u00f1o<\/p>\n<\/li>\n<\/ul>\n<hr data-start=\"1957\" data-end=\"1960\" \/>\n<h2 data-start=\"1962\" data-end=\"2007\"><img decoding=\"async\" class=\"emoji\" role=\"img\" draggable=\"false\" src=\"https:\/\/s.w.org\/images\/core\/emoji\/17.0.2\/svg\/1f4cc.svg\" alt=\"\ud83d\udccc\" \/> M\u00e1s que un libro: una herramienta viva.<\/h2>\n<p data-start=\"2009\" data-end=\"2141\">Una Biblia para leer, estudiar, orar\u2026 y atesorar.<br data-start=\"2058\" data-end=\"2061\" \/>Dise\u00f1ada para edificar tu fe y acompa\u00f1arte cada d\u00eda en tu relaci\u00f3n con el Se\u00f1or.<\/p>\n<\/div>\n","protected":false},"excerpt":{"rendered":"<p>Descripci\u00f3n Valoraciones (0) \u00a0 Biblia Reina-Valera 1960 \u2013 Letra Grande 12 pts Tapa dura con el\u00e1stico | Tama\u00f1o manual Una Biblia pensada para acompa\u00f1arte cada d\u00eda en tu caminar con Dios. Esta edici\u00f3n de la Reina-Valera 1960 (RVR 1960) ha sido dise\u00f1ada para quienes desean llevar la Palabra siempre consigo, sin renunciar a profundidad, claridad [&hellip;]<\/p>\n","protected":false},"featured_media":7355,"comment_status":"open","ping_status":"closed","template":"","meta":{"om_disable_all_campaigns":false,"_monsterinsights_skip_tracking":false,"_monsterinsights_sitenote_active":false,"_monsterinsights_sitenote_note":"","_monsterinsights_sitenote_category":0,"site-sidebar-layout":"default","site-content-layout":"","ast-site-content-layout":"default","site-content-style":"default","site-sidebar-style":"default","ast-global-header-display":"","ast-banner-title-visibility":"","ast-main-header-display":"","ast-hfb-above-header-display":"","ast-hfb-below-header-display":"","ast-hfb-mobile-header-display":"","site-post-title":"","ast-breadcrumbs-content":"","ast-featured-img":"","footer-sml-layout":"","ast-disable-related-posts":"","theme-transparent-header-meta":"default","adv-header-id-meta":"","stick-header-meta":"","header-above-stick-meta":"","header-main-stick-meta":"","header-below-stick-meta":"","astra-migrate-meta-layouts":"set","ast-page-background-enabled":"default","ast-page-background-meta":{"desktop":{"background-color":"var(--ast-global-color-4)","background-image":"","background-repeat":"repeat","background-position":"center center","background-size":"auto","background-attachment":"scroll","background-type":"","background-media":"","overlay-type":"","overlay-color":"","overlay-opacity":"","overlay-gradient":""},"tablet":{"background-color":"","background-image":"","background-repeat":"repeat","background-position":"center center","background-size":"auto","background-attachment":"scroll","background-type":"","background-media":"","overlay-type":"","overlay-color":"","overlay-opacity":"","overlay-gradient":""},"mobile":{"background-color":"","background-image":"","background-repeat":"repeat","background-position":"center center","background-size":"auto","background-attachment":"scroll","background-type":"","background-media":"","overlay-type":"","overlay-color":"","overlay-opacity":"","overlay-gradient":""}},"ast-content-background-meta":{"desktop":{"background-color":"var(--ast-global-color-5)","background-image":"","background-repeat":"repeat","background-position":"center center","background-size":"auto","background-attachment":"scroll","background-type":"","background-media":"","overlay-type":"","overlay-color":"","overlay-opacity":"","overlay-gradient":""},"tablet":{"background-color":"var(--ast-global-color-5)","background-image":"","background-repeat":"repeat","background-position":"center center","background-size":"auto","background-attachment":"scroll","background-type":"","background-media":"","overlay-type":"","overlay-color":"","overlay-opacity":"","overlay-gradient":""},"mobile":{"background-color":"var(--ast-global-color-5)","background-image":"","background-repeat":"repeat","background-position":"center center","background-size":"auto","background-attachment":"scroll","background-type":"","background-media":"","overlay-type":"","overlay-color":"","overlay-opacity":"","overlay-gradient":""}}},"product_brand":[],"product_cat":[18],"product_tag":[],"class_list":{"0":"post-7354","1":"product","2":"type-product","3":"status-publish","4":"has-post-thumbnail","6":"product_cat-uncategorized","7":"desktop-align-left","8":"tablet-align-left","9":"mobile-align-left","11":"first","12":"instock","13":"shipping-taxable","14":"purchasable","15":"product-type-simple"},"yoast_head":"<!-- This site is optimized with the Yoast SEO plugin v27.4 - https:\/\/yoast.com\/product\/yoast-seo-wordpress\/ -->\n<title>Biblia RVR Letra Grande 12 pts Primavera Tapa dura con el\u00e1stico - tzionlibreria.com<\/title>\n<meta name=\"robots\" content=\"index, follow, max-snippet:-1, max-image-preview:large, max-video-preview:-1\" \/>\n<link rel=\"canonical\" href=\"https:\/\/tzionlibreria.com\/index.php\/product\/biblia-rvr-letra-grande-12-pts-primavera-tapa-dura-con-elastico\/\" \/>\n<meta property=\"og:locale\" content=\"es_ES\" \/>\n<meta property=\"og:type\" content=\"article\" \/>\n<meta property=\"og:title\" content=\"Biblia RVR Letra Grande 12 pts Primavera Tapa dura con el\u00e1stico - tzionlibreria.com\" \/>\n<meta property=\"og:description\" content=\"Descripci\u00f3n Valoraciones (0) \u00a0 Biblia Reina-Valera 1960 \u2013 Letra Grande 12 pts Tapa dura con el\u00e1stico | Tama\u00f1o manual Una Biblia pensada para acompa\u00f1arte cada d\u00eda en tu caminar con Dios. Esta edici\u00f3n de la Reina-Valera 1960 (RVR 1960) ha sido dise\u00f1ada para quienes desean llevar la Palabra siempre consigo, sin renunciar a profundidad, claridad [&hellip;]\" \/>\n<meta property=\"og:url\" content=\"https:\/\/tzionlibreria.com\/index.php\/product\/biblia-rvr-letra-grande-12-pts-primavera-tapa-dura-con-elastico\/\" \/>\n<meta property=\"og:site_name\" content=\"tzionlibreria.com\" \/>\n<meta property=\"article:modified_time\" content=\"2026-04-09T20:10:34+00:00\" \/>\n<meta property=\"og:image\" content=\"http:\/\/tzionlibreria.com\/wp-content\/uploads\/2026\/03\/biblialetragrand.png\" \/>\n\t<meta property=\"og:image:width\" content=\"1080\" \/>\n\t<meta property=\"og:image:height\" content=\"1080\" \/>\n\t<meta property=\"og:image:type\" content=\"image\/png\" \/>\n<meta name=\"twitter:card\" content=\"summary_large_image\" \/>\n<meta name=\"twitter:label1\" content=\"Tiempo de lectura\" \/>\n\t<meta name=\"twitter:data1\" content=\"4 minutos\" \/>\n<script type=\"application\/ld+json\" class=\"yoast-schema-graph\">{\"@context\":\"https:\\\/\\\/schema.org\",\"@graph\":[{\"@type\":\"WebPage\",\"@id\":\"https:\\\/\\\/tzionlibreria.com\\\/index.php\\\/product\\\/biblia-rvr-letra-grande-12-pts-primavera-tapa-dura-con-elastico\\\/\",\"url\":\"https:\\\/\\\/tzionlibreria.com\\\/index.php\\\/product\\\/biblia-rvr-letra-grande-12-pts-primavera-tapa-dura-con-elastico\\\/\",\"name\":\"Biblia RVR Letra Grande 12 pts Primavera Tapa dura con el\u00e1stico - tzionlibreria.com\",\"isPartOf\":{\"@id\":\"https:\\\/\\\/tzionlibreria.com\\\/#website\"},\"primaryImageOfPage\":{\"@id\":\"https:\\\/\\\/tzionlibreria.com\\\/index.php\\\/product\\\/biblia-rvr-letra-grande-12-pts-primavera-tapa-dura-con-elastico\\\/#primaryimage\"},\"image\":{\"@id\":\"https:\\\/\\\/tzionlibreria.com\\\/index.php\\\/product\\\/biblia-rvr-letra-grande-12-pts-primavera-tapa-dura-con-elastico\\\/#primaryimage\"},\"thumbnailUrl\":\"https:\\\/\\\/tzionlibreria.com\\\/wp-content\\\/uploads\\\/2026\\\/03\\\/biblialetragrand.png\",\"datePublished\":\"2026-03-10T20:48:01+00:00\",\"dateModified\":\"2026-04-09T20:10:34+00:00\",\"breadcrumb\":{\"@id\":\"https:\\\/\\\/tzionlibreria.com\\\/index.php\\\/product\\\/biblia-rvr-letra-grande-12-pts-primavera-tapa-dura-con-elastico\\\/#breadcrumb\"},\"inLanguage\":\"es-CO\",\"potentialAction\":[{\"@type\":\"ReadAction\",\"target\":[\"https:\\\/\\\/tzionlibreria.com\\\/index.php\\\/product\\\/biblia-rvr-letra-grande-12-pts-primavera-tapa-dura-con-elastico\\\/\"]}]},{\"@type\":\"ImageObject\",\"inLanguage\":\"es-CO\",\"@id\":\"https:\\\/\\\/tzionlibreria.com\\\/index.php\\\/product\\\/biblia-rvr-letra-grande-12-pts-primavera-tapa-dura-con-elastico\\\/#primaryimage\",\"url\":\"https:\\\/\\\/tzionlibreria.com\\\/wp-content\\\/uploads\\\/2026\\\/03\\\/biblialetragrand.png\",\"contentUrl\":\"https:\\\/\\\/tzionlibreria.com\\\/wp-content\\\/uploads\\\/2026\\\/03\\\/biblialetragrand.png\",\"width\":1080,\"height\":1080},{\"@type\":\"BreadcrumbList\",\"@id\":\"https:\\\/\\\/tzionlibreria.com\\\/index.php\\\/product\\\/biblia-rvr-letra-grande-12-pts-primavera-tapa-dura-con-elastico\\\/#breadcrumb\",\"itemListElement\":[{\"@type\":\"ListItem\",\"position\":1,\"name\":\"Inicio\",\"item\":\"https:\\\/\\\/tzionlibreria.com\\\/\"},{\"@type\":\"ListItem\",\"position\":2,\"name\":\"Shop\",\"item\":\"https:\\\/\\\/tzionlibreria.com\\\/index.php\\\/shop\\\/\"},{\"@type\":\"ListItem\",\"position\":3,\"name\":\"Biblia RVR Letra Grande 12 pts Primavera Tapa dura con el\u00e1stico\"}]},{\"@type\":\"WebSite\",\"@id\":\"https:\\\/\\\/tzionlibreria.com\\\/#website\",\"url\":\"https:\\\/\\\/tzionlibreria.com\\\/\",\"name\":\"tzionlibreria.com\",\"description\":\"Libreria Cristiana Venezuela\",\"publisher\":{\"@id\":\"https:\\\/\\\/tzionlibreria.com\\\/#organization\"},\"potentialAction\":[{\"@type\":\"SearchAction\",\"target\":{\"@type\":\"EntryPoint\",\"urlTemplate\":\"https:\\\/\\\/tzionlibreria.com\\\/?s={search_term_string}\"},\"query-input\":{\"@type\":\"PropertyValueSpecification\",\"valueRequired\":true,\"valueName\":\"search_term_string\"}}],\"inLanguage\":\"es-CO\"},{\"@type\":\"Organization\",\"@id\":\"https:\\\/\\\/tzionlibreria.com\\\/#organization\",\"name\":\"tzionlibreria.com\",\"url\":\"https:\\\/\\\/tzionlibreria.com\\\/\",\"logo\":{\"@type\":\"ImageObject\",\"inLanguage\":\"es-CO\",\"@id\":\"https:\\\/\\\/tzionlibreria.com\\\/#\\\/schema\\\/logo\\\/image\\\/\",\"url\":\"https:\\\/\\\/tzionlibreria.com\\\/wp-content\\\/uploads\\\/2023\\\/10\\\/cropped-Cuadricula-scaled-1.jpg\",\"contentUrl\":\"https:\\\/\\\/tzionlibreria.com\\\/wp-content\\\/uploads\\\/2023\\\/10\\\/cropped-Cuadricula-scaled-1.jpg\",\"width\":2560,\"height\":2560,\"caption\":\"tzionlibreria.com\"},\"image\":{\"@id\":\"https:\\\/\\\/tzionlibreria.com\\\/#\\\/schema\\\/logo\\\/image\\\/\"}}]}<\/script>\n<!-- \/ Yoast SEO plugin. -->","yoast_head_json":{"title":"Biblia RVR Letra Grande 12 pts Primavera Tapa dura con el\u00e1stico - tzionlibreria.com","robots":{"index":"index","follow":"follow","max-snippet":"max-snippet:-1","max-image-preview":"max-image-preview:large","max-video-preview":"max-video-preview:-1"},"canonical":"https:\/\/tzionlibreria.com\/index.php\/product\/biblia-rvr-letra-grande-12-pts-primavera-tapa-dura-con-elastico\/","og_locale":"es_ES","og_type":"article","og_title":"Biblia RVR Letra Grande 12 pts Primavera Tapa dura con el\u00e1stico - tzionlibreria.com","og_description":"Descripci\u00f3n Valoraciones (0) \u00a0 Biblia Reina-Valera 1960 \u2013 Letra Grande 12 pts Tapa dura con el\u00e1stico | Tama\u00f1o manual Una Biblia pensada para acompa\u00f1arte cada d\u00eda en tu caminar con Dios. Esta edici\u00f3n de la Reina-Valera 1960 (RVR 1960) ha sido dise\u00f1ada para quienes desean llevar la Palabra siempre consigo, sin renunciar a profundidad, claridad [&hellip;]","og_url":"https:\/\/tzionlibreria.com\/index.php\/product\/biblia-rvr-letra-grande-12-pts-primavera-tapa-dura-con-elastico\/","og_site_name":"tzionlibreria.com","article_modified_time":"2026-04-09T20:10:34+00:00","og_image":[{"width":1080,"height":1080,"url":"http:\/\/tzionlibreria.com\/wp-content\/uploads\/2026\/03\/biblialetragrand.png","type":"image\/png"}],"twitter_card":"summary_large_image","twitter_misc":{"Tiempo de lectura":"4 minutos"},"schema":{"@context":"https:\/\/schema.org","@graph":[{"@type":"WebPage","@id":"https:\/\/tzionlibreria.com\/index.php\/product\/biblia-rvr-letra-grande-12-pts-primavera-tapa-dura-con-elastico\/","url":"https:\/\/tzionlibreria.com\/index.php\/product\/biblia-rvr-letra-grande-12-pts-primavera-tapa-dura-con-elastico\/","name":"Biblia RVR Letra Grande 12 pts Primavera Tapa dura con el\u00e1stico - tzionlibreria.com","isPartOf":{"@id":"https:\/\/tzionlibreria.com\/#website"},"primaryImageOfPage":{"@id":"https:\/\/tzionlibreria.com\/index.php\/product\/biblia-rvr-letra-grande-12-pts-primavera-tapa-dura-con-elastico\/#primaryimage"},"image":{"@id":"https:\/\/tzionlibreria.com\/index.php\/product\/biblia-rvr-letra-grande-12-pts-primavera-tapa-dura-con-elastico\/#primaryimage"},"thumbnailUrl":"https:\/\/tzionlibreria.com\/wp-content\/uploads\/2026\/03\/biblialetragrand.png","datePublished":"2026-03-10T20:48:01+00:00","dateModified":"2026-04-09T20:10:34+00:00","breadcrumb":{"@id":"https:\/\/tzionlibreria.com\/index.php\/product\/biblia-rvr-letra-grande-12-pts-primavera-tapa-dura-con-elastico\/#breadcrumb"},"inLanguage":"es-CO","potentialAction":[{"@type":"ReadAction","target":["https:\/\/tzionlibreria.com\/index.php\/product\/biblia-rvr-letra-grande-12-pts-primavera-tapa-dura-con-elastico\/"]}]},{"@type":"ImageObject","inLanguage":"es-CO","@id":"https:\/\/tzionlibreria.com\/index.php\/product\/biblia-rvr-letra-grande-12-pts-primavera-tapa-dura-con-elastico\/#primaryimage","url":"https:\/\/tzionlibreria.com\/wp-content\/uploads\/2026\/03\/biblialetragrand.png","contentUrl":"https:\/\/tzionlibreria.com\/wp-content\/uploads\/2026\/03\/biblialetragrand.png","width":1080,"height":1080},{"@type":"BreadcrumbList","@id":"https:\/\/tzionlibreria.com\/index.php\/product\/biblia-rvr-letra-grande-12-pts-primavera-tapa-dura-con-elastico\/#breadcrumb","itemListElement":[{"@type":"ListItem","position":1,"name":"Inicio","item":"https:\/\/tzionlibreria.com\/"},{"@type":"ListItem","position":2,"name":"Shop","item":"https:\/\/tzionlibreria.com\/index.php\/shop\/"},{"@type":"ListItem","position":3,"name":"Biblia RVR Letra Grande 12 pts Primavera Tapa dura con el\u00e1stico"}]},{"@type":"WebSite","@id":"https:\/\/tzionlibreria.com\/#website","url":"https:\/\/tzionlibreria.com\/","name":"tzionlibreria.com","description":"Libreria Cristiana Venezuela","publisher":{"@id":"https:\/\/tzionlibreria.com\/#organization"},"potentialAction":[{"@type":"SearchAction","target":{"@type":"EntryPoint","urlTemplate":"https:\/\/tzionlibreria.com\/?s={search_term_string}"},"query-input":{"@type":"PropertyValueSpecification","valueRequired":true,"valueName":"search_term_string"}}],"inLanguage":"es-CO"},{"@type":"Organization","@id":"https:\/\/tzionlibreria.com\/#organization","name":"tzionlibreria.com","url":"https:\/\/tzionlibreria.com\/","logo":{"@type":"ImageObject","inLanguage":"es-CO","@id":"https:\/\/tzionlibreria.com\/#\/schema\/logo\/image\/","url":"https:\/\/tzionlibreria.com\/wp-content\/uploads\/2023\/10\/cropped-Cuadricula-scaled-1.jpg","contentUrl":"https:\/\/tzionlibreria.com\/wp-content\/uploads\/2023\/10\/cropped-Cuadricula-scaled-1.jpg","width":2560,"height":2560,"caption":"tzionlibreria.com"},"image":{"@id":"https:\/\/tzionlibreria.com\/#\/schema\/logo\/image\/"}}]}},"jetpack_sharing_enabled":true,"_links":{"self":[{"href":"https:\/\/tzionlibreria.com\/index.php\/wp-json\/wp\/v2\/product\/7354","targetHints":{"allow":["GET"]}}],"collection":[{"href":"https:\/\/tzionlibreria.com\/index.php\/wp-json\/wp\/v2\/product"}],"about":[{"href":"https:\/\/tzionlibreria.com\/index.php\/wp-json\/wp\/v2\/types\/product"}],"replies":[{"embeddable":true,"href":"https:\/\/tzionlibreria.com\/index.php\/wp-json\/wp\/v2\/comments?post=7354"}],"wp:featuredmedia":[{"embeddable":true,"href":"https:\/\/tzionlibreria.com\/index.php\/wp-json\/wp\/v2\/media\/7355"}],"wp:attachment":[{"href":"https:\/\/tzionlibreria.com\/index.php\/wp-json\/wp\/v2\/media?parent=7354"}],"wp:term":[{"taxonomy":"product_brand","embeddable":true,"href":"https:\/\/tzionlibreria.com\/index.php\/wp-json\/wp\/v2\/product_brand?post=7354"},{"taxonomy":"product_cat","embeddable":true,"href":"https:\/\/tzionlibreria.com\/index.php\/wp-json\/wp\/v2\/product_cat?post=7354"},{"taxonomy":"product_tag","embeddable":true,"href":"https:\/\/tzionlibreria.com\/index.php\/wp-json\/wp\/v2\/product_tag?post=7354"}],"curies":[{"name":"wp","href":"https:\/\/api.w.org\/{rel}","templated":true}]}}