{"id":7365,"date":"2026-03-10T20:54:53","date_gmt":"2026-03-10T20:54:53","guid":{"rendered":"https:\/\/tzionlibreria.com\/?post_type=product&#038;p=7365"},"modified":"2026-04-09T20:11:30","modified_gmt":"2026-04-09T20:11:30","slug":"biblia-rvr-letra-grande-12-pts-tapa-dura-con-elastico-primavera","status":"publish","type":"product","link":"https:\/\/tzionlibreria.com\/index.php\/product\/biblia-rvr-letra-grande-12-pts-tapa-dura-con-elastico-primavera\/","title":{"rendered":"Biblia RVR Letra Grande 12 pts Tapa dura con el\u00e1stico Primavera"},"content":{"rendered":"<ul class=\"tabs wc-tabs\" role=\"tablist\">\n<li id=\"tab-title-description\" class=\"description_tab active\" role=\"presentation\"><a tabindex=\"0\" role=\"tab\" href=\"https:\/\/libreria247.com\/producto\/biblia-rvr60-tamano-manual-letra-grande-12-puntos-tapa-dura-con-elastico-primavera-coral\/#tab-description\" aria-controls=\"tab-description\" aria-selected=\"true\"> Descripci\u00f3n <\/a><\/li>\n<li id=\"tab-title-reviews\" class=\"reviews_tab\" role=\"presentation\"><a tabindex=\"-1\" role=\"tab\" href=\"https:\/\/libreria247.com\/producto\/biblia-rvr60-tamano-manual-letra-grande-12-puntos-tapa-dura-con-elastico-primavera-coral\/#tab-reviews\" aria-controls=\"tab-reviews\" aria-selected=\"false\"> Valoraciones (0) <\/a><\/li>\n<\/ul>\n<div id=\"tab-description\" class=\"woocommerce-Tabs-panel woocommerce-Tabs-panel--description panel entry-content wc-tab\" role=\"tabpanel\" aria-labelledby=\"tab-title-description\">\n<h6 data-start=\"173\" data-end=\"233\"><img decoding=\"async\" class=\"emoji\" role=\"img\" draggable=\"false\" src=\"https:\/\/s.w.org\/images\/core\/emoji\/17.0.2\/svg\/1f4d6.svg\" alt=\"\ud83d\udcd6\" \/> Santa Biblia Reina-Valera 1960 \u2013 Letra Grande 12 pts<\/h6>\n<h6 data-start=\"234\" data-end=\"276\">Tapa dura con el\u00e1stico | Tama\u00f1o manual<\/h6>\n<h6 data-start=\"278\" data-end=\"346\">Una Biblia pensada para acompa\u00f1arte cada d\u00eda en tu caminar con Dios.<\/h6>\n<p data-start=\"348\" data-end=\"517\">Esta edici\u00f3n de la <strong data-start=\"367\" data-end=\"399\">Reina-Valera 1960 (RVR 1960)<\/strong> est\u00e1 dise\u00f1ada para quienes desean llevar la Palabra siempre consigo, sin renunciar a profundidad, claridad y belleza.<\/p>\n<p data-start=\"519\" data-end=\"857\">Su <strong data-start=\"522\" data-end=\"556\">tama\u00f1o manual (13.8 x 21.2 cm)<\/strong> la convierte en la compa\u00f1era ideal para el uso diario, el estudio personal, la iglesia o los viajes. La <strong data-start=\"661\" data-end=\"705\">cubierta de tapa dura con banda el\u00e1stica<\/strong> protege tus p\u00e1ginas con elegancia y firmeza, mientras que el <strong data-start=\"767\" data-end=\"784\">canto pintado<\/strong> a\u00f1ade un detalle distintivo que refleja el valor eterno de su contenido.<\/p>\n<hr data-start=\"859\" data-end=\"862\" \/>\n<h6 data-start=\"864\" data-end=\"894\"><img decoding=\"async\" class=\"emoji\" role=\"img\" draggable=\"false\" src=\"https:\/\/s.w.org\/images\/core\/emoji\/17.0.2\/svg\/2728.svg\" alt=\"\u2728\" \/> Lectura c\u00f3moda y profunda<\/h6>\n<p data-start=\"896\" data-end=\"1133\">El texto b\u00edblico se presenta en <strong data-start=\"928\" data-end=\"957\">letra grande de 12 puntos<\/strong>, perfecta para una lectura prolongada sin fatiga visual.<br data-start=\"1014\" data-end=\"1017\" \/>Las <strong data-start=\"1021\" data-end=\"1050\">palabras de Jes\u00fas en rojo<\/strong> resaltan sus ense\u00f1anzas, permiti\u00e9ndote meditarlas con mayor atenci\u00f3n y reverencia.<\/p>\n<hr data-start=\"1135\" data-end=\"1138\" \/>\n<h6 data-start=\"1140\" data-end=\"1184\"><img decoding=\"async\" class=\"emoji\" role=\"img\" draggable=\"false\" src=\"https:\/\/s.w.org\/images\/core\/emoji\/17.0.2\/svg\/1f4da.svg\" alt=\"\ud83d\udcda\" \/> Herramientas completas para el estudio<\/h6>\n<p data-start=\"1186\" data-end=\"1206\">Esta Biblia incluye:<\/p>\n<p data-start=\"1208\" data-end=\"1372\"><img decoding=\"async\" class=\"emoji\" role=\"img\" draggable=\"false\" src=\"https:\/\/s.w.org\/images\/core\/emoji\/17.0.2\/svg\/2714.svg\" alt=\"\u2714\" \/> Concordancia completa<br data-start=\"1231\" data-end=\"1234\" \/><img decoding=\"async\" class=\"emoji\" role=\"img\" draggable=\"false\" src=\"https:\/\/s.w.org\/images\/core\/emoji\/17.0.2\/svg\/2714.svg\" alt=\"\u2714\" \/> Concordancia de personajes b\u00edblicos<br data-start=\"1271\" data-end=\"1274\" \/><img decoding=\"async\" class=\"emoji\" role=\"img\" draggable=\"false\" src=\"https:\/\/s.w.org\/images\/core\/emoji\/17.0.2\/svg\/2714.svg\" alt=\"\u2714\" \/> Referencias cruzadas<br data-start=\"1296\" data-end=\"1299\" \/><img decoding=\"async\" class=\"emoji\" role=\"img\" draggable=\"false\" src=\"https:\/\/s.w.org\/images\/core\/emoji\/17.0.2\/svg\/2714.svg\" alt=\"\u2714\" \/> 32 p\u00e1ginas a todo color con ayudas visuales<br data-start=\"1344\" data-end=\"1347\" \/><img decoding=\"async\" class=\"emoji\" role=\"img\" draggable=\"false\" src=\"https:\/\/s.w.org\/images\/core\/emoji\/17.0.2\/svg\/2714.svg\" alt=\"\u2714\" \/> 12 mapas a todo color<\/p>\n<h6 data-start=\"1374\" data-end=\"1438\">Recursos especiales incluidos en todas las Biblias RVR 1960:<\/h6>\n<ul data-start=\"1440\" data-end=\"1757\">\n<li data-start=\"1440\" data-end=\"1474\">\n<p data-start=\"1442\" data-end=\"1474\">Vers\u00edculos clave de cada libro<\/p>\n<\/li>\n<li data-start=\"1475\" data-end=\"1498\">\n<p data-start=\"1477\" data-end=\"1498\">Genealog\u00eda de Jes\u00fas<\/p>\n<\/li>\n<li data-start=\"1499\" data-end=\"1519\">\n<p data-start=\"1501\" data-end=\"1519\">Fiestas b\u00edblicas<\/p>\n<\/li>\n<li data-start=\"1520\" data-end=\"1547\">\n<p data-start=\"1522\" data-end=\"1547\">Tipolog\u00eda de los Salmos<\/p>\n<\/li>\n<li data-start=\"1548\" data-end=\"1568\">\n<p data-start=\"1550\" data-end=\"1568\">Plano del Templo<\/p>\n<\/li>\n<li data-start=\"1569\" data-end=\"1603\">\n<p data-start=\"1571\" data-end=\"1603\">Cronolog\u00eda de Reyes y Profetas<\/p>\n<\/li>\n<li data-start=\"1604\" data-end=\"1640\">\n<p data-start=\"1606\" data-end=\"1640\">Cuadro de las par\u00e1bolas de Jes\u00fas<\/p>\n<\/li>\n<li data-start=\"1641\" data-end=\"1676\">\n<p data-start=\"1643\" data-end=\"1676\">Cuadro de los milagros de Jes\u00fas<\/p>\n<\/li>\n<li data-start=\"1677\" data-end=\"1698\">\n<p data-start=\"1679\" data-end=\"1698\">Plan de salvaci\u00f3n<\/p>\n<\/li>\n<li data-start=\"1699\" data-end=\"1719\">\n<p data-start=\"1701\" data-end=\"1719\">Promesas de Dios<\/p>\n<\/li>\n<li data-start=\"1720\" data-end=\"1757\">\n<p data-start=\"1722\" data-end=\"1757\">Plan de lectura b\u00edblica en un a\u00f1o<\/p>\n<\/li>\n<\/ul>\n<hr data-start=\"1759\" data-end=\"1762\" \/>\n<h6 data-start=\"1764\" data-end=\"1781\"><img decoding=\"async\" class=\"emoji\" role=\"img\" draggable=\"false\" src=\"https:\/\/s.w.org\/images\/core\/emoji\/17.0.2\/svg\/1f64f.svg\" alt=\"\ud83d\ude4f\" \/> Ideal para:<\/h6>\n<ul data-start=\"1783\" data-end=\"1954\">\n<li data-start=\"1783\" data-end=\"1807\">\n<p data-start=\"1785\" data-end=\"1807\">Devocionales diarios<\/p>\n<\/li>\n<li data-start=\"1808\" data-end=\"1836\">\n<p data-start=\"1810\" data-end=\"1836\">Estudio b\u00edblico profundo<\/p>\n<\/li>\n<li data-start=\"1837\" data-end=\"1872\">\n<p data-start=\"1839\" data-end=\"1872\">Regalo especial y significativo<\/p>\n<\/li>\n<li data-start=\"1873\" data-end=\"1912\">\n<p data-start=\"1875\" data-end=\"1912\">Nuevos creyentes y lectores maduros<\/p>\n<\/li>\n<li data-start=\"1913\" data-end=\"1954\">\n<p data-start=\"1915\" data-end=\"1954\">Acompa\u00f1arte en iglesia, casa o viajes<\/p>\n<\/li>\n<\/ul>\n<hr data-start=\"1956\" data-end=\"1959\" \/>\n<h6 data-start=\"1961\" data-end=\"2006\"><img decoding=\"async\" class=\"emoji\" role=\"img\" draggable=\"false\" src=\"https:\/\/s.w.org\/images\/core\/emoji\/17.0.2\/svg\/1f4cc.svg\" alt=\"\ud83d\udccc\" \/> M\u00e1s que un libro: una herramienta viva.<\/h6>\n<p data-start=\"2008\" data-end=\"2139\">Una Biblia para leer, estudiar, orar\u2026 y atesorar.<br data-start=\"2057\" data-end=\"2060\" \/>Pensada para edificar tu fe y acompa\u00f1arte cada d\u00eda en tu relaci\u00f3n con el Se\u00f1or.<\/p>\n<\/div>\n","protected":false},"excerpt":{"rendered":"<p>Descripci\u00f3n Valoraciones (0) Santa Biblia Reina-Valera 1960 \u2013 Letra Grande 12 pts Tapa dura con el\u00e1stico | Tama\u00f1o manual Una Biblia pensada para acompa\u00f1arte cada d\u00eda en tu caminar con Dios. Esta edici\u00f3n de la Reina-Valera 1960 (RVR 1960) est\u00e1 dise\u00f1ada para quienes desean llevar la Palabra siempre consigo, sin renunciar a profundidad, claridad y [&hellip;]<\/p>\n","protected":false},"featured_media":7372,"comment_status":"open","ping_status":"closed","template":"","meta":{"om_disable_all_campaigns":false,"_monsterinsights_skip_tracking":false,"_monsterinsights_sitenote_active":false,"_monsterinsights_sitenote_note":"","_monsterinsights_sitenote_category":0,"site-sidebar-layout":"default","site-content-layout":"","ast-site-content-layout":"default","site-content-style":"default","site-sidebar-style":"default","ast-global-header-display":"","ast-banner-title-visibility":"","ast-main-header-display":"","ast-hfb-above-header-display":"","ast-hfb-below-header-display":"","ast-hfb-mobile-header-display":"","site-post-title":"","ast-breadcrumbs-content":"","ast-featured-img":"","footer-sml-layout":"","ast-disable-related-posts":"","theme-transparent-header-meta":"default","adv-header-id-meta":"","stick-header-meta":"","header-above-stick-meta":"","header-main-stick-meta":"","header-below-stick-meta":"","astra-migrate-meta-layouts":"set","ast-page-background-enabled":"default","ast-page-background-meta":{"desktop":{"background-color":"var(--ast-global-color-4)","background-image":"","background-repeat":"repeat","background-position":"center center","background-size":"auto","background-attachment":"scroll","background-type":"","background-media":"","overlay-type":"","overlay-color":"","overlay-opacity":"","overlay-gradient":""},"tablet":{"background-color":"","background-image":"","background-repeat":"repeat","background-position":"center center","background-size":"auto","background-attachment":"scroll","background-type":"","background-media":"","overlay-type":"","overlay-color":"","overlay-opacity":"","overlay-gradient":""},"mobile":{"background-color":"","background-image":"","background-repeat":"repeat","background-position":"center center","background-size":"auto","background-attachment":"scroll","background-type":"","background-media":"","overlay-type":"","overlay-color":"","overlay-opacity":"","overlay-gradient":""}},"ast-content-background-meta":{"desktop":{"background-color":"var(--ast-global-color-5)","background-image":"","background-repeat":"repeat","background-position":"center center","background-size":"auto","background-attachment":"scroll","background-type":"","background-media":"","overlay-type":"","overlay-color":"","overlay-opacity":"","overlay-gradient":""},"tablet":{"background-color":"var(--ast-global-color-5)","background-image":"","background-repeat":"repeat","background-position":"center center","background-size":"auto","background-attachment":"scroll","background-type":"","background-media":"","overlay-type":"","overlay-color":"","overlay-opacity":"","overlay-gradient":""},"mobile":{"background-color":"var(--ast-global-color-5)","background-image":"","background-repeat":"repeat","background-position":"center center","background-size":"auto","background-attachment":"scroll","background-type":"","background-media":"","overlay-type":"","overlay-color":"","overlay-opacity":"","overlay-gradient":""}}},"product_brand":[],"product_cat":[22,42,177],"product_tag":[],"class_list":{"0":"post-7365","1":"product","2":"type-product","3":"status-publish","4":"has-post-thumbnail","6":"product_cat-biblias","7":"product_cat-biblias-reina-valera","8":"product_cat-letra-grande-rvr","9":"desktop-align-left","10":"tablet-align-left","11":"mobile-align-left","13":"first","14":"instock","15":"shipping-taxable","16":"purchasable","17":"product-type-simple"},"yoast_head":"<!-- This site is optimized with the Yoast SEO plugin v27.4 - https:\/\/yoast.com\/product\/yoast-seo-wordpress\/ -->\n<title>Biblia RVR Letra Grande 12 pts Tapa dura con el\u00e1stico Primavera - tzionlibreria.com<\/title>\n<meta name=\"robots\" content=\"index, follow, max-snippet:-1, max-image-preview:large, max-video-preview:-1\" \/>\n<link rel=\"canonical\" href=\"https:\/\/tzionlibreria.com\/index.php\/product\/biblia-rvr-letra-grande-12-pts-tapa-dura-con-elastico-primavera\/\" \/>\n<meta property=\"og:locale\" content=\"es_ES\" \/>\n<meta property=\"og:type\" content=\"article\" \/>\n<meta property=\"og:title\" content=\"Biblia RVR Letra Grande 12 pts Tapa dura con el\u00e1stico Primavera - tzionlibreria.com\" \/>\n<meta property=\"og:description\" content=\"Descripci\u00f3n Valoraciones (0) Santa Biblia Reina-Valera 1960 \u2013 Letra Grande 12 pts Tapa dura con el\u00e1stico | Tama\u00f1o manual Una Biblia pensada para acompa\u00f1arte cada d\u00eda en tu caminar con Dios. Esta edici\u00f3n de la Reina-Valera 1960 (RVR 1960) est\u00e1 dise\u00f1ada para quienes desean llevar la Palabra siempre consigo, sin renunciar a profundidad, claridad y [&hellip;]\" \/>\n<meta property=\"og:url\" content=\"https:\/\/tzionlibreria.com\/index.php\/product\/biblia-rvr-letra-grande-12-pts-tapa-dura-con-elastico-primavera\/\" \/>\n<meta property=\"og:site_name\" content=\"tzionlibreria.com\" \/>\n<meta property=\"article:modified_time\" content=\"2026-04-09T20:11:30+00:00\" \/>\n<meta property=\"og:image\" content=\"http:\/\/tzionlibreria.com\/wp-content\/uploads\/2026\/03\/9798893843514.jpg\" \/>\n\t<meta property=\"og:image:width\" content=\"1200\" \/>\n\t<meta property=\"og:image:height\" content=\"1200\" \/>\n\t<meta property=\"og:image:type\" content=\"image\/jpeg\" \/>\n<meta name=\"twitter:card\" content=\"summary_large_image\" \/>\n<meta name=\"twitter:label1\" content=\"Tiempo de lectura\" \/>\n\t<meta name=\"twitter:data1\" content=\"4 minutos\" \/>\n<script type=\"application\/ld+json\" class=\"yoast-schema-graph\">{\"@context\":\"https:\\\/\\\/schema.org\",\"@graph\":[{\"@type\":\"WebPage\",\"@id\":\"https:\\\/\\\/tzionlibreria.com\\\/index.php\\\/product\\\/biblia-rvr-letra-grande-12-pts-tapa-dura-con-elastico-primavera\\\/\",\"url\":\"https:\\\/\\\/tzionlibreria.com\\\/index.php\\\/product\\\/biblia-rvr-letra-grande-12-pts-tapa-dura-con-elastico-primavera\\\/\",\"name\":\"Biblia RVR Letra Grande 12 pts Tapa dura con el\u00e1stico Primavera - tzionlibreria.com\",\"isPartOf\":{\"@id\":\"https:\\\/\\\/tzionlibreria.com\\\/#website\"},\"primaryImageOfPage\":{\"@id\":\"https:\\\/\\\/tzionlibreria.com\\\/index.php\\\/product\\\/biblia-rvr-letra-grande-12-pts-tapa-dura-con-elastico-primavera\\\/#primaryimage\"},\"image\":{\"@id\":\"https:\\\/\\\/tzionlibreria.com\\\/index.php\\\/product\\\/biblia-rvr-letra-grande-12-pts-tapa-dura-con-elastico-primavera\\\/#primaryimage\"},\"thumbnailUrl\":\"https:\\\/\\\/tzionlibreria.com\\\/wp-content\\\/uploads\\\/2026\\\/03\\\/9798893843514.jpg\",\"datePublished\":\"2026-03-10T20:54:53+00:00\",\"dateModified\":\"2026-04-09T20:11:30+00:00\",\"breadcrumb\":{\"@id\":\"https:\\\/\\\/tzionlibreria.com\\\/index.php\\\/product\\\/biblia-rvr-letra-grande-12-pts-tapa-dura-con-elastico-primavera\\\/#breadcrumb\"},\"inLanguage\":\"es-CO\",\"potentialAction\":[{\"@type\":\"ReadAction\",\"target\":[\"https:\\\/\\\/tzionlibreria.com\\\/index.php\\\/product\\\/biblia-rvr-letra-grande-12-pts-tapa-dura-con-elastico-primavera\\\/\"]}]},{\"@type\":\"ImageObject\",\"inLanguage\":\"es-CO\",\"@id\":\"https:\\\/\\\/tzionlibreria.com\\\/index.php\\\/product\\\/biblia-rvr-letra-grande-12-pts-tapa-dura-con-elastico-primavera\\\/#primaryimage\",\"url\":\"https:\\\/\\\/tzionlibreria.com\\\/wp-content\\\/uploads\\\/2026\\\/03\\\/9798893843514.jpg\",\"contentUrl\":\"https:\\\/\\\/tzionlibreria.com\\\/wp-content\\\/uploads\\\/2026\\\/03\\\/9798893843514.jpg\",\"width\":1200,\"height\":1200},{\"@type\":\"BreadcrumbList\",\"@id\":\"https:\\\/\\\/tzionlibreria.com\\\/index.php\\\/product\\\/biblia-rvr-letra-grande-12-pts-tapa-dura-con-elastico-primavera\\\/#breadcrumb\",\"itemListElement\":[{\"@type\":\"ListItem\",\"position\":1,\"name\":\"Inicio\",\"item\":\"https:\\\/\\\/tzionlibreria.com\\\/\"},{\"@type\":\"ListItem\",\"position\":2,\"name\":\"Shop\",\"item\":\"https:\\\/\\\/tzionlibreria.com\\\/index.php\\\/shop\\\/\"},{\"@type\":\"ListItem\",\"position\":3,\"name\":\"Biblia RVR Letra Grande 12 pts Tapa dura con el\u00e1stico Primavera\"}]},{\"@type\":\"WebSite\",\"@id\":\"https:\\\/\\\/tzionlibreria.com\\\/#website\",\"url\":\"https:\\\/\\\/tzionlibreria.com\\\/\",\"name\":\"tzionlibreria.com\",\"description\":\"Libreria Cristiana Venezuela\",\"publisher\":{\"@id\":\"https:\\\/\\\/tzionlibreria.com\\\/#organization\"},\"potentialAction\":[{\"@type\":\"SearchAction\",\"target\":{\"@type\":\"EntryPoint\",\"urlTemplate\":\"https:\\\/\\\/tzionlibreria.com\\\/?s={search_term_string}\"},\"query-input\":{\"@type\":\"PropertyValueSpecification\",\"valueRequired\":true,\"valueName\":\"search_term_string\"}}],\"inLanguage\":\"es-CO\"},{\"@type\":\"Organization\",\"@id\":\"https:\\\/\\\/tzionlibreria.com\\\/#organization\",\"name\":\"tzionlibreria.com\",\"url\":\"https:\\\/\\\/tzionlibreria.com\\\/\",\"logo\":{\"@type\":\"ImageObject\",\"inLanguage\":\"es-CO\",\"@id\":\"https:\\\/\\\/tzionlibreria.com\\\/#\\\/schema\\\/logo\\\/image\\\/\",\"url\":\"https:\\\/\\\/tzionlibreria.com\\\/wp-content\\\/uploads\\\/2023\\\/10\\\/cropped-Cuadricula-scaled-1.jpg\",\"contentUrl\":\"https:\\\/\\\/tzionlibreria.com\\\/wp-content\\\/uploads\\\/2023\\\/10\\\/cropped-Cuadricula-scaled-1.jpg\",\"width\":2560,\"height\":2560,\"caption\":\"tzionlibreria.com\"},\"image\":{\"@id\":\"https:\\\/\\\/tzionlibreria.com\\\/#\\\/schema\\\/logo\\\/image\\\/\"}}]}<\/script>\n<!-- \/ Yoast SEO plugin. -->","yoast_head_json":{"title":"Biblia RVR Letra Grande 12 pts Tapa dura con el\u00e1stico Primavera - tzionlibreria.com","robots":{"index":"index","follow":"follow","max-snippet":"max-snippet:-1","max-image-preview":"max-image-preview:large","max-video-preview":"max-video-preview:-1"},"canonical":"https:\/\/tzionlibreria.com\/index.php\/product\/biblia-rvr-letra-grande-12-pts-tapa-dura-con-elastico-primavera\/","og_locale":"es_ES","og_type":"article","og_title":"Biblia RVR Letra Grande 12 pts Tapa dura con el\u00e1stico Primavera - tzionlibreria.com","og_description":"Descripci\u00f3n Valoraciones (0) Santa Biblia Reina-Valera 1960 \u2013 Letra Grande 12 pts Tapa dura con el\u00e1stico | Tama\u00f1o manual Una Biblia pensada para acompa\u00f1arte cada d\u00eda en tu caminar con Dios. Esta edici\u00f3n de la Reina-Valera 1960 (RVR 1960) est\u00e1 dise\u00f1ada para quienes desean llevar la Palabra siempre consigo, sin renunciar a profundidad, claridad y [&hellip;]","og_url":"https:\/\/tzionlibreria.com\/index.php\/product\/biblia-rvr-letra-grande-12-pts-tapa-dura-con-elastico-primavera\/","og_site_name":"tzionlibreria.com","article_modified_time":"2026-04-09T20:11:30+00:00","og_image":[{"width":1200,"height":1200,"url":"http:\/\/tzionlibreria.com\/wp-content\/uploads\/2026\/03\/9798893843514.jpg","type":"image\/jpeg"}],"twitter_card":"summary_large_image","twitter_misc":{"Tiempo de lectura":"4 minutos"},"schema":{"@context":"https:\/\/schema.org","@graph":[{"@type":"WebPage","@id":"https:\/\/tzionlibreria.com\/index.php\/product\/biblia-rvr-letra-grande-12-pts-tapa-dura-con-elastico-primavera\/","url":"https:\/\/tzionlibreria.com\/index.php\/product\/biblia-rvr-letra-grande-12-pts-tapa-dura-con-elastico-primavera\/","name":"Biblia RVR Letra Grande 12 pts Tapa dura con el\u00e1stico Primavera - tzionlibreria.com","isPartOf":{"@id":"https:\/\/tzionlibreria.com\/#website"},"primaryImageOfPage":{"@id":"https:\/\/tzionlibreria.com\/index.php\/product\/biblia-rvr-letra-grande-12-pts-tapa-dura-con-elastico-primavera\/#primaryimage"},"image":{"@id":"https:\/\/tzionlibreria.com\/index.php\/product\/biblia-rvr-letra-grande-12-pts-tapa-dura-con-elastico-primavera\/#primaryimage"},"thumbnailUrl":"https:\/\/tzionlibreria.com\/wp-content\/uploads\/2026\/03\/9798893843514.jpg","datePublished":"2026-03-10T20:54:53+00:00","dateModified":"2026-04-09T20:11:30+00:00","breadcrumb":{"@id":"https:\/\/tzionlibreria.com\/index.php\/product\/biblia-rvr-letra-grande-12-pts-tapa-dura-con-elastico-primavera\/#breadcrumb"},"inLanguage":"es-CO","potentialAction":[{"@type":"ReadAction","target":["https:\/\/tzionlibreria.com\/index.php\/product\/biblia-rvr-letra-grande-12-pts-tapa-dura-con-elastico-primavera\/"]}]},{"@type":"ImageObject","inLanguage":"es-CO","@id":"https:\/\/tzionlibreria.com\/index.php\/product\/biblia-rvr-letra-grande-12-pts-tapa-dura-con-elastico-primavera\/#primaryimage","url":"https:\/\/tzionlibreria.com\/wp-content\/uploads\/2026\/03\/9798893843514.jpg","contentUrl":"https:\/\/tzionlibreria.com\/wp-content\/uploads\/2026\/03\/9798893843514.jpg","width":1200,"height":1200},{"@type":"BreadcrumbList","@id":"https:\/\/tzionlibreria.com\/index.php\/product\/biblia-rvr-letra-grande-12-pts-tapa-dura-con-elastico-primavera\/#breadcrumb","itemListElement":[{"@type":"ListItem","position":1,"name":"Inicio","item":"https:\/\/tzionlibreria.com\/"},{"@type":"ListItem","position":2,"name":"Shop","item":"https:\/\/tzionlibreria.com\/index.php\/shop\/"},{"@type":"ListItem","position":3,"name":"Biblia RVR Letra Grande 12 pts Tapa dura con el\u00e1stico Primavera"}]},{"@type":"WebSite","@id":"https:\/\/tzionlibreria.com\/#website","url":"https:\/\/tzionlibreria.com\/","name":"tzionlibreria.com","description":"Libreria Cristiana Venezuela","publisher":{"@id":"https:\/\/tzionlibreria.com\/#organization"},"potentialAction":[{"@type":"SearchAction","target":{"@type":"EntryPoint","urlTemplate":"https:\/\/tzionlibreria.com\/?s={search_term_string}"},"query-input":{"@type":"PropertyValueSpecification","valueRequired":true,"valueName":"search_term_string"}}],"inLanguage":"es-CO"},{"@type":"Organization","@id":"https:\/\/tzionlibreria.com\/#organization","name":"tzionlibreria.com","url":"https:\/\/tzionlibreria.com\/","logo":{"@type":"ImageObject","inLanguage":"es-CO","@id":"https:\/\/tzionlibreria.com\/#\/schema\/logo\/image\/","url":"https:\/\/tzionlibreria.com\/wp-content\/uploads\/2023\/10\/cropped-Cuadricula-scaled-1.jpg","contentUrl":"https:\/\/tzionlibreria.com\/wp-content\/uploads\/2023\/10\/cropped-Cuadricula-scaled-1.jpg","width":2560,"height":2560,"caption":"tzionlibreria.com"},"image":{"@id":"https:\/\/tzionlibreria.com\/#\/schema\/logo\/image\/"}}]}},"jetpack_sharing_enabled":true,"_links":{"self":[{"href":"https:\/\/tzionlibreria.com\/index.php\/wp-json\/wp\/v2\/product\/7365","targetHints":{"allow":["GET"]}}],"collection":[{"href":"https:\/\/tzionlibreria.com\/index.php\/wp-json\/wp\/v2\/product"}],"about":[{"href":"https:\/\/tzionlibreria.com\/index.php\/wp-json\/wp\/v2\/types\/product"}],"replies":[{"embeddable":true,"href":"https:\/\/tzionlibreria.com\/index.php\/wp-json\/wp\/v2\/comments?post=7365"}],"wp:featuredmedia":[{"embeddable":true,"href":"https:\/\/tzionlibreria.com\/index.php\/wp-json\/wp\/v2\/media\/7372"}],"wp:attachment":[{"href":"https:\/\/tzionlibreria.com\/index.php\/wp-json\/wp\/v2\/media?parent=7365"}],"wp:term":[{"taxonomy":"product_brand","embeddable":true,"href":"https:\/\/tzionlibreria.com\/index.php\/wp-json\/wp\/v2\/product_brand?post=7365"},{"taxonomy":"product_cat","embeddable":true,"href":"https:\/\/tzionlibreria.com\/index.php\/wp-json\/wp\/v2\/product_cat?post=7365"},{"taxonomy":"product_tag","embeddable":true,"href":"https:\/\/tzionlibreria.com\/index.php\/wp-json\/wp\/v2\/product_tag?post=7365"}],"curies":[{"name":"wp","href":"https:\/\/api.w.org\/{rel}","templated":true}]}}