{"id":7381,"date":"2026-03-12T17:15:30","date_gmt":"2026-03-12T17:15:30","guid":{"rendered":"https:\/\/tzionlibreria.com\/?post_type=product&#038;p=7381"},"modified":"2026-03-12T17:15:30","modified_gmt":"2026-03-12T17:15:30","slug":"biblia-rvr-1960-letra-grande-edicion-leon-de-juda-en-bronce-3d","status":"publish","type":"product","link":"https:\/\/tzionlibreria.com\/index.php\/product\/biblia-rvr-1960-letra-grande-edicion-leon-de-juda-en-bronce-3d\/","title":{"rendered":"Biblia RVR 1960 Letra grande Edici\u00f3n Le\u00f3n de Jud\u00e1 en Bronce 3D"},"content":{"rendered":"<ul class=\"tabs wc-tabs\" role=\"tablist\">\n<li id=\"tab-title-description\" class=\"description_tab active\" role=\"presentation\"><a tabindex=\"0\" role=\"tab\" href=\"https:\/\/libreria247.com\/producto\/biblia-rvr-1960-letra-grande-edicion-leon-de-juda-en-bronce-3d\/#tab-description\" aria-controls=\"tab-description\" aria-selected=\"true\"> Descripci\u00f3n <\/a><\/li>\n<li id=\"tab-title-reviews\" class=\"reviews_tab\" role=\"presentation\"><a tabindex=\"-1\" role=\"tab\" href=\"https:\/\/libreria247.com\/producto\/biblia-rvr-1960-letra-grande-edicion-leon-de-juda-en-bronce-3d\/#tab-reviews\" aria-controls=\"tab-reviews\" aria-selected=\"false\"> Valoraciones (0) <\/a><\/li>\n<\/ul>\n<div id=\"tab-description\" class=\"woocommerce-Tabs-panel woocommerce-Tabs-panel--description panel entry-content wc-tab\" role=\"tabpanel\" aria-labelledby=\"tab-title-description\">\n<h3 data-start=\"151\" data-end=\"244\"><strong data-start=\"155\" data-end=\"242\">Biblia Reina Valera 1960 Letra Grande Ultrafina \u2013 Edici\u00f3n Le\u00f3n de Jud\u00e1 en Bronce 3D<\/strong><\/h3>\n<p data-start=\"245\" data-end=\"323\"><strong data-start=\"245\" data-end=\"323\">S\u00edmil Piel | Im\u00e1genes de Tierra Santa | Palabras de Cristo en Rojo | RVR60<\/strong><\/p>\n<p data-start=\"325\" data-end=\"834\">Descubre una Biblia creada para quienes aman la Palabra y desean una edici\u00f3n tan especial como su fe. Esta <strong data-start=\"432\" data-end=\"483\">Biblia Reina Valera 1960 letra grande ultrafina<\/strong> destaca por su presentaci\u00f3n conmemorativa: una <strong data-start=\"531\" data-end=\"588\">portada en relieve 3D del Le\u00f3n de Jud\u00e1 en tono bronce<\/strong>, s\u00edmbolo de autoridad, promesa y esperanza. Su encuadernaci\u00f3n en <strong data-start=\"654\" data-end=\"679\">s\u00edmil piel resistente<\/strong>, su formato ligero y su dise\u00f1o elegante la convierten en una pieza ideal para lectura diaria, estudio b\u00edblico, uso en iglesia o como regalo significativo.<\/p>\n<p data-start=\"836\" data-end=\"1044\">Adem\u00e1s, incluye <strong data-start=\"852\" data-end=\"908\">16 p\u00e1ginas a todo color con im\u00e1genes de Tierra Santa<\/strong>, palabras de Cristo en rojo y contenido exclusivo que invita a orar por Israel. Todo pensado para enriquecer tu experiencia espiritual.<\/p>\n<hr data-start=\"1046\" data-end=\"1049\" \/>\n<h3 data-start=\"1051\" data-end=\"1088\"><img decoding=\"async\" class=\"emoji\" role=\"img\" draggable=\"false\" src=\"https:\/\/s.w.org\/images\/core\/emoji\/17.0.2\/svg\/2b50.svg\" alt=\"\u2b50\" \/> <strong data-start=\"1057\" data-end=\"1088\">Caracter\u00edsticas principales<\/strong><\/h3>\n<ul data-start=\"1089\" data-end=\"1630\">\n<li data-start=\"1089\" data-end=\"1154\">\n<p data-start=\"1091\" data-end=\"1154\"><strong data-start=\"1091\" data-end=\"1118\">Letra grande (10.5 pts)<\/strong> para una lectura c\u00f3moda y fluida.<\/p>\n<\/li>\n<li data-start=\"1155\" data-end=\"1220\">\n<p data-start=\"1157\" data-end=\"1220\"><strong data-start=\"1157\" data-end=\"1180\">Ultrafina y liviana<\/strong>, perfecta para llevar a todas partes.<\/p>\n<\/li>\n<li data-start=\"1221\" data-end=\"1289\">\n<p data-start=\"1223\" data-end=\"1289\"><strong data-start=\"1223\" data-end=\"1258\">\u00cdndice e \u00edndice de concordancia<\/strong>, ideal para estudio b\u00edblico.<\/p>\n<\/li>\n<li data-start=\"1290\" data-end=\"1351\">\n<p data-start=\"1292\" data-end=\"1351\"><strong data-start=\"1292\" data-end=\"1321\">Palabras de Jes\u00fas en rojo<\/strong>, resaltando sus ense\u00f1anzas.<\/p>\n<\/li>\n<li data-start=\"1352\" data-end=\"1425\">\n<p data-start=\"1354\" data-end=\"1425\"><strong data-start=\"1354\" data-end=\"1392\">16 p\u00e1ginas a color de Tierra Santa<\/strong>, llenas de inspiraci\u00f3n visual.<\/p>\n<\/li>\n<li data-start=\"1426\" data-end=\"1500\">\n<p data-start=\"1428\" data-end=\"1500\"><strong data-start=\"1428\" data-end=\"1466\">M\u00e1s de 10.000 referencias cruzadas<\/strong> que profundizan tu comprensi\u00f3n.<\/p>\n<\/li>\n<li data-start=\"1501\" data-end=\"1570\">\n<p data-start=\"1503\" data-end=\"1570\"><strong data-start=\"1503\" data-end=\"1530\">P\u00e1gina para dedicatoria<\/strong>, cinta marcadora y plan de salvaci\u00f3n.<\/p>\n<\/li>\n<li data-start=\"1571\" data-end=\"1630\">\n<p data-start=\"1573\" data-end=\"1630\"><strong data-start=\"1573\" data-end=\"1630\">Contenido especial de apoyo e intercesi\u00f3n por Israel.<\/strong><\/p>\n<\/li>\n<\/ul>\n<hr data-start=\"1632\" data-end=\"1635\" \/>\n<h3 data-start=\"1637\" data-end=\"1669\"><img decoding=\"async\" class=\"emoji\" role=\"img\" draggable=\"false\" src=\"https:\/\/s.w.org\/images\/core\/emoji\/17.0.2\/svg\/1f4d8.svg\" alt=\"\ud83d\udcd8\" \/> <strong data-start=\"1644\" data-end=\"1669\">Detalles del producto<\/strong><\/h3>\n<ul data-start=\"1670\" data-end=\"2039\">\n<li data-start=\"1670\" data-end=\"1728\">\n<p data-start=\"1672\" data-end=\"1728\">Tama\u00f1o: <strong data-start=\"1680\" data-end=\"1701\">13.6 cm \u00d7 20.3 cm<\/strong> (5 3\/8 x 8 3\/8 pulgadas)<\/p>\n<\/li>\n<li data-start=\"1729\" data-end=\"1750\">\n<p data-start=\"1731\" data-end=\"1750\"><strong data-start=\"1731\" data-end=\"1748\">1.216 p\u00e1ginas<\/strong><\/p>\n<\/li>\n<li data-start=\"1751\" data-end=\"1823\">\n<p data-start=\"1753\" data-end=\"1823\">Encuadernaci\u00f3n: <strong data-start=\"1769\" data-end=\"1821\">S\u00edmil piel en tono bronce, resistente y duradera<\/strong><\/p>\n<\/li>\n<li data-start=\"1824\" data-end=\"1869\">\n<p data-start=\"1826\" data-end=\"1869\">Dimensiones de cat\u00e1logo: <strong data-start=\"1851\" data-end=\"1867\">157 \u00d7 232 mm<\/strong><\/p>\n<\/li>\n<li data-start=\"1870\" data-end=\"1912\">\n<p data-start=\"1872\" data-end=\"1912\">Versi\u00f3n: <strong data-start=\"1881\" data-end=\"1910\">RVR60 \u2013 Reina Valera 1960<\/strong><\/p>\n<\/li>\n<li data-start=\"1913\" data-end=\"1948\">\n<p data-start=\"1915\" data-end=\"1948\">Tipo de letra: <strong data-start=\"1930\" data-end=\"1946\">Letra Grande<\/strong><\/p>\n<\/li>\n<li data-start=\"1949\" data-end=\"1976\">\n<p data-start=\"1951\" data-end=\"1976\">ISBN: <strong data-start=\"1957\" data-end=\"1974\">9798890980076<\/strong><\/p>\n<\/li>\n<li data-start=\"1977\" data-end=\"2017\">\n<p data-start=\"1979\" data-end=\"2017\">Fecha de lanzamiento: <strong data-start=\"2001\" data-end=\"2015\">04.11.2025<\/strong><\/p>\n<\/li>\n<li data-start=\"2018\" data-end=\"2039\">\n<p data-start=\"2020\" data-end=\"2039\">Idioma: <strong data-start=\"2028\" data-end=\"2039\">Espa\u00f1ol<\/strong><\/p>\n<\/li>\n<\/ul>\n<hr data-start=\"2041\" data-end=\"2044\" \/>\n<h3 data-start=\"2046\" data-end=\"2079\"><img decoding=\"async\" class=\"emoji\" role=\"img\" draggable=\"false\" src=\"https:\/\/s.w.org\/images\/core\/emoji\/17.0.2\/svg\/1f381.svg\" alt=\"\ud83c\udf81\" \/> <strong data-start=\"2053\" data-end=\"2079\">Ideal para regalar en:<\/strong><\/h3>\n<ul data-start=\"2080\" data-end=\"2199\">\n<li data-start=\"2080\" data-end=\"2091\">\n<p data-start=\"2082\" data-end=\"2091\">Navidad<\/p>\n<\/li>\n<li data-start=\"2092\" data-end=\"2106\">\n<p data-start=\"2094\" data-end=\"2106\">Cumplea\u00f1os<\/p>\n<\/li>\n<li data-start=\"2107\" data-end=\"2123\">\n<p data-start=\"2109\" data-end=\"2123\">Aniversarios<\/p>\n<\/li>\n<li data-start=\"2124\" data-end=\"2151\">\n<p data-start=\"2126\" data-end=\"2151\">D\u00eda de la Madre \/ Padre<\/p>\n<\/li>\n<li data-start=\"2152\" data-end=\"2199\">\n<p data-start=\"2154\" data-end=\"2199\">Bautizos, discipulados y eventos de iglesia<\/p>\n<\/li>\n<\/ul>\n<hr data-start=\"2201\" data-end=\"2204\" \/>\n<h3 data-start=\"2206\" data-end=\"2365\"><strong data-start=\"2210\" data-end=\"2273\">Una Biblia elegante, completa y profundamente significativa<\/strong>, creada para acompa\u00f1arte en tu camino espiritual y para ser un regalo que transforma vidas.<\/h3>\n<\/div>\n","protected":false},"excerpt":{"rendered":"<p>Descripci\u00f3n Valoraciones (0) Biblia Reina Valera 1960 Letra Grande Ultrafina \u2013 Edici\u00f3n Le\u00f3n de Jud\u00e1 en Bronce 3D S\u00edmil Piel | Im\u00e1genes de Tierra Santa | Palabras de Cristo en Rojo | RVR60 Descubre una Biblia creada para quienes aman la Palabra y desean una edici\u00f3n tan especial como su fe. Esta Biblia Reina Valera [&hellip;]<\/p>\n","protected":false},"featured_media":7395,"comment_status":"open","ping_status":"closed","template":"","meta":{"om_disable_all_campaigns":false,"_monsterinsights_skip_tracking":false,"_monsterinsights_sitenote_active":false,"_monsterinsights_sitenote_note":"","_monsterinsights_sitenote_category":0,"site-sidebar-layout":"default","site-content-layout":"","ast-site-content-layout":"default","site-content-style":"default","site-sidebar-style":"default","ast-global-header-display":"","ast-banner-title-visibility":"","ast-main-header-display":"","ast-hfb-above-header-display":"","ast-hfb-below-header-display":"","ast-hfb-mobile-header-display":"","site-post-title":"","ast-breadcrumbs-content":"","ast-featured-img":"","footer-sml-layout":"","ast-disable-related-posts":"","theme-transparent-header-meta":"default","adv-header-id-meta":"","stick-header-meta":"","header-above-stick-meta":"","header-main-stick-meta":"","header-below-stick-meta":"","astra-migrate-meta-layouts":"set","ast-page-background-enabled":"default","ast-page-background-meta":{"desktop":{"background-color":"var(--ast-global-color-4)","background-image":"","background-repeat":"repeat","background-position":"center center","background-size":"auto","background-attachment":"scroll","background-type":"","background-media":"","overlay-type":"","overlay-color":"","overlay-opacity":"","overlay-gradient":""},"tablet":{"background-color":"","background-image":"","background-repeat":"repeat","background-position":"center center","background-size":"auto","background-attachment":"scroll","background-type":"","background-media":"","overlay-type":"","overlay-color":"","overlay-opacity":"","overlay-gradient":""},"mobile":{"background-color":"","background-image":"","background-repeat":"repeat","background-position":"center center","background-size":"auto","background-attachment":"scroll","background-type":"","background-media":"","overlay-type":"","overlay-color":"","overlay-opacity":"","overlay-gradient":""}},"ast-content-background-meta":{"desktop":{"background-color":"var(--ast-global-color-5)","background-image":"","background-repeat":"repeat","background-position":"center center","background-size":"auto","background-attachment":"scroll","background-type":"","background-media":"","overlay-type":"","overlay-color":"","overlay-opacity":"","overlay-gradient":""},"tablet":{"background-color":"var(--ast-global-color-5)","background-image":"","background-repeat":"repeat","background-position":"center center","background-size":"auto","background-attachment":"scroll","background-type":"","background-media":"","overlay-type":"","overlay-color":"","overlay-opacity":"","overlay-gradient":""},"mobile":{"background-color":"var(--ast-global-color-5)","background-image":"","background-repeat":"repeat","background-position":"center center","background-size":"auto","background-attachment":"scroll","background-type":"","background-media":"","overlay-type":"","overlay-color":"","overlay-opacity":"","overlay-gradient":""}}},"product_brand":[],"product_cat":[22,42,177],"product_tag":[],"class_list":{"0":"post-7381","1":"product","2":"type-product","3":"status-publish","4":"has-post-thumbnail","6":"product_cat-biblias","7":"product_cat-biblias-reina-valera","8":"product_cat-letra-grande-rvr","9":"desktop-align-left","10":"tablet-align-left","11":"mobile-align-left","13":"first","14":"instock","15":"shipping-taxable","16":"purchasable","17":"product-type-simple"},"yoast_head":"<!-- This site is optimized with the Yoast SEO plugin v27.4 - https:\/\/yoast.com\/product\/yoast-seo-wordpress\/ -->\n<title>Biblia RVR 1960 Letra grande Edici\u00f3n Le\u00f3n de Jud\u00e1 en Bronce 3D - tzionlibreria.com<\/title>\n<meta name=\"robots\" content=\"index, follow, max-snippet:-1, max-image-preview:large, max-video-preview:-1\" \/>\n<link rel=\"canonical\" href=\"https:\/\/tzionlibreria.com\/index.php\/product\/biblia-rvr-1960-letra-grande-edicion-leon-de-juda-en-bronce-3d\/\" \/>\n<meta property=\"og:locale\" content=\"es_ES\" \/>\n<meta property=\"og:type\" content=\"article\" \/>\n<meta property=\"og:title\" content=\"Biblia RVR 1960 Letra grande Edici\u00f3n Le\u00f3n de Jud\u00e1 en Bronce 3D - tzionlibreria.com\" \/>\n<meta property=\"og:description\" content=\"Descripci\u00f3n Valoraciones (0) Biblia Reina Valera 1960 Letra Grande Ultrafina \u2013 Edici\u00f3n Le\u00f3n de Jud\u00e1 en Bronce 3D S\u00edmil Piel | Im\u00e1genes de Tierra Santa | Palabras de Cristo en Rojo | RVR60 Descubre una Biblia creada para quienes aman la Palabra y desean una edici\u00f3n tan especial como su fe. Esta Biblia Reina Valera [&hellip;]\" \/>\n<meta property=\"og:url\" content=\"https:\/\/tzionlibreria.com\/index.php\/product\/biblia-rvr-1960-letra-grande-edicion-leon-de-juda-en-bronce-3d\/\" \/>\n<meta property=\"og:site_name\" content=\"tzionlibreria.com\" \/>\n<meta property=\"og:image\" content=\"http:\/\/tzionlibreria.com\/wp-content\/uploads\/2026\/03\/bronce.png\" \/>\n\t<meta property=\"og:image:width\" content=\"1200\" \/>\n\t<meta property=\"og:image:height\" content=\"1200\" \/>\n\t<meta property=\"og:image:type\" content=\"image\/png\" \/>\n<meta name=\"twitter:card\" content=\"summary_large_image\" \/>\n<meta name=\"twitter:label1\" content=\"Tiempo de lectura\" \/>\n\t<meta name=\"twitter:data1\" content=\"3 minutos\" \/>\n<script type=\"application\/ld+json\" class=\"yoast-schema-graph\">{\"@context\":\"https:\\\/\\\/schema.org\",\"@graph\":[{\"@type\":\"WebPage\",\"@id\":\"https:\\\/\\\/tzionlibreria.com\\\/index.php\\\/product\\\/biblia-rvr-1960-letra-grande-edicion-leon-de-juda-en-bronce-3d\\\/\",\"url\":\"https:\\\/\\\/tzionlibreria.com\\\/index.php\\\/product\\\/biblia-rvr-1960-letra-grande-edicion-leon-de-juda-en-bronce-3d\\\/\",\"name\":\"Biblia RVR 1960 Letra grande Edici\u00f3n Le\u00f3n de Jud\u00e1 en Bronce 3D - tzionlibreria.com\",\"isPartOf\":{\"@id\":\"https:\\\/\\\/tzionlibreria.com\\\/#website\"},\"primaryImageOfPage\":{\"@id\":\"https:\\\/\\\/tzionlibreria.com\\\/index.php\\\/product\\\/biblia-rvr-1960-letra-grande-edicion-leon-de-juda-en-bronce-3d\\\/#primaryimage\"},\"image\":{\"@id\":\"https:\\\/\\\/tzionlibreria.com\\\/index.php\\\/product\\\/biblia-rvr-1960-letra-grande-edicion-leon-de-juda-en-bronce-3d\\\/#primaryimage\"},\"thumbnailUrl\":\"https:\\\/\\\/tzionlibreria.com\\\/wp-content\\\/uploads\\\/2026\\\/03\\\/bronce.png\",\"datePublished\":\"2026-03-12T17:15:30+00:00\",\"breadcrumb\":{\"@id\":\"https:\\\/\\\/tzionlibreria.com\\\/index.php\\\/product\\\/biblia-rvr-1960-letra-grande-edicion-leon-de-juda-en-bronce-3d\\\/#breadcrumb\"},\"inLanguage\":\"es-CO\",\"potentialAction\":[{\"@type\":\"ReadAction\",\"target\":[\"https:\\\/\\\/tzionlibreria.com\\\/index.php\\\/product\\\/biblia-rvr-1960-letra-grande-edicion-leon-de-juda-en-bronce-3d\\\/\"]}]},{\"@type\":\"ImageObject\",\"inLanguage\":\"es-CO\",\"@id\":\"https:\\\/\\\/tzionlibreria.com\\\/index.php\\\/product\\\/biblia-rvr-1960-letra-grande-edicion-leon-de-juda-en-bronce-3d\\\/#primaryimage\",\"url\":\"https:\\\/\\\/tzionlibreria.com\\\/wp-content\\\/uploads\\\/2026\\\/03\\\/bronce.png\",\"contentUrl\":\"https:\\\/\\\/tzionlibreria.com\\\/wp-content\\\/uploads\\\/2026\\\/03\\\/bronce.png\",\"width\":1200,\"height\":1200},{\"@type\":\"BreadcrumbList\",\"@id\":\"https:\\\/\\\/tzionlibreria.com\\\/index.php\\\/product\\\/biblia-rvr-1960-letra-grande-edicion-leon-de-juda-en-bronce-3d\\\/#breadcrumb\",\"itemListElement\":[{\"@type\":\"ListItem\",\"position\":1,\"name\":\"Inicio\",\"item\":\"https:\\\/\\\/tzionlibreria.com\\\/\"},{\"@type\":\"ListItem\",\"position\":2,\"name\":\"Shop\",\"item\":\"https:\\\/\\\/tzionlibreria.com\\\/index.php\\\/shop\\\/\"},{\"@type\":\"ListItem\",\"position\":3,\"name\":\"Biblia RVR 1960 Letra grande Edici\u00f3n Le\u00f3n de Jud\u00e1 en Bronce 3D\"}]},{\"@type\":\"WebSite\",\"@id\":\"https:\\\/\\\/tzionlibreria.com\\\/#website\",\"url\":\"https:\\\/\\\/tzionlibreria.com\\\/\",\"name\":\"tzionlibreria.com\",\"description\":\"Libreria Cristiana Venezuela\",\"publisher\":{\"@id\":\"https:\\\/\\\/tzionlibreria.com\\\/#organization\"},\"potentialAction\":[{\"@type\":\"SearchAction\",\"target\":{\"@type\":\"EntryPoint\",\"urlTemplate\":\"https:\\\/\\\/tzionlibreria.com\\\/?s={search_term_string}\"},\"query-input\":{\"@type\":\"PropertyValueSpecification\",\"valueRequired\":true,\"valueName\":\"search_term_string\"}}],\"inLanguage\":\"es-CO\"},{\"@type\":\"Organization\",\"@id\":\"https:\\\/\\\/tzionlibreria.com\\\/#organization\",\"name\":\"tzionlibreria.com\",\"url\":\"https:\\\/\\\/tzionlibreria.com\\\/\",\"logo\":{\"@type\":\"ImageObject\",\"inLanguage\":\"es-CO\",\"@id\":\"https:\\\/\\\/tzionlibreria.com\\\/#\\\/schema\\\/logo\\\/image\\\/\",\"url\":\"https:\\\/\\\/tzionlibreria.com\\\/wp-content\\\/uploads\\\/2023\\\/10\\\/cropped-Cuadricula-scaled-1.jpg\",\"contentUrl\":\"https:\\\/\\\/tzionlibreria.com\\\/wp-content\\\/uploads\\\/2023\\\/10\\\/cropped-Cuadricula-scaled-1.jpg\",\"width\":2560,\"height\":2560,\"caption\":\"tzionlibreria.com\"},\"image\":{\"@id\":\"https:\\\/\\\/tzionlibreria.com\\\/#\\\/schema\\\/logo\\\/image\\\/\"}}]}<\/script>\n<!-- \/ Yoast SEO plugin. -->","yoast_head_json":{"title":"Biblia RVR 1960 Letra grande Edici\u00f3n Le\u00f3n de Jud\u00e1 en Bronce 3D - tzionlibreria.com","robots":{"index":"index","follow":"follow","max-snippet":"max-snippet:-1","max-image-preview":"max-image-preview:large","max-video-preview":"max-video-preview:-1"},"canonical":"https:\/\/tzionlibreria.com\/index.php\/product\/biblia-rvr-1960-letra-grande-edicion-leon-de-juda-en-bronce-3d\/","og_locale":"es_ES","og_type":"article","og_title":"Biblia RVR 1960 Letra grande Edici\u00f3n Le\u00f3n de Jud\u00e1 en Bronce 3D - tzionlibreria.com","og_description":"Descripci\u00f3n Valoraciones (0) Biblia Reina Valera 1960 Letra Grande Ultrafina \u2013 Edici\u00f3n Le\u00f3n de Jud\u00e1 en Bronce 3D S\u00edmil Piel | Im\u00e1genes de Tierra Santa | Palabras de Cristo en Rojo | RVR60 Descubre una Biblia creada para quienes aman la Palabra y desean una edici\u00f3n tan especial como su fe. Esta Biblia Reina Valera [&hellip;]","og_url":"https:\/\/tzionlibreria.com\/index.php\/product\/biblia-rvr-1960-letra-grande-edicion-leon-de-juda-en-bronce-3d\/","og_site_name":"tzionlibreria.com","og_image":[{"width":1200,"height":1200,"url":"http:\/\/tzionlibreria.com\/wp-content\/uploads\/2026\/03\/bronce.png","type":"image\/png"}],"twitter_card":"summary_large_image","twitter_misc":{"Tiempo de lectura":"3 minutos"},"schema":{"@context":"https:\/\/schema.org","@graph":[{"@type":"WebPage","@id":"https:\/\/tzionlibreria.com\/index.php\/product\/biblia-rvr-1960-letra-grande-edicion-leon-de-juda-en-bronce-3d\/","url":"https:\/\/tzionlibreria.com\/index.php\/product\/biblia-rvr-1960-letra-grande-edicion-leon-de-juda-en-bronce-3d\/","name":"Biblia RVR 1960 Letra grande Edici\u00f3n Le\u00f3n de Jud\u00e1 en Bronce 3D - tzionlibreria.com","isPartOf":{"@id":"https:\/\/tzionlibreria.com\/#website"},"primaryImageOfPage":{"@id":"https:\/\/tzionlibreria.com\/index.php\/product\/biblia-rvr-1960-letra-grande-edicion-leon-de-juda-en-bronce-3d\/#primaryimage"},"image":{"@id":"https:\/\/tzionlibreria.com\/index.php\/product\/biblia-rvr-1960-letra-grande-edicion-leon-de-juda-en-bronce-3d\/#primaryimage"},"thumbnailUrl":"https:\/\/tzionlibreria.com\/wp-content\/uploads\/2026\/03\/bronce.png","datePublished":"2026-03-12T17:15:30+00:00","breadcrumb":{"@id":"https:\/\/tzionlibreria.com\/index.php\/product\/biblia-rvr-1960-letra-grande-edicion-leon-de-juda-en-bronce-3d\/#breadcrumb"},"inLanguage":"es-CO","potentialAction":[{"@type":"ReadAction","target":["https:\/\/tzionlibreria.com\/index.php\/product\/biblia-rvr-1960-letra-grande-edicion-leon-de-juda-en-bronce-3d\/"]}]},{"@type":"ImageObject","inLanguage":"es-CO","@id":"https:\/\/tzionlibreria.com\/index.php\/product\/biblia-rvr-1960-letra-grande-edicion-leon-de-juda-en-bronce-3d\/#primaryimage","url":"https:\/\/tzionlibreria.com\/wp-content\/uploads\/2026\/03\/bronce.png","contentUrl":"https:\/\/tzionlibreria.com\/wp-content\/uploads\/2026\/03\/bronce.png","width":1200,"height":1200},{"@type":"BreadcrumbList","@id":"https:\/\/tzionlibreria.com\/index.php\/product\/biblia-rvr-1960-letra-grande-edicion-leon-de-juda-en-bronce-3d\/#breadcrumb","itemListElement":[{"@type":"ListItem","position":1,"name":"Inicio","item":"https:\/\/tzionlibreria.com\/"},{"@type":"ListItem","position":2,"name":"Shop","item":"https:\/\/tzionlibreria.com\/index.php\/shop\/"},{"@type":"ListItem","position":3,"name":"Biblia RVR 1960 Letra grande Edici\u00f3n Le\u00f3n de Jud\u00e1 en Bronce 3D"}]},{"@type":"WebSite","@id":"https:\/\/tzionlibreria.com\/#website","url":"https:\/\/tzionlibreria.com\/","name":"tzionlibreria.com","description":"Libreria Cristiana Venezuela","publisher":{"@id":"https:\/\/tzionlibreria.com\/#organization"},"potentialAction":[{"@type":"SearchAction","target":{"@type":"EntryPoint","urlTemplate":"https:\/\/tzionlibreria.com\/?s={search_term_string}"},"query-input":{"@type":"PropertyValueSpecification","valueRequired":true,"valueName":"search_term_string"}}],"inLanguage":"es-CO"},{"@type":"Organization","@id":"https:\/\/tzionlibreria.com\/#organization","name":"tzionlibreria.com","url":"https:\/\/tzionlibreria.com\/","logo":{"@type":"ImageObject","inLanguage":"es-CO","@id":"https:\/\/tzionlibreria.com\/#\/schema\/logo\/image\/","url":"https:\/\/tzionlibreria.com\/wp-content\/uploads\/2023\/10\/cropped-Cuadricula-scaled-1.jpg","contentUrl":"https:\/\/tzionlibreria.com\/wp-content\/uploads\/2023\/10\/cropped-Cuadricula-scaled-1.jpg","width":2560,"height":2560,"caption":"tzionlibreria.com"},"image":{"@id":"https:\/\/tzionlibreria.com\/#\/schema\/logo\/image\/"}}]}},"jetpack_sharing_enabled":true,"_links":{"self":[{"href":"https:\/\/tzionlibreria.com\/index.php\/wp-json\/wp\/v2\/product\/7381","targetHints":{"allow":["GET"]}}],"collection":[{"href":"https:\/\/tzionlibreria.com\/index.php\/wp-json\/wp\/v2\/product"}],"about":[{"href":"https:\/\/tzionlibreria.com\/index.php\/wp-json\/wp\/v2\/types\/product"}],"replies":[{"embeddable":true,"href":"https:\/\/tzionlibreria.com\/index.php\/wp-json\/wp\/v2\/comments?post=7381"}],"wp:featuredmedia":[{"embeddable":true,"href":"https:\/\/tzionlibreria.com\/index.php\/wp-json\/wp\/v2\/media\/7395"}],"wp:attachment":[{"href":"https:\/\/tzionlibreria.com\/index.php\/wp-json\/wp\/v2\/media?parent=7381"}],"wp:term":[{"taxonomy":"product_brand","embeddable":true,"href":"https:\/\/tzionlibreria.com\/index.php\/wp-json\/wp\/v2\/product_brand?post=7381"},{"taxonomy":"product_cat","embeddable":true,"href":"https:\/\/tzionlibreria.com\/index.php\/wp-json\/wp\/v2\/product_cat?post=7381"},{"taxonomy":"product_tag","embeddable":true,"href":"https:\/\/tzionlibreria.com\/index.php\/wp-json\/wp\/v2\/product_tag?post=7381"}],"curies":[{"name":"wp","href":"https:\/\/api.w.org\/{rel}","templated":true}]}}