{"id":7420,"date":"2026-03-12T18:54:17","date_gmt":"2026-03-12T18:54:17","guid":{"rendered":"https:\/\/tzionlibreria.com\/?post_type=product&#038;p=7420"},"modified":"2026-03-22T21:33:20","modified_gmt":"2026-03-22T21:33:20","slug":"biblia-rvr-letra-grande-12-pts-turquesa-indice-cierre-manija","status":"publish","type":"product","link":"https:\/\/tzionlibreria.com\/index.php\/product\/biblia-rvr-letra-grande-12-pts-turquesa-indice-cierre-manija\/","title":{"rendered":"Biblia RVR Letra Grande 12 pts Turquesa Indice Cierre Manija"},"content":{"rendered":"<ul class=\"tabs wc-tabs\" role=\"tablist\">\n<li id=\"tab-title-reviews\" class=\"reviews_tab\" role=\"presentation\"><\/li>\n<\/ul>\n<div id=\"tab-description\" class=\"woocommerce-Tabs-panel woocommerce-Tabs-panel--description panel entry-content wc-tab\" role=\"tabpanel\" aria-labelledby=\"tab-title-description\">\n<h6 data-start=\"121\" data-end=\"180\"><img decoding=\"async\" class=\"emoji\" role=\"img\" draggable=\"false\" src=\"https:\/\/s.w.org\/images\/core\/emoji\/17.0.2\/svg\/1f4d6.svg\" alt=\"\ud83d\udcd6\" \/> Biblia de Z\u00edper Pretty Turquesa \u2013 Reina-Valera 1960<\/h6>\n<h6 data-start=\"181\" data-end=\"207\">Letra Grande 12 Puntos<\/h6>\n<p data-start=\"209\" data-end=\"264\">Frescura en el dise\u00f1o. Profundidad en la Palabra. <img decoding=\"async\" class=\"emoji\" role=\"img\" draggable=\"false\" src=\"https:\/\/s.w.org\/images\/core\/emoji\/17.0.2\/svg\/1f49a.svg\" alt=\"\ud83d\udc9a\" \/><img decoding=\"async\" class=\"emoji\" role=\"img\" draggable=\"false\" src=\"https:\/\/s.w.org\/images\/core\/emoji\/17.0.2\/svg\/2728.svg\" alt=\"\u2728\" \/><\/p>\n<p data-start=\"266\" data-end=\"423\">La <strong data-start=\"269\" data-end=\"297\">Biblia Reina-Valera 1960<\/strong> es la traducci\u00f3n cl\u00e1sica del pueblo evang\u00e9lico en el mundo hispanohablante, reconocida por su fidelidad y estilo tradicional.<\/p>\n<p data-start=\"425\" data-end=\"611\">Esta edici\u00f3n <strong data-start=\"438\" data-end=\"457\">Pretty Turquesa<\/strong> combina elegancia, practicidad y excelente legibilidad gracias a su <strong data-start=\"526\" data-end=\"555\">letra grande de 12 puntos<\/strong>, ideal para una lectura c\u00f3moda sin perder portabilidad.<\/p>\n<hr data-start=\"613\" data-end=\"616\" \/>\n<h6 data-start=\"618\" data-end=\"649\"><img decoding=\"async\" class=\"emoji\" role=\"img\" draggable=\"false\" src=\"https:\/\/s.w.org\/images\/core\/emoji\/17.0.2\/svg\/2728.svg\" alt=\"\u2728\" \/> Caracter\u00edsticas destacadas<\/h6>\n<p data-start=\"651\" data-end=\"994\"><img decoding=\"async\" class=\"emoji\" role=\"img\" draggable=\"false\" src=\"https:\/\/s.w.org\/images\/core\/emoji\/17.0.2\/svg\/2714.svg\" alt=\"\u2714\" \/> Versi\u00f3n: Reina-Valera 1960<br data-start=\"679\" data-end=\"682\" \/><img decoding=\"async\" class=\"emoji\" role=\"img\" draggable=\"false\" src=\"https:\/\/s.w.org\/images\/core\/emoji\/17.0.2\/svg\/2714.svg\" alt=\"\u2714\" \/> Letra grande: 12 puntos<br data-start=\"707\" data-end=\"710\" \/><img decoding=\"async\" class=\"emoji\" role=\"img\" draggable=\"false\" src=\"https:\/\/s.w.org\/images\/core\/emoji\/17.0.2\/svg\/2714.svg\" alt=\"\u2714\" \/> Cubierta en imitaci\u00f3n piel de alta calidad<br data-start=\"754\" data-end=\"757\" \/><img decoding=\"async\" class=\"emoji\" role=\"img\" draggable=\"false\" src=\"https:\/\/s.w.org\/images\/core\/emoji\/17.0.2\/svg\/2714.svg\" alt=\"\u2714\" \/> Dise\u00f1o original en tono turquesa<br data-start=\"791\" data-end=\"794\" \/><img decoding=\"async\" class=\"emoji\" role=\"img\" draggable=\"false\" src=\"https:\/\/s.w.org\/images\/core\/emoji\/17.0.2\/svg\/2714.svg\" alt=\"\u2714\" \/> Con cierre (z\u00edper)<br data-start=\"814\" data-end=\"817\" \/><img decoding=\"async\" class=\"emoji\" role=\"img\" draggable=\"false\" src=\"https:\/\/s.w.org\/images\/core\/emoji\/17.0.2\/svg\/2714.svg\" alt=\"\u2714\" \/> Con \u00edndice lateral<br data-start=\"837\" data-end=\"840\" \/><img decoding=\"async\" class=\"emoji\" role=\"img\" draggable=\"false\" src=\"https:\/\/s.w.org\/images\/core\/emoji\/17.0.2\/svg\/2714.svg\" alt=\"\u2714\" \/> Canto pintado<br data-start=\"855\" data-end=\"858\" \/><img decoding=\"async\" class=\"emoji\" role=\"img\" draggable=\"false\" src=\"https:\/\/s.w.org\/images\/core\/emoji\/17.0.2\/svg\/2714.svg\" alt=\"\u2714\" \/> Tipograf\u00eda clara y legible<br data-start=\"886\" data-end=\"889\" \/><img decoding=\"async\" class=\"emoji\" role=\"img\" draggable=\"false\" src=\"https:\/\/s.w.org\/images\/core\/emoji\/17.0.2\/svg\/2714.svg\" alt=\"\u2714\" \/> Palabras de Jes\u00fas en rojo<br data-start=\"916\" data-end=\"919\" \/><img decoding=\"async\" class=\"emoji\" role=\"img\" draggable=\"false\" src=\"https:\/\/s.w.org\/images\/core\/emoji\/17.0.2\/svg\/2714.svg\" alt=\"\u2714\" \/> Notas y referencias cruzadas a pie de p\u00e1gina<br data-start=\"965\" data-end=\"968\" \/><img decoding=\"async\" class=\"emoji\" role=\"img\" draggable=\"false\" src=\"https:\/\/s.w.org\/images\/core\/emoji\/17.0.2\/svg\/2714.svg\" alt=\"\u2714\" \/> P\u00e1gina de presentaci\u00f3n<\/p>\n<hr data-start=\"996\" data-end=\"999\" \/>\n<h6 data-start=\"1001\" data-end=\"1030\"><img decoding=\"async\" class=\"emoji\" role=\"img\" draggable=\"false\" src=\"https:\/\/s.w.org\/images\/core\/emoji\/17.0.2\/svg\/1f4da.svg\" alt=\"\ud83d\udcda\" \/> Herramientas de estudio<\/h6>\n<p data-start=\"1032\" data-end=\"1196\"><img decoding=\"async\" class=\"emoji\" role=\"img\" draggable=\"false\" src=\"https:\/\/s.w.org\/images\/core\/emoji\/17.0.2\/svg\/2714.svg\" alt=\"\u2714\" \/> Concordancia amplia de 120 p\u00e1ginas<br data-start=\"1068\" data-end=\"1071\" \/><img decoding=\"async\" class=\"emoji\" role=\"img\" draggable=\"false\" src=\"https:\/\/s.w.org\/images\/core\/emoji\/17.0.2\/svg\/2714.svg\" alt=\"\u2714\" \/> Concordancia adicional de personajes b\u00edblicos<br data-start=\"1118\" data-end=\"1121\" \/><img decoding=\"async\" class=\"emoji\" role=\"img\" draggable=\"false\" src=\"https:\/\/s.w.org\/images\/core\/emoji\/17.0.2\/svg\/2714.svg\" alt=\"\u2714\" \/> 32 p\u00e1ginas a todo color con ayudas y esquemas<br data-start=\"1168\" data-end=\"1171\" \/><img decoding=\"async\" class=\"emoji\" role=\"img\" draggable=\"false\" src=\"https:\/\/s.w.org\/images\/core\/emoji\/17.0.2\/svg\/2714.svg\" alt=\"\u2714\" \/> 12 mapas a todo color<\/p>\n<h6 data-start=\"1198\" data-end=\"1210\">Incluye:<\/h6>\n<ul data-start=\"1212\" data-end=\"1521\">\n<li data-start=\"1212\" data-end=\"1246\">\n<p data-start=\"1214\" data-end=\"1246\">Vers\u00edculos clave de cada libro<\/p>\n<\/li>\n<li data-start=\"1247\" data-end=\"1270\">\n<p data-start=\"1249\" data-end=\"1270\">Genealog\u00eda de Jes\u00fas<\/p>\n<\/li>\n<li data-start=\"1271\" data-end=\"1291\">\n<p data-start=\"1273\" data-end=\"1291\">Fiestas b\u00edblicas<\/p>\n<\/li>\n<li data-start=\"1292\" data-end=\"1319\">\n<p data-start=\"1294\" data-end=\"1319\">Tipolog\u00eda de los Salmos<\/p>\n<\/li>\n<li data-start=\"1320\" data-end=\"1340\">\n<p data-start=\"1322\" data-end=\"1340\">Plano del Templo<\/p>\n<\/li>\n<li data-start=\"1341\" data-end=\"1375\">\n<p data-start=\"1343\" data-end=\"1375\">Cronolog\u00eda de Reyes y Profetas<\/p>\n<\/li>\n<li data-start=\"1376\" data-end=\"1412\">\n<p data-start=\"1378\" data-end=\"1412\">Cuadro de las par\u00e1bolas de Jes\u00fas<\/p>\n<\/li>\n<li data-start=\"1413\" data-end=\"1448\">\n<p data-start=\"1415\" data-end=\"1448\">Cuadro de los milagros de Jes\u00fas<\/p>\n<\/li>\n<li data-start=\"1449\" data-end=\"1470\">\n<p data-start=\"1451\" data-end=\"1470\">Plan de salvaci\u00f3n<\/p>\n<\/li>\n<li data-start=\"1471\" data-end=\"1491\">\n<p data-start=\"1473\" data-end=\"1491\">Promesas de Dios<\/p>\n<\/li>\n<li data-start=\"1492\" data-end=\"1521\">\n<p data-start=\"1494\" data-end=\"1521\">Plan de lectura en un a\u00f1o<\/p>\n<\/li>\n<\/ul>\n<hr data-start=\"1523\" data-end=\"1526\" \/>\n<h6 data-start=\"1528\" data-end=\"1559\"><img decoding=\"async\" class=\"emoji\" role=\"img\" draggable=\"false\" src=\"https:\/\/s.w.org\/images\/core\/emoji\/17.0.2\/svg\/1f4cc.svg\" alt=\"\ud83d\udccc\" \/> Especificaciones t\u00e9cnicas<\/h6>\n<ul data-start=\"1561\" data-end=\"1820\">\n<li data-start=\"1561\" data-end=\"1584\">\n<p data-start=\"1563\" data-end=\"1584\">ISBN: 9798885168809<\/p>\n<\/li>\n<li data-start=\"1585\" data-end=\"1620\">\n<p data-start=\"1587\" data-end=\"1620\">Editorial: ABBA BIBLES<\/p>\n<\/li>\n<li data-start=\"1621\" data-end=\"1650\">\n<p data-start=\"1623\" data-end=\"1650\">Referencia: 9798885168809<\/p>\n<\/li>\n<li data-start=\"1651\" data-end=\"1670\">\n<p data-start=\"1653\" data-end=\"1670\">Idioma: Espa\u00f1ol<\/p>\n<\/li>\n<li data-start=\"1671\" data-end=\"1706\">\n<p data-start=\"1673\" data-end=\"1706\">Dimensiones: 13.8 x 21.2 x 3 cm<\/p>\n<\/li>\n<li data-start=\"1707\" data-end=\"1734\">\n<p data-start=\"1709\" data-end=\"1734\">N\u00famero de p\u00e1ginas: 1648<\/p>\n<\/li>\n<li data-start=\"1735\" data-end=\"1783\">\n<p data-start=\"1737\" data-end=\"1783\">Cubierta: Imitaci\u00f3n piel turquesa con \u00edndice<\/p>\n<\/li>\n<li data-start=\"1784\" data-end=\"1820\">\n<p data-start=\"1786\" data-end=\"1820\">Fecha de lanzamiento: 03.03.2024<\/p>\n<\/li>\n<\/ul>\n<hr data-start=\"1822\" data-end=\"1825\" \/>\n<h6 data-start=\"1827\" data-end=\"1844\"><img decoding=\"async\" class=\"emoji\" role=\"img\" draggable=\"false\" src=\"https:\/\/s.w.org\/images\/core\/emoji\/17.0.2\/svg\/1f33f.svg\" alt=\"\ud83c\udf3f\" \/> Ideal para:<\/h6>\n<ul data-start=\"1846\" data-end=\"2039\">\n<li data-start=\"1846\" data-end=\"1870\">\n<p data-start=\"1848\" data-end=\"1870\">Devocionales diarios<\/p>\n<\/li>\n<li data-start=\"1871\" data-end=\"1917\">\n<p data-start=\"1873\" data-end=\"1917\">Mujeres y j\u00f3venes que aman dise\u00f1os frescos<\/p>\n<\/li>\n<li data-start=\"1918\" data-end=\"1957\">\n<p data-start=\"1920\" data-end=\"1957\">Estudio b\u00edblico personal o en grupo<\/p>\n<\/li>\n<li data-start=\"1958\" data-end=\"1993\">\n<p data-start=\"1960\" data-end=\"1993\">Regalo especial y significativo<\/p>\n<\/li>\n<li data-start=\"1994\" data-end=\"2039\">\n<p data-start=\"1996\" data-end=\"2039\">Llevar a la iglesia, universidad o viajes<\/p>\n<\/li>\n<\/ul>\n<hr data-start=\"2041\" data-end=\"2044\" \/>\n<h6 data-start=\"2046\" data-end=\"2092\"><img decoding=\"async\" class=\"emoji\" role=\"img\" draggable=\"false\" src=\"https:\/\/s.w.org\/images\/core\/emoji\/17.0.2\/svg\/1f49a.svg\" alt=\"\ud83d\udc9a\" \/> Una Biblia pr\u00e1ctica, hermosa y completa.<\/h6>\n<p data-start=\"2094\" data-end=\"2223\">Compacta en tama\u00f1o, grande en claridad y herramientas de estudio.<br data-start=\"2159\" data-end=\"2162\" \/>Lista para acompa\u00f1arte cada d\u00eda en tu crecimiento espiritual.<\/p>\n<\/div>\n","protected":false},"excerpt":{"rendered":"<p>Biblia de Z\u00edper Pretty Turquesa \u2013 Reina-Valera 1960 Letra Grande 12 Puntos Frescura en el dise\u00f1o. Profundidad en la Palabra. La Biblia Reina-Valera 1960 es la traducci\u00f3n cl\u00e1sica del pueblo evang\u00e9lico en el mundo hispanohablante, reconocida por su fidelidad y estilo tradicional. Esta edici\u00f3n Pretty Turquesa combina elegancia, practicidad y excelente legibilidad gracias a su [&hellip;]<\/p>\n","protected":false},"featured_media":7430,"comment_status":"open","ping_status":"closed","template":"","meta":{"om_disable_all_campaigns":false,"_monsterinsights_skip_tracking":false,"_monsterinsights_sitenote_active":false,"_monsterinsights_sitenote_note":"","_monsterinsights_sitenote_category":0,"site-sidebar-layout":"default","site-content-layout":"","ast-site-content-layout":"default","site-content-style":"default","site-sidebar-style":"default","ast-global-header-display":"","ast-banner-title-visibility":"","ast-main-header-display":"","ast-hfb-above-header-display":"","ast-hfb-below-header-display":"","ast-hfb-mobile-header-display":"","site-post-title":"","ast-breadcrumbs-content":"","ast-featured-img":"","footer-sml-layout":"","ast-disable-related-posts":"","theme-transparent-header-meta":"default","adv-header-id-meta":"","stick-header-meta":"","header-above-stick-meta":"","header-main-stick-meta":"","header-below-stick-meta":"","astra-migrate-meta-layouts":"set","ast-page-background-enabled":"default","ast-page-background-meta":{"desktop":{"background-color":"var(--ast-global-color-4)","background-image":"","background-repeat":"repeat","background-position":"center center","background-size":"auto","background-attachment":"scroll","background-type":"","background-media":"","overlay-type":"","overlay-color":"","overlay-opacity":"","overlay-gradient":""},"tablet":{"background-color":"","background-image":"","background-repeat":"repeat","background-position":"center center","background-size":"auto","background-attachment":"scroll","background-type":"","background-media":"","overlay-type":"","overlay-color":"","overlay-opacity":"","overlay-gradient":""},"mobile":{"background-color":"","background-image":"","background-repeat":"repeat","background-position":"center center","background-size":"auto","background-attachment":"scroll","background-type":"","background-media":"","overlay-type":"","overlay-color":"","overlay-opacity":"","overlay-gradient":""}},"ast-content-background-meta":{"desktop":{"background-color":"var(--ast-global-color-5)","background-image":"","background-repeat":"repeat","background-position":"center center","background-size":"auto","background-attachment":"scroll","background-type":"","background-media":"","overlay-type":"","overlay-color":"","overlay-opacity":"","overlay-gradient":""},"tablet":{"background-color":"var(--ast-global-color-5)","background-image":"","background-repeat":"repeat","background-position":"center center","background-size":"auto","background-attachment":"scroll","background-type":"","background-media":"","overlay-type":"","overlay-color":"","overlay-opacity":"","overlay-gradient":""},"mobile":{"background-color":"var(--ast-global-color-5)","background-image":"","background-repeat":"repeat","background-position":"center center","background-size":"auto","background-attachment":"scroll","background-type":"","background-media":"","overlay-type":"","overlay-color":"","overlay-opacity":"","overlay-gradient":""}}},"product_brand":[],"product_cat":[22,42,177],"product_tag":[],"class_list":{"0":"post-7420","1":"product","2":"type-product","3":"status-publish","4":"has-post-thumbnail","6":"product_cat-biblias","7":"product_cat-biblias-reina-valera","8":"product_cat-letra-grande-rvr","9":"desktop-align-left","10":"tablet-align-left","11":"mobile-align-left","13":"first","14":"instock","15":"shipping-taxable","16":"purchasable","17":"product-type-simple"},"yoast_head":"<!-- This site is optimized with the Yoast SEO plugin v27.4 - https:\/\/yoast.com\/product\/yoast-seo-wordpress\/ -->\n<title>Biblia RVR Letra Grande 12 pts Turquesa Indice Cierre Manija - tzionlibreria.com<\/title>\n<meta name=\"robots\" content=\"index, follow, max-snippet:-1, max-image-preview:large, max-video-preview:-1\" \/>\n<link rel=\"canonical\" href=\"https:\/\/tzionlibreria.com\/index.php\/product\/biblia-rvr-letra-grande-12-pts-turquesa-indice-cierre-manija\/\" \/>\n<meta property=\"og:locale\" content=\"es_ES\" \/>\n<meta property=\"og:type\" content=\"article\" \/>\n<meta property=\"og:title\" content=\"Biblia RVR Letra Grande 12 pts Turquesa Indice Cierre Manija - tzionlibreria.com\" \/>\n<meta property=\"og:description\" content=\"Biblia de Z\u00edper Pretty Turquesa \u2013 Reina-Valera 1960 Letra Grande 12 Puntos Frescura en el dise\u00f1o. Profundidad en la Palabra. La Biblia Reina-Valera 1960 es la traducci\u00f3n cl\u00e1sica del pueblo evang\u00e9lico en el mundo hispanohablante, reconocida por su fidelidad y estilo tradicional. Esta edici\u00f3n Pretty Turquesa combina elegancia, practicidad y excelente legibilidad gracias a su [&hellip;]\" \/>\n<meta property=\"og:url\" content=\"https:\/\/tzionlibreria.com\/index.php\/product\/biblia-rvr-letra-grande-12-pts-turquesa-indice-cierre-manija\/\" \/>\n<meta property=\"og:site_name\" content=\"tzionlibreria.com\" \/>\n<meta property=\"article:modified_time\" content=\"2026-03-22T21:33:20+00:00\" \/>\n<meta property=\"og:image\" content=\"http:\/\/tzionlibreria.com\/wp-content\/uploads\/2026\/03\/9798885168809.jpg\" \/>\n\t<meta property=\"og:image:width\" content=\"1200\" \/>\n\t<meta property=\"og:image:height\" content=\"1200\" \/>\n\t<meta property=\"og:image:type\" content=\"image\/jpeg\" \/>\n<meta name=\"twitter:card\" content=\"summary_large_image\" \/>\n<meta name=\"twitter:label1\" content=\"Tiempo de lectura\" \/>\n\t<meta name=\"twitter:data1\" content=\"7 minutos\" \/>\n<script type=\"application\/ld+json\" class=\"yoast-schema-graph\">{\"@context\":\"https:\\\/\\\/schema.org\",\"@graph\":[{\"@type\":\"WebPage\",\"@id\":\"https:\\\/\\\/tzionlibreria.com\\\/index.php\\\/product\\\/biblia-rvr-letra-grande-12-pts-turquesa-indice-cierre-manija\\\/\",\"url\":\"https:\\\/\\\/tzionlibreria.com\\\/index.php\\\/product\\\/biblia-rvr-letra-grande-12-pts-turquesa-indice-cierre-manija\\\/\",\"name\":\"Biblia RVR Letra Grande 12 pts Turquesa Indice Cierre Manija - tzionlibreria.com\",\"isPartOf\":{\"@id\":\"https:\\\/\\\/tzionlibreria.com\\\/#website\"},\"primaryImageOfPage\":{\"@id\":\"https:\\\/\\\/tzionlibreria.com\\\/index.php\\\/product\\\/biblia-rvr-letra-grande-12-pts-turquesa-indice-cierre-manija\\\/#primaryimage\"},\"image\":{\"@id\":\"https:\\\/\\\/tzionlibreria.com\\\/index.php\\\/product\\\/biblia-rvr-letra-grande-12-pts-turquesa-indice-cierre-manija\\\/#primaryimage\"},\"thumbnailUrl\":\"https:\\\/\\\/tzionlibreria.com\\\/wp-content\\\/uploads\\\/2026\\\/03\\\/9798885168809.jpg\",\"datePublished\":\"2026-03-12T18:54:17+00:00\",\"dateModified\":\"2026-03-22T21:33:20+00:00\",\"breadcrumb\":{\"@id\":\"https:\\\/\\\/tzionlibreria.com\\\/index.php\\\/product\\\/biblia-rvr-letra-grande-12-pts-turquesa-indice-cierre-manija\\\/#breadcrumb\"},\"inLanguage\":\"es-CO\",\"potentialAction\":[{\"@type\":\"ReadAction\",\"target\":[\"https:\\\/\\\/tzionlibreria.com\\\/index.php\\\/product\\\/biblia-rvr-letra-grande-12-pts-turquesa-indice-cierre-manija\\\/\"]}]},{\"@type\":\"ImageObject\",\"inLanguage\":\"es-CO\",\"@id\":\"https:\\\/\\\/tzionlibreria.com\\\/index.php\\\/product\\\/biblia-rvr-letra-grande-12-pts-turquesa-indice-cierre-manija\\\/#primaryimage\",\"url\":\"https:\\\/\\\/tzionlibreria.com\\\/wp-content\\\/uploads\\\/2026\\\/03\\\/9798885168809.jpg\",\"contentUrl\":\"https:\\\/\\\/tzionlibreria.com\\\/wp-content\\\/uploads\\\/2026\\\/03\\\/9798885168809.jpg\",\"width\":1200,\"height\":1200},{\"@type\":\"BreadcrumbList\",\"@id\":\"https:\\\/\\\/tzionlibreria.com\\\/index.php\\\/product\\\/biblia-rvr-letra-grande-12-pts-turquesa-indice-cierre-manija\\\/#breadcrumb\",\"itemListElement\":[{\"@type\":\"ListItem\",\"position\":1,\"name\":\"Inicio\",\"item\":\"https:\\\/\\\/tzionlibreria.com\\\/\"},{\"@type\":\"ListItem\",\"position\":2,\"name\":\"Shop\",\"item\":\"https:\\\/\\\/tzionlibreria.com\\\/index.php\\\/shop\\\/\"},{\"@type\":\"ListItem\",\"position\":3,\"name\":\"Biblia RVR Letra Grande 12 pts Turquesa Indice Cierre Manija\"}]},{\"@type\":\"WebSite\",\"@id\":\"https:\\\/\\\/tzionlibreria.com\\\/#website\",\"url\":\"https:\\\/\\\/tzionlibreria.com\\\/\",\"name\":\"tzionlibreria.com\",\"description\":\"Libreria Cristiana Venezuela\",\"publisher\":{\"@id\":\"https:\\\/\\\/tzionlibreria.com\\\/#organization\"},\"potentialAction\":[{\"@type\":\"SearchAction\",\"target\":{\"@type\":\"EntryPoint\",\"urlTemplate\":\"https:\\\/\\\/tzionlibreria.com\\\/?s={search_term_string}\"},\"query-input\":{\"@type\":\"PropertyValueSpecification\",\"valueRequired\":true,\"valueName\":\"search_term_string\"}}],\"inLanguage\":\"es-CO\"},{\"@type\":\"Organization\",\"@id\":\"https:\\\/\\\/tzionlibreria.com\\\/#organization\",\"name\":\"tzionlibreria.com\",\"url\":\"https:\\\/\\\/tzionlibreria.com\\\/\",\"logo\":{\"@type\":\"ImageObject\",\"inLanguage\":\"es-CO\",\"@id\":\"https:\\\/\\\/tzionlibreria.com\\\/#\\\/schema\\\/logo\\\/image\\\/\",\"url\":\"https:\\\/\\\/tzionlibreria.com\\\/wp-content\\\/uploads\\\/2023\\\/10\\\/cropped-Cuadricula-scaled-1.jpg\",\"contentUrl\":\"https:\\\/\\\/tzionlibreria.com\\\/wp-content\\\/uploads\\\/2023\\\/10\\\/cropped-Cuadricula-scaled-1.jpg\",\"width\":2560,\"height\":2560,\"caption\":\"tzionlibreria.com\"},\"image\":{\"@id\":\"https:\\\/\\\/tzionlibreria.com\\\/#\\\/schema\\\/logo\\\/image\\\/\"}}]}<\/script>\n<!-- \/ Yoast SEO plugin. -->","yoast_head_json":{"title":"Biblia RVR Letra Grande 12 pts Turquesa Indice Cierre Manija - tzionlibreria.com","robots":{"index":"index","follow":"follow","max-snippet":"max-snippet:-1","max-image-preview":"max-image-preview:large","max-video-preview":"max-video-preview:-1"},"canonical":"https:\/\/tzionlibreria.com\/index.php\/product\/biblia-rvr-letra-grande-12-pts-turquesa-indice-cierre-manija\/","og_locale":"es_ES","og_type":"article","og_title":"Biblia RVR Letra Grande 12 pts Turquesa Indice Cierre Manija - tzionlibreria.com","og_description":"Biblia de Z\u00edper Pretty Turquesa \u2013 Reina-Valera 1960 Letra Grande 12 Puntos Frescura en el dise\u00f1o. Profundidad en la Palabra. La Biblia Reina-Valera 1960 es la traducci\u00f3n cl\u00e1sica del pueblo evang\u00e9lico en el mundo hispanohablante, reconocida por su fidelidad y estilo tradicional. Esta edici\u00f3n Pretty Turquesa combina elegancia, practicidad y excelente legibilidad gracias a su [&hellip;]","og_url":"https:\/\/tzionlibreria.com\/index.php\/product\/biblia-rvr-letra-grande-12-pts-turquesa-indice-cierre-manija\/","og_site_name":"tzionlibreria.com","article_modified_time":"2026-03-22T21:33:20+00:00","og_image":[{"width":1200,"height":1200,"url":"http:\/\/tzionlibreria.com\/wp-content\/uploads\/2026\/03\/9798885168809.jpg","type":"image\/jpeg"}],"twitter_card":"summary_large_image","twitter_misc":{"Tiempo de lectura":"7 minutos"},"schema":{"@context":"https:\/\/schema.org","@graph":[{"@type":"WebPage","@id":"https:\/\/tzionlibreria.com\/index.php\/product\/biblia-rvr-letra-grande-12-pts-turquesa-indice-cierre-manija\/","url":"https:\/\/tzionlibreria.com\/index.php\/product\/biblia-rvr-letra-grande-12-pts-turquesa-indice-cierre-manija\/","name":"Biblia RVR Letra Grande 12 pts Turquesa Indice Cierre Manija - tzionlibreria.com","isPartOf":{"@id":"https:\/\/tzionlibreria.com\/#website"},"primaryImageOfPage":{"@id":"https:\/\/tzionlibreria.com\/index.php\/product\/biblia-rvr-letra-grande-12-pts-turquesa-indice-cierre-manija\/#primaryimage"},"image":{"@id":"https:\/\/tzionlibreria.com\/index.php\/product\/biblia-rvr-letra-grande-12-pts-turquesa-indice-cierre-manija\/#primaryimage"},"thumbnailUrl":"https:\/\/tzionlibreria.com\/wp-content\/uploads\/2026\/03\/9798885168809.jpg","datePublished":"2026-03-12T18:54:17+00:00","dateModified":"2026-03-22T21:33:20+00:00","breadcrumb":{"@id":"https:\/\/tzionlibreria.com\/index.php\/product\/biblia-rvr-letra-grande-12-pts-turquesa-indice-cierre-manija\/#breadcrumb"},"inLanguage":"es-CO","potentialAction":[{"@type":"ReadAction","target":["https:\/\/tzionlibreria.com\/index.php\/product\/biblia-rvr-letra-grande-12-pts-turquesa-indice-cierre-manija\/"]}]},{"@type":"ImageObject","inLanguage":"es-CO","@id":"https:\/\/tzionlibreria.com\/index.php\/product\/biblia-rvr-letra-grande-12-pts-turquesa-indice-cierre-manija\/#primaryimage","url":"https:\/\/tzionlibreria.com\/wp-content\/uploads\/2026\/03\/9798885168809.jpg","contentUrl":"https:\/\/tzionlibreria.com\/wp-content\/uploads\/2026\/03\/9798885168809.jpg","width":1200,"height":1200},{"@type":"BreadcrumbList","@id":"https:\/\/tzionlibreria.com\/index.php\/product\/biblia-rvr-letra-grande-12-pts-turquesa-indice-cierre-manija\/#breadcrumb","itemListElement":[{"@type":"ListItem","position":1,"name":"Inicio","item":"https:\/\/tzionlibreria.com\/"},{"@type":"ListItem","position":2,"name":"Shop","item":"https:\/\/tzionlibreria.com\/index.php\/shop\/"},{"@type":"ListItem","position":3,"name":"Biblia RVR Letra Grande 12 pts Turquesa Indice Cierre Manija"}]},{"@type":"WebSite","@id":"https:\/\/tzionlibreria.com\/#website","url":"https:\/\/tzionlibreria.com\/","name":"tzionlibreria.com","description":"Libreria Cristiana Venezuela","publisher":{"@id":"https:\/\/tzionlibreria.com\/#organization"},"potentialAction":[{"@type":"SearchAction","target":{"@type":"EntryPoint","urlTemplate":"https:\/\/tzionlibreria.com\/?s={search_term_string}"},"query-input":{"@type":"PropertyValueSpecification","valueRequired":true,"valueName":"search_term_string"}}],"inLanguage":"es-CO"},{"@type":"Organization","@id":"https:\/\/tzionlibreria.com\/#organization","name":"tzionlibreria.com","url":"https:\/\/tzionlibreria.com\/","logo":{"@type":"ImageObject","inLanguage":"es-CO","@id":"https:\/\/tzionlibreria.com\/#\/schema\/logo\/image\/","url":"https:\/\/tzionlibreria.com\/wp-content\/uploads\/2023\/10\/cropped-Cuadricula-scaled-1.jpg","contentUrl":"https:\/\/tzionlibreria.com\/wp-content\/uploads\/2023\/10\/cropped-Cuadricula-scaled-1.jpg","width":2560,"height":2560,"caption":"tzionlibreria.com"},"image":{"@id":"https:\/\/tzionlibreria.com\/#\/schema\/logo\/image\/"}}]}},"jetpack_sharing_enabled":true,"_links":{"self":[{"href":"https:\/\/tzionlibreria.com\/index.php\/wp-json\/wp\/v2\/product\/7420","targetHints":{"allow":["GET"]}}],"collection":[{"href":"https:\/\/tzionlibreria.com\/index.php\/wp-json\/wp\/v2\/product"}],"about":[{"href":"https:\/\/tzionlibreria.com\/index.php\/wp-json\/wp\/v2\/types\/product"}],"replies":[{"embeddable":true,"href":"https:\/\/tzionlibreria.com\/index.php\/wp-json\/wp\/v2\/comments?post=7420"}],"wp:featuredmedia":[{"embeddable":true,"href":"https:\/\/tzionlibreria.com\/index.php\/wp-json\/wp\/v2\/media\/7430"}],"wp:attachment":[{"href":"https:\/\/tzionlibreria.com\/index.php\/wp-json\/wp\/v2\/media?parent=7420"}],"wp:term":[{"taxonomy":"product_brand","embeddable":true,"href":"https:\/\/tzionlibreria.com\/index.php\/wp-json\/wp\/v2\/product_brand?post=7420"},{"taxonomy":"product_cat","embeddable":true,"href":"https:\/\/tzionlibreria.com\/index.php\/wp-json\/wp\/v2\/product_cat?post=7420"},{"taxonomy":"product_tag","embeddable":true,"href":"https:\/\/tzionlibreria.com\/index.php\/wp-json\/wp\/v2\/product_tag?post=7420"}],"curies":[{"name":"wp","href":"https:\/\/api.w.org\/{rel}","templated":true}]}}