{"id":7443,"date":"2026-03-12T19:15:03","date_gmt":"2026-03-12T19:15:03","guid":{"rendered":"https:\/\/tzionlibreria.com\/?post_type=product&#038;p=7443"},"modified":"2026-03-22T21:32:22","modified_gmt":"2026-03-22T21:32:22","slug":"biblia-de-ziper-pretty-lila-flores-rvr-1960-ind-cierre-manija","status":"publish","type":"product","link":"https:\/\/tzionlibreria.com\/index.php\/product\/biblia-de-ziper-pretty-lila-flores-rvr-1960-ind-cierre-manija\/","title":{"rendered":"Biblia de Z\u00edper Pretty Lila Flores Rvr 1960 Ind. Cierre Manija"},"content":{"rendered":"<div id=\"tab-description\" class=\"woocommerce-Tabs-panel woocommerce-Tabs-panel--description panel entry-content wc-tab\" role=\"tabpanel\" aria-labelledby=\"tab-title-description\">\n<h1>Biblia de Z\u00edper Pretty Lila<\/h1>\n<h3>REINA VALERA 1960<\/h3>\n<h3>LETRA GRANDE 12 PUNTOS<\/h3>\n<hr \/>\n<p>La Biblia Reina Valera 1960 es una de las traducciones de la Biblia m\u00e1s reconocidas en el mundo de habla hispana, siendo la traducci\u00f3n cl\u00e1sica del pueblo evang\u00e9lico.<\/p>\n<p><strong>Esta Biblia tiene las siguientes caracter\u00edsticas:<\/strong><\/p>\n<ul>\n<li><strong>\u00cdndice<\/strong><\/li>\n<li><strong>Canto pintado<\/strong><\/li>\n<li><strong>Imitaci\u00f3n de piel de alta calidad<\/strong><\/li>\n<li>Dise\u00f1os originales<\/li>\n<li>Tipograf\u00eda clara<\/li>\n<li>Palabras de Je\u00fas en rojo<\/li>\n<li>Notas a pie de p\u00e1gina<\/li>\n<li>Referencias cruzadas a pie de p\u00e1gina<\/li>\n<li><strong>Concordancia amplia de 120 p\u00e1ginas<\/strong><\/li>\n<li>Concordancia adicional de personajes b\u00edblicos<\/li>\n<li>P\u00e1gina de presentaci\u00f3n<\/li>\n<\/ul>\n<p><strong>32 P\u00e1ginas a todo color con ayudas:<\/strong><\/p>\n<ul>\n<li><strong>Vers\u00edculos clave de cada libro<\/strong><\/li>\n<li>Genealog\u00eda de Jes\u00fas<\/li>\n<li><strong>Fiestas b\u00edblicas<\/strong><\/li>\n<li>Tipolog\u00eda de los salmos<\/li>\n<li><strong>Plano del Templo<\/strong><\/li>\n<li>Cronolog\u00eda de reyes y profetas<\/li>\n<li><strong>Cuadro con las par\u00e1bolas de Jes\u00fas<\/strong><\/li>\n<li>Cuadro con los milagros de Jes\u00fas<\/li>\n<li><strong>Plan de salvaci\u00f3n<\/strong><\/li>\n<li>Promesas de Dios<\/li>\n<li><strong>Plan de lectura en un a\u00f1o<\/strong><\/li>\n<li>12 mapas a todo color<\/li>\n<\/ul>\n<p><strong>ISBN<\/strong>: 9798885168830<\/p>\n<p><strong>Editorial<\/strong>:\u00a0ABBA BIBLES USA INC.<\/p>\n<p><strong>Referencia de producto<\/strong>: 9798885168830<\/p>\n<p><strong>Dimensiones<\/strong>: 138 x 212 x 30 mm<\/p>\n<p><strong>Cubierta<\/strong>: Imitaci\u00f3n piel, con \u00edndice, lila<\/p>\n<p><strong>N\u00famero de p\u00e1ginas<\/strong>: 1648<\/p>\n<p><strong>Fecha de lanzamiento<\/strong>: 03.03.2024<\/p>\n<p><strong>Idioma<\/strong>: Espa\u00f1ol<\/p>\n<\/div>\n","protected":false},"excerpt":{"rendered":"<p>Biblia de Z\u00edper Pretty Lila REINA VALERA 1960 LETRA GRANDE 12 PUNTOS La Biblia Reina Valera 1960 es una de las traducciones de la Biblia m\u00e1s reconocidas en el mundo de habla hispana, siendo la traducci\u00f3n cl\u00e1sica del pueblo evang\u00e9lico. Esta Biblia tiene las siguientes caracter\u00edsticas: \u00cdndice Canto pintado Imitaci\u00f3n de piel de alta calidad [&hellip;]<\/p>\n","protected":false},"featured_media":7453,"comment_status":"open","ping_status":"closed","template":"","meta":{"om_disable_all_campaigns":false,"_monsterinsights_skip_tracking":false,"_monsterinsights_sitenote_active":false,"_monsterinsights_sitenote_note":"","_monsterinsights_sitenote_category":0,"site-sidebar-layout":"default","site-content-layout":"","ast-site-content-layout":"default","site-content-style":"default","site-sidebar-style":"default","ast-global-header-display":"","ast-banner-title-visibility":"","ast-main-header-display":"","ast-hfb-above-header-display":"","ast-hfb-below-header-display":"","ast-hfb-mobile-header-display":"","site-post-title":"","ast-breadcrumbs-content":"","ast-featured-img":"","footer-sml-layout":"","ast-disable-related-posts":"","theme-transparent-header-meta":"default","adv-header-id-meta":"","stick-header-meta":"","header-above-stick-meta":"","header-main-stick-meta":"","header-below-stick-meta":"","astra-migrate-meta-layouts":"set","ast-page-background-enabled":"default","ast-page-background-meta":{"desktop":{"background-color":"var(--ast-global-color-4)","background-image":"","background-repeat":"repeat","background-position":"center center","background-size":"auto","background-attachment":"scroll","background-type":"","background-media":"","overlay-type":"","overlay-color":"","overlay-opacity":"","overlay-gradient":""},"tablet":{"background-color":"","background-image":"","background-repeat":"repeat","background-position":"center center","background-size":"auto","background-attachment":"scroll","background-type":"","background-media":"","overlay-type":"","overlay-color":"","overlay-opacity":"","overlay-gradient":""},"mobile":{"background-color":"","background-image":"","background-repeat":"repeat","background-position":"center center","background-size":"auto","background-attachment":"scroll","background-type":"","background-media":"","overlay-type":"","overlay-color":"","overlay-opacity":"","overlay-gradient":""}},"ast-content-background-meta":{"desktop":{"background-color":"var(--ast-global-color-5)","background-image":"","background-repeat":"repeat","background-position":"center center","background-size":"auto","background-attachment":"scroll","background-type":"","background-media":"","overlay-type":"","overlay-color":"","overlay-opacity":"","overlay-gradient":""},"tablet":{"background-color":"var(--ast-global-color-5)","background-image":"","background-repeat":"repeat","background-position":"center center","background-size":"auto","background-attachment":"scroll","background-type":"","background-media":"","overlay-type":"","overlay-color":"","overlay-opacity":"","overlay-gradient":""},"mobile":{"background-color":"var(--ast-global-color-5)","background-image":"","background-repeat":"repeat","background-position":"center center","background-size":"auto","background-attachment":"scroll","background-type":"","background-media":"","overlay-type":"","overlay-color":"","overlay-opacity":"","overlay-gradient":""}}},"product_brand":[],"product_cat":[22,42,177],"product_tag":[],"class_list":{"0":"post-7443","1":"product","2":"type-product","3":"status-publish","4":"has-post-thumbnail","6":"product_cat-biblias","7":"product_cat-biblias-reina-valera","8":"product_cat-letra-grande-rvr","9":"desktop-align-left","10":"tablet-align-left","11":"mobile-align-left","13":"first","14":"instock","15":"shipping-taxable","16":"purchasable","17":"product-type-simple"},"yoast_head":"<!-- This site is optimized with the Yoast SEO plugin v27.4 - https:\/\/yoast.com\/product\/yoast-seo-wordpress\/ -->\n<title>Biblia de Z\u00edper Pretty Lila Flores Rvr 1960 Ind. Cierre Manija - tzionlibreria.com<\/title>\n<meta name=\"robots\" content=\"index, follow, max-snippet:-1, max-image-preview:large, max-video-preview:-1\" \/>\n<link rel=\"canonical\" href=\"https:\/\/tzionlibreria.com\/index.php\/product\/biblia-de-ziper-pretty-lila-flores-rvr-1960-ind-cierre-manija\/\" \/>\n<meta property=\"og:locale\" content=\"es_ES\" \/>\n<meta property=\"og:type\" content=\"article\" \/>\n<meta property=\"og:title\" content=\"Biblia de Z\u00edper Pretty Lila Flores Rvr 1960 Ind. Cierre Manija - tzionlibreria.com\" \/>\n<meta property=\"og:description\" content=\"Biblia de Z\u00edper Pretty Lila REINA VALERA 1960 LETRA GRANDE 12 PUNTOS La Biblia Reina Valera 1960 es una de las traducciones de la Biblia m\u00e1s reconocidas en el mundo de habla hispana, siendo la traducci\u00f3n cl\u00e1sica del pueblo evang\u00e9lico. Esta Biblia tiene las siguientes caracter\u00edsticas: \u00cdndice Canto pintado Imitaci\u00f3n de piel de alta calidad [&hellip;]\" \/>\n<meta property=\"og:url\" content=\"https:\/\/tzionlibreria.com\/index.php\/product\/biblia-de-ziper-pretty-lila-flores-rvr-1960-ind-cierre-manija\/\" \/>\n<meta property=\"og:site_name\" content=\"tzionlibreria.com\" \/>\n<meta property=\"article:modified_time\" content=\"2026-03-22T21:32:22+00:00\" \/>\n<meta property=\"og:image\" content=\"http:\/\/tzionlibreria.com\/wp-content\/uploads\/2026\/03\/9798885168830.jpg\" \/>\n\t<meta property=\"og:image:width\" content=\"1200\" \/>\n\t<meta property=\"og:image:height\" content=\"1200\" \/>\n\t<meta property=\"og:image:type\" content=\"image\/jpeg\" \/>\n<meta name=\"twitter:card\" content=\"summary_large_image\" \/>\n<meta name=\"twitter:label1\" content=\"Tiempo de lectura\" \/>\n\t<meta name=\"twitter:data1\" content=\"2 minutos\" \/>\n<script type=\"application\/ld+json\" class=\"yoast-schema-graph\">{\"@context\":\"https:\\\/\\\/schema.org\",\"@graph\":[{\"@type\":\"WebPage\",\"@id\":\"https:\\\/\\\/tzionlibreria.com\\\/index.php\\\/product\\\/biblia-de-ziper-pretty-lila-flores-rvr-1960-ind-cierre-manija\\\/\",\"url\":\"https:\\\/\\\/tzionlibreria.com\\\/index.php\\\/product\\\/biblia-de-ziper-pretty-lila-flores-rvr-1960-ind-cierre-manija\\\/\",\"name\":\"Biblia de Z\u00edper Pretty Lila Flores Rvr 1960 Ind. Cierre Manija - tzionlibreria.com\",\"isPartOf\":{\"@id\":\"https:\\\/\\\/tzionlibreria.com\\\/#website\"},\"primaryImageOfPage\":{\"@id\":\"https:\\\/\\\/tzionlibreria.com\\\/index.php\\\/product\\\/biblia-de-ziper-pretty-lila-flores-rvr-1960-ind-cierre-manija\\\/#primaryimage\"},\"image\":{\"@id\":\"https:\\\/\\\/tzionlibreria.com\\\/index.php\\\/product\\\/biblia-de-ziper-pretty-lila-flores-rvr-1960-ind-cierre-manija\\\/#primaryimage\"},\"thumbnailUrl\":\"https:\\\/\\\/tzionlibreria.com\\\/wp-content\\\/uploads\\\/2026\\\/03\\\/9798885168830.jpg\",\"datePublished\":\"2026-03-12T19:15:03+00:00\",\"dateModified\":\"2026-03-22T21:32:22+00:00\",\"breadcrumb\":{\"@id\":\"https:\\\/\\\/tzionlibreria.com\\\/index.php\\\/product\\\/biblia-de-ziper-pretty-lila-flores-rvr-1960-ind-cierre-manija\\\/#breadcrumb\"},\"inLanguage\":\"es-CO\",\"potentialAction\":[{\"@type\":\"ReadAction\",\"target\":[\"https:\\\/\\\/tzionlibreria.com\\\/index.php\\\/product\\\/biblia-de-ziper-pretty-lila-flores-rvr-1960-ind-cierre-manija\\\/\"]}]},{\"@type\":\"ImageObject\",\"inLanguage\":\"es-CO\",\"@id\":\"https:\\\/\\\/tzionlibreria.com\\\/index.php\\\/product\\\/biblia-de-ziper-pretty-lila-flores-rvr-1960-ind-cierre-manija\\\/#primaryimage\",\"url\":\"https:\\\/\\\/tzionlibreria.com\\\/wp-content\\\/uploads\\\/2026\\\/03\\\/9798885168830.jpg\",\"contentUrl\":\"https:\\\/\\\/tzionlibreria.com\\\/wp-content\\\/uploads\\\/2026\\\/03\\\/9798885168830.jpg\",\"width\":1200,\"height\":1200},{\"@type\":\"BreadcrumbList\",\"@id\":\"https:\\\/\\\/tzionlibreria.com\\\/index.php\\\/product\\\/biblia-de-ziper-pretty-lila-flores-rvr-1960-ind-cierre-manija\\\/#breadcrumb\",\"itemListElement\":[{\"@type\":\"ListItem\",\"position\":1,\"name\":\"Inicio\",\"item\":\"https:\\\/\\\/tzionlibreria.com\\\/\"},{\"@type\":\"ListItem\",\"position\":2,\"name\":\"Shop\",\"item\":\"https:\\\/\\\/tzionlibreria.com\\\/index.php\\\/shop\\\/\"},{\"@type\":\"ListItem\",\"position\":3,\"name\":\"Biblia de Z\u00edper Pretty Lila Flores Rvr 1960 Ind. Cierre Manija\"}]},{\"@type\":\"WebSite\",\"@id\":\"https:\\\/\\\/tzionlibreria.com\\\/#website\",\"url\":\"https:\\\/\\\/tzionlibreria.com\\\/\",\"name\":\"tzionlibreria.com\",\"description\":\"Libreria Cristiana Venezuela\",\"publisher\":{\"@id\":\"https:\\\/\\\/tzionlibreria.com\\\/#organization\"},\"potentialAction\":[{\"@type\":\"SearchAction\",\"target\":{\"@type\":\"EntryPoint\",\"urlTemplate\":\"https:\\\/\\\/tzionlibreria.com\\\/?s={search_term_string}\"},\"query-input\":{\"@type\":\"PropertyValueSpecification\",\"valueRequired\":true,\"valueName\":\"search_term_string\"}}],\"inLanguage\":\"es-CO\"},{\"@type\":\"Organization\",\"@id\":\"https:\\\/\\\/tzionlibreria.com\\\/#organization\",\"name\":\"tzionlibreria.com\",\"url\":\"https:\\\/\\\/tzionlibreria.com\\\/\",\"logo\":{\"@type\":\"ImageObject\",\"inLanguage\":\"es-CO\",\"@id\":\"https:\\\/\\\/tzionlibreria.com\\\/#\\\/schema\\\/logo\\\/image\\\/\",\"url\":\"https:\\\/\\\/tzionlibreria.com\\\/wp-content\\\/uploads\\\/2023\\\/10\\\/cropped-Cuadricula-scaled-1.jpg\",\"contentUrl\":\"https:\\\/\\\/tzionlibreria.com\\\/wp-content\\\/uploads\\\/2023\\\/10\\\/cropped-Cuadricula-scaled-1.jpg\",\"width\":2560,\"height\":2560,\"caption\":\"tzionlibreria.com\"},\"image\":{\"@id\":\"https:\\\/\\\/tzionlibreria.com\\\/#\\\/schema\\\/logo\\\/image\\\/\"}}]}<\/script>\n<!-- \/ Yoast SEO plugin. -->","yoast_head_json":{"title":"Biblia de Z\u00edper Pretty Lila Flores Rvr 1960 Ind. Cierre Manija - tzionlibreria.com","robots":{"index":"index","follow":"follow","max-snippet":"max-snippet:-1","max-image-preview":"max-image-preview:large","max-video-preview":"max-video-preview:-1"},"canonical":"https:\/\/tzionlibreria.com\/index.php\/product\/biblia-de-ziper-pretty-lila-flores-rvr-1960-ind-cierre-manija\/","og_locale":"es_ES","og_type":"article","og_title":"Biblia de Z\u00edper Pretty Lila Flores Rvr 1960 Ind. Cierre Manija - tzionlibreria.com","og_description":"Biblia de Z\u00edper Pretty Lila REINA VALERA 1960 LETRA GRANDE 12 PUNTOS La Biblia Reina Valera 1960 es una de las traducciones de la Biblia m\u00e1s reconocidas en el mundo de habla hispana, siendo la traducci\u00f3n cl\u00e1sica del pueblo evang\u00e9lico. Esta Biblia tiene las siguientes caracter\u00edsticas: \u00cdndice Canto pintado Imitaci\u00f3n de piel de alta calidad [&hellip;]","og_url":"https:\/\/tzionlibreria.com\/index.php\/product\/biblia-de-ziper-pretty-lila-flores-rvr-1960-ind-cierre-manija\/","og_site_name":"tzionlibreria.com","article_modified_time":"2026-03-22T21:32:22+00:00","og_image":[{"width":1200,"height":1200,"url":"http:\/\/tzionlibreria.com\/wp-content\/uploads\/2026\/03\/9798885168830.jpg","type":"image\/jpeg"}],"twitter_card":"summary_large_image","twitter_misc":{"Tiempo de lectura":"2 minutos"},"schema":{"@context":"https:\/\/schema.org","@graph":[{"@type":"WebPage","@id":"https:\/\/tzionlibreria.com\/index.php\/product\/biblia-de-ziper-pretty-lila-flores-rvr-1960-ind-cierre-manija\/","url":"https:\/\/tzionlibreria.com\/index.php\/product\/biblia-de-ziper-pretty-lila-flores-rvr-1960-ind-cierre-manija\/","name":"Biblia de Z\u00edper Pretty Lila Flores Rvr 1960 Ind. Cierre Manija - tzionlibreria.com","isPartOf":{"@id":"https:\/\/tzionlibreria.com\/#website"},"primaryImageOfPage":{"@id":"https:\/\/tzionlibreria.com\/index.php\/product\/biblia-de-ziper-pretty-lila-flores-rvr-1960-ind-cierre-manija\/#primaryimage"},"image":{"@id":"https:\/\/tzionlibreria.com\/index.php\/product\/biblia-de-ziper-pretty-lila-flores-rvr-1960-ind-cierre-manija\/#primaryimage"},"thumbnailUrl":"https:\/\/tzionlibreria.com\/wp-content\/uploads\/2026\/03\/9798885168830.jpg","datePublished":"2026-03-12T19:15:03+00:00","dateModified":"2026-03-22T21:32:22+00:00","breadcrumb":{"@id":"https:\/\/tzionlibreria.com\/index.php\/product\/biblia-de-ziper-pretty-lila-flores-rvr-1960-ind-cierre-manija\/#breadcrumb"},"inLanguage":"es-CO","potentialAction":[{"@type":"ReadAction","target":["https:\/\/tzionlibreria.com\/index.php\/product\/biblia-de-ziper-pretty-lila-flores-rvr-1960-ind-cierre-manija\/"]}]},{"@type":"ImageObject","inLanguage":"es-CO","@id":"https:\/\/tzionlibreria.com\/index.php\/product\/biblia-de-ziper-pretty-lila-flores-rvr-1960-ind-cierre-manija\/#primaryimage","url":"https:\/\/tzionlibreria.com\/wp-content\/uploads\/2026\/03\/9798885168830.jpg","contentUrl":"https:\/\/tzionlibreria.com\/wp-content\/uploads\/2026\/03\/9798885168830.jpg","width":1200,"height":1200},{"@type":"BreadcrumbList","@id":"https:\/\/tzionlibreria.com\/index.php\/product\/biblia-de-ziper-pretty-lila-flores-rvr-1960-ind-cierre-manija\/#breadcrumb","itemListElement":[{"@type":"ListItem","position":1,"name":"Inicio","item":"https:\/\/tzionlibreria.com\/"},{"@type":"ListItem","position":2,"name":"Shop","item":"https:\/\/tzionlibreria.com\/index.php\/shop\/"},{"@type":"ListItem","position":3,"name":"Biblia de Z\u00edper Pretty Lila Flores Rvr 1960 Ind. Cierre Manija"}]},{"@type":"WebSite","@id":"https:\/\/tzionlibreria.com\/#website","url":"https:\/\/tzionlibreria.com\/","name":"tzionlibreria.com","description":"Libreria Cristiana Venezuela","publisher":{"@id":"https:\/\/tzionlibreria.com\/#organization"},"potentialAction":[{"@type":"SearchAction","target":{"@type":"EntryPoint","urlTemplate":"https:\/\/tzionlibreria.com\/?s={search_term_string}"},"query-input":{"@type":"PropertyValueSpecification","valueRequired":true,"valueName":"search_term_string"}}],"inLanguage":"es-CO"},{"@type":"Organization","@id":"https:\/\/tzionlibreria.com\/#organization","name":"tzionlibreria.com","url":"https:\/\/tzionlibreria.com\/","logo":{"@type":"ImageObject","inLanguage":"es-CO","@id":"https:\/\/tzionlibreria.com\/#\/schema\/logo\/image\/","url":"https:\/\/tzionlibreria.com\/wp-content\/uploads\/2023\/10\/cropped-Cuadricula-scaled-1.jpg","contentUrl":"https:\/\/tzionlibreria.com\/wp-content\/uploads\/2023\/10\/cropped-Cuadricula-scaled-1.jpg","width":2560,"height":2560,"caption":"tzionlibreria.com"},"image":{"@id":"https:\/\/tzionlibreria.com\/#\/schema\/logo\/image\/"}}]}},"jetpack_sharing_enabled":true,"_links":{"self":[{"href":"https:\/\/tzionlibreria.com\/index.php\/wp-json\/wp\/v2\/product\/7443","targetHints":{"allow":["GET"]}}],"collection":[{"href":"https:\/\/tzionlibreria.com\/index.php\/wp-json\/wp\/v2\/product"}],"about":[{"href":"https:\/\/tzionlibreria.com\/index.php\/wp-json\/wp\/v2\/types\/product"}],"replies":[{"embeddable":true,"href":"https:\/\/tzionlibreria.com\/index.php\/wp-json\/wp\/v2\/comments?post=7443"}],"wp:featuredmedia":[{"embeddable":true,"href":"https:\/\/tzionlibreria.com\/index.php\/wp-json\/wp\/v2\/media\/7453"}],"wp:attachment":[{"href":"https:\/\/tzionlibreria.com\/index.php\/wp-json\/wp\/v2\/media?parent=7443"}],"wp:term":[{"taxonomy":"product_brand","embeddable":true,"href":"https:\/\/tzionlibreria.com\/index.php\/wp-json\/wp\/v2\/product_brand?post=7443"},{"taxonomy":"product_cat","embeddable":true,"href":"https:\/\/tzionlibreria.com\/index.php\/wp-json\/wp\/v2\/product_cat?post=7443"},{"taxonomy":"product_tag","embeddable":true,"href":"https:\/\/tzionlibreria.com\/index.php\/wp-json\/wp\/v2\/product_tag?post=7443"}],"curies":[{"name":"wp","href":"https:\/\/api.w.org\/{rel}","templated":true}]}}