{"id":7483,"date":"2026-03-25T21:06:11","date_gmt":"2026-03-25T21:06:11","guid":{"rendered":"https:\/\/tzionlibreria.com\/?post_type=product&#038;p=7483"},"modified":"2026-03-25T21:06:11","modified_gmt":"2026-03-25T21:06:11","slug":"biblia-reina-valera-1960-grande-letra-super-gigante-imitacion-piel-marron","status":"publish","type":"product","link":"https:\/\/tzionlibreria.com\/index.php\/product\/biblia-reina-valera-1960-grande-letra-super-gigante-imitacion-piel-marron\/","title":{"rendered":"Biblia Reina Valera 1960 Grande Letra Super Gigante Imitaci\u00f3n Piel Marr\u00f3n"},"content":{"rendered":"<table class=\"table table-sm text-muted \">\n<tbody>\n<tr>\n<td>Tipo de Producto: Biblias<\/td>\n<\/tr>\n<tr>\n<td>Version: Reina Valera 1960<\/td>\n<\/tr>\n<tr>\n<td>Tama\u00f1o de la Biblia: Grande 24.5 x 18 cms. aprox.<\/td>\n<\/tr>\n<tr>\n<td>Tama\u00f1o de Letra: 19 puntos Supergigante aprox.<\/td>\n<\/tr>\n<tr>\n<td>Encuadernaci\u00f3n: Imitaci\u00f3n Piel<\/td>\n<\/tr>\n<tr>\n<td>Concordancia: Breve<\/td>\n<\/tr>\n<tr>\n<td>C\u00f3digo QR: No<\/td>\n<\/tr>\n<tr>\n<td>Con Cierre: No<\/td>\n<\/tr>\n<tr>\n<td>Con Indice: Si<\/td>\n<\/tr>\n<tr>\n<td>Palabras de Jes\u00fas en Rojo: Si<\/td>\n<\/tr>\n<tr>\n<td>Editorial: Sociedades B\u00edblicas Unidas<\/td>\n<\/tr>\n<\/tbody>\n<\/table>\n","protected":false},"excerpt":{"rendered":"<p>Tipo de Producto: Biblias Version: Reina Valera 1960 Tama\u00f1o de la Biblia: Grande 24.5 x 18 cms. aprox. Tama\u00f1o de Letra: 19 puntos Supergigante aprox. Encuadernaci\u00f3n: Imitaci\u00f3n Piel Concordancia: Breve C\u00f3digo QR: No Con Cierre: No Con Indice: Si Palabras de Jes\u00fas en Rojo: Si Editorial: Sociedades B\u00edblicas Unidas<\/p>\n","protected":false},"featured_media":7484,"comment_status":"open","ping_status":"closed","template":"","meta":{"om_disable_all_campaigns":false,"_monsterinsights_skip_tracking":false,"_monsterinsights_sitenote_active":false,"_monsterinsights_sitenote_note":"","_monsterinsights_sitenote_category":0,"site-sidebar-layout":"default","site-content-layout":"","ast-site-content-layout":"default","site-content-style":"default","site-sidebar-style":"default","ast-global-header-display":"","ast-banner-title-visibility":"","ast-main-header-display":"","ast-hfb-above-header-display":"","ast-hfb-below-header-display":"","ast-hfb-mobile-header-display":"","site-post-title":"","ast-breadcrumbs-content":"","ast-featured-img":"","footer-sml-layout":"","ast-disable-related-posts":"","theme-transparent-header-meta":"default","adv-header-id-meta":"","stick-header-meta":"","header-above-stick-meta":"","header-main-stick-meta":"","header-below-stick-meta":"","astra-migrate-meta-layouts":"set","ast-page-background-enabled":"default","ast-page-background-meta":{"desktop":{"background-color":"var(--ast-global-color-4)","background-image":"","background-repeat":"repeat","background-position":"center center","background-size":"auto","background-attachment":"scroll","background-type":"","background-media":"","overlay-type":"","overlay-color":"","overlay-opacity":"","overlay-gradient":""},"tablet":{"background-color":"","background-image":"","background-repeat":"repeat","background-position":"center center","background-size":"auto","background-attachment":"scroll","background-type":"","background-media":"","overlay-type":"","overlay-color":"","overlay-opacity":"","overlay-gradient":""},"mobile":{"background-color":"","background-image":"","background-repeat":"repeat","background-position":"center center","background-size":"auto","background-attachment":"scroll","background-type":"","background-media":"","overlay-type":"","overlay-color":"","overlay-opacity":"","overlay-gradient":""}},"ast-content-background-meta":{"desktop":{"background-color":"var(--ast-global-color-5)","background-image":"","background-repeat":"repeat","background-position":"center center","background-size":"auto","background-attachment":"scroll","background-type":"","background-media":"","overlay-type":"","overlay-color":"","overlay-opacity":"","overlay-gradient":""},"tablet":{"background-color":"var(--ast-global-color-5)","background-image":"","background-repeat":"repeat","background-position":"center center","background-size":"auto","background-attachment":"scroll","background-type":"","background-media":"","overlay-type":"","overlay-color":"","overlay-opacity":"","overlay-gradient":""},"mobile":{"background-color":"var(--ast-global-color-5)","background-image":"","background-repeat":"repeat","background-position":"center center","background-size":"auto","background-attachment":"scroll","background-type":"","background-media":"","overlay-type":"","overlay-color":"","overlay-opacity":"","overlay-gradient":""}}},"product_brand":[],"product_cat":[22,42,288],"product_tag":[],"class_list":{"0":"post-7483","1":"product","2":"type-product","3":"status-publish","4":"has-post-thumbnail","6":"product_cat-biblias","7":"product_cat-biblias-reina-valera","8":"product_cat-letra-super-gigante-rvr","9":"desktop-align-left","10":"tablet-align-left","11":"mobile-align-left","13":"first","14":"instock","15":"shipping-taxable","16":"purchasable","17":"product-type-simple"},"yoast_head":"<!-- This site is optimized with the Yoast SEO plugin v27.3 - https:\/\/yoast.com\/product\/yoast-seo-wordpress\/ -->\n<title>Biblia Reina Valera 1960 Grande Letra Super Gigante Imitaci\u00f3n Piel Marr\u00f3n - tzionlibreria.com<\/title>\n<meta name=\"robots\" content=\"index, follow, max-snippet:-1, max-image-preview:large, max-video-preview:-1\" \/>\n<link rel=\"canonical\" href=\"https:\/\/tzionlibreria.com\/index.php\/product\/biblia-reina-valera-1960-grande-letra-super-gigante-imitacion-piel-marron\/\" \/>\n<meta property=\"og:locale\" content=\"es_ES\" \/>\n<meta property=\"og:type\" content=\"article\" \/>\n<meta property=\"og:title\" content=\"Biblia Reina Valera 1960 Grande Letra Super Gigante Imitaci\u00f3n Piel Marr\u00f3n - tzionlibreria.com\" \/>\n<meta property=\"og:description\" content=\"Tipo de Producto: Biblias Version: Reina Valera 1960 Tama\u00f1o de la Biblia: Grande 24.5 x 18 cms. aprox. Tama\u00f1o de Letra: 19 puntos Supergigante aprox. Encuadernaci\u00f3n: Imitaci\u00f3n Piel Concordancia: Breve C\u00f3digo QR: No Con Cierre: No Con Indice: Si Palabras de Jes\u00fas en Rojo: Si Editorial: Sociedades B\u00edblicas Unidas\" \/>\n<meta property=\"og:url\" content=\"https:\/\/tzionlibreria.com\/index.php\/product\/biblia-reina-valera-1960-grande-letra-super-gigante-imitacion-piel-marron\/\" \/>\n<meta property=\"og:site_name\" content=\"tzionlibreria.com\" \/>\n<meta property=\"og:image\" content=\"http:\/\/tzionlibreria.com\/wp-content\/uploads\/2026\/03\/PORTADA.png\" \/>\n\t<meta property=\"og:image:width\" content=\"728\" \/>\n\t<meta property=\"og:image:height\" content=\"1024\" \/>\n\t<meta property=\"og:image:type\" content=\"image\/png\" \/>\n<meta name=\"twitter:card\" content=\"summary_large_image\" \/>\n<meta name=\"twitter:label1\" content=\"Tiempo de lectura\" \/>\n\t<meta name=\"twitter:data1\" content=\"1 minuto\" \/>\n<script type=\"application\/ld+json\" class=\"yoast-schema-graph\">{\"@context\":\"https:\\\/\\\/schema.org\",\"@graph\":[{\"@type\":\"WebPage\",\"@id\":\"https:\\\/\\\/tzionlibreria.com\\\/index.php\\\/product\\\/biblia-reina-valera-1960-grande-letra-super-gigante-imitacion-piel-marron\\\/\",\"url\":\"https:\\\/\\\/tzionlibreria.com\\\/index.php\\\/product\\\/biblia-reina-valera-1960-grande-letra-super-gigante-imitacion-piel-marron\\\/\",\"name\":\"Biblia Reina Valera 1960 Grande Letra Super Gigante Imitaci\u00f3n Piel Marr\u00f3n - tzionlibreria.com\",\"isPartOf\":{\"@id\":\"https:\\\/\\\/tzionlibreria.com\\\/#website\"},\"primaryImageOfPage\":{\"@id\":\"https:\\\/\\\/tzionlibreria.com\\\/index.php\\\/product\\\/biblia-reina-valera-1960-grande-letra-super-gigante-imitacion-piel-marron\\\/#primaryimage\"},\"image\":{\"@id\":\"https:\\\/\\\/tzionlibreria.com\\\/index.php\\\/product\\\/biblia-reina-valera-1960-grande-letra-super-gigante-imitacion-piel-marron\\\/#primaryimage\"},\"thumbnailUrl\":\"https:\\\/\\\/tzionlibreria.com\\\/wp-content\\\/uploads\\\/2026\\\/03\\\/PORTADA.png\",\"datePublished\":\"2026-03-25T21:06:11+00:00\",\"breadcrumb\":{\"@id\":\"https:\\\/\\\/tzionlibreria.com\\\/index.php\\\/product\\\/biblia-reina-valera-1960-grande-letra-super-gigante-imitacion-piel-marron\\\/#breadcrumb\"},\"inLanguage\":\"es-CO\",\"potentialAction\":[{\"@type\":\"ReadAction\",\"target\":[\"https:\\\/\\\/tzionlibreria.com\\\/index.php\\\/product\\\/biblia-reina-valera-1960-grande-letra-super-gigante-imitacion-piel-marron\\\/\"]}]},{\"@type\":\"ImageObject\",\"inLanguage\":\"es-CO\",\"@id\":\"https:\\\/\\\/tzionlibreria.com\\\/index.php\\\/product\\\/biblia-reina-valera-1960-grande-letra-super-gigante-imitacion-piel-marron\\\/#primaryimage\",\"url\":\"https:\\\/\\\/tzionlibreria.com\\\/wp-content\\\/uploads\\\/2026\\\/03\\\/PORTADA.png\",\"contentUrl\":\"https:\\\/\\\/tzionlibreria.com\\\/wp-content\\\/uploads\\\/2026\\\/03\\\/PORTADA.png\",\"width\":728,\"height\":1024},{\"@type\":\"BreadcrumbList\",\"@id\":\"https:\\\/\\\/tzionlibreria.com\\\/index.php\\\/product\\\/biblia-reina-valera-1960-grande-letra-super-gigante-imitacion-piel-marron\\\/#breadcrumb\",\"itemListElement\":[{\"@type\":\"ListItem\",\"position\":1,\"name\":\"Inicio\",\"item\":\"https:\\\/\\\/tzionlibreria.com\\\/\"},{\"@type\":\"ListItem\",\"position\":2,\"name\":\"Shop\",\"item\":\"https:\\\/\\\/tzionlibreria.com\\\/index.php\\\/shop\\\/\"},{\"@type\":\"ListItem\",\"position\":3,\"name\":\"Biblia Reina Valera 1960 Grande Letra Super Gigante Imitaci\u00f3n Piel Marr\u00f3n\"}]},{\"@type\":\"WebSite\",\"@id\":\"https:\\\/\\\/tzionlibreria.com\\\/#website\",\"url\":\"https:\\\/\\\/tzionlibreria.com\\\/\",\"name\":\"tzionlibreria.com\",\"description\":\"Libreria Cristiana Venezuela\",\"publisher\":{\"@id\":\"https:\\\/\\\/tzionlibreria.com\\\/#organization\"},\"potentialAction\":[{\"@type\":\"SearchAction\",\"target\":{\"@type\":\"EntryPoint\",\"urlTemplate\":\"https:\\\/\\\/tzionlibreria.com\\\/?s={search_term_string}\"},\"query-input\":{\"@type\":\"PropertyValueSpecification\",\"valueRequired\":true,\"valueName\":\"search_term_string\"}}],\"inLanguage\":\"es-CO\"},{\"@type\":\"Organization\",\"@id\":\"https:\\\/\\\/tzionlibreria.com\\\/#organization\",\"name\":\"tzionlibreria.com\",\"url\":\"https:\\\/\\\/tzionlibreria.com\\\/\",\"logo\":{\"@type\":\"ImageObject\",\"inLanguage\":\"es-CO\",\"@id\":\"https:\\\/\\\/tzionlibreria.com\\\/#\\\/schema\\\/logo\\\/image\\\/\",\"url\":\"https:\\\/\\\/tzionlibreria.com\\\/wp-content\\\/uploads\\\/2023\\\/10\\\/cropped-Cuadricula-scaled-1.jpg\",\"contentUrl\":\"https:\\\/\\\/tzionlibreria.com\\\/wp-content\\\/uploads\\\/2023\\\/10\\\/cropped-Cuadricula-scaled-1.jpg\",\"width\":2560,\"height\":2560,\"caption\":\"tzionlibreria.com\"},\"image\":{\"@id\":\"https:\\\/\\\/tzionlibreria.com\\\/#\\\/schema\\\/logo\\\/image\\\/\"}}]}<\/script>\n<!-- \/ Yoast SEO plugin. -->","yoast_head_json":{"title":"Biblia Reina Valera 1960 Grande Letra Super Gigante Imitaci\u00f3n Piel Marr\u00f3n - tzionlibreria.com","robots":{"index":"index","follow":"follow","max-snippet":"max-snippet:-1","max-image-preview":"max-image-preview:large","max-video-preview":"max-video-preview:-1"},"canonical":"https:\/\/tzionlibreria.com\/index.php\/product\/biblia-reina-valera-1960-grande-letra-super-gigante-imitacion-piel-marron\/","og_locale":"es_ES","og_type":"article","og_title":"Biblia Reina Valera 1960 Grande Letra Super Gigante Imitaci\u00f3n Piel Marr\u00f3n - tzionlibreria.com","og_description":"Tipo de Producto: Biblias Version: Reina Valera 1960 Tama\u00f1o de la Biblia: Grande 24.5 x 18 cms. aprox. Tama\u00f1o de Letra: 19 puntos Supergigante aprox. Encuadernaci\u00f3n: Imitaci\u00f3n Piel Concordancia: Breve C\u00f3digo QR: No Con Cierre: No Con Indice: Si Palabras de Jes\u00fas en Rojo: Si Editorial: Sociedades B\u00edblicas Unidas","og_url":"https:\/\/tzionlibreria.com\/index.php\/product\/biblia-reina-valera-1960-grande-letra-super-gigante-imitacion-piel-marron\/","og_site_name":"tzionlibreria.com","og_image":[{"width":728,"height":1024,"url":"http:\/\/tzionlibreria.com\/wp-content\/uploads\/2026\/03\/PORTADA.png","type":"image\/png"}],"twitter_card":"summary_large_image","twitter_misc":{"Tiempo de lectura":"1 minuto"},"schema":{"@context":"https:\/\/schema.org","@graph":[{"@type":"WebPage","@id":"https:\/\/tzionlibreria.com\/index.php\/product\/biblia-reina-valera-1960-grande-letra-super-gigante-imitacion-piel-marron\/","url":"https:\/\/tzionlibreria.com\/index.php\/product\/biblia-reina-valera-1960-grande-letra-super-gigante-imitacion-piel-marron\/","name":"Biblia Reina Valera 1960 Grande Letra Super Gigante Imitaci\u00f3n Piel Marr\u00f3n - tzionlibreria.com","isPartOf":{"@id":"https:\/\/tzionlibreria.com\/#website"},"primaryImageOfPage":{"@id":"https:\/\/tzionlibreria.com\/index.php\/product\/biblia-reina-valera-1960-grande-letra-super-gigante-imitacion-piel-marron\/#primaryimage"},"image":{"@id":"https:\/\/tzionlibreria.com\/index.php\/product\/biblia-reina-valera-1960-grande-letra-super-gigante-imitacion-piel-marron\/#primaryimage"},"thumbnailUrl":"https:\/\/tzionlibreria.com\/wp-content\/uploads\/2026\/03\/PORTADA.png","datePublished":"2026-03-25T21:06:11+00:00","breadcrumb":{"@id":"https:\/\/tzionlibreria.com\/index.php\/product\/biblia-reina-valera-1960-grande-letra-super-gigante-imitacion-piel-marron\/#breadcrumb"},"inLanguage":"es-CO","potentialAction":[{"@type":"ReadAction","target":["https:\/\/tzionlibreria.com\/index.php\/product\/biblia-reina-valera-1960-grande-letra-super-gigante-imitacion-piel-marron\/"]}]},{"@type":"ImageObject","inLanguage":"es-CO","@id":"https:\/\/tzionlibreria.com\/index.php\/product\/biblia-reina-valera-1960-grande-letra-super-gigante-imitacion-piel-marron\/#primaryimage","url":"https:\/\/tzionlibreria.com\/wp-content\/uploads\/2026\/03\/PORTADA.png","contentUrl":"https:\/\/tzionlibreria.com\/wp-content\/uploads\/2026\/03\/PORTADA.png","width":728,"height":1024},{"@type":"BreadcrumbList","@id":"https:\/\/tzionlibreria.com\/index.php\/product\/biblia-reina-valera-1960-grande-letra-super-gigante-imitacion-piel-marron\/#breadcrumb","itemListElement":[{"@type":"ListItem","position":1,"name":"Inicio","item":"https:\/\/tzionlibreria.com\/"},{"@type":"ListItem","position":2,"name":"Shop","item":"https:\/\/tzionlibreria.com\/index.php\/shop\/"},{"@type":"ListItem","position":3,"name":"Biblia Reina Valera 1960 Grande Letra Super Gigante Imitaci\u00f3n Piel Marr\u00f3n"}]},{"@type":"WebSite","@id":"https:\/\/tzionlibreria.com\/#website","url":"https:\/\/tzionlibreria.com\/","name":"tzionlibreria.com","description":"Libreria Cristiana Venezuela","publisher":{"@id":"https:\/\/tzionlibreria.com\/#organization"},"potentialAction":[{"@type":"SearchAction","target":{"@type":"EntryPoint","urlTemplate":"https:\/\/tzionlibreria.com\/?s={search_term_string}"},"query-input":{"@type":"PropertyValueSpecification","valueRequired":true,"valueName":"search_term_string"}}],"inLanguage":"es-CO"},{"@type":"Organization","@id":"https:\/\/tzionlibreria.com\/#organization","name":"tzionlibreria.com","url":"https:\/\/tzionlibreria.com\/","logo":{"@type":"ImageObject","inLanguage":"es-CO","@id":"https:\/\/tzionlibreria.com\/#\/schema\/logo\/image\/","url":"https:\/\/tzionlibreria.com\/wp-content\/uploads\/2023\/10\/cropped-Cuadricula-scaled-1.jpg","contentUrl":"https:\/\/tzionlibreria.com\/wp-content\/uploads\/2023\/10\/cropped-Cuadricula-scaled-1.jpg","width":2560,"height":2560,"caption":"tzionlibreria.com"},"image":{"@id":"https:\/\/tzionlibreria.com\/#\/schema\/logo\/image\/"}}]}},"jetpack_sharing_enabled":true,"_links":{"self":[{"href":"https:\/\/tzionlibreria.com\/index.php\/wp-json\/wp\/v2\/product\/7483","targetHints":{"allow":["GET"]}}],"collection":[{"href":"https:\/\/tzionlibreria.com\/index.php\/wp-json\/wp\/v2\/product"}],"about":[{"href":"https:\/\/tzionlibreria.com\/index.php\/wp-json\/wp\/v2\/types\/product"}],"replies":[{"embeddable":true,"href":"https:\/\/tzionlibreria.com\/index.php\/wp-json\/wp\/v2\/comments?post=7483"}],"wp:featuredmedia":[{"embeddable":true,"href":"https:\/\/tzionlibreria.com\/index.php\/wp-json\/wp\/v2\/media\/7484"}],"wp:attachment":[{"href":"https:\/\/tzionlibreria.com\/index.php\/wp-json\/wp\/v2\/media?parent=7483"}],"wp:term":[{"taxonomy":"product_brand","embeddable":true,"href":"https:\/\/tzionlibreria.com\/index.php\/wp-json\/wp\/v2\/product_brand?post=7483"},{"taxonomy":"product_cat","embeddable":true,"href":"https:\/\/tzionlibreria.com\/index.php\/wp-json\/wp\/v2\/product_cat?post=7483"},{"taxonomy":"product_tag","embeddable":true,"href":"https:\/\/tzionlibreria.com\/index.php\/wp-json\/wp\/v2\/product_tag?post=7483"}],"curies":[{"name":"wp","href":"https:\/\/api.w.org\/{rel}","templated":true}]}}