{"id":7499,"date":"2026-03-25T22:05:29","date_gmt":"2026-03-25T22:05:29","guid":{"rendered":"https:\/\/tzionlibreria.com\/?post_type=product&#038;p=7499"},"modified":"2026-03-25T22:05:29","modified_gmt":"2026-03-25T22:05:29","slug":"biblia-de-estudio-trasfondo-cultural-rvr-el-contexto-lo-cambia-todo-leathersoft-rojo-vino","status":"publish","type":"product","link":"https:\/\/tzionlibreria.com\/index.php\/product\/biblia-de-estudio-trasfondo-cultural-rvr-el-contexto-lo-cambia-todo-leathersoft-rojo-vino\/","title":{"rendered":"Biblia de estudio trasfondo cultural RVR (El contexto lo cambia todo) Leathersoft Rojo vino"},"content":{"rendered":"<ul class=\"tabs wc-tabs\" role=\"tablist\">\n<li id=\"tab-title-description\" class=\"description_tab active\" role=\"presentation\"><a tabindex=\"0\" role=\"tab\" href=\"https:\/\/libreria247.com\/producto\/biblia-de-estudio-trasfondo-cultural-rvr-el-contexto-lo-cambia-todo-leathersoft-rojo-vino\/#tab-description\" aria-controls=\"tab-description\" aria-selected=\"true\"> Descripci\u00f3n <\/a><\/li>\n<li id=\"tab-title-reviews\" class=\"reviews_tab\" role=\"presentation\"><a tabindex=\"-1\" role=\"tab\" href=\"https:\/\/libreria247.com\/producto\/biblia-de-estudio-trasfondo-cultural-rvr-el-contexto-lo-cambia-todo-leathersoft-rojo-vino\/#tab-reviews\" aria-controls=\"tab-reviews\" aria-selected=\"false\"> Valoraciones (0) <\/a><\/li>\n<\/ul>\n<div id=\"tab-description\" class=\"woocommerce-Tabs-panel woocommerce-Tabs-panel--description panel entry-content wc-tab\" role=\"tabpanel\" aria-labelledby=\"tab-title-description\">\n<div class=\"ast-oembed-container \"><iframe title=\"Biblia de estudio trasfondo cultural\" src=\"https:\/\/www.youtube.com\/embed\/clYXKTtV1cQ?feature=oembed\" width=\"563\" height=\"1000\" frameborder=\"0\" allowfullscreen=\"allowfullscreen\" data-mce-fragment=\"1\"><\/iframe><\/div>\n<p>&nbsp;<\/p>\n<p><span class=\"a-text-bold\">Descubre nuevas dimensiones de conocimiento con un recorrido entre bastidores por el mundo antiguo<\/span><\/p>\n<p>Has escuchado muchas historias de la Biblia cientos de veces, pero \u00bfcu\u00e1ntos detalles te est\u00e1s perdiendo? A veces, solo se necesita un poco de contexto para descubrir el rico significado detr\u00e1s de las historias m\u00e1s familiares de la Escritura. Eso es lo que proporciona la\u00a0<span class=\"a-text-italic\">Biblia de estudio trasfondo cultural (RVR)<\/span>. Cada p\u00e1gina de esta Biblia de estudio est\u00e1 repleta de informaci\u00f3n experta sobre las costumbres, la cultura y la literatura de los tiempos b\u00edblicos.<\/p>\n<p>La Biblia fue escrita originalmente para un pueblo antiguo, separado de nosotros por miles de a\u00f1os y miles de kil\u00f3metros. La Escritura incluye sutiles matices, insinuaciones y referencias culturales a eventos, literatura y costumbres antiguas que fueron entendidas de manera intuitiva por aquellos que escucharon los textos por primera vez. Esta Biblia ofrece notas del doctor John H. Walton en el Antiguo Testamento y del doctor Craig S. Keener en el Nuevo Testamento, haciendo que el mundo antiguo de la Escritura cobre vida para los lectores modernos.<\/p>\n<p>Caracter\u00edsticas:<\/p>\n<ul class=\"a-unordered-list a-vertical\">\n<li><span class=\"a-list-item\">Texto completo de la Reina Valera Revisada<\/span><\/li>\n<li><span class=\"a-list-item\">Introducciones espec\u00edficas a los libros, que explican el contexto en el que se escribi\u00f3 cada libro de la Biblia<\/span><\/li>\n<li><span class=\"a-list-item\">Notas de estudio perspicaces e informativas, vers\u00edculo por vers\u00edculo, que revelan nuevas dimensiones de conocimiento incluso en los pasajes m\u00e1s familiares<\/span><\/li>\n<li><span class=\"a-list-item\">T\u00e9rminos clave del Antiguo Testamento (hebreo) y del Nuevo Testamento (griego), explicados y ampliados en dos \u00fatiles recursos de referencia<\/span><\/li>\n<li><span class=\"a-list-item\">M\u00e1s de 300 art\u00edculos sobre temas contextuales clave<\/span><\/li>\n<li><span class=\"a-list-item\">375 fotos, ilustraciones e im\u00e1genes a todo color de todo el mundo<\/span><\/li>\n<li><span class=\"a-list-item\">Decenas de cuadros, mapas y diagramas en v\u00edvidos colores<\/span><\/li>\n<li><span class=\"a-list-item\">Palabras de Jes\u00fas en rojo<\/span><\/li>\n<li><span class=\"a-list-item\">Referencias cruzadas y concordancia<\/span><\/li>\n<li><span class=\"a-list-item\">Letra Comfort Print \u00ae 8+<\/span><\/li>\n<\/ul>\n<\/div>\n","protected":false},"excerpt":{"rendered":"<p>Descripci\u00f3n Valoraciones (0) &nbsp; Descubre nuevas dimensiones de conocimiento con un recorrido entre bastidores por el mundo antiguo Has escuchado muchas historias de la Biblia cientos de veces, pero \u00bfcu\u00e1ntos detalles te est\u00e1s perdiendo? A veces, solo se necesita un poco de contexto para descubrir el rico significado detr\u00e1s de las historias m\u00e1s familiares de [&hellip;]<\/p>\n","protected":false},"featured_media":7505,"comment_status":"open","ping_status":"closed","template":"","meta":{"om_disable_all_campaigns":false,"_monsterinsights_skip_tracking":false,"_monsterinsights_sitenote_active":false,"_monsterinsights_sitenote_note":"","_monsterinsights_sitenote_category":0,"site-sidebar-layout":"default","site-content-layout":"","ast-site-content-layout":"default","site-content-style":"default","site-sidebar-style":"default","ast-global-header-display":"","ast-banner-title-visibility":"","ast-main-header-display":"","ast-hfb-above-header-display":"","ast-hfb-below-header-display":"","ast-hfb-mobile-header-display":"","site-post-title":"","ast-breadcrumbs-content":"","ast-featured-img":"","footer-sml-layout":"","ast-disable-related-posts":"","theme-transparent-header-meta":"default","adv-header-id-meta":"","stick-header-meta":"","header-above-stick-meta":"","header-main-stick-meta":"","header-below-stick-meta":"","astra-migrate-meta-layouts":"set","ast-page-background-enabled":"default","ast-page-background-meta":{"desktop":{"background-color":"var(--ast-global-color-4)","background-image":"","background-repeat":"repeat","background-position":"center center","background-size":"auto","background-attachment":"scroll","background-type":"","background-media":"","overlay-type":"","overlay-color":"","overlay-opacity":"","overlay-gradient":""},"tablet":{"background-color":"","background-image":"","background-repeat":"repeat","background-position":"center center","background-size":"auto","background-attachment":"scroll","background-type":"","background-media":"","overlay-type":"","overlay-color":"","overlay-opacity":"","overlay-gradient":""},"mobile":{"background-color":"","background-image":"","background-repeat":"repeat","background-position":"center center","background-size":"auto","background-attachment":"scroll","background-type":"","background-media":"","overlay-type":"","overlay-color":"","overlay-opacity":"","overlay-gradient":""}},"ast-content-background-meta":{"desktop":{"background-color":"var(--ast-global-color-5)","background-image":"","background-repeat":"repeat","background-position":"center center","background-size":"auto","background-attachment":"scroll","background-type":"","background-media":"","overlay-type":"","overlay-color":"","overlay-opacity":"","overlay-gradient":""},"tablet":{"background-color":"var(--ast-global-color-5)","background-image":"","background-repeat":"repeat","background-position":"center center","background-size":"auto","background-attachment":"scroll","background-type":"","background-media":"","overlay-type":"","overlay-color":"","overlay-opacity":"","overlay-gradient":""},"mobile":{"background-color":"var(--ast-global-color-5)","background-image":"","background-repeat":"repeat","background-position":"center center","background-size":"auto","background-attachment":"scroll","background-type":"","background-media":"","overlay-type":"","overlay-color":"","overlay-opacity":"","overlay-gradient":""}}},"product_brand":[],"product_cat":[22,30,42],"product_tag":[],"class_list":{"0":"post-7499","1":"product","2":"type-product","3":"status-publish","4":"has-post-thumbnail","6":"product_cat-biblias","7":"product_cat-biblia-de-estudio","8":"product_cat-biblias-reina-valera","9":"desktop-align-left","10":"tablet-align-left","11":"mobile-align-left","13":"first","14":"instock","15":"shipping-taxable","16":"purchasable","17":"product-type-simple"},"yoast_head":"<!-- This site is optimized with the Yoast SEO plugin v27.3 - https:\/\/yoast.com\/product\/yoast-seo-wordpress\/ -->\n<title>Biblia de estudio trasfondo cultural RVR (El contexto lo cambia todo) Leathersoft Rojo vino - tzionlibreria.com<\/title>\n<meta name=\"robots\" content=\"index, follow, max-snippet:-1, max-image-preview:large, max-video-preview:-1\" \/>\n<link rel=\"canonical\" href=\"https:\/\/tzionlibreria.com\/index.php\/product\/biblia-de-estudio-trasfondo-cultural-rvr-el-contexto-lo-cambia-todo-leathersoft-rojo-vino\/\" \/>\n<meta property=\"og:locale\" content=\"es_ES\" \/>\n<meta property=\"og:type\" content=\"article\" \/>\n<meta property=\"og:title\" content=\"Biblia de estudio trasfondo cultural RVR (El contexto lo cambia todo) Leathersoft Rojo vino - tzionlibreria.com\" \/>\n<meta property=\"og:description\" content=\"Descripci\u00f3n Valoraciones (0) &nbsp; Descubre nuevas dimensiones de conocimiento con un recorrido entre bastidores por el mundo antiguo Has escuchado muchas historias de la Biblia cientos de veces, pero \u00bfcu\u00e1ntos detalles te est\u00e1s perdiendo? A veces, solo se necesita un poco de contexto para descubrir el rico significado detr\u00e1s de las historias m\u00e1s familiares de [&hellip;]\" \/>\n<meta property=\"og:url\" content=\"https:\/\/tzionlibreria.com\/index.php\/product\/biblia-de-estudio-trasfondo-cultural-rvr-el-contexto-lo-cambia-todo-leathersoft-rojo-vino\/\" \/>\n<meta property=\"og:site_name\" content=\"tzionlibreria.com\" \/>\n<meta property=\"og:image\" content=\"http:\/\/tzionlibreria.com\/wp-content\/uploads\/2026\/03\/71UL3YSUmNL._SL1500_-600x600-1.webp\" \/>\n\t<meta property=\"og:image:width\" content=\"600\" \/>\n\t<meta property=\"og:image:height\" content=\"600\" \/>\n\t<meta property=\"og:image:type\" content=\"image\/webp\" \/>\n<meta name=\"twitter:card\" content=\"summary_large_image\" \/>\n<meta name=\"twitter:label1\" content=\"Tiempo de lectura\" \/>\n\t<meta name=\"twitter:data1\" content=\"2 minutos\" \/>\n<script type=\"application\/ld+json\" class=\"yoast-schema-graph\">{\"@context\":\"https:\\\/\\\/schema.org\",\"@graph\":[{\"@type\":\"WebPage\",\"@id\":\"https:\\\/\\\/tzionlibreria.com\\\/index.php\\\/product\\\/biblia-de-estudio-trasfondo-cultural-rvr-el-contexto-lo-cambia-todo-leathersoft-rojo-vino\\\/\",\"url\":\"https:\\\/\\\/tzionlibreria.com\\\/index.php\\\/product\\\/biblia-de-estudio-trasfondo-cultural-rvr-el-contexto-lo-cambia-todo-leathersoft-rojo-vino\\\/\",\"name\":\"Biblia de estudio trasfondo cultural RVR (El contexto lo cambia todo) Leathersoft Rojo vino - tzionlibreria.com\",\"isPartOf\":{\"@id\":\"https:\\\/\\\/tzionlibreria.com\\\/#website\"},\"primaryImageOfPage\":{\"@id\":\"https:\\\/\\\/tzionlibreria.com\\\/index.php\\\/product\\\/biblia-de-estudio-trasfondo-cultural-rvr-el-contexto-lo-cambia-todo-leathersoft-rojo-vino\\\/#primaryimage\"},\"image\":{\"@id\":\"https:\\\/\\\/tzionlibreria.com\\\/index.php\\\/product\\\/biblia-de-estudio-trasfondo-cultural-rvr-el-contexto-lo-cambia-todo-leathersoft-rojo-vino\\\/#primaryimage\"},\"thumbnailUrl\":\"https:\\\/\\\/tzionlibreria.com\\\/wp-content\\\/uploads\\\/2026\\\/03\\\/71UL3YSUmNL._SL1500_-600x600-1.webp\",\"datePublished\":\"2026-03-25T22:05:29+00:00\",\"breadcrumb\":{\"@id\":\"https:\\\/\\\/tzionlibreria.com\\\/index.php\\\/product\\\/biblia-de-estudio-trasfondo-cultural-rvr-el-contexto-lo-cambia-todo-leathersoft-rojo-vino\\\/#breadcrumb\"},\"inLanguage\":\"es-CO\",\"potentialAction\":[{\"@type\":\"ReadAction\",\"target\":[\"https:\\\/\\\/tzionlibreria.com\\\/index.php\\\/product\\\/biblia-de-estudio-trasfondo-cultural-rvr-el-contexto-lo-cambia-todo-leathersoft-rojo-vino\\\/\"]}]},{\"@type\":\"ImageObject\",\"inLanguage\":\"es-CO\",\"@id\":\"https:\\\/\\\/tzionlibreria.com\\\/index.php\\\/product\\\/biblia-de-estudio-trasfondo-cultural-rvr-el-contexto-lo-cambia-todo-leathersoft-rojo-vino\\\/#primaryimage\",\"url\":\"https:\\\/\\\/tzionlibreria.com\\\/wp-content\\\/uploads\\\/2026\\\/03\\\/71UL3YSUmNL._SL1500_-600x600-1.webp\",\"contentUrl\":\"https:\\\/\\\/tzionlibreria.com\\\/wp-content\\\/uploads\\\/2026\\\/03\\\/71UL3YSUmNL._SL1500_-600x600-1.webp\",\"width\":600,\"height\":600},{\"@type\":\"BreadcrumbList\",\"@id\":\"https:\\\/\\\/tzionlibreria.com\\\/index.php\\\/product\\\/biblia-de-estudio-trasfondo-cultural-rvr-el-contexto-lo-cambia-todo-leathersoft-rojo-vino\\\/#breadcrumb\",\"itemListElement\":[{\"@type\":\"ListItem\",\"position\":1,\"name\":\"Inicio\",\"item\":\"https:\\\/\\\/tzionlibreria.com\\\/\"},{\"@type\":\"ListItem\",\"position\":2,\"name\":\"Shop\",\"item\":\"https:\\\/\\\/tzionlibreria.com\\\/index.php\\\/shop\\\/\"},{\"@type\":\"ListItem\",\"position\":3,\"name\":\"Biblia de estudio trasfondo cultural RVR (El contexto lo cambia todo) Leathersoft Rojo vino\"}]},{\"@type\":\"WebSite\",\"@id\":\"https:\\\/\\\/tzionlibreria.com\\\/#website\",\"url\":\"https:\\\/\\\/tzionlibreria.com\\\/\",\"name\":\"tzionlibreria.com\",\"description\":\"Libreria Cristiana Venezuela\",\"publisher\":{\"@id\":\"https:\\\/\\\/tzionlibreria.com\\\/#organization\"},\"potentialAction\":[{\"@type\":\"SearchAction\",\"target\":{\"@type\":\"EntryPoint\",\"urlTemplate\":\"https:\\\/\\\/tzionlibreria.com\\\/?s={search_term_string}\"},\"query-input\":{\"@type\":\"PropertyValueSpecification\",\"valueRequired\":true,\"valueName\":\"search_term_string\"}}],\"inLanguage\":\"es-CO\"},{\"@type\":\"Organization\",\"@id\":\"https:\\\/\\\/tzionlibreria.com\\\/#organization\",\"name\":\"tzionlibreria.com\",\"url\":\"https:\\\/\\\/tzionlibreria.com\\\/\",\"logo\":{\"@type\":\"ImageObject\",\"inLanguage\":\"es-CO\",\"@id\":\"https:\\\/\\\/tzionlibreria.com\\\/#\\\/schema\\\/logo\\\/image\\\/\",\"url\":\"https:\\\/\\\/tzionlibreria.com\\\/wp-content\\\/uploads\\\/2023\\\/10\\\/cropped-Cuadricula-scaled-1.jpg\",\"contentUrl\":\"https:\\\/\\\/tzionlibreria.com\\\/wp-content\\\/uploads\\\/2023\\\/10\\\/cropped-Cuadricula-scaled-1.jpg\",\"width\":2560,\"height\":2560,\"caption\":\"tzionlibreria.com\"},\"image\":{\"@id\":\"https:\\\/\\\/tzionlibreria.com\\\/#\\\/schema\\\/logo\\\/image\\\/\"}}]}<\/script>\n<!-- \/ Yoast SEO plugin. -->","yoast_head_json":{"title":"Biblia de estudio trasfondo cultural RVR (El contexto lo cambia todo) Leathersoft Rojo vino - tzionlibreria.com","robots":{"index":"index","follow":"follow","max-snippet":"max-snippet:-1","max-image-preview":"max-image-preview:large","max-video-preview":"max-video-preview:-1"},"canonical":"https:\/\/tzionlibreria.com\/index.php\/product\/biblia-de-estudio-trasfondo-cultural-rvr-el-contexto-lo-cambia-todo-leathersoft-rojo-vino\/","og_locale":"es_ES","og_type":"article","og_title":"Biblia de estudio trasfondo cultural RVR (El contexto lo cambia todo) Leathersoft Rojo vino - tzionlibreria.com","og_description":"Descripci\u00f3n Valoraciones (0) &nbsp; Descubre nuevas dimensiones de conocimiento con un recorrido entre bastidores por el mundo antiguo Has escuchado muchas historias de la Biblia cientos de veces, pero \u00bfcu\u00e1ntos detalles te est\u00e1s perdiendo? A veces, solo se necesita un poco de contexto para descubrir el rico significado detr\u00e1s de las historias m\u00e1s familiares de [&hellip;]","og_url":"https:\/\/tzionlibreria.com\/index.php\/product\/biblia-de-estudio-trasfondo-cultural-rvr-el-contexto-lo-cambia-todo-leathersoft-rojo-vino\/","og_site_name":"tzionlibreria.com","og_image":[{"width":600,"height":600,"url":"http:\/\/tzionlibreria.com\/wp-content\/uploads\/2026\/03\/71UL3YSUmNL._SL1500_-600x600-1.webp","type":"image\/webp"}],"twitter_card":"summary_large_image","twitter_misc":{"Tiempo de lectura":"2 minutos"},"schema":{"@context":"https:\/\/schema.org","@graph":[{"@type":"WebPage","@id":"https:\/\/tzionlibreria.com\/index.php\/product\/biblia-de-estudio-trasfondo-cultural-rvr-el-contexto-lo-cambia-todo-leathersoft-rojo-vino\/","url":"https:\/\/tzionlibreria.com\/index.php\/product\/biblia-de-estudio-trasfondo-cultural-rvr-el-contexto-lo-cambia-todo-leathersoft-rojo-vino\/","name":"Biblia de estudio trasfondo cultural RVR (El contexto lo cambia todo) Leathersoft Rojo vino - tzionlibreria.com","isPartOf":{"@id":"https:\/\/tzionlibreria.com\/#website"},"primaryImageOfPage":{"@id":"https:\/\/tzionlibreria.com\/index.php\/product\/biblia-de-estudio-trasfondo-cultural-rvr-el-contexto-lo-cambia-todo-leathersoft-rojo-vino\/#primaryimage"},"image":{"@id":"https:\/\/tzionlibreria.com\/index.php\/product\/biblia-de-estudio-trasfondo-cultural-rvr-el-contexto-lo-cambia-todo-leathersoft-rojo-vino\/#primaryimage"},"thumbnailUrl":"https:\/\/tzionlibreria.com\/wp-content\/uploads\/2026\/03\/71UL3YSUmNL._SL1500_-600x600-1.webp","datePublished":"2026-03-25T22:05:29+00:00","breadcrumb":{"@id":"https:\/\/tzionlibreria.com\/index.php\/product\/biblia-de-estudio-trasfondo-cultural-rvr-el-contexto-lo-cambia-todo-leathersoft-rojo-vino\/#breadcrumb"},"inLanguage":"es-CO","potentialAction":[{"@type":"ReadAction","target":["https:\/\/tzionlibreria.com\/index.php\/product\/biblia-de-estudio-trasfondo-cultural-rvr-el-contexto-lo-cambia-todo-leathersoft-rojo-vino\/"]}]},{"@type":"ImageObject","inLanguage":"es-CO","@id":"https:\/\/tzionlibreria.com\/index.php\/product\/biblia-de-estudio-trasfondo-cultural-rvr-el-contexto-lo-cambia-todo-leathersoft-rojo-vino\/#primaryimage","url":"https:\/\/tzionlibreria.com\/wp-content\/uploads\/2026\/03\/71UL3YSUmNL._SL1500_-600x600-1.webp","contentUrl":"https:\/\/tzionlibreria.com\/wp-content\/uploads\/2026\/03\/71UL3YSUmNL._SL1500_-600x600-1.webp","width":600,"height":600},{"@type":"BreadcrumbList","@id":"https:\/\/tzionlibreria.com\/index.php\/product\/biblia-de-estudio-trasfondo-cultural-rvr-el-contexto-lo-cambia-todo-leathersoft-rojo-vino\/#breadcrumb","itemListElement":[{"@type":"ListItem","position":1,"name":"Inicio","item":"https:\/\/tzionlibreria.com\/"},{"@type":"ListItem","position":2,"name":"Shop","item":"https:\/\/tzionlibreria.com\/index.php\/shop\/"},{"@type":"ListItem","position":3,"name":"Biblia de estudio trasfondo cultural RVR (El contexto lo cambia todo) Leathersoft Rojo vino"}]},{"@type":"WebSite","@id":"https:\/\/tzionlibreria.com\/#website","url":"https:\/\/tzionlibreria.com\/","name":"tzionlibreria.com","description":"Libreria Cristiana Venezuela","publisher":{"@id":"https:\/\/tzionlibreria.com\/#organization"},"potentialAction":[{"@type":"SearchAction","target":{"@type":"EntryPoint","urlTemplate":"https:\/\/tzionlibreria.com\/?s={search_term_string}"},"query-input":{"@type":"PropertyValueSpecification","valueRequired":true,"valueName":"search_term_string"}}],"inLanguage":"es-CO"},{"@type":"Organization","@id":"https:\/\/tzionlibreria.com\/#organization","name":"tzionlibreria.com","url":"https:\/\/tzionlibreria.com\/","logo":{"@type":"ImageObject","inLanguage":"es-CO","@id":"https:\/\/tzionlibreria.com\/#\/schema\/logo\/image\/","url":"https:\/\/tzionlibreria.com\/wp-content\/uploads\/2023\/10\/cropped-Cuadricula-scaled-1.jpg","contentUrl":"https:\/\/tzionlibreria.com\/wp-content\/uploads\/2023\/10\/cropped-Cuadricula-scaled-1.jpg","width":2560,"height":2560,"caption":"tzionlibreria.com"},"image":{"@id":"https:\/\/tzionlibreria.com\/#\/schema\/logo\/image\/"}}]}},"jetpack_sharing_enabled":true,"_links":{"self":[{"href":"https:\/\/tzionlibreria.com\/index.php\/wp-json\/wp\/v2\/product\/7499","targetHints":{"allow":["GET"]}}],"collection":[{"href":"https:\/\/tzionlibreria.com\/index.php\/wp-json\/wp\/v2\/product"}],"about":[{"href":"https:\/\/tzionlibreria.com\/index.php\/wp-json\/wp\/v2\/types\/product"}],"replies":[{"embeddable":true,"href":"https:\/\/tzionlibreria.com\/index.php\/wp-json\/wp\/v2\/comments?post=7499"}],"wp:featuredmedia":[{"embeddable":true,"href":"https:\/\/tzionlibreria.com\/index.php\/wp-json\/wp\/v2\/media\/7505"}],"wp:attachment":[{"href":"https:\/\/tzionlibreria.com\/index.php\/wp-json\/wp\/v2\/media?parent=7499"}],"wp:term":[{"taxonomy":"product_brand","embeddable":true,"href":"https:\/\/tzionlibreria.com\/index.php\/wp-json\/wp\/v2\/product_brand?post=7499"},{"taxonomy":"product_cat","embeddable":true,"href":"https:\/\/tzionlibreria.com\/index.php\/wp-json\/wp\/v2\/product_cat?post=7499"},{"taxonomy":"product_tag","embeddable":true,"href":"https:\/\/tzionlibreria.com\/index.php\/wp-json\/wp\/v2\/product_tag?post=7499"}],"curies":[{"name":"wp","href":"https:\/\/api.w.org\/{rel}","templated":true}]}}