{"id":7508,"date":"2026-03-25T22:16:02","date_gmt":"2026-03-25T22:16:02","guid":{"rendered":"https:\/\/tzionlibreria.com\/?post_type=product&#038;p=7508"},"modified":"2026-03-25T22:16:28","modified_gmt":"2026-03-25T22:16:28","slug":"biblia-rvr60-promesas-devocional-virtuosas-crema-letra-gigante-piel","status":"publish","type":"product","link":"https:\/\/tzionlibreria.com\/index.php\/product\/biblia-rvr60-promesas-devocional-virtuosas-crema-letra-gigante-piel\/","title":{"rendered":"Biblia RVR60 Promesas Devocional Virtuosas Crema Letra Gigante Piel"},"content":{"rendered":"<ul class=\"tabs wc-tabs\" role=\"tablist\">\n<li id=\"tab-title-description\" class=\"description_tab active\" role=\"presentation\"><a tabindex=\"0\" role=\"tab\" href=\"https:\/\/libreria247.com\/producto\/biblia-rvr60-promesas-virtuosas-crema-letra-gigante-piel\/#tab-description\" aria-controls=\"tab-description\" aria-selected=\"true\"> Descripci\u00f3n <\/a><\/li>\n<li id=\"tab-title-reviews\" class=\"reviews_tab\" role=\"presentation\"><a tabindex=\"-1\" role=\"tab\" href=\"https:\/\/libreria247.com\/producto\/biblia-rvr60-promesas-virtuosas-crema-letra-gigante-piel\/#tab-reviews\" aria-controls=\"tab-reviews\" aria-selected=\"false\"> Valoraciones (0) <\/a><\/li>\n<\/ul>\n<div id=\"tab-description\" class=\"woocommerce-Tabs-panel woocommerce-Tabs-panel--description panel entry-content wc-tab\" role=\"tabpanel\" aria-labelledby=\"tab-title-description\">\n<p class=\"a-text-bold\"><span class=\"a-text-bold\">\u00abLa Biblia de Promesas \u00abVirtuosa\u00bb es una edici\u00f3n especial creada para inspirarte y recordarte la belleza del llamado de Dios en tu vida. Con 92 devocionales escritos por reconocidas autoras, esta Biblia es un recurso que despliega gracia y misericordia para ti, mujer virtuosa que desea vivir conforme al prop\u00f3sito divino\u00bb.<\/span><\/p>\n<p class=\"a-text-bold\"><span class=\"a-text-bold\">Caracter\u00edsticas:<\/span><\/p>\n<ul class=\"a-unordered-list a-vertical\">\n<li><span class=\"a-text-bold\">Texto b\u00edblico de la Reina-Valera 1960.<\/span><\/li>\n<li><span class=\"a-text-bold\">Tipograf\u00eda de f\u00e1cil lectura y letra gigante de 13 pts.<\/span><\/li>\n<li><span class=\"a-text-bold\">Cubierta de piel especial en colores rosa y crema.<\/span><\/li>\n<li><span class=\"a-text-bold\">Disponible con \u00edndice o sin \u00edndice.<\/span><\/li>\n<li><span class=\"a-text-bold\">Contiene 1470 p\u00e1ginas en total<\/span><\/li>\n<li><span class=\"a-text-bold\">Secci\u00f3n \u00abMilagros de Jes\u00fas\u00bb.<\/span><\/li>\n<li><span class=\"a-text-bold\">Secci\u00f3n \u00abArmon\u00eda de los Evangelios\u00bb.<\/span><\/li>\n<li><span class=\"a-text-bold\">Secci\u00f3n \u00abPlan de lectura diaria de la Biblia\u00bb.<\/span><\/li>\n<\/ul>\n<p class=\"a-text-bold\"><span class=\"a-text-bold\">Estas reconocidas autoras presentan 92 devocionales:<\/span><\/p>\n<ul class=\"a-unordered-list a-vertical\">\n<li><span class=\"a-text-bold\">Alisa Childers<\/span><\/li>\n<li><span class=\"a-text-bold\">Cheryl Brodersen<\/span><\/li>\n<li><span class=\"a-text-bold\">Christina Fox<\/span><\/li>\n<li><span class=\"a-text-bold\">Chrystal Evans Hurst<\/span><\/li>\n<li><span class=\"a-text-bold\">Dra. Caroline Leaf<\/span><\/li>\n<li><span class=\"a-text-bold\">Dra. Kathy Koch<\/span><\/li>\n<li><span class=\"a-text-bold\">Dra. Lis Milland<\/span><\/li>\n<li><span class=\"a-text-bold\">Elizabeth George<\/span><\/li>\n<li><span class=\"a-text-bold\">Holly Wagner<\/span><\/li>\n<li><span class=\"a-text-bold\">Lisa Bevere<\/span><\/li>\n<li><span class=\"a-text-bold\">Stephanie Campos<\/span><\/li>\n<li><span class=\"a-text-bold\">Stormie Omartian<\/span><\/li>\n<li><span class=\"a-text-bold\">Vicki Caruana<\/span><\/li>\n<\/ul>\n<p class=\"a-text-bold\"><span class=\"a-text-bold\">Adem\u00e1s, todas nuestras Biblias de Promesas contienen:<\/span><\/p>\n<ul class=\"a-unordered-list a-vertical\">\n<li><span class=\"a-text-bold\">M\u00e1s de 1800 promesas y palabras de afirmaci\u00f3n marcadas en tono gris.<\/span><\/li>\n<li><span class=\"a-text-bold\">Palabras del Se\u00f1or Jes\u00fas en rojo.<\/span><\/li>\n<li><span class=\"a-text-bold\">Plan de salvaci\u00f3n.<\/span><\/li>\n<li><span class=\"a-text-bold\">\u00cdndice de promesas.<\/span><\/li>\n<li><span class=\"a-text-bold\">Concordancia breve.<\/span><\/li>\n<li><span class=\"a-text-bold\">Secci\u00f3n de promesas por temas.<\/span><\/li>\n<li><span class=\"a-text-bold\">Referencias cruzadas.<\/span><\/li>\n<li><span class=\"a-text-bold\">Cinta marcadora.<\/span><\/li>\n<li><span class=\"a-text-bold\">Mapas.<\/span><\/li>\n<\/ul>\n<p class=\"a-text-bold\"><span class=\"a-text-bold\">Temas destacados:<\/span><\/p>\n<p class=\"a-text-bold\"><span class=\"a-text-bold\">Amistad, amor, ansiedad, arrepentimiento, confesi\u00f3n, confianza, constancia, crianza de los hijos, disposici\u00f3n, decisiones, desaf\u00edo, entendimiento, esperanza, estr\u00e9s, felicidad, futuro, fe, gozo, gracia, gratitud, guerra espiritual, humildad, libertad, obediencia, optimismo, oraci\u00f3n, paciencia, palabra de Dios, paz, perd\u00f3n, prop\u00f3sito, pureza, salud, sumisi\u00f3n, tiempo, valent\u00eda, verdad, victoria, voluntad de Dios.<\/span><\/p>\n<div id=\"ctl00_ucPDTabs_ctl02_fs\" class=\"ProductDetailGroup system-properties\">\n<p><strong>ISBN<\/strong>: 9780789928634<\/p>\n<p><strong>Dimensiones<\/strong>: 244 x 220 x 20 mm<\/p>\n<p><strong>Peso<\/strong>: 0,325kg<\/p>\n<p><strong>Cubierta<\/strong>: S\u00edmil Piel<\/p>\n<p><strong>N\u00famero de p\u00e1ginas<\/strong>: 1470<\/p>\n<p><strong>Fecha de lanzamiento<\/strong>: 15.12.2025<\/p>\n<p><strong>Idioma<\/strong>: Espa\u00f1ol<\/p>\n<\/div>\n<div id=\"ctl00_ucPDTabs_ctl03_fs\" class=\"ProductDetailGroup\">\n<p><strong>Especialidad:<\/strong>\u00a0Promesas<\/p>\n<p><strong>Versi\u00f3n :<\/strong>\u00a0RVR60<\/p>\n<\/div>\n<\/div>\n","protected":false},"excerpt":{"rendered":"<p>Descripci\u00f3n Valoraciones (0) \u00abLa Biblia de Promesas \u00abVirtuosa\u00bb es una edici\u00f3n especial creada para inspirarte y recordarte la belleza del llamado de Dios en tu vida. Con 92 devocionales escritos por reconocidas autoras, esta Biblia es un recurso que despliega gracia y misericordia para ti, mujer virtuosa que desea vivir conforme al prop\u00f3sito divino\u00bb. Caracter\u00edsticas: [&hellip;]<\/p>\n","protected":false},"featured_media":7520,"comment_status":"open","ping_status":"closed","template":"","meta":{"om_disable_all_campaigns":false,"_monsterinsights_skip_tracking":false,"_monsterinsights_sitenote_active":false,"_monsterinsights_sitenote_note":"","_monsterinsights_sitenote_category":0,"site-sidebar-layout":"default","site-content-layout":"","ast-site-content-layout":"default","site-content-style":"default","site-sidebar-style":"default","ast-global-header-display":"","ast-banner-title-visibility":"","ast-main-header-display":"","ast-hfb-above-header-display":"","ast-hfb-below-header-display":"","ast-hfb-mobile-header-display":"","site-post-title":"","ast-breadcrumbs-content":"","ast-featured-img":"","footer-sml-layout":"","ast-disable-related-posts":"","theme-transparent-header-meta":"default","adv-header-id-meta":"","stick-header-meta":"","header-above-stick-meta":"","header-main-stick-meta":"","header-below-stick-meta":"","astra-migrate-meta-layouts":"set","ast-page-background-enabled":"default","ast-page-background-meta":{"desktop":{"background-color":"var(--ast-global-color-4)","background-image":"","background-repeat":"repeat","background-position":"center center","background-size":"auto","background-attachment":"scroll","background-type":"","background-media":"","overlay-type":"","overlay-color":"","overlay-opacity":"","overlay-gradient":""},"tablet":{"background-color":"","background-image":"","background-repeat":"repeat","background-position":"center center","background-size":"auto","background-attachment":"scroll","background-type":"","background-media":"","overlay-type":"","overlay-color":"","overlay-opacity":"","overlay-gradient":""},"mobile":{"background-color":"","background-image":"","background-repeat":"repeat","background-position":"center center","background-size":"auto","background-attachment":"scroll","background-type":"","background-media":"","overlay-type":"","overlay-color":"","overlay-opacity":"","overlay-gradient":""}},"ast-content-background-meta":{"desktop":{"background-color":"var(--ast-global-color-5)","background-image":"","background-repeat":"repeat","background-position":"center center","background-size":"auto","background-attachment":"scroll","background-type":"","background-media":"","overlay-type":"","overlay-color":"","overlay-opacity":"","overlay-gradient":""},"tablet":{"background-color":"var(--ast-global-color-5)","background-image":"","background-repeat":"repeat","background-position":"center center","background-size":"auto","background-attachment":"scroll","background-type":"","background-media":"","overlay-type":"","overlay-color":"","overlay-opacity":"","overlay-gradient":""},"mobile":{"background-color":"var(--ast-global-color-5)","background-image":"","background-repeat":"repeat","background-position":"center center","background-size":"auto","background-attachment":"scroll","background-type":"","background-media":"","overlay-type":"","overlay-color":"","overlay-opacity":"","overlay-gradient":""}}},"product_brand":[],"product_cat":[312,22,42,179],"product_tag":[],"class_list":{"0":"post-7508","1":"product","2":"type-product","3":"status-publish","4":"has-post-thumbnail","6":"product_cat-biblia-de-promesas","7":"product_cat-biblias","8":"product_cat-biblias-reina-valera","9":"product_cat-letra-gigante-rvr","10":"desktop-align-left","11":"tablet-align-left","12":"mobile-align-left","14":"first","15":"instock","16":"shipping-taxable","17":"purchasable","18":"product-type-simple"},"yoast_head":"<!-- This site is optimized with the Yoast SEO plugin v27.6 - https:\/\/yoast.com\/product\/yoast-seo-wordpress\/ -->\n<title>Biblia RVR60 Promesas Devocional Virtuosas Crema Letra Gigante Piel - tzionlibreria.com<\/title>\n<meta name=\"robots\" content=\"index, follow, max-snippet:-1, max-image-preview:large, max-video-preview:-1\" \/>\n<link rel=\"canonical\" href=\"https:\/\/tzionlibreria.com\/index.php\/product\/biblia-rvr60-promesas-devocional-virtuosas-crema-letra-gigante-piel\/\" \/>\n<meta property=\"og:locale\" content=\"es_ES\" \/>\n<meta property=\"og:type\" content=\"article\" \/>\n<meta property=\"og:title\" content=\"Biblia RVR60 Promesas Devocional Virtuosas Crema Letra Gigante Piel - tzionlibreria.com\" \/>\n<meta property=\"og:description\" content=\"Descripci\u00f3n Valoraciones (0) \u00abLa Biblia de Promesas \u00abVirtuosa\u00bb es una edici\u00f3n especial creada para inspirarte y recordarte la belleza del llamado de Dios en tu vida. Con 92 devocionales escritos por reconocidas autoras, esta Biblia es un recurso que despliega gracia y misericordia para ti, mujer virtuosa que desea vivir conforme al prop\u00f3sito divino\u00bb. Caracter\u00edsticas: [&hellip;]\" \/>\n<meta property=\"og:url\" content=\"https:\/\/tzionlibreria.com\/index.php\/product\/biblia-rvr60-promesas-devocional-virtuosas-crema-letra-gigante-piel\/\" \/>\n<meta property=\"og:site_name\" content=\"tzionlibreria.com\" \/>\n<meta property=\"article:modified_time\" content=\"2026-03-25T22:16:28+00:00\" \/>\n<meta property=\"og:image\" content=\"http:\/\/tzionlibreria.com\/wp-content\/uploads\/2026\/03\/9780789928634.webp\" \/>\n\t<meta property=\"og:image:width\" content=\"1200\" \/>\n\t<meta property=\"og:image:height\" content=\"1200\" \/>\n\t<meta property=\"og:image:type\" content=\"image\/webp\" \/>\n<meta name=\"twitter:card\" content=\"summary_large_image\" \/>\n<meta name=\"twitter:label1\" content=\"Tiempo de lectura\" \/>\n\t<meta name=\"twitter:data1\" content=\"2 minutos\" \/>\n<script type=\"application\/ld+json\" class=\"yoast-schema-graph\">{\"@context\":\"https:\\\/\\\/schema.org\",\"@graph\":[{\"@type\":\"WebPage\",\"@id\":\"https:\\\/\\\/tzionlibreria.com\\\/index.php\\\/product\\\/biblia-rvr60-promesas-devocional-virtuosas-crema-letra-gigante-piel\\\/\",\"url\":\"https:\\\/\\\/tzionlibreria.com\\\/index.php\\\/product\\\/biblia-rvr60-promesas-devocional-virtuosas-crema-letra-gigante-piel\\\/\",\"name\":\"Biblia RVR60 Promesas Devocional Virtuosas Crema Letra Gigante Piel - tzionlibreria.com\",\"isPartOf\":{\"@id\":\"https:\\\/\\\/tzionlibreria.com\\\/#website\"},\"primaryImageOfPage\":{\"@id\":\"https:\\\/\\\/tzionlibreria.com\\\/index.php\\\/product\\\/biblia-rvr60-promesas-devocional-virtuosas-crema-letra-gigante-piel\\\/#primaryimage\"},\"image\":{\"@id\":\"https:\\\/\\\/tzionlibreria.com\\\/index.php\\\/product\\\/biblia-rvr60-promesas-devocional-virtuosas-crema-letra-gigante-piel\\\/#primaryimage\"},\"thumbnailUrl\":\"https:\\\/\\\/tzionlibreria.com\\\/wp-content\\\/uploads\\\/2026\\\/03\\\/9780789928634.webp\",\"datePublished\":\"2026-03-25T22:16:02+00:00\",\"dateModified\":\"2026-03-25T22:16:28+00:00\",\"breadcrumb\":{\"@id\":\"https:\\\/\\\/tzionlibreria.com\\\/index.php\\\/product\\\/biblia-rvr60-promesas-devocional-virtuosas-crema-letra-gigante-piel\\\/#breadcrumb\"},\"inLanguage\":\"es-CO\",\"potentialAction\":[{\"@type\":\"ReadAction\",\"target\":[\"https:\\\/\\\/tzionlibreria.com\\\/index.php\\\/product\\\/biblia-rvr60-promesas-devocional-virtuosas-crema-letra-gigante-piel\\\/\"]}]},{\"@type\":\"ImageObject\",\"inLanguage\":\"es-CO\",\"@id\":\"https:\\\/\\\/tzionlibreria.com\\\/index.php\\\/product\\\/biblia-rvr60-promesas-devocional-virtuosas-crema-letra-gigante-piel\\\/#primaryimage\",\"url\":\"https:\\\/\\\/tzionlibreria.com\\\/wp-content\\\/uploads\\\/2026\\\/03\\\/9780789928634.webp\",\"contentUrl\":\"https:\\\/\\\/tzionlibreria.com\\\/wp-content\\\/uploads\\\/2026\\\/03\\\/9780789928634.webp\",\"width\":1200,\"height\":1200},{\"@type\":\"BreadcrumbList\",\"@id\":\"https:\\\/\\\/tzionlibreria.com\\\/index.php\\\/product\\\/biblia-rvr60-promesas-devocional-virtuosas-crema-letra-gigante-piel\\\/#breadcrumb\",\"itemListElement\":[{\"@type\":\"ListItem\",\"position\":1,\"name\":\"Inicio\",\"item\":\"https:\\\/\\\/tzionlibreria.com\\\/\"},{\"@type\":\"ListItem\",\"position\":2,\"name\":\"Shop\",\"item\":\"https:\\\/\\\/tzionlibreria.com\\\/index.php\\\/shop\\\/\"},{\"@type\":\"ListItem\",\"position\":3,\"name\":\"Biblia RVR60 Promesas Devocional Virtuosas Crema Letra Gigante Piel\"}]},{\"@type\":\"WebSite\",\"@id\":\"https:\\\/\\\/tzionlibreria.com\\\/#website\",\"url\":\"https:\\\/\\\/tzionlibreria.com\\\/\",\"name\":\"tzionlibreria.com\",\"description\":\"Libreria Cristiana Venezuela\",\"publisher\":{\"@id\":\"https:\\\/\\\/tzionlibreria.com\\\/#organization\"},\"potentialAction\":[{\"@type\":\"SearchAction\",\"target\":{\"@type\":\"EntryPoint\",\"urlTemplate\":\"https:\\\/\\\/tzionlibreria.com\\\/?s={search_term_string}\"},\"query-input\":{\"@type\":\"PropertyValueSpecification\",\"valueRequired\":true,\"valueName\":\"search_term_string\"}}],\"inLanguage\":\"es-CO\"},{\"@type\":\"Organization\",\"@id\":\"https:\\\/\\\/tzionlibreria.com\\\/#organization\",\"name\":\"tzionlibreria.com\",\"url\":\"https:\\\/\\\/tzionlibreria.com\\\/\",\"logo\":{\"@type\":\"ImageObject\",\"inLanguage\":\"es-CO\",\"@id\":\"https:\\\/\\\/tzionlibreria.com\\\/#\\\/schema\\\/logo\\\/image\\\/\",\"url\":\"https:\\\/\\\/tzionlibreria.com\\\/wp-content\\\/uploads\\\/2023\\\/10\\\/cropped-Cuadricula-scaled-1.jpg\",\"contentUrl\":\"https:\\\/\\\/tzionlibreria.com\\\/wp-content\\\/uploads\\\/2023\\\/10\\\/cropped-Cuadricula-scaled-1.jpg\",\"width\":2560,\"height\":2560,\"caption\":\"tzionlibreria.com\"},\"image\":{\"@id\":\"https:\\\/\\\/tzionlibreria.com\\\/#\\\/schema\\\/logo\\\/image\\\/\"}}]}<\/script>\n<!-- \/ Yoast SEO plugin. -->","yoast_head_json":{"title":"Biblia RVR60 Promesas Devocional Virtuosas Crema Letra Gigante Piel - tzionlibreria.com","robots":{"index":"index","follow":"follow","max-snippet":"max-snippet:-1","max-image-preview":"max-image-preview:large","max-video-preview":"max-video-preview:-1"},"canonical":"https:\/\/tzionlibreria.com\/index.php\/product\/biblia-rvr60-promesas-devocional-virtuosas-crema-letra-gigante-piel\/","og_locale":"es_ES","og_type":"article","og_title":"Biblia RVR60 Promesas Devocional Virtuosas Crema Letra Gigante Piel - tzionlibreria.com","og_description":"Descripci\u00f3n Valoraciones (0) \u00abLa Biblia de Promesas \u00abVirtuosa\u00bb es una edici\u00f3n especial creada para inspirarte y recordarte la belleza del llamado de Dios en tu vida. Con 92 devocionales escritos por reconocidas autoras, esta Biblia es un recurso que despliega gracia y misericordia para ti, mujer virtuosa que desea vivir conforme al prop\u00f3sito divino\u00bb. Caracter\u00edsticas: [&hellip;]","og_url":"https:\/\/tzionlibreria.com\/index.php\/product\/biblia-rvr60-promesas-devocional-virtuosas-crema-letra-gigante-piel\/","og_site_name":"tzionlibreria.com","article_modified_time":"2026-03-25T22:16:28+00:00","og_image":[{"width":1200,"height":1200,"url":"http:\/\/tzionlibreria.com\/wp-content\/uploads\/2026\/03\/9780789928634.webp","type":"image\/webp"}],"twitter_card":"summary_large_image","twitter_misc":{"Tiempo de lectura":"2 minutos"},"schema":{"@context":"https:\/\/schema.org","@graph":[{"@type":"WebPage","@id":"https:\/\/tzionlibreria.com\/index.php\/product\/biblia-rvr60-promesas-devocional-virtuosas-crema-letra-gigante-piel\/","url":"https:\/\/tzionlibreria.com\/index.php\/product\/biblia-rvr60-promesas-devocional-virtuosas-crema-letra-gigante-piel\/","name":"Biblia RVR60 Promesas Devocional Virtuosas Crema Letra Gigante Piel - tzionlibreria.com","isPartOf":{"@id":"https:\/\/tzionlibreria.com\/#website"},"primaryImageOfPage":{"@id":"https:\/\/tzionlibreria.com\/index.php\/product\/biblia-rvr60-promesas-devocional-virtuosas-crema-letra-gigante-piel\/#primaryimage"},"image":{"@id":"https:\/\/tzionlibreria.com\/index.php\/product\/biblia-rvr60-promesas-devocional-virtuosas-crema-letra-gigante-piel\/#primaryimage"},"thumbnailUrl":"https:\/\/tzionlibreria.com\/wp-content\/uploads\/2026\/03\/9780789928634.webp","datePublished":"2026-03-25T22:16:02+00:00","dateModified":"2026-03-25T22:16:28+00:00","breadcrumb":{"@id":"https:\/\/tzionlibreria.com\/index.php\/product\/biblia-rvr60-promesas-devocional-virtuosas-crema-letra-gigante-piel\/#breadcrumb"},"inLanguage":"es-CO","potentialAction":[{"@type":"ReadAction","target":["https:\/\/tzionlibreria.com\/index.php\/product\/biblia-rvr60-promesas-devocional-virtuosas-crema-letra-gigante-piel\/"]}]},{"@type":"ImageObject","inLanguage":"es-CO","@id":"https:\/\/tzionlibreria.com\/index.php\/product\/biblia-rvr60-promesas-devocional-virtuosas-crema-letra-gigante-piel\/#primaryimage","url":"https:\/\/tzionlibreria.com\/wp-content\/uploads\/2026\/03\/9780789928634.webp","contentUrl":"https:\/\/tzionlibreria.com\/wp-content\/uploads\/2026\/03\/9780789928634.webp","width":1200,"height":1200},{"@type":"BreadcrumbList","@id":"https:\/\/tzionlibreria.com\/index.php\/product\/biblia-rvr60-promesas-devocional-virtuosas-crema-letra-gigante-piel\/#breadcrumb","itemListElement":[{"@type":"ListItem","position":1,"name":"Inicio","item":"https:\/\/tzionlibreria.com\/"},{"@type":"ListItem","position":2,"name":"Shop","item":"https:\/\/tzionlibreria.com\/index.php\/shop\/"},{"@type":"ListItem","position":3,"name":"Biblia RVR60 Promesas Devocional Virtuosas Crema Letra Gigante Piel"}]},{"@type":"WebSite","@id":"https:\/\/tzionlibreria.com\/#website","url":"https:\/\/tzionlibreria.com\/","name":"tzionlibreria.com","description":"Libreria Cristiana Venezuela","publisher":{"@id":"https:\/\/tzionlibreria.com\/#organization"},"potentialAction":[{"@type":"SearchAction","target":{"@type":"EntryPoint","urlTemplate":"https:\/\/tzionlibreria.com\/?s={search_term_string}"},"query-input":{"@type":"PropertyValueSpecification","valueRequired":true,"valueName":"search_term_string"}}],"inLanguage":"es-CO"},{"@type":"Organization","@id":"https:\/\/tzionlibreria.com\/#organization","name":"tzionlibreria.com","url":"https:\/\/tzionlibreria.com\/","logo":{"@type":"ImageObject","inLanguage":"es-CO","@id":"https:\/\/tzionlibreria.com\/#\/schema\/logo\/image\/","url":"https:\/\/tzionlibreria.com\/wp-content\/uploads\/2023\/10\/cropped-Cuadricula-scaled-1.jpg","contentUrl":"https:\/\/tzionlibreria.com\/wp-content\/uploads\/2023\/10\/cropped-Cuadricula-scaled-1.jpg","width":2560,"height":2560,"caption":"tzionlibreria.com"},"image":{"@id":"https:\/\/tzionlibreria.com\/#\/schema\/logo\/image\/"}}]}},"jetpack_sharing_enabled":true,"_links":{"self":[{"href":"https:\/\/tzionlibreria.com\/index.php\/wp-json\/wp\/v2\/product\/7508","targetHints":{"allow":["GET"]}}],"collection":[{"href":"https:\/\/tzionlibreria.com\/index.php\/wp-json\/wp\/v2\/product"}],"about":[{"href":"https:\/\/tzionlibreria.com\/index.php\/wp-json\/wp\/v2\/types\/product"}],"replies":[{"embeddable":true,"href":"https:\/\/tzionlibreria.com\/index.php\/wp-json\/wp\/v2\/comments?post=7508"}],"wp:featuredmedia":[{"embeddable":true,"href":"https:\/\/tzionlibreria.com\/index.php\/wp-json\/wp\/v2\/media\/7520"}],"wp:attachment":[{"href":"https:\/\/tzionlibreria.com\/index.php\/wp-json\/wp\/v2\/media?parent=7508"}],"wp:term":[{"taxonomy":"product_brand","embeddable":true,"href":"https:\/\/tzionlibreria.com\/index.php\/wp-json\/wp\/v2\/product_brand?post=7508"},{"taxonomy":"product_cat","embeddable":true,"href":"https:\/\/tzionlibreria.com\/index.php\/wp-json\/wp\/v2\/product_cat?post=7508"},{"taxonomy":"product_tag","embeddable":true,"href":"https:\/\/tzionlibreria.com\/index.php\/wp-json\/wp\/v2\/product_tag?post=7508"}],"curies":[{"name":"wp","href":"https:\/\/api.w.org\/{rel}","templated":true}]}}