{"id":754,"date":"2023-10-07T14:28:16","date_gmt":"2023-10-07T14:28:16","guid":{"rendered":"https:\/\/tzionlibreria.com\/?post_type=product&#038;p=754"},"modified":"2025-06-16T01:49:28","modified_gmt":"2025-06-16T01:49:28","slug":"la-busqueda-final-rick-joyner","status":"publish","type":"product","link":"https:\/\/tzionlibreria.com\/index.php\/product\/la-busqueda-final-rick-joyner\/","title":{"rendered":"La B\u00fasqueda Final &#8211; Rick Joyner Bolsilibro"},"content":{"rendered":"<h3 data-start=\"139\" data-end=\"183\">\ud83d\udcd8 <strong data-start=\"146\" data-end=\"181\">La B\u00fasqueda Final \u2013 Rick Joyner<\/strong><\/h3>\n<p data-start=\"184\" data-end=\"207\"><strong data-start=\"184\" data-end=\"193\">ISBN:<\/strong> 9789875571709<\/p>\n<p data-start=\"209\" data-end=\"715\"><br data-start=\"238\" data-end=\"241\" \/><em data-start=\"241\" data-end=\"260\">La B\u00fasqueda Final<\/em> es una obra prof\u00e9tica y reveladora que nos sumerge en una visi\u00f3n celestial sobre la gran batalla final entre la luz y las tinieblas. Escrita por Rick Joyner, esta obra es una invitaci\u00f3n a los creyentes a participar en la \u00faltima y m\u00e1s noble aventura espiritual de nuestros tiempos. Con un estilo impactante y lleno de simbolismo, el autor gu\u00eda al lector a trav\u00e9s de una experiencia transformadora que despierta el llamado divino en cada coraz\u00f3n dispuesto.<\/p>\n<p data-start=\"717\" data-end=\"1090\"><strong data-start=\"717\" data-end=\"740\">Ventajas del libro:<\/strong><br data-start=\"740\" data-end=\"743\" \/>\u2705 Contenido profundamente espiritual y visionario<br data-start=\"792\" data-end=\"795\" \/>\u2705 Inspirador para la vida cristiana activa y comprometida<br data-start=\"852\" data-end=\"855\" \/>\u2705 Parte de una trilog\u00eda prof\u00e9tica junto a <em data-start=\"897\" data-end=\"909\">El Llamado<\/em> y <em data-start=\"912\" data-end=\"937\">La Antorcha y la Espada<\/em><br data-start=\"937\" data-end=\"940\" \/>\u2705 Traducido a m\u00e1s de 50 idiomas \u2014 lectura probada y poderosa a nivel global<br data-start=\"1015\" data-end=\"1018\" data-is-only-node=\"\" \/>\u2705 Ideal para discipulados, l\u00edderes cristianos y ministerios prof\u00e9ticos<\/p>\n<p data-start=\"1092\" data-end=\"1370\"><strong data-start=\"1092\" data-end=\"1120\">\u00bfPara qui\u00e9n va dirigido?<\/strong><br data-start=\"1120\" data-end=\"1123\" \/>\ud83d\udc64 Creyentes que buscan profundizar en la vida espiritual<br data-start=\"1180\" data-end=\"1183\" \/>\ud83d\udc64 Pastores, l\u00edderes y maestros de la palabra<br data-start=\"1228\" data-end=\"1231\" \/>\ud83d\udc64 J\u00f3venes con llamado ministerial o vocaci\u00f3n prof\u00e9tica<br data-start=\"1286\" data-end=\"1289\" \/>\ud83d\udc64 Toda persona interesada en el fin de los tiempos y el prop\u00f3sito eterno de Dios<\/p>\n","protected":false},"excerpt":{"rendered":"<p>\ud83d\udcd8 La B\u00fasqueda Final \u2013 Rick Joyner ISBN: 9789875571709 La B\u00fasqueda Final es una obra prof\u00e9tica y reveladora que nos sumerge en una visi\u00f3n celestial sobre la gran batalla final entre la luz y las tinieblas. Escrita por Rick Joyner, esta obra es una invitaci\u00f3n a los creyentes a participar en la \u00faltima y m\u00e1s [&hellip;]<\/p>\n","protected":false},"featured_media":755,"comment_status":"open","ping_status":"closed","template":"","meta":{"om_disable_all_campaigns":false,"_monsterinsights_skip_tracking":false,"_monsterinsights_sitenote_active":false,"_monsterinsights_sitenote_note":"","_monsterinsights_sitenote_category":0,"site-sidebar-layout":"default","site-content-layout":"","ast-site-content-layout":"default","site-content-style":"default","site-sidebar-style":"default","ast-global-header-display":"","ast-banner-title-visibility":"","ast-main-header-display":"","ast-hfb-above-header-display":"","ast-hfb-below-header-display":"","ast-hfb-mobile-header-display":"","site-post-title":"","ast-breadcrumbs-content":"","ast-featured-img":"","footer-sml-layout":"","ast-disable-related-posts":"","theme-transparent-header-meta":"default","adv-header-id-meta":"","stick-header-meta":"","header-above-stick-meta":"","header-main-stick-meta":"","header-below-stick-meta":"","astra-migrate-meta-layouts":"set","ast-page-background-enabled":"default","ast-page-background-meta":{"desktop":{"background-color":"var(--ast-global-color-4)","background-image":"","background-repeat":"repeat","background-position":"center center","background-size":"auto","background-attachment":"scroll","background-type":"","background-media":"","overlay-type":"","overlay-color":"","overlay-opacity":"","overlay-gradient":""},"tablet":{"background-color":"","background-image":"","background-repeat":"repeat","background-position":"center center","background-size":"auto","background-attachment":"scroll","background-type":"","background-media":"","overlay-type":"","overlay-color":"","overlay-opacity":"","overlay-gradient":""},"mobile":{"background-color":"","background-image":"","background-repeat":"repeat","background-position":"center center","background-size":"auto","background-attachment":"scroll","background-type":"","background-media":"","overlay-type":"","overlay-color":"","overlay-opacity":"","overlay-gradient":""}},"ast-content-background-meta":{"desktop":{"background-color":"var(--ast-global-color-5)","background-image":"","background-repeat":"repeat","background-position":"center center","background-size":"auto","background-attachment":"scroll","background-type":"","background-media":"","overlay-type":"","overlay-color":"","overlay-opacity":"","overlay-gradient":""},"tablet":{"background-color":"var(--ast-global-color-5)","background-image":"","background-repeat":"repeat","background-position":"center center","background-size":"auto","background-attachment":"scroll","background-type":"","background-media":"","overlay-type":"","overlay-color":"","overlay-opacity":"","overlay-gradient":""},"mobile":{"background-color":"var(--ast-global-color-5)","background-image":"","background-repeat":"repeat","background-position":"center center","background-size":"auto","background-attachment":"scroll","background-type":"","background-media":"","overlay-type":"","overlay-color":"","overlay-opacity":"","overlay-gradient":""}}},"product_brand":[],"product_cat":[23,166],"product_tag":[51],"class_list":{"0":"post-754","1":"product","2":"type-product","3":"status-publish","4":"has-post-thumbnail","6":"product_cat-libros","7":"product_cat-profecia","8":"product_tag-rick-joyner","9":"desktop-align-left","10":"tablet-align-left","11":"mobile-align-left","13":"first","14":"instock","15":"shipping-taxable","16":"purchasable","17":"product-type-simple"},"yoast_head":"<!-- This site is optimized with the Yoast SEO plugin v27.4 - https:\/\/yoast.com\/product\/yoast-seo-wordpress\/ -->\n<title>La B\u00fasqueda Final - Rick Joyner Bolsilibro - tzionlibreria.com<\/title>\n<meta name=\"description\" content=\"La B\u00fasqueda Final es una obra prof\u00e9tica y reveladora que nos sumerge en una visi\u00f3n celestial sobre la gran batalla final entre la luz y las tinieblas\" \/>\n<meta name=\"robots\" content=\"index, follow, max-snippet:-1, max-image-preview:large, max-video-preview:-1\" \/>\n<link rel=\"canonical\" href=\"https:\/\/tzionlibreria.com\/index.php\/product\/la-busqueda-final-rick-joyner\/\" \/>\n<meta property=\"og:locale\" content=\"es_ES\" \/>\n<meta property=\"og:type\" content=\"article\" \/>\n<meta property=\"og:title\" content=\"La B\u00fasqueda Final - Rick Joyner Bolsilibro - tzionlibreria.com\" \/>\n<meta property=\"og:description\" content=\"La B\u00fasqueda Final es una obra prof\u00e9tica y reveladora que nos sumerge en una visi\u00f3n celestial sobre la gran batalla final entre la luz y las tinieblas\" \/>\n<meta property=\"og:url\" content=\"https:\/\/tzionlibreria.com\/index.php\/product\/la-busqueda-final-rick-joyner\/\" \/>\n<meta property=\"og:site_name\" content=\"tzionlibreria.com\" \/>\n<meta property=\"article:modified_time\" content=\"2025-06-16T01:49:28+00:00\" \/>\n<meta property=\"og:image\" content=\"http:\/\/tzionlibreria.com\/wp-content\/uploads\/2023\/10\/D_NQ_NP_2X_794471-MLV51652460401_092022-F.webp\" \/>\n\t<meta property=\"og:image:width\" content=\"1070\" \/>\n\t<meta property=\"og:image:height\" content=\"988\" \/>\n\t<meta property=\"og:image:type\" content=\"image\/webp\" \/>\n<meta name=\"twitter:card\" content=\"summary_large_image\" \/>\n<meta name=\"twitter:label1\" content=\"Tiempo de lectura\" \/>\n\t<meta name=\"twitter:data1\" content=\"2 minutos\" \/>\n<script type=\"application\/ld+json\" class=\"yoast-schema-graph\">{\"@context\":\"https:\\\/\\\/schema.org\",\"@graph\":[{\"@type\":\"WebPage\",\"@id\":\"https:\\\/\\\/tzionlibreria.com\\\/index.php\\\/product\\\/la-busqueda-final-rick-joyner\\\/\",\"url\":\"https:\\\/\\\/tzionlibreria.com\\\/index.php\\\/product\\\/la-busqueda-final-rick-joyner\\\/\",\"name\":\"La B\u00fasqueda Final - Rick Joyner Bolsilibro - tzionlibreria.com\",\"isPartOf\":{\"@id\":\"https:\\\/\\\/tzionlibreria.com\\\/#website\"},\"primaryImageOfPage\":{\"@id\":\"https:\\\/\\\/tzionlibreria.com\\\/index.php\\\/product\\\/la-busqueda-final-rick-joyner\\\/#primaryimage\"},\"image\":{\"@id\":\"https:\\\/\\\/tzionlibreria.com\\\/index.php\\\/product\\\/la-busqueda-final-rick-joyner\\\/#primaryimage\"},\"thumbnailUrl\":\"https:\\\/\\\/tzionlibreria.com\\\/wp-content\\\/uploads\\\/2023\\\/10\\\/D_NQ_NP_2X_794471-MLV51652460401_092022-F.webp\",\"datePublished\":\"2023-10-07T14:28:16+00:00\",\"dateModified\":\"2025-06-16T01:49:28+00:00\",\"description\":\"La B\u00fasqueda Final es una obra prof\u00e9tica y reveladora que nos sumerge en una visi\u00f3n celestial sobre la gran batalla final entre la luz y las tinieblas\",\"breadcrumb\":{\"@id\":\"https:\\\/\\\/tzionlibreria.com\\\/index.php\\\/product\\\/la-busqueda-final-rick-joyner\\\/#breadcrumb\"},\"inLanguage\":\"es-CO\",\"potentialAction\":[{\"@type\":\"ReadAction\",\"target\":[\"https:\\\/\\\/tzionlibreria.com\\\/index.php\\\/product\\\/la-busqueda-final-rick-joyner\\\/\"]}]},{\"@type\":\"ImageObject\",\"inLanguage\":\"es-CO\",\"@id\":\"https:\\\/\\\/tzionlibreria.com\\\/index.php\\\/product\\\/la-busqueda-final-rick-joyner\\\/#primaryimage\",\"url\":\"https:\\\/\\\/tzionlibreria.com\\\/wp-content\\\/uploads\\\/2023\\\/10\\\/D_NQ_NP_2X_794471-MLV51652460401_092022-F.webp\",\"contentUrl\":\"https:\\\/\\\/tzionlibreria.com\\\/wp-content\\\/uploads\\\/2023\\\/10\\\/D_NQ_NP_2X_794471-MLV51652460401_092022-F.webp\",\"width\":1070,\"height\":988},{\"@type\":\"BreadcrumbList\",\"@id\":\"https:\\\/\\\/tzionlibreria.com\\\/index.php\\\/product\\\/la-busqueda-final-rick-joyner\\\/#breadcrumb\",\"itemListElement\":[{\"@type\":\"ListItem\",\"position\":1,\"name\":\"Inicio\",\"item\":\"https:\\\/\\\/tzionlibreria.com\\\/\"},{\"@type\":\"ListItem\",\"position\":2,\"name\":\"Shop\",\"item\":\"https:\\\/\\\/tzionlibreria.com\\\/index.php\\\/shop\\\/\"},{\"@type\":\"ListItem\",\"position\":3,\"name\":\"La B\u00fasqueda Final &#8211; Rick Joyner Bolsilibro\"}]},{\"@type\":\"WebSite\",\"@id\":\"https:\\\/\\\/tzionlibreria.com\\\/#website\",\"url\":\"https:\\\/\\\/tzionlibreria.com\\\/\",\"name\":\"tzionlibreria.com\",\"description\":\"Libreria Cristiana Venezuela\",\"publisher\":{\"@id\":\"https:\\\/\\\/tzionlibreria.com\\\/#organization\"},\"potentialAction\":[{\"@type\":\"SearchAction\",\"target\":{\"@type\":\"EntryPoint\",\"urlTemplate\":\"https:\\\/\\\/tzionlibreria.com\\\/?s={search_term_string}\"},\"query-input\":{\"@type\":\"PropertyValueSpecification\",\"valueRequired\":true,\"valueName\":\"search_term_string\"}}],\"inLanguage\":\"es-CO\"},{\"@type\":\"Organization\",\"@id\":\"https:\\\/\\\/tzionlibreria.com\\\/#organization\",\"name\":\"tzionlibreria.com\",\"url\":\"https:\\\/\\\/tzionlibreria.com\\\/\",\"logo\":{\"@type\":\"ImageObject\",\"inLanguage\":\"es-CO\",\"@id\":\"https:\\\/\\\/tzionlibreria.com\\\/#\\\/schema\\\/logo\\\/image\\\/\",\"url\":\"https:\\\/\\\/tzionlibreria.com\\\/wp-content\\\/uploads\\\/2023\\\/10\\\/cropped-Cuadricula-scaled-1.jpg\",\"contentUrl\":\"https:\\\/\\\/tzionlibreria.com\\\/wp-content\\\/uploads\\\/2023\\\/10\\\/cropped-Cuadricula-scaled-1.jpg\",\"width\":2560,\"height\":2560,\"caption\":\"tzionlibreria.com\"},\"image\":{\"@id\":\"https:\\\/\\\/tzionlibreria.com\\\/#\\\/schema\\\/logo\\\/image\\\/\"}}]}<\/script>\n<!-- \/ Yoast SEO plugin. -->","yoast_head_json":{"title":"La B\u00fasqueda Final - Rick Joyner Bolsilibro - tzionlibreria.com","description":"La B\u00fasqueda Final es una obra prof\u00e9tica y reveladora que nos sumerge en una visi\u00f3n celestial sobre la gran batalla final entre la luz y las tinieblas","robots":{"index":"index","follow":"follow","max-snippet":"max-snippet:-1","max-image-preview":"max-image-preview:large","max-video-preview":"max-video-preview:-1"},"canonical":"https:\/\/tzionlibreria.com\/index.php\/product\/la-busqueda-final-rick-joyner\/","og_locale":"es_ES","og_type":"article","og_title":"La B\u00fasqueda Final - Rick Joyner Bolsilibro - tzionlibreria.com","og_description":"La B\u00fasqueda Final es una obra prof\u00e9tica y reveladora que nos sumerge en una visi\u00f3n celestial sobre la gran batalla final entre la luz y las tinieblas","og_url":"https:\/\/tzionlibreria.com\/index.php\/product\/la-busqueda-final-rick-joyner\/","og_site_name":"tzionlibreria.com","article_modified_time":"2025-06-16T01:49:28+00:00","og_image":[{"width":1070,"height":988,"url":"http:\/\/tzionlibreria.com\/wp-content\/uploads\/2023\/10\/D_NQ_NP_2X_794471-MLV51652460401_092022-F.webp","type":"image\/webp"}],"twitter_card":"summary_large_image","twitter_misc":{"Tiempo de lectura":"2 minutos"},"schema":{"@context":"https:\/\/schema.org","@graph":[{"@type":"WebPage","@id":"https:\/\/tzionlibreria.com\/index.php\/product\/la-busqueda-final-rick-joyner\/","url":"https:\/\/tzionlibreria.com\/index.php\/product\/la-busqueda-final-rick-joyner\/","name":"La B\u00fasqueda Final - Rick Joyner Bolsilibro - tzionlibreria.com","isPartOf":{"@id":"https:\/\/tzionlibreria.com\/#website"},"primaryImageOfPage":{"@id":"https:\/\/tzionlibreria.com\/index.php\/product\/la-busqueda-final-rick-joyner\/#primaryimage"},"image":{"@id":"https:\/\/tzionlibreria.com\/index.php\/product\/la-busqueda-final-rick-joyner\/#primaryimage"},"thumbnailUrl":"https:\/\/tzionlibreria.com\/wp-content\/uploads\/2023\/10\/D_NQ_NP_2X_794471-MLV51652460401_092022-F.webp","datePublished":"2023-10-07T14:28:16+00:00","dateModified":"2025-06-16T01:49:28+00:00","description":"La B\u00fasqueda Final es una obra prof\u00e9tica y reveladora que nos sumerge en una visi\u00f3n celestial sobre la gran batalla final entre la luz y las tinieblas","breadcrumb":{"@id":"https:\/\/tzionlibreria.com\/index.php\/product\/la-busqueda-final-rick-joyner\/#breadcrumb"},"inLanguage":"es-CO","potentialAction":[{"@type":"ReadAction","target":["https:\/\/tzionlibreria.com\/index.php\/product\/la-busqueda-final-rick-joyner\/"]}]},{"@type":"ImageObject","inLanguage":"es-CO","@id":"https:\/\/tzionlibreria.com\/index.php\/product\/la-busqueda-final-rick-joyner\/#primaryimage","url":"https:\/\/tzionlibreria.com\/wp-content\/uploads\/2023\/10\/D_NQ_NP_2X_794471-MLV51652460401_092022-F.webp","contentUrl":"https:\/\/tzionlibreria.com\/wp-content\/uploads\/2023\/10\/D_NQ_NP_2X_794471-MLV51652460401_092022-F.webp","width":1070,"height":988},{"@type":"BreadcrumbList","@id":"https:\/\/tzionlibreria.com\/index.php\/product\/la-busqueda-final-rick-joyner\/#breadcrumb","itemListElement":[{"@type":"ListItem","position":1,"name":"Inicio","item":"https:\/\/tzionlibreria.com\/"},{"@type":"ListItem","position":2,"name":"Shop","item":"https:\/\/tzionlibreria.com\/index.php\/shop\/"},{"@type":"ListItem","position":3,"name":"La B\u00fasqueda Final &#8211; Rick Joyner Bolsilibro"}]},{"@type":"WebSite","@id":"https:\/\/tzionlibreria.com\/#website","url":"https:\/\/tzionlibreria.com\/","name":"tzionlibreria.com","description":"Libreria Cristiana Venezuela","publisher":{"@id":"https:\/\/tzionlibreria.com\/#organization"},"potentialAction":[{"@type":"SearchAction","target":{"@type":"EntryPoint","urlTemplate":"https:\/\/tzionlibreria.com\/?s={search_term_string}"},"query-input":{"@type":"PropertyValueSpecification","valueRequired":true,"valueName":"search_term_string"}}],"inLanguage":"es-CO"},{"@type":"Organization","@id":"https:\/\/tzionlibreria.com\/#organization","name":"tzionlibreria.com","url":"https:\/\/tzionlibreria.com\/","logo":{"@type":"ImageObject","inLanguage":"es-CO","@id":"https:\/\/tzionlibreria.com\/#\/schema\/logo\/image\/","url":"https:\/\/tzionlibreria.com\/wp-content\/uploads\/2023\/10\/cropped-Cuadricula-scaled-1.jpg","contentUrl":"https:\/\/tzionlibreria.com\/wp-content\/uploads\/2023\/10\/cropped-Cuadricula-scaled-1.jpg","width":2560,"height":2560,"caption":"tzionlibreria.com"},"image":{"@id":"https:\/\/tzionlibreria.com\/#\/schema\/logo\/image\/"}}]}},"jetpack_sharing_enabled":true,"_links":{"self":[{"href":"https:\/\/tzionlibreria.com\/index.php\/wp-json\/wp\/v2\/product\/754","targetHints":{"allow":["GET"]}}],"collection":[{"href":"https:\/\/tzionlibreria.com\/index.php\/wp-json\/wp\/v2\/product"}],"about":[{"href":"https:\/\/tzionlibreria.com\/index.php\/wp-json\/wp\/v2\/types\/product"}],"replies":[{"embeddable":true,"href":"https:\/\/tzionlibreria.com\/index.php\/wp-json\/wp\/v2\/comments?post=754"}],"wp:featuredmedia":[{"embeddable":true,"href":"https:\/\/tzionlibreria.com\/index.php\/wp-json\/wp\/v2\/media\/755"}],"wp:attachment":[{"href":"https:\/\/tzionlibreria.com\/index.php\/wp-json\/wp\/v2\/media?parent=754"}],"wp:term":[{"taxonomy":"product_brand","embeddable":true,"href":"https:\/\/tzionlibreria.com\/index.php\/wp-json\/wp\/v2\/product_brand?post=754"},{"taxonomy":"product_cat","embeddable":true,"href":"https:\/\/tzionlibreria.com\/index.php\/wp-json\/wp\/v2\/product_cat?post=754"},{"taxonomy":"product_tag","embeddable":true,"href":"https:\/\/tzionlibreria.com\/index.php\/wp-json\/wp\/v2\/product_tag?post=754"}],"curies":[{"name":"wp","href":"https:\/\/api.w.org\/{rel}","templated":true}]}}