{"id":7543,"date":"2026-03-25T22:53:41","date_gmt":"2026-03-25T22:53:41","guid":{"rendered":"https:\/\/tzionlibreria.com\/?post_type=product&#038;p=7543"},"modified":"2026-03-25T22:53:41","modified_gmt":"2026-03-25T22:53:41","slug":"biblia-tipo-chequera-reina-valera-1960-rojo-indice-cierre","status":"publish","type":"product","link":"https:\/\/tzionlibreria.com\/index.php\/product\/biblia-tipo-chequera-reina-valera-1960-rojo-indice-cierre\/","title":{"rendered":"Biblia tipo chequera Reina Valera 1960 rojo \u00edndice cierre"},"content":{"rendered":"<ul class=\"tabs wc-tabs\" role=\"tablist\">\n<li id=\"tab-title-description\" class=\"description_tab active\" role=\"presentation\"><a tabindex=\"0\" role=\"tab\" href=\"https:\/\/libreria247.com\/producto\/biblia-reina-valera-1960-rojo-beige-canto-dorado-tipo-agendas-chequera\/#tab-description\" aria-controls=\"tab-description\" aria-selected=\"true\"> Descripci\u00f3n <\/a><\/li>\n<li id=\"tab-title-reviews\" class=\"reviews_tab\" role=\"presentation\"><a tabindex=\"-1\" role=\"tab\" href=\"https:\/\/libreria247.com\/producto\/biblia-reina-valera-1960-rojo-beige-canto-dorado-tipo-agendas-chequera\/#tab-reviews\" aria-controls=\"tab-reviews\" aria-selected=\"false\"> Valoraciones (0) <\/a><\/li>\n<\/ul>\n<div id=\"tab-description\" class=\"woocommerce-Tabs-panel woocommerce-Tabs-panel--description panel entry-content wc-tab\" role=\"tabpanel\" aria-labelledby=\"tab-title-description\">\n<h2 data-start=\"272\" data-end=\"357\">\ud83d\udcd6 Biblia tipo chequera compacta con ayudas de estudio y c\u00f3digos QR interactivos<\/h2>\n<p data-start=\"359\" data-end=\"679\">La <strong data-start=\"362\" data-end=\"395\">Biblia tipo chequera compacta<\/strong> es perfecta para quienes desean <strong data-start=\"428\" data-end=\"472\">llevar la Palabra de Dios a todas partes<\/strong> y disfrutar de una lectura c\u00f3moda en cualquier momento. Con un <strong data-start=\"536\" data-end=\"565\">dise\u00f1o moderno y pr\u00e1ctico<\/strong>, esta edici\u00f3n port\u00e1til combina elegancia, facilidad de lectura y recursos de estudio ideales para todo p\u00fablico.<\/p>\n<p data-start=\"681\" data-end=\"930\">Su <strong data-start=\"684\" data-end=\"714\">formato a una sola columna<\/strong> facilita la comprensi\u00f3n, haciendo de esta Biblia una excelente opci\u00f3n tanto para nuevos creyentes como para lectores experimentados. Disponible en <strong data-start=\"862\" data-end=\"896\">diferentes colores de cubierta<\/strong>, ligera y f\u00e1cil de transportar.<\/p>\n<h3 data-start=\"932\" data-end=\"977\">\ud83d\udcf2 Recursos interactivos con c\u00f3digos QR<\/h3>\n<p data-start=\"978\" data-end=\"1075\">Incluye <strong data-start=\"986\" data-end=\"1033\">videos explicativos y materiales exclusivos<\/strong> para profundizar en el estudio b\u00edblico:<\/p>\n<ul data-start=\"1076\" data-end=\"1337\">\n<li data-start=\"1076\" data-end=\"1112\">\n<p data-start=\"1078\" data-end=\"1112\">Qu\u00e9 es la Biblia y su estructura<\/p>\n<\/li>\n<li data-start=\"1113\" data-end=\"1145\">\n<p data-start=\"1115\" data-end=\"1145\">C\u00f3mo buscar pasajes b\u00edblicos<\/p>\n<\/li>\n<li data-start=\"1146\" data-end=\"1180\">\n<p data-start=\"1148\" data-end=\"1180\">Mensaje principal de la Biblia<\/p>\n<\/li>\n<li data-start=\"1181\" data-end=\"1221\">\n<p data-start=\"1183\" data-end=\"1221\">Idiomas originales de las Escrituras<\/p>\n<\/li>\n<li data-start=\"1222\" data-end=\"1248\">\n<p data-start=\"1224\" data-end=\"1248\">Formaci\u00f3n de la Biblia<\/p>\n<\/li>\n<li data-start=\"1249\" data-end=\"1284\">\n<p data-start=\"1251\" data-end=\"1284\">Beneficios de la lectura diaria<\/p>\n<\/li>\n<li data-start=\"1285\" data-end=\"1337\">\n<p data-start=\"1287\" data-end=\"1337\">Interpretaci\u00f3n que Jes\u00fas hac\u00eda de las Escrituras<\/p>\n<\/li>\n<\/ul>\n<p data-start=\"1339\" data-end=\"1368\">Tambi\u00e9n encontrar\u00e1s QR con:<\/p>\n<ul data-start=\"1369\" data-end=\"1532\">\n<li data-start=\"1369\" data-end=\"1423\">\n<p data-start=\"1371\" data-end=\"1423\">Introducci\u00f3n al Antiguo Testamento y el Pentateuco<\/p>\n<\/li>\n<li data-start=\"1424\" data-end=\"1477\">\n<p data-start=\"1426\" data-end=\"1477\">Introducci\u00f3n al Nuevo Testamento y los Evangelios<\/p>\n<\/li>\n<li data-start=\"1478\" data-end=\"1532\">\n<p data-start=\"1480\" data-end=\"1532\">Introducci\u00f3n y panorama de cada libro de la Biblia<\/p>\n<\/li>\n<\/ul>\n<h3 data-start=\"1534\" data-end=\"1585\">\ud83d\udcda Ayudas y herramientas de estudio incluidas<\/h3>\n<ul data-start=\"1586\" data-end=\"1821\">\n<li data-start=\"1586\" data-end=\"1631\">\n<p data-start=\"1588\" data-end=\"1631\">Plan de lectura <strong data-start=\"1604\" data-end=\"1629\">\u201cLa Biblia en un a\u00f1o\u201d<\/strong><\/p>\n<\/li>\n<li data-start=\"1632\" data-end=\"1666\">\n<p data-start=\"1634\" data-end=\"1666\">Pasajes b\u00edblicos m\u00e1s conocidos<\/p>\n<\/li>\n<li data-start=\"1667\" data-end=\"1704\">\n<p data-start=\"1669\" data-end=\"1704\">Concordancia para consulta r\u00e1pida<\/p>\n<\/li>\n<li data-start=\"1705\" data-end=\"1730\">\n<p data-start=\"1707\" data-end=\"1730\">17 mapas a todo color<\/p>\n<\/li>\n<li data-start=\"1731\" data-end=\"1773\">\n<p data-start=\"1733\" data-end=\"1773\">Calendario hebreo con fiestas b\u00edblicas<\/p>\n<\/li>\n<li data-start=\"1774\" data-end=\"1821\">\n<p data-start=\"1776\" data-end=\"1821\">Divisi\u00f3n del d\u00eda para un estudio organizado<\/p>\n<\/li>\n<\/ul>\n<h3 data-start=\"1823\" data-end=\"1857\">\u2728 Por qu\u00e9 elegir esta Biblia<\/h3>\n<ul data-start=\"1858\" data-end=\"2084\">\n<li data-start=\"1858\" data-end=\"1922\">\n<p data-start=\"1860\" data-end=\"1922\"><strong data-start=\"1860\" data-end=\"1890\">Biblia compacta y port\u00e1til<\/strong> para llevar a cualquier lugar<\/p>\n<\/li>\n<li data-start=\"1923\" data-end=\"1982\">\n<p data-start=\"1925\" data-end=\"1982\">Ideal para <strong data-start=\"1936\" data-end=\"1980\">devocionales, estudio personal y regalos<\/strong><\/p>\n<\/li>\n<li data-start=\"1983\" data-end=\"2018\">\n<p data-start=\"1985\" data-end=\"2018\">Presentaci\u00f3n moderna y elegante<\/p>\n<\/li>\n<li data-start=\"2019\" data-end=\"2084\">\n<p data-start=\"2021\" data-end=\"2084\">Contenido interactivo que enriquece tu experiencia espiritual<\/p>\n<\/li>\n<\/ul>\n<p data-start=\"2086\" data-end=\"2168\">\ud83d\udce6 <strong data-start=\"2089\" data-end=\"2166\">Ll\u00e9vala contigo y profundiza en la Palabra de Dios dondequiera que est\u00e9s.<\/strong><\/p>\n<\/div>\n","protected":false},"excerpt":{"rendered":"<p>Descripci\u00f3n Valoraciones (0) \ud83d\udcd6 Biblia tipo chequera compacta con ayudas de estudio y c\u00f3digos QR interactivos La Biblia tipo chequera compacta es perfecta para quienes desean llevar la Palabra de Dios a todas partes y disfrutar de una lectura c\u00f3moda en cualquier momento. Con un dise\u00f1o moderno y pr\u00e1ctico, esta edici\u00f3n port\u00e1til combina elegancia, facilidad [&hellip;]<\/p>\n","protected":false},"featured_media":7544,"comment_status":"open","ping_status":"closed","template":"","meta":{"om_disable_all_campaigns":false,"_monsterinsights_skip_tracking":false,"_monsterinsights_sitenote_active":false,"_monsterinsights_sitenote_note":"","_monsterinsights_sitenote_category":0,"site-sidebar-layout":"default","site-content-layout":"","ast-site-content-layout":"default","site-content-style":"default","site-sidebar-style":"default","ast-global-header-display":"","ast-banner-title-visibility":"","ast-main-header-display":"","ast-hfb-above-header-display":"","ast-hfb-below-header-display":"","ast-hfb-mobile-header-display":"","site-post-title":"","ast-breadcrumbs-content":"","ast-featured-img":"","footer-sml-layout":"","ast-disable-related-posts":"","theme-transparent-header-meta":"default","adv-header-id-meta":"","stick-header-meta":"","header-above-stick-meta":"","header-main-stick-meta":"","header-below-stick-meta":"","astra-migrate-meta-layouts":"set","ast-page-background-enabled":"default","ast-page-background-meta":{"desktop":{"background-color":"var(--ast-global-color-4)","background-image":"","background-repeat":"repeat","background-position":"center center","background-size":"auto","background-attachment":"scroll","background-type":"","background-media":"","overlay-type":"","overlay-color":"","overlay-opacity":"","overlay-gradient":""},"tablet":{"background-color":"","background-image":"","background-repeat":"repeat","background-position":"center center","background-size":"auto","background-attachment":"scroll","background-type":"","background-media":"","overlay-type":"","overlay-color":"","overlay-opacity":"","overlay-gradient":""},"mobile":{"background-color":"","background-image":"","background-repeat":"repeat","background-position":"center center","background-size":"auto","background-attachment":"scroll","background-type":"","background-media":"","overlay-type":"","overlay-color":"","overlay-opacity":"","overlay-gradient":""}},"ast-content-background-meta":{"desktop":{"background-color":"var(--ast-global-color-5)","background-image":"","background-repeat":"repeat","background-position":"center center","background-size":"auto","background-attachment":"scroll","background-type":"","background-media":"","overlay-type":"","overlay-color":"","overlay-opacity":"","overlay-gradient":""},"tablet":{"background-color":"var(--ast-global-color-5)","background-image":"","background-repeat":"repeat","background-position":"center center","background-size":"auto","background-attachment":"scroll","background-type":"","background-media":"","overlay-type":"","overlay-color":"","overlay-opacity":"","overlay-gradient":""},"mobile":{"background-color":"var(--ast-global-color-5)","background-image":"","background-repeat":"repeat","background-position":"center center","background-size":"auto","background-attachment":"scroll","background-type":"","background-media":"","overlay-type":"","overlay-color":"","overlay-opacity":"","overlay-gradient":""}}},"product_brand":[],"product_cat":[22,42,314],"product_tag":[],"class_list":{"0":"post-7543","1":"product","2":"type-product","3":"status-publish","4":"has-post-thumbnail","6":"product_cat-biblias","7":"product_cat-biblias-reina-valera","8":"product_cat-chequera-rvr","9":"desktop-align-left","10":"tablet-align-left","11":"mobile-align-left","13":"first","14":"instock","15":"shipping-taxable","16":"purchasable","17":"product-type-simple"},"yoast_head":"<!-- This site is optimized with the Yoast SEO plugin v27.4 - https:\/\/yoast.com\/product\/yoast-seo-wordpress\/ -->\n<title>Biblia tipo chequera Reina Valera 1960 rojo \u00edndice cierre - tzionlibreria.com<\/title>\n<meta name=\"robots\" content=\"index, follow, max-snippet:-1, max-image-preview:large, max-video-preview:-1\" \/>\n<link rel=\"canonical\" href=\"https:\/\/tzionlibreria.com\/index.php\/product\/biblia-tipo-chequera-reina-valera-1960-rojo-indice-cierre\/\" \/>\n<meta property=\"og:locale\" content=\"es_ES\" \/>\n<meta property=\"og:type\" content=\"article\" \/>\n<meta property=\"og:title\" content=\"Biblia tipo chequera Reina Valera 1960 rojo \u00edndice cierre - tzionlibreria.com\" \/>\n<meta property=\"og:description\" content=\"Descripci\u00f3n Valoraciones (0) \ud83d\udcd6 Biblia tipo chequera compacta con ayudas de estudio y c\u00f3digos QR interactivos La Biblia tipo chequera compacta es perfecta para quienes desean llevar la Palabra de Dios a todas partes y disfrutar de una lectura c\u00f3moda en cualquier momento. Con un dise\u00f1o moderno y pr\u00e1ctico, esta edici\u00f3n port\u00e1til combina elegancia, facilidad [&hellip;]\" \/>\n<meta property=\"og:url\" content=\"https:\/\/tzionlibreria.com\/index.php\/product\/biblia-tipo-chequera-reina-valera-1960-rojo-indice-cierre\/\" \/>\n<meta property=\"og:site_name\" content=\"tzionlibreria.com\" \/>\n<meta property=\"og:image\" content=\"http:\/\/tzionlibreria.com\/wp-content\/uploads\/2026\/03\/rojazipper_1-600x1220-1.webp\" \/>\n\t<meta property=\"og:image:width\" content=\"600\" \/>\n\t<meta property=\"og:image:height\" content=\"1220\" \/>\n\t<meta property=\"og:image:type\" content=\"image\/webp\" \/>\n<meta name=\"twitter:card\" content=\"summary_large_image\" \/>\n<meta name=\"twitter:label1\" content=\"Tiempo de lectura\" \/>\n\t<meta name=\"twitter:data1\" content=\"2 minutos\" \/>\n<script type=\"application\/ld+json\" class=\"yoast-schema-graph\">{\"@context\":\"https:\\\/\\\/schema.org\",\"@graph\":[{\"@type\":\"WebPage\",\"@id\":\"https:\\\/\\\/tzionlibreria.com\\\/index.php\\\/product\\\/biblia-tipo-chequera-reina-valera-1960-rojo-indice-cierre\\\/\",\"url\":\"https:\\\/\\\/tzionlibreria.com\\\/index.php\\\/product\\\/biblia-tipo-chequera-reina-valera-1960-rojo-indice-cierre\\\/\",\"name\":\"Biblia tipo chequera Reina Valera 1960 rojo \u00edndice cierre - tzionlibreria.com\",\"isPartOf\":{\"@id\":\"https:\\\/\\\/tzionlibreria.com\\\/#website\"},\"primaryImageOfPage\":{\"@id\":\"https:\\\/\\\/tzionlibreria.com\\\/index.php\\\/product\\\/biblia-tipo-chequera-reina-valera-1960-rojo-indice-cierre\\\/#primaryimage\"},\"image\":{\"@id\":\"https:\\\/\\\/tzionlibreria.com\\\/index.php\\\/product\\\/biblia-tipo-chequera-reina-valera-1960-rojo-indice-cierre\\\/#primaryimage\"},\"thumbnailUrl\":\"https:\\\/\\\/tzionlibreria.com\\\/wp-content\\\/uploads\\\/2026\\\/03\\\/rojazipper_1-600x1220-1.webp\",\"datePublished\":\"2026-03-25T22:53:41+00:00\",\"breadcrumb\":{\"@id\":\"https:\\\/\\\/tzionlibreria.com\\\/index.php\\\/product\\\/biblia-tipo-chequera-reina-valera-1960-rojo-indice-cierre\\\/#breadcrumb\"},\"inLanguage\":\"es-CO\",\"potentialAction\":[{\"@type\":\"ReadAction\",\"target\":[\"https:\\\/\\\/tzionlibreria.com\\\/index.php\\\/product\\\/biblia-tipo-chequera-reina-valera-1960-rojo-indice-cierre\\\/\"]}]},{\"@type\":\"ImageObject\",\"inLanguage\":\"es-CO\",\"@id\":\"https:\\\/\\\/tzionlibreria.com\\\/index.php\\\/product\\\/biblia-tipo-chequera-reina-valera-1960-rojo-indice-cierre\\\/#primaryimage\",\"url\":\"https:\\\/\\\/tzionlibreria.com\\\/wp-content\\\/uploads\\\/2026\\\/03\\\/rojazipper_1-600x1220-1.webp\",\"contentUrl\":\"https:\\\/\\\/tzionlibreria.com\\\/wp-content\\\/uploads\\\/2026\\\/03\\\/rojazipper_1-600x1220-1.webp\",\"width\":600,\"height\":1220},{\"@type\":\"BreadcrumbList\",\"@id\":\"https:\\\/\\\/tzionlibreria.com\\\/index.php\\\/product\\\/biblia-tipo-chequera-reina-valera-1960-rojo-indice-cierre\\\/#breadcrumb\",\"itemListElement\":[{\"@type\":\"ListItem\",\"position\":1,\"name\":\"Inicio\",\"item\":\"https:\\\/\\\/tzionlibreria.com\\\/\"},{\"@type\":\"ListItem\",\"position\":2,\"name\":\"Shop\",\"item\":\"https:\\\/\\\/tzionlibreria.com\\\/index.php\\\/shop\\\/\"},{\"@type\":\"ListItem\",\"position\":3,\"name\":\"Biblia tipo chequera Reina Valera 1960 rojo \u00edndice cierre\"}]},{\"@type\":\"WebSite\",\"@id\":\"https:\\\/\\\/tzionlibreria.com\\\/#website\",\"url\":\"https:\\\/\\\/tzionlibreria.com\\\/\",\"name\":\"tzionlibreria.com\",\"description\":\"Libreria Cristiana Venezuela\",\"publisher\":{\"@id\":\"https:\\\/\\\/tzionlibreria.com\\\/#organization\"},\"potentialAction\":[{\"@type\":\"SearchAction\",\"target\":{\"@type\":\"EntryPoint\",\"urlTemplate\":\"https:\\\/\\\/tzionlibreria.com\\\/?s={search_term_string}\"},\"query-input\":{\"@type\":\"PropertyValueSpecification\",\"valueRequired\":true,\"valueName\":\"search_term_string\"}}],\"inLanguage\":\"es-CO\"},{\"@type\":\"Organization\",\"@id\":\"https:\\\/\\\/tzionlibreria.com\\\/#organization\",\"name\":\"tzionlibreria.com\",\"url\":\"https:\\\/\\\/tzionlibreria.com\\\/\",\"logo\":{\"@type\":\"ImageObject\",\"inLanguage\":\"es-CO\",\"@id\":\"https:\\\/\\\/tzionlibreria.com\\\/#\\\/schema\\\/logo\\\/image\\\/\",\"url\":\"https:\\\/\\\/tzionlibreria.com\\\/wp-content\\\/uploads\\\/2023\\\/10\\\/cropped-Cuadricula-scaled-1.jpg\",\"contentUrl\":\"https:\\\/\\\/tzionlibreria.com\\\/wp-content\\\/uploads\\\/2023\\\/10\\\/cropped-Cuadricula-scaled-1.jpg\",\"width\":2560,\"height\":2560,\"caption\":\"tzionlibreria.com\"},\"image\":{\"@id\":\"https:\\\/\\\/tzionlibreria.com\\\/#\\\/schema\\\/logo\\\/image\\\/\"}}]}<\/script>\n<!-- \/ Yoast SEO plugin. -->","yoast_head_json":{"title":"Biblia tipo chequera Reina Valera 1960 rojo \u00edndice cierre - tzionlibreria.com","robots":{"index":"index","follow":"follow","max-snippet":"max-snippet:-1","max-image-preview":"max-image-preview:large","max-video-preview":"max-video-preview:-1"},"canonical":"https:\/\/tzionlibreria.com\/index.php\/product\/biblia-tipo-chequera-reina-valera-1960-rojo-indice-cierre\/","og_locale":"es_ES","og_type":"article","og_title":"Biblia tipo chequera Reina Valera 1960 rojo \u00edndice cierre - tzionlibreria.com","og_description":"Descripci\u00f3n Valoraciones (0) \ud83d\udcd6 Biblia tipo chequera compacta con ayudas de estudio y c\u00f3digos QR interactivos La Biblia tipo chequera compacta es perfecta para quienes desean llevar la Palabra de Dios a todas partes y disfrutar de una lectura c\u00f3moda en cualquier momento. Con un dise\u00f1o moderno y pr\u00e1ctico, esta edici\u00f3n port\u00e1til combina elegancia, facilidad [&hellip;]","og_url":"https:\/\/tzionlibreria.com\/index.php\/product\/biblia-tipo-chequera-reina-valera-1960-rojo-indice-cierre\/","og_site_name":"tzionlibreria.com","og_image":[{"width":600,"height":1220,"url":"http:\/\/tzionlibreria.com\/wp-content\/uploads\/2026\/03\/rojazipper_1-600x1220-1.webp","type":"image\/webp"}],"twitter_card":"summary_large_image","twitter_misc":{"Tiempo de lectura":"2 minutos"},"schema":{"@context":"https:\/\/schema.org","@graph":[{"@type":"WebPage","@id":"https:\/\/tzionlibreria.com\/index.php\/product\/biblia-tipo-chequera-reina-valera-1960-rojo-indice-cierre\/","url":"https:\/\/tzionlibreria.com\/index.php\/product\/biblia-tipo-chequera-reina-valera-1960-rojo-indice-cierre\/","name":"Biblia tipo chequera Reina Valera 1960 rojo \u00edndice cierre - tzionlibreria.com","isPartOf":{"@id":"https:\/\/tzionlibreria.com\/#website"},"primaryImageOfPage":{"@id":"https:\/\/tzionlibreria.com\/index.php\/product\/biblia-tipo-chequera-reina-valera-1960-rojo-indice-cierre\/#primaryimage"},"image":{"@id":"https:\/\/tzionlibreria.com\/index.php\/product\/biblia-tipo-chequera-reina-valera-1960-rojo-indice-cierre\/#primaryimage"},"thumbnailUrl":"https:\/\/tzionlibreria.com\/wp-content\/uploads\/2026\/03\/rojazipper_1-600x1220-1.webp","datePublished":"2026-03-25T22:53:41+00:00","breadcrumb":{"@id":"https:\/\/tzionlibreria.com\/index.php\/product\/biblia-tipo-chequera-reina-valera-1960-rojo-indice-cierre\/#breadcrumb"},"inLanguage":"es-CO","potentialAction":[{"@type":"ReadAction","target":["https:\/\/tzionlibreria.com\/index.php\/product\/biblia-tipo-chequera-reina-valera-1960-rojo-indice-cierre\/"]}]},{"@type":"ImageObject","inLanguage":"es-CO","@id":"https:\/\/tzionlibreria.com\/index.php\/product\/biblia-tipo-chequera-reina-valera-1960-rojo-indice-cierre\/#primaryimage","url":"https:\/\/tzionlibreria.com\/wp-content\/uploads\/2026\/03\/rojazipper_1-600x1220-1.webp","contentUrl":"https:\/\/tzionlibreria.com\/wp-content\/uploads\/2026\/03\/rojazipper_1-600x1220-1.webp","width":600,"height":1220},{"@type":"BreadcrumbList","@id":"https:\/\/tzionlibreria.com\/index.php\/product\/biblia-tipo-chequera-reina-valera-1960-rojo-indice-cierre\/#breadcrumb","itemListElement":[{"@type":"ListItem","position":1,"name":"Inicio","item":"https:\/\/tzionlibreria.com\/"},{"@type":"ListItem","position":2,"name":"Shop","item":"https:\/\/tzionlibreria.com\/index.php\/shop\/"},{"@type":"ListItem","position":3,"name":"Biblia tipo chequera Reina Valera 1960 rojo \u00edndice cierre"}]},{"@type":"WebSite","@id":"https:\/\/tzionlibreria.com\/#website","url":"https:\/\/tzionlibreria.com\/","name":"tzionlibreria.com","description":"Libreria Cristiana Venezuela","publisher":{"@id":"https:\/\/tzionlibreria.com\/#organization"},"potentialAction":[{"@type":"SearchAction","target":{"@type":"EntryPoint","urlTemplate":"https:\/\/tzionlibreria.com\/?s={search_term_string}"},"query-input":{"@type":"PropertyValueSpecification","valueRequired":true,"valueName":"search_term_string"}}],"inLanguage":"es-CO"},{"@type":"Organization","@id":"https:\/\/tzionlibreria.com\/#organization","name":"tzionlibreria.com","url":"https:\/\/tzionlibreria.com\/","logo":{"@type":"ImageObject","inLanguage":"es-CO","@id":"https:\/\/tzionlibreria.com\/#\/schema\/logo\/image\/","url":"https:\/\/tzionlibreria.com\/wp-content\/uploads\/2023\/10\/cropped-Cuadricula-scaled-1.jpg","contentUrl":"https:\/\/tzionlibreria.com\/wp-content\/uploads\/2023\/10\/cropped-Cuadricula-scaled-1.jpg","width":2560,"height":2560,"caption":"tzionlibreria.com"},"image":{"@id":"https:\/\/tzionlibreria.com\/#\/schema\/logo\/image\/"}}]}},"jetpack_sharing_enabled":true,"_links":{"self":[{"href":"https:\/\/tzionlibreria.com\/index.php\/wp-json\/wp\/v2\/product\/7543","targetHints":{"allow":["GET"]}}],"collection":[{"href":"https:\/\/tzionlibreria.com\/index.php\/wp-json\/wp\/v2\/product"}],"about":[{"href":"https:\/\/tzionlibreria.com\/index.php\/wp-json\/wp\/v2\/types\/product"}],"replies":[{"embeddable":true,"href":"https:\/\/tzionlibreria.com\/index.php\/wp-json\/wp\/v2\/comments?post=7543"}],"wp:featuredmedia":[{"embeddable":true,"href":"https:\/\/tzionlibreria.com\/index.php\/wp-json\/wp\/v2\/media\/7544"}],"wp:attachment":[{"href":"https:\/\/tzionlibreria.com\/index.php\/wp-json\/wp\/v2\/media?parent=7543"}],"wp:term":[{"taxonomy":"product_brand","embeddable":true,"href":"https:\/\/tzionlibreria.com\/index.php\/wp-json\/wp\/v2\/product_brand?post=7543"},{"taxonomy":"product_cat","embeddable":true,"href":"https:\/\/tzionlibreria.com\/index.php\/wp-json\/wp\/v2\/product_cat?post=7543"},{"taxonomy":"product_tag","embeddable":true,"href":"https:\/\/tzionlibreria.com\/index.php\/wp-json\/wp\/v2\/product_tag?post=7543"}],"curies":[{"name":"wp","href":"https:\/\/api.w.org\/{rel}","templated":true}]}}