{"id":7563,"date":"2026-04-08T15:33:50","date_gmt":"2026-04-08T15:33:50","guid":{"rendered":"https:\/\/tzionlibreria.com\/?post_type=product&#038;p=7563"},"modified":"2026-04-08T15:53:30","modified_gmt":"2026-04-08T15:53:30","slug":"100-historias-extraordinarias-para-ninas-2","status":"publish","type":"product","link":"https:\/\/tzionlibreria.com\/index.php\/product\/100-historias-extraordinarias-para-ninas-2\/","title":{"rendered":"100 Historias Extraordinarias Para Ni\u00f1as"},"content":{"rendered":"<div id=\"tab-description\" class=\"woocommerce-Tabs-panel woocommerce-Tabs-panel--description panel entry-content wc-tab\" role=\"tabpanel\" aria-labelledby=\"tab-title-description\">\n<div class=\"ast-oembed-container \"><iframe title=\"100 Historias Extraordinarias Para Ni\u00f1as - Relatos inolvidables sobre mujeres de fe\" src=\"https:\/\/www.youtube.com\/embed\/Hud_k-2eE8I?feature=oembed\" width=\"1200\" height=\"675\" frameborder=\"0\" allowfullscreen=\"allowfullscreen\" data-mce-fragment=\"1\"><\/iframe><\/div>\n<h2><\/h2>\n<div>\n<h1 id=\"title\" class=\"a-spacing-none a-text-normal\"><span id=\"productTitle\" class=\"a-size-large celwidget\" data-csa-c-id=\"69kixb-kjp3ue-f6s0d2-or50ok\" data-cel-widget=\"productTitle\">Relatos inolvidables sobre mujeres de fe<\/span><\/h1>\n<p>&nbsp;<\/p>\n<p><strong><span class=\"a-text-bold\">\u00a1Las ni\u00f1as transforman el mundo, y estas historias inspiradoras lo prueban!<\/span><\/strong><\/p>\n<p>-Exclusivamente para ni\u00f1as de ocho a\u00f1os en adelante, esta recopilaci\u00f3n de 100 relatos extraordinarios de mujeres de fe \u2014de la Biblia, de la historia y de hoy\u2014 las empoderar\u00e1 para que sepan y entiendan c\u00f3mo las mujeres han marcado la diferencia en el mundo y lo peque\u00f1a que ser\u00eda nuestra fe (y el registro b\u00edblico) sin ellas.<\/p>\n<p>-Presenta ilustraciones a toda p\u00e1gina y a todo color junto con las historias verdaderas de mujeres asombrosas como Lidia, Noem\u00ed, Rahab, Rebeca, Jane Austen, Corrie ten Boom, Bethany Hamilton, Rosa Parks, Madre Teresa, y otras muchas; \u00a1las historias de estas cien mujeres alentar\u00e1n e inspirar\u00e1n a las ni\u00f1as a convertirse en las transformadoras del mundo que Dios dise\u00f1\u00f3 que fueran!<\/p>\n<p><strong>\u00a1Las ni\u00f1as son transformadoras del mundo! \u00a1Y este libro de historias, profundamente inspirador, lo prueba!\u00a0<\/strong><\/p>\n<p>&nbsp;<\/p>\n<p><strong>ISBN<\/strong>: 9781643524054<\/p>\n<p><strong>Dimensiones<\/strong>: 127 x 178 x 11 mm<\/p>\n<p><strong>Peso<\/strong>: 0,204kg<\/p>\n<p><strong>Cubierta<\/strong>: R\u00fastica<\/p>\n<p><strong>N\u00famero de p\u00e1ginas<\/strong>: 208<\/p>\n<p><strong>Fecha de lanzamiento<\/strong>: 13.08.2020<\/p>\n<p><strong>Idioma<\/strong>: Espa\u00f1ol<\/p>\n<\/div>\n<\/div>\n","protected":false},"excerpt":{"rendered":"<p>Relatos inolvidables sobre mujeres de fe &nbsp; \u00a1Las ni\u00f1as transforman el mundo, y estas historias inspiradoras lo prueban! -Exclusivamente para ni\u00f1as de ocho a\u00f1os en adelante, esta recopilaci\u00f3n de 100 relatos extraordinarios de mujeres de fe \u2014de la Biblia, de la historia y de hoy\u2014 las empoderar\u00e1 para que sepan y entiendan c\u00f3mo las mujeres [&hellip;]<\/p>\n","protected":false},"featured_media":7564,"comment_status":"open","ping_status":"closed","template":"","meta":{"om_disable_all_campaigns":false,"_monsterinsights_skip_tracking":false,"_monsterinsights_sitenote_active":false,"_monsterinsights_sitenote_note":"","_monsterinsights_sitenote_category":0,"site-sidebar-layout":"default","site-content-layout":"","ast-site-content-layout":"default","site-content-style":"default","site-sidebar-style":"default","ast-global-header-display":"","ast-banner-title-visibility":"","ast-main-header-display":"","ast-hfb-above-header-display":"","ast-hfb-below-header-display":"","ast-hfb-mobile-header-display":"","site-post-title":"","ast-breadcrumbs-content":"","ast-featured-img":"","footer-sml-layout":"","ast-disable-related-posts":"","theme-transparent-header-meta":"default","adv-header-id-meta":"","stick-header-meta":"","header-above-stick-meta":"","header-main-stick-meta":"","header-below-stick-meta":"","astra-migrate-meta-layouts":"set","ast-page-background-enabled":"default","ast-page-background-meta":{"desktop":{"background-color":"var(--ast-global-color-4)","background-image":"","background-repeat":"repeat","background-position":"center center","background-size":"auto","background-attachment":"scroll","background-type":"","background-media":"","overlay-type":"","overlay-color":"","overlay-opacity":"","overlay-gradient":""},"tablet":{"background-color":"","background-image":"","background-repeat":"repeat","background-position":"center center","background-size":"auto","background-attachment":"scroll","background-type":"","background-media":"","overlay-type":"","overlay-color":"","overlay-opacity":"","overlay-gradient":""},"mobile":{"background-color":"","background-image":"","background-repeat":"repeat","background-position":"center center","background-size":"auto","background-attachment":"scroll","background-type":"","background-media":"","overlay-type":"","overlay-color":"","overlay-opacity":"","overlay-gradient":""}},"ast-content-background-meta":{"desktop":{"background-color":"var(--ast-global-color-5)","background-image":"","background-repeat":"repeat","background-position":"center center","background-size":"auto","background-attachment":"scroll","background-type":"","background-media":"","overlay-type":"","overlay-color":"","overlay-opacity":"","overlay-gradient":""},"tablet":{"background-color":"var(--ast-global-color-5)","background-image":"","background-repeat":"repeat","background-position":"center center","background-size":"auto","background-attachment":"scroll","background-type":"","background-media":"","overlay-type":"","overlay-color":"","overlay-opacity":"","overlay-gradient":""},"mobile":{"background-color":"var(--ast-global-color-5)","background-image":"","background-repeat":"repeat","background-position":"center center","background-size":"auto","background-attachment":"scroll","background-type":"","background-media":"","overlay-type":"","overlay-color":"","overlay-opacity":"","overlay-gradient":""}}},"product_brand":[],"product_cat":[25,209],"product_tag":[],"class_list":{"0":"post-7563","1":"product","2":"type-product","3":"status-publish","4":"has-post-thumbnail","6":"product_cat-kids","7":"product_cat-libros-kids","8":"desktop-align-left","9":"tablet-align-left","10":"mobile-align-left","12":"first","13":"instock","14":"shipping-taxable","15":"purchasable","16":"product-type-simple"},"yoast_head":"<!-- This site is optimized with the Yoast SEO plugin v27.4 - https:\/\/yoast.com\/product\/yoast-seo-wordpress\/ -->\n<title>100 Historias Extraordinarias Para Ni\u00f1as - tzionlibreria.com<\/title>\n<meta name=\"robots\" content=\"index, follow, max-snippet:-1, max-image-preview:large, max-video-preview:-1\" \/>\n<link rel=\"canonical\" href=\"https:\/\/tzionlibreria.com\/index.php\/product\/100-historias-extraordinarias-para-ninas-2\/\" \/>\n<meta property=\"og:locale\" content=\"es_ES\" \/>\n<meta property=\"og:type\" content=\"article\" \/>\n<meta property=\"og:title\" content=\"100 Historias Extraordinarias Para Ni\u00f1as - tzionlibreria.com\" \/>\n<meta property=\"og:description\" content=\"Relatos inolvidables sobre mujeres de fe &nbsp; \u00a1Las ni\u00f1as transforman el mundo, y estas historias inspiradoras lo prueban! -Exclusivamente para ni\u00f1as de ocho a\u00f1os en adelante, esta recopilaci\u00f3n de 100 relatos extraordinarios de mujeres de fe \u2014de la Biblia, de la historia y de hoy\u2014 las empoderar\u00e1 para que sepan y entiendan c\u00f3mo las mujeres [&hellip;]\" \/>\n<meta property=\"og:url\" content=\"https:\/\/tzionlibreria.com\/index.php\/product\/100-historias-extraordinarias-para-ninas-2\/\" \/>\n<meta property=\"og:site_name\" content=\"tzionlibreria.com\" \/>\n<meta property=\"article:modified_time\" content=\"2026-04-08T15:53:30+00:00\" \/>\n<meta property=\"og:image\" content=\"http:\/\/tzionlibreria.com\/wp-content\/uploads\/2026\/04\/D_NQ_NP_2X_738154-MCO51164842404_082022-F.webp\" \/>\n\t<meta property=\"og:image:width\" content=\"1200\" \/>\n\t<meta property=\"og:image:height\" content=\"1092\" \/>\n\t<meta property=\"og:image:type\" content=\"image\/webp\" \/>\n<meta name=\"twitter:card\" content=\"summary_large_image\" \/>\n<meta name=\"twitter:label1\" content=\"Tiempo de lectura\" \/>\n\t<meta name=\"twitter:data1\" content=\"1 minuto\" \/>\n<script type=\"application\/ld+json\" class=\"yoast-schema-graph\">{\"@context\":\"https:\\\/\\\/schema.org\",\"@graph\":[{\"@type\":\"WebPage\",\"@id\":\"https:\\\/\\\/tzionlibreria.com\\\/index.php\\\/product\\\/100-historias-extraordinarias-para-ninas-2\\\/\",\"url\":\"https:\\\/\\\/tzionlibreria.com\\\/index.php\\\/product\\\/100-historias-extraordinarias-para-ninas-2\\\/\",\"name\":\"100 Historias Extraordinarias Para Ni\u00f1as - tzionlibreria.com\",\"isPartOf\":{\"@id\":\"https:\\\/\\\/tzionlibreria.com\\\/#website\"},\"primaryImageOfPage\":{\"@id\":\"https:\\\/\\\/tzionlibreria.com\\\/index.php\\\/product\\\/100-historias-extraordinarias-para-ninas-2\\\/#primaryimage\"},\"image\":{\"@id\":\"https:\\\/\\\/tzionlibreria.com\\\/index.php\\\/product\\\/100-historias-extraordinarias-para-ninas-2\\\/#primaryimage\"},\"thumbnailUrl\":\"https:\\\/\\\/tzionlibreria.com\\\/wp-content\\\/uploads\\\/2026\\\/04\\\/D_NQ_NP_2X_738154-MCO51164842404_082022-F.webp\",\"datePublished\":\"2026-04-08T15:33:50+00:00\",\"dateModified\":\"2026-04-08T15:53:30+00:00\",\"breadcrumb\":{\"@id\":\"https:\\\/\\\/tzionlibreria.com\\\/index.php\\\/product\\\/100-historias-extraordinarias-para-ninas-2\\\/#breadcrumb\"},\"inLanguage\":\"es-CO\",\"potentialAction\":[{\"@type\":\"ReadAction\",\"target\":[\"https:\\\/\\\/tzionlibreria.com\\\/index.php\\\/product\\\/100-historias-extraordinarias-para-ninas-2\\\/\"]}]},{\"@type\":\"ImageObject\",\"inLanguage\":\"es-CO\",\"@id\":\"https:\\\/\\\/tzionlibreria.com\\\/index.php\\\/product\\\/100-historias-extraordinarias-para-ninas-2\\\/#primaryimage\",\"url\":\"https:\\\/\\\/tzionlibreria.com\\\/wp-content\\\/uploads\\\/2026\\\/04\\\/D_NQ_NP_2X_738154-MCO51164842404_082022-F.webp\",\"contentUrl\":\"https:\\\/\\\/tzionlibreria.com\\\/wp-content\\\/uploads\\\/2026\\\/04\\\/D_NQ_NP_2X_738154-MCO51164842404_082022-F.webp\",\"width\":1200,\"height\":1092},{\"@type\":\"BreadcrumbList\",\"@id\":\"https:\\\/\\\/tzionlibreria.com\\\/index.php\\\/product\\\/100-historias-extraordinarias-para-ninas-2\\\/#breadcrumb\",\"itemListElement\":[{\"@type\":\"ListItem\",\"position\":1,\"name\":\"Inicio\",\"item\":\"https:\\\/\\\/tzionlibreria.com\\\/\"},{\"@type\":\"ListItem\",\"position\":2,\"name\":\"Shop\",\"item\":\"https:\\\/\\\/tzionlibreria.com\\\/index.php\\\/shop\\\/\"},{\"@type\":\"ListItem\",\"position\":3,\"name\":\"100 Historias Extraordinarias Para Ni\u00f1as\"}]},{\"@type\":\"WebSite\",\"@id\":\"https:\\\/\\\/tzionlibreria.com\\\/#website\",\"url\":\"https:\\\/\\\/tzionlibreria.com\\\/\",\"name\":\"tzionlibreria.com\",\"description\":\"Libreria Cristiana Venezuela\",\"publisher\":{\"@id\":\"https:\\\/\\\/tzionlibreria.com\\\/#organization\"},\"potentialAction\":[{\"@type\":\"SearchAction\",\"target\":{\"@type\":\"EntryPoint\",\"urlTemplate\":\"https:\\\/\\\/tzionlibreria.com\\\/?s={search_term_string}\"},\"query-input\":{\"@type\":\"PropertyValueSpecification\",\"valueRequired\":true,\"valueName\":\"search_term_string\"}}],\"inLanguage\":\"es-CO\"},{\"@type\":\"Organization\",\"@id\":\"https:\\\/\\\/tzionlibreria.com\\\/#organization\",\"name\":\"tzionlibreria.com\",\"url\":\"https:\\\/\\\/tzionlibreria.com\\\/\",\"logo\":{\"@type\":\"ImageObject\",\"inLanguage\":\"es-CO\",\"@id\":\"https:\\\/\\\/tzionlibreria.com\\\/#\\\/schema\\\/logo\\\/image\\\/\",\"url\":\"https:\\\/\\\/tzionlibreria.com\\\/wp-content\\\/uploads\\\/2023\\\/10\\\/cropped-Cuadricula-scaled-1.jpg\",\"contentUrl\":\"https:\\\/\\\/tzionlibreria.com\\\/wp-content\\\/uploads\\\/2023\\\/10\\\/cropped-Cuadricula-scaled-1.jpg\",\"width\":2560,\"height\":2560,\"caption\":\"tzionlibreria.com\"},\"image\":{\"@id\":\"https:\\\/\\\/tzionlibreria.com\\\/#\\\/schema\\\/logo\\\/image\\\/\"}}]}<\/script>\n<!-- \/ Yoast SEO plugin. -->","yoast_head_json":{"title":"100 Historias Extraordinarias Para Ni\u00f1as - tzionlibreria.com","robots":{"index":"index","follow":"follow","max-snippet":"max-snippet:-1","max-image-preview":"max-image-preview:large","max-video-preview":"max-video-preview:-1"},"canonical":"https:\/\/tzionlibreria.com\/index.php\/product\/100-historias-extraordinarias-para-ninas-2\/","og_locale":"es_ES","og_type":"article","og_title":"100 Historias Extraordinarias Para Ni\u00f1as - tzionlibreria.com","og_description":"Relatos inolvidables sobre mujeres de fe &nbsp; \u00a1Las ni\u00f1as transforman el mundo, y estas historias inspiradoras lo prueban! -Exclusivamente para ni\u00f1as de ocho a\u00f1os en adelante, esta recopilaci\u00f3n de 100 relatos extraordinarios de mujeres de fe \u2014de la Biblia, de la historia y de hoy\u2014 las empoderar\u00e1 para que sepan y entiendan c\u00f3mo las mujeres [&hellip;]","og_url":"https:\/\/tzionlibreria.com\/index.php\/product\/100-historias-extraordinarias-para-ninas-2\/","og_site_name":"tzionlibreria.com","article_modified_time":"2026-04-08T15:53:30+00:00","og_image":[{"width":1200,"height":1092,"url":"http:\/\/tzionlibreria.com\/wp-content\/uploads\/2026\/04\/D_NQ_NP_2X_738154-MCO51164842404_082022-F.webp","type":"image\/webp"}],"twitter_card":"summary_large_image","twitter_misc":{"Tiempo de lectura":"1 minuto"},"schema":{"@context":"https:\/\/schema.org","@graph":[{"@type":"WebPage","@id":"https:\/\/tzionlibreria.com\/index.php\/product\/100-historias-extraordinarias-para-ninas-2\/","url":"https:\/\/tzionlibreria.com\/index.php\/product\/100-historias-extraordinarias-para-ninas-2\/","name":"100 Historias Extraordinarias Para Ni\u00f1as - tzionlibreria.com","isPartOf":{"@id":"https:\/\/tzionlibreria.com\/#website"},"primaryImageOfPage":{"@id":"https:\/\/tzionlibreria.com\/index.php\/product\/100-historias-extraordinarias-para-ninas-2\/#primaryimage"},"image":{"@id":"https:\/\/tzionlibreria.com\/index.php\/product\/100-historias-extraordinarias-para-ninas-2\/#primaryimage"},"thumbnailUrl":"https:\/\/tzionlibreria.com\/wp-content\/uploads\/2026\/04\/D_NQ_NP_2X_738154-MCO51164842404_082022-F.webp","datePublished":"2026-04-08T15:33:50+00:00","dateModified":"2026-04-08T15:53:30+00:00","breadcrumb":{"@id":"https:\/\/tzionlibreria.com\/index.php\/product\/100-historias-extraordinarias-para-ninas-2\/#breadcrumb"},"inLanguage":"es-CO","potentialAction":[{"@type":"ReadAction","target":["https:\/\/tzionlibreria.com\/index.php\/product\/100-historias-extraordinarias-para-ninas-2\/"]}]},{"@type":"ImageObject","inLanguage":"es-CO","@id":"https:\/\/tzionlibreria.com\/index.php\/product\/100-historias-extraordinarias-para-ninas-2\/#primaryimage","url":"https:\/\/tzionlibreria.com\/wp-content\/uploads\/2026\/04\/D_NQ_NP_2X_738154-MCO51164842404_082022-F.webp","contentUrl":"https:\/\/tzionlibreria.com\/wp-content\/uploads\/2026\/04\/D_NQ_NP_2X_738154-MCO51164842404_082022-F.webp","width":1200,"height":1092},{"@type":"BreadcrumbList","@id":"https:\/\/tzionlibreria.com\/index.php\/product\/100-historias-extraordinarias-para-ninas-2\/#breadcrumb","itemListElement":[{"@type":"ListItem","position":1,"name":"Inicio","item":"https:\/\/tzionlibreria.com\/"},{"@type":"ListItem","position":2,"name":"Shop","item":"https:\/\/tzionlibreria.com\/index.php\/shop\/"},{"@type":"ListItem","position":3,"name":"100 Historias Extraordinarias Para Ni\u00f1as"}]},{"@type":"WebSite","@id":"https:\/\/tzionlibreria.com\/#website","url":"https:\/\/tzionlibreria.com\/","name":"tzionlibreria.com","description":"Libreria Cristiana Venezuela","publisher":{"@id":"https:\/\/tzionlibreria.com\/#organization"},"potentialAction":[{"@type":"SearchAction","target":{"@type":"EntryPoint","urlTemplate":"https:\/\/tzionlibreria.com\/?s={search_term_string}"},"query-input":{"@type":"PropertyValueSpecification","valueRequired":true,"valueName":"search_term_string"}}],"inLanguage":"es-CO"},{"@type":"Organization","@id":"https:\/\/tzionlibreria.com\/#organization","name":"tzionlibreria.com","url":"https:\/\/tzionlibreria.com\/","logo":{"@type":"ImageObject","inLanguage":"es-CO","@id":"https:\/\/tzionlibreria.com\/#\/schema\/logo\/image\/","url":"https:\/\/tzionlibreria.com\/wp-content\/uploads\/2023\/10\/cropped-Cuadricula-scaled-1.jpg","contentUrl":"https:\/\/tzionlibreria.com\/wp-content\/uploads\/2023\/10\/cropped-Cuadricula-scaled-1.jpg","width":2560,"height":2560,"caption":"tzionlibreria.com"},"image":{"@id":"https:\/\/tzionlibreria.com\/#\/schema\/logo\/image\/"}}]}},"jetpack_sharing_enabled":true,"_links":{"self":[{"href":"https:\/\/tzionlibreria.com\/index.php\/wp-json\/wp\/v2\/product\/7563","targetHints":{"allow":["GET"]}}],"collection":[{"href":"https:\/\/tzionlibreria.com\/index.php\/wp-json\/wp\/v2\/product"}],"about":[{"href":"https:\/\/tzionlibreria.com\/index.php\/wp-json\/wp\/v2\/types\/product"}],"replies":[{"embeddable":true,"href":"https:\/\/tzionlibreria.com\/index.php\/wp-json\/wp\/v2\/comments?post=7563"}],"wp:featuredmedia":[{"embeddable":true,"href":"https:\/\/tzionlibreria.com\/index.php\/wp-json\/wp\/v2\/media\/7564"}],"wp:attachment":[{"href":"https:\/\/tzionlibreria.com\/index.php\/wp-json\/wp\/v2\/media?parent=7563"}],"wp:term":[{"taxonomy":"product_brand","embeddable":true,"href":"https:\/\/tzionlibreria.com\/index.php\/wp-json\/wp\/v2\/product_brand?post=7563"},{"taxonomy":"product_cat","embeddable":true,"href":"https:\/\/tzionlibreria.com\/index.php\/wp-json\/wp\/v2\/product_cat?post=7563"},{"taxonomy":"product_tag","embeddable":true,"href":"https:\/\/tzionlibreria.com\/index.php\/wp-json\/wp\/v2\/product_tag?post=7563"}],"curies":[{"name":"wp","href":"https:\/\/api.w.org\/{rel}","templated":true}]}}