{"id":7570,"date":"2026-04-09T19:41:09","date_gmt":"2026-04-09T19:41:09","guid":{"rendered":"https:\/\/tzionlibreria.com\/?post_type=product&#038;p=7570"},"modified":"2026-04-09T19:41:14","modified_gmt":"2026-04-09T19:41:14","slug":"libertad-financiera-plan-para-escapar-de-las-deudas","status":"publish","type":"product","link":"https:\/\/tzionlibreria.com\/index.php\/product\/libertad-financiera-plan-para-escapar-de-las-deudas\/","title":{"rendered":"Libertad Financiera \u2013 Plan para Escapar de las Deudas"},"content":{"rendered":"<ul class=\"tabs wc-tabs\" role=\"tablist\">\n<li id=\"tab-title-description\" class=\"description_tab active\" role=\"presentation\"><a tabindex=\"0\" role=\"tab\" href=\"https:\/\/libreria247.com\/producto\/libertad-financiera-un-plan-para-escapar-de-las-deudas\/#tab-description\" aria-controls=\"tab-description\" aria-selected=\"true\"> Descripci\u00f3n <\/a><\/li>\n<li id=\"tab-title-reviews\" class=\"reviews_tab\" role=\"presentation\"><a tabindex=\"-1\" role=\"tab\" href=\"https:\/\/libreria247.com\/producto\/libertad-financiera-un-plan-para-escapar-de-las-deudas\/#tab-reviews\" aria-controls=\"tab-reviews\" aria-selected=\"false\"> Valoraciones (0) <\/a><\/li>\n<\/ul>\n<div id=\"tab-description\" class=\"woocommerce-Tabs-panel woocommerce-Tabs-panel--description panel entry-content wc-tab\" role=\"tabpanel\" aria-labelledby=\"tab-title-description\">\n<p data-start=\"656\" data-end=\"716\"><strong data-start=\"656\" data-end=\"716\">\u00a1Diga NO al endeudamiento y S\u00cd a la libertad financiera!<\/strong><\/p>\n<p data-start=\"718\" data-end=\"1141\">En un mundo donde la deuda es la norma y la escasez parece ineludible, <strong data-start=\"789\" data-end=\"805\">Edwin Castro<\/strong> presenta una propuesta clara, pr\u00e1ctica y esperanzadora para quienes desean salir del ciclo del estr\u00e9s financiero.<br data-start=\"919\" data-end=\"922\" \/>Con un enfoque integral y principios s\u00f3lidos, <strong data-start=\"968\" data-end=\"993\">\u201cLibertad Financiera\u201d<\/strong> ofrece un plan paso a paso para transformar tu econom\u00eda personal desde la ra\u00edz, aplicando tanto principios financieros pr\u00e1cticos como espirituales.<\/p>\n<p data-start=\"1143\" data-end=\"1179\">\ud83d\udcd8 <strong data-start=\"1146\" data-end=\"1177\">En este libro aprender\u00e1s a:<\/strong><\/p>\n<ul data-start=\"1180\" data-end=\"1408\">\n<li data-start=\"1180\" data-end=\"1229\">\n<p data-start=\"1182\" data-end=\"1229\">Hacer un presupuesto inteligente y sostenible<\/p>\n<\/li>\n<li data-start=\"1230\" data-end=\"1291\">\n<p data-start=\"1232\" data-end=\"1291\">Establecer un plan de pago acelerado para salir de deudas<\/p>\n<\/li>\n<li data-start=\"1292\" data-end=\"1345\">\n<p data-start=\"1294\" data-end=\"1345\">Aplicar la ley b\u00edblica de la siembra y la cosecha<\/p>\n<\/li>\n<li data-start=\"1346\" data-end=\"1408\">\n<p data-start=\"1348\" data-end=\"1408\">Tomar decisiones informadas y sabias que cambien tu futuro<\/p>\n<\/li>\n<\/ul>\n<p data-start=\"1410\" data-end=\"1531\">Este no es solo un manual financiero: es una gu\u00eda para tomar control de tu dinero y vivir con prop\u00f3sito, paz y provisi\u00f3n.<\/p>\n<hr data-start=\"1533\" data-end=\"1536\" \/>\n<h3 data-start=\"1538\" data-end=\"1570\">\ud83c\udfaf <strong data-start=\"1545\" data-end=\"1570\">\u00bfA qui\u00e9n va dirigido?<\/strong><\/h3>\n<ul data-start=\"1572\" data-end=\"1977\">\n<li data-start=\"1572\" data-end=\"1651\">\n<p data-start=\"1574\" data-end=\"1651\">A personas que luchan con deudas y quieren una salida pr\u00e1ctica y espiritual<\/p>\n<\/li>\n<li data-start=\"1652\" data-end=\"1721\">\n<p data-start=\"1654\" data-end=\"1721\">A familias que buscan ordenar sus finanzas desde una base b\u00edblica<\/p>\n<\/li>\n<li data-start=\"1722\" data-end=\"1796\">\n<p data-start=\"1724\" data-end=\"1796\">A j\u00f3venes adultos que desean comenzar su vida financiera con sabidur\u00eda<\/p>\n<\/li>\n<li data-start=\"1797\" data-end=\"1887\">\n<p data-start=\"1799\" data-end=\"1887\">A l\u00edderes de iglesia, emprendedores y consejeros que buscan material \u00fatil para ense\u00f1ar<\/p>\n<\/li>\n<li data-start=\"1888\" data-end=\"1977\">\n<p data-start=\"1890\" data-end=\"1977\">A cualquier creyente que anhela vivir en libertad financiera conforme al dise\u00f1o de Dios<\/p>\n<\/li>\n<\/ul>\n<p data-start=\"338\" data-end=\"612\"><strong data-start=\"338\" data-end=\"348\">Autor:<\/strong> Edwin Castro<br data-start=\"361\" data-end=\"364\" \/><strong data-start=\"364\" data-end=\"376\">Pr\u00f3logo:<\/strong> Andr\u00e9s Panasiuk<br data-start=\"392\" data-end=\"395\" \/><strong data-start=\"395\" data-end=\"421\">Editorial \/ Productor:<\/strong> Casa Creaci\u00f3n<br data-start=\"435\" data-end=\"438\" \/><strong data-start=\"438\" data-end=\"447\">ISBN:<\/strong> 9781629988412<br data-start=\"500\" data-end=\"503\" \/><strong data-start=\"503\" data-end=\"514\">Idioma:<\/strong> Espa\u00f1ol<br data-start=\"522\" data-end=\"525\" \/><strong data-start=\"525\" data-end=\"544\">Encuadernaci\u00f3n:<\/strong> R\u00fastica<br data-start=\"552\" data-end=\"555\" \/><strong data-start=\"555\" data-end=\"571\">Dimensiones:<\/strong> 140 x 210 x 11 mm<br data-start=\"589\" data-end=\"592\" data-is-only-node=\"\" \/><strong data-start=\"592\" data-end=\"601\">Peso:<\/strong> 0,321 kg<\/p>\n<\/div>\n","protected":false},"excerpt":{"rendered":"<p>Descripci\u00f3n Valoraciones (0) \u00a1Diga NO al endeudamiento y S\u00cd a la libertad financiera! En un mundo donde la deuda es la norma y la escasez parece ineludible, Edwin Castro presenta una propuesta clara, pr\u00e1ctica y esperanzadora para quienes desean salir del ciclo del estr\u00e9s financiero.Con un enfoque integral y principios s\u00f3lidos, \u201cLibertad Financiera\u201d ofrece un [&hellip;]<\/p>\n","protected":false},"featured_media":7571,"comment_status":"open","ping_status":"closed","template":"","meta":{"om_disable_all_campaigns":false,"_monsterinsights_skip_tracking":false,"_monsterinsights_sitenote_active":false,"_monsterinsights_sitenote_note":"","_monsterinsights_sitenote_category":0,"site-sidebar-layout":"default","site-content-layout":"","ast-site-content-layout":"default","site-content-style":"default","site-sidebar-style":"default","ast-global-header-display":"","ast-banner-title-visibility":"","ast-main-header-display":"","ast-hfb-above-header-display":"","ast-hfb-below-header-display":"","ast-hfb-mobile-header-display":"","site-post-title":"","ast-breadcrumbs-content":"","ast-featured-img":"","footer-sml-layout":"","ast-disable-related-posts":"","theme-transparent-header-meta":"default","adv-header-id-meta":"","stick-header-meta":"","header-above-stick-meta":"","header-main-stick-meta":"","header-below-stick-meta":"","astra-migrate-meta-layouts":"set","ast-page-background-enabled":"default","ast-page-background-meta":{"desktop":{"background-color":"var(--ast-global-color-4)","background-image":"","background-repeat":"repeat","background-position":"center center","background-size":"auto","background-attachment":"scroll","background-type":"","background-media":"","overlay-type":"","overlay-color":"","overlay-opacity":"","overlay-gradient":""},"tablet":{"background-color":"","background-image":"","background-repeat":"repeat","background-position":"center center","background-size":"auto","background-attachment":"scroll","background-type":"","background-media":"","overlay-type":"","overlay-color":"","overlay-opacity":"","overlay-gradient":""},"mobile":{"background-color":"","background-image":"","background-repeat":"repeat","background-position":"center center","background-size":"auto","background-attachment":"scroll","background-type":"","background-media":"","overlay-type":"","overlay-color":"","overlay-opacity":"","overlay-gradient":""}},"ast-content-background-meta":{"desktop":{"background-color":"var(--ast-global-color-5)","background-image":"","background-repeat":"repeat","background-position":"center center","background-size":"auto","background-attachment":"scroll","background-type":"","background-media":"","overlay-type":"","overlay-color":"","overlay-opacity":"","overlay-gradient":""},"tablet":{"background-color":"var(--ast-global-color-5)","background-image":"","background-repeat":"repeat","background-position":"center center","background-size":"auto","background-attachment":"scroll","background-type":"","background-media":"","overlay-type":"","overlay-color":"","overlay-opacity":"","overlay-gradient":""},"mobile":{"background-color":"var(--ast-global-color-5)","background-image":"","background-repeat":"repeat","background-position":"center center","background-size":"auto","background-attachment":"scroll","background-type":"","background-media":"","overlay-type":"","overlay-color":"","overlay-opacity":"","overlay-gradient":""}}},"product_brand":[],"product_cat":[310,23],"product_tag":[],"class_list":{"0":"post-7570","1":"product","2":"type-product","3":"status-publish","4":"has-post-thumbnail","6":"product_cat-finanzas","7":"product_cat-libros","8":"desktop-align-left","9":"tablet-align-left","10":"mobile-align-left","12":"first","13":"instock","14":"shipping-taxable","15":"purchasable","16":"product-type-simple"},"yoast_head":"<!-- This site is optimized with the Yoast SEO plugin v27.4 - https:\/\/yoast.com\/product\/yoast-seo-wordpress\/ -->\n<title>Libertad Financiera \u2013 Plan para Escapar de las Deudas - tzionlibreria.com<\/title>\n<meta name=\"robots\" content=\"index, follow, max-snippet:-1, max-image-preview:large, max-video-preview:-1\" \/>\n<link rel=\"canonical\" href=\"https:\/\/tzionlibreria.com\/index.php\/product\/libertad-financiera-plan-para-escapar-de-las-deudas\/\" \/>\n<meta property=\"og:locale\" content=\"es_ES\" \/>\n<meta property=\"og:type\" content=\"article\" \/>\n<meta property=\"og:title\" content=\"Libertad Financiera \u2013 Plan para Escapar de las Deudas - tzionlibreria.com\" \/>\n<meta property=\"og:description\" content=\"Descripci\u00f3n Valoraciones (0) \u00a1Diga NO al endeudamiento y S\u00cd a la libertad financiera! En un mundo donde la deuda es la norma y la escasez parece ineludible, Edwin Castro presenta una propuesta clara, pr\u00e1ctica y esperanzadora para quienes desean salir del ciclo del estr\u00e9s financiero.Con un enfoque integral y principios s\u00f3lidos, \u201cLibertad Financiera\u201d ofrece un [&hellip;]\" \/>\n<meta property=\"og:url\" content=\"https:\/\/tzionlibreria.com\/index.php\/product\/libertad-financiera-plan-para-escapar-de-las-deudas\/\" \/>\n<meta property=\"og:site_name\" content=\"tzionlibreria.com\" \/>\n<meta property=\"article:modified_time\" content=\"2026-04-09T19:41:14+00:00\" \/>\n<meta property=\"og:image\" content=\"http:\/\/tzionlibreria.com\/wp-content\/uploads\/2026\/04\/libertadfinanciera.webp\" \/>\n\t<meta property=\"og:image:width\" content=\"1080\" \/>\n\t<meta property=\"og:image:height\" content=\"1080\" \/>\n\t<meta property=\"og:image:type\" content=\"image\/webp\" \/>\n<meta name=\"twitter:card\" content=\"summary_large_image\" \/>\n<meta name=\"twitter:label1\" content=\"Tiempo de lectura\" \/>\n\t<meta name=\"twitter:data1\" content=\"2 minutos\" \/>\n<script type=\"application\/ld+json\" class=\"yoast-schema-graph\">{\"@context\":\"https:\\\/\\\/schema.org\",\"@graph\":[{\"@type\":\"WebPage\",\"@id\":\"https:\\\/\\\/tzionlibreria.com\\\/index.php\\\/product\\\/libertad-financiera-plan-para-escapar-de-las-deudas\\\/\",\"url\":\"https:\\\/\\\/tzionlibreria.com\\\/index.php\\\/product\\\/libertad-financiera-plan-para-escapar-de-las-deudas\\\/\",\"name\":\"Libertad Financiera \u2013 Plan para Escapar de las Deudas - tzionlibreria.com\",\"isPartOf\":{\"@id\":\"https:\\\/\\\/tzionlibreria.com\\\/#website\"},\"primaryImageOfPage\":{\"@id\":\"https:\\\/\\\/tzionlibreria.com\\\/index.php\\\/product\\\/libertad-financiera-plan-para-escapar-de-las-deudas\\\/#primaryimage\"},\"image\":{\"@id\":\"https:\\\/\\\/tzionlibreria.com\\\/index.php\\\/product\\\/libertad-financiera-plan-para-escapar-de-las-deudas\\\/#primaryimage\"},\"thumbnailUrl\":\"https:\\\/\\\/tzionlibreria.com\\\/wp-content\\\/uploads\\\/2026\\\/04\\\/libertadfinanciera.webp\",\"datePublished\":\"2026-04-09T19:41:09+00:00\",\"dateModified\":\"2026-04-09T19:41:14+00:00\",\"breadcrumb\":{\"@id\":\"https:\\\/\\\/tzionlibreria.com\\\/index.php\\\/product\\\/libertad-financiera-plan-para-escapar-de-las-deudas\\\/#breadcrumb\"},\"inLanguage\":\"es-CO\",\"potentialAction\":[{\"@type\":\"ReadAction\",\"target\":[\"https:\\\/\\\/tzionlibreria.com\\\/index.php\\\/product\\\/libertad-financiera-plan-para-escapar-de-las-deudas\\\/\"]}]},{\"@type\":\"ImageObject\",\"inLanguage\":\"es-CO\",\"@id\":\"https:\\\/\\\/tzionlibreria.com\\\/index.php\\\/product\\\/libertad-financiera-plan-para-escapar-de-las-deudas\\\/#primaryimage\",\"url\":\"https:\\\/\\\/tzionlibreria.com\\\/wp-content\\\/uploads\\\/2026\\\/04\\\/libertadfinanciera.webp\",\"contentUrl\":\"https:\\\/\\\/tzionlibreria.com\\\/wp-content\\\/uploads\\\/2026\\\/04\\\/libertadfinanciera.webp\",\"width\":1080,\"height\":1080},{\"@type\":\"BreadcrumbList\",\"@id\":\"https:\\\/\\\/tzionlibreria.com\\\/index.php\\\/product\\\/libertad-financiera-plan-para-escapar-de-las-deudas\\\/#breadcrumb\",\"itemListElement\":[{\"@type\":\"ListItem\",\"position\":1,\"name\":\"Inicio\",\"item\":\"https:\\\/\\\/tzionlibreria.com\\\/\"},{\"@type\":\"ListItem\",\"position\":2,\"name\":\"Shop\",\"item\":\"https:\\\/\\\/tzionlibreria.com\\\/index.php\\\/shop\\\/\"},{\"@type\":\"ListItem\",\"position\":3,\"name\":\"Libertad Financiera \u2013 Plan para Escapar de las Deudas\"}]},{\"@type\":\"WebSite\",\"@id\":\"https:\\\/\\\/tzionlibreria.com\\\/#website\",\"url\":\"https:\\\/\\\/tzionlibreria.com\\\/\",\"name\":\"tzionlibreria.com\",\"description\":\"Libreria Cristiana Venezuela\",\"publisher\":{\"@id\":\"https:\\\/\\\/tzionlibreria.com\\\/#organization\"},\"potentialAction\":[{\"@type\":\"SearchAction\",\"target\":{\"@type\":\"EntryPoint\",\"urlTemplate\":\"https:\\\/\\\/tzionlibreria.com\\\/?s={search_term_string}\"},\"query-input\":{\"@type\":\"PropertyValueSpecification\",\"valueRequired\":true,\"valueName\":\"search_term_string\"}}],\"inLanguage\":\"es-CO\"},{\"@type\":\"Organization\",\"@id\":\"https:\\\/\\\/tzionlibreria.com\\\/#organization\",\"name\":\"tzionlibreria.com\",\"url\":\"https:\\\/\\\/tzionlibreria.com\\\/\",\"logo\":{\"@type\":\"ImageObject\",\"inLanguage\":\"es-CO\",\"@id\":\"https:\\\/\\\/tzionlibreria.com\\\/#\\\/schema\\\/logo\\\/image\\\/\",\"url\":\"https:\\\/\\\/tzionlibreria.com\\\/wp-content\\\/uploads\\\/2023\\\/10\\\/cropped-Cuadricula-scaled-1.jpg\",\"contentUrl\":\"https:\\\/\\\/tzionlibreria.com\\\/wp-content\\\/uploads\\\/2023\\\/10\\\/cropped-Cuadricula-scaled-1.jpg\",\"width\":2560,\"height\":2560,\"caption\":\"tzionlibreria.com\"},\"image\":{\"@id\":\"https:\\\/\\\/tzionlibreria.com\\\/#\\\/schema\\\/logo\\\/image\\\/\"}}]}<\/script>\n<!-- \/ Yoast SEO plugin. -->","yoast_head_json":{"title":"Libertad Financiera \u2013 Plan para Escapar de las Deudas - tzionlibreria.com","robots":{"index":"index","follow":"follow","max-snippet":"max-snippet:-1","max-image-preview":"max-image-preview:large","max-video-preview":"max-video-preview:-1"},"canonical":"https:\/\/tzionlibreria.com\/index.php\/product\/libertad-financiera-plan-para-escapar-de-las-deudas\/","og_locale":"es_ES","og_type":"article","og_title":"Libertad Financiera \u2013 Plan para Escapar de las Deudas - tzionlibreria.com","og_description":"Descripci\u00f3n Valoraciones (0) \u00a1Diga NO al endeudamiento y S\u00cd a la libertad financiera! En un mundo donde la deuda es la norma y la escasez parece ineludible, Edwin Castro presenta una propuesta clara, pr\u00e1ctica y esperanzadora para quienes desean salir del ciclo del estr\u00e9s financiero.Con un enfoque integral y principios s\u00f3lidos, \u201cLibertad Financiera\u201d ofrece un [&hellip;]","og_url":"https:\/\/tzionlibreria.com\/index.php\/product\/libertad-financiera-plan-para-escapar-de-las-deudas\/","og_site_name":"tzionlibreria.com","article_modified_time":"2026-04-09T19:41:14+00:00","og_image":[{"width":1080,"height":1080,"url":"http:\/\/tzionlibreria.com\/wp-content\/uploads\/2026\/04\/libertadfinanciera.webp","type":"image\/webp"}],"twitter_card":"summary_large_image","twitter_misc":{"Tiempo de lectura":"2 minutos"},"schema":{"@context":"https:\/\/schema.org","@graph":[{"@type":"WebPage","@id":"https:\/\/tzionlibreria.com\/index.php\/product\/libertad-financiera-plan-para-escapar-de-las-deudas\/","url":"https:\/\/tzionlibreria.com\/index.php\/product\/libertad-financiera-plan-para-escapar-de-las-deudas\/","name":"Libertad Financiera \u2013 Plan para Escapar de las Deudas - tzionlibreria.com","isPartOf":{"@id":"https:\/\/tzionlibreria.com\/#website"},"primaryImageOfPage":{"@id":"https:\/\/tzionlibreria.com\/index.php\/product\/libertad-financiera-plan-para-escapar-de-las-deudas\/#primaryimage"},"image":{"@id":"https:\/\/tzionlibreria.com\/index.php\/product\/libertad-financiera-plan-para-escapar-de-las-deudas\/#primaryimage"},"thumbnailUrl":"https:\/\/tzionlibreria.com\/wp-content\/uploads\/2026\/04\/libertadfinanciera.webp","datePublished":"2026-04-09T19:41:09+00:00","dateModified":"2026-04-09T19:41:14+00:00","breadcrumb":{"@id":"https:\/\/tzionlibreria.com\/index.php\/product\/libertad-financiera-plan-para-escapar-de-las-deudas\/#breadcrumb"},"inLanguage":"es-CO","potentialAction":[{"@type":"ReadAction","target":["https:\/\/tzionlibreria.com\/index.php\/product\/libertad-financiera-plan-para-escapar-de-las-deudas\/"]}]},{"@type":"ImageObject","inLanguage":"es-CO","@id":"https:\/\/tzionlibreria.com\/index.php\/product\/libertad-financiera-plan-para-escapar-de-las-deudas\/#primaryimage","url":"https:\/\/tzionlibreria.com\/wp-content\/uploads\/2026\/04\/libertadfinanciera.webp","contentUrl":"https:\/\/tzionlibreria.com\/wp-content\/uploads\/2026\/04\/libertadfinanciera.webp","width":1080,"height":1080},{"@type":"BreadcrumbList","@id":"https:\/\/tzionlibreria.com\/index.php\/product\/libertad-financiera-plan-para-escapar-de-las-deudas\/#breadcrumb","itemListElement":[{"@type":"ListItem","position":1,"name":"Inicio","item":"https:\/\/tzionlibreria.com\/"},{"@type":"ListItem","position":2,"name":"Shop","item":"https:\/\/tzionlibreria.com\/index.php\/shop\/"},{"@type":"ListItem","position":3,"name":"Libertad Financiera \u2013 Plan para Escapar de las Deudas"}]},{"@type":"WebSite","@id":"https:\/\/tzionlibreria.com\/#website","url":"https:\/\/tzionlibreria.com\/","name":"tzionlibreria.com","description":"Libreria Cristiana Venezuela","publisher":{"@id":"https:\/\/tzionlibreria.com\/#organization"},"potentialAction":[{"@type":"SearchAction","target":{"@type":"EntryPoint","urlTemplate":"https:\/\/tzionlibreria.com\/?s={search_term_string}"},"query-input":{"@type":"PropertyValueSpecification","valueRequired":true,"valueName":"search_term_string"}}],"inLanguage":"es-CO"},{"@type":"Organization","@id":"https:\/\/tzionlibreria.com\/#organization","name":"tzionlibreria.com","url":"https:\/\/tzionlibreria.com\/","logo":{"@type":"ImageObject","inLanguage":"es-CO","@id":"https:\/\/tzionlibreria.com\/#\/schema\/logo\/image\/","url":"https:\/\/tzionlibreria.com\/wp-content\/uploads\/2023\/10\/cropped-Cuadricula-scaled-1.jpg","contentUrl":"https:\/\/tzionlibreria.com\/wp-content\/uploads\/2023\/10\/cropped-Cuadricula-scaled-1.jpg","width":2560,"height":2560,"caption":"tzionlibreria.com"},"image":{"@id":"https:\/\/tzionlibreria.com\/#\/schema\/logo\/image\/"}}]}},"jetpack_sharing_enabled":true,"_links":{"self":[{"href":"https:\/\/tzionlibreria.com\/index.php\/wp-json\/wp\/v2\/product\/7570","targetHints":{"allow":["GET"]}}],"collection":[{"href":"https:\/\/tzionlibreria.com\/index.php\/wp-json\/wp\/v2\/product"}],"about":[{"href":"https:\/\/tzionlibreria.com\/index.php\/wp-json\/wp\/v2\/types\/product"}],"replies":[{"embeddable":true,"href":"https:\/\/tzionlibreria.com\/index.php\/wp-json\/wp\/v2\/comments?post=7570"}],"wp:featuredmedia":[{"embeddable":true,"href":"https:\/\/tzionlibreria.com\/index.php\/wp-json\/wp\/v2\/media\/7571"}],"wp:attachment":[{"href":"https:\/\/tzionlibreria.com\/index.php\/wp-json\/wp\/v2\/media?parent=7570"}],"wp:term":[{"taxonomy":"product_brand","embeddable":true,"href":"https:\/\/tzionlibreria.com\/index.php\/wp-json\/wp\/v2\/product_brand?post=7570"},{"taxonomy":"product_cat","embeddable":true,"href":"https:\/\/tzionlibreria.com\/index.php\/wp-json\/wp\/v2\/product_cat?post=7570"},{"taxonomy":"product_tag","embeddable":true,"href":"https:\/\/tzionlibreria.com\/index.php\/wp-json\/wp\/v2\/product_tag?post=7570"}],"curies":[{"name":"wp","href":"https:\/\/api.w.org\/{rel}","templated":true}]}}