{"id":766,"date":"2023-10-07T14:43:18","date_gmt":"2023-10-07T14:43:18","guid":{"rendered":"https:\/\/tzionlibreria.com\/?post_type=product&#038;p=766"},"modified":"2024-02-29T22:38:45","modified_gmt":"2024-02-29T22:38:45","slug":"el-diccionario-sobre-los-demonios-vol-1-kimberly-daniels","status":"publish","type":"product","link":"https:\/\/tzionlibreria.com\/index.php\/product\/el-diccionario-sobre-los-demonios-vol-1-kimberly-daniels\/","title":{"rendered":"El Diccionario Sobre Los Demonios Vol. 1 &#8211; Kimberly Daniels"},"content":{"rendered":"<div id=\"ctl00_ucPDTabs_ctl00_fs\" class=\"ProductDetailGroup\">\n<div><strong>Su gu\u00eda definitiva para entender los esp\u00edritus oscuros y las manifestaciones sobrenaturales<\/strong><\/div>\n<div><\/div>\n<div>La palabra ocultismo \u00a0significa secreto. Dios nos manda a que no ignoremos las maquinaciones del enemigo ni c\u00f3mo \u00e9l opera. \u00a0Tras veinte a\u00f1os de ense\u00f1ar sobre guerra espiritual y demonolog\u00eda, Kimberly Daniels le presenta los secretos del campo enemigo en este exhaustivo libro de estudio.<\/div>\n<div><\/div>\n<div>Al ser primero de una serie de tres vol\u00famenes, este detallado glosario y gu\u00eda de estudio sobre los demonios incluye terminolog\u00eda, explicaciones, testimonios y ejemplos de actividad ocultista y cultura sectaria. \u00a0Con cientos de vers\u00edculos de la Biblia, El diccionario sobre los demonios:<\/div>\n<div>\n<ul>\n<li>Desarrollar\u00e1 su vocabulario espiritual<\/li>\n<li>Lo equipar\u00e1 con municiones y armas para la guerra espiritual<\/li>\n<li>Aumentar\u00e1 conocimiento de palabras, nombre, lugares, y cosas relativas a los demonios y sectas<\/li>\n<li>Alumbrar\u00e1 \u00e1reas de su vida que el enemigo quiere mantener en la oscuridad.<\/li>\n<\/ul>\n<\/div>\n<\/div>\n<div id=\"ctl00_ucPDTabs_ctl01_fs\" class=\"ProductDetailGroup\"><\/div>\n<div><strong>ISBN<\/strong>: 9781621364276<br \/>\n<strong>Dimensiones<\/strong>: 139 x 215 x 20 mm<br \/>\n<strong>Peso<\/strong>: 0,278kg<br \/>\n<strong>Cubierta<\/strong>: R\u00fastica<br \/>\n<strong>Idioma<\/strong>: Espa\u00f1ol<\/div>\n","protected":false},"excerpt":{"rendered":"<p>Su gu\u00eda definitiva para entender los esp\u00edritus oscuros y las manifestaciones sobrenaturales La palabra ocultismo \u00a0significa secreto. Dios nos manda a que no ignoremos las maquinaciones del enemigo ni c\u00f3mo \u00e9l opera. \u00a0Tras veinte a\u00f1os de ense\u00f1ar sobre guerra espiritual y demonolog\u00eda, Kimberly Daniels le presenta los secretos del campo enemigo en este exhaustivo libro [&hellip;]<\/p>\n","protected":false},"featured_media":767,"comment_status":"open","ping_status":"closed","template":"","meta":{"om_disable_all_campaigns":false,"_monsterinsights_skip_tracking":false,"_monsterinsights_sitenote_active":false,"_monsterinsights_sitenote_note":"","_monsterinsights_sitenote_category":0,"site-sidebar-layout":"default","site-content-layout":"","ast-site-content-layout":"default","site-content-style":"default","site-sidebar-style":"default","ast-global-header-display":"","ast-banner-title-visibility":"","ast-main-header-display":"","ast-hfb-above-header-display":"","ast-hfb-below-header-display":"","ast-hfb-mobile-header-display":"","site-post-title":"","ast-breadcrumbs-content":"","ast-featured-img":"","footer-sml-layout":"","ast-disable-related-posts":"","theme-transparent-header-meta":"default","adv-header-id-meta":"","stick-header-meta":"","header-above-stick-meta":"","header-main-stick-meta":"","header-below-stick-meta":"","astra-migrate-meta-layouts":"set","ast-page-background-enabled":"default","ast-page-background-meta":{"desktop":{"background-color":"var(--ast-global-color-4)","background-image":"","background-repeat":"repeat","background-position":"center center","background-size":"auto","background-attachment":"scroll","background-type":"","background-media":"","overlay-type":"","overlay-color":"","overlay-opacity":"","overlay-gradient":""},"tablet":{"background-color":"","background-image":"","background-repeat":"repeat","background-position":"center center","background-size":"auto","background-attachment":"scroll","background-type":"","background-media":"","overlay-type":"","overlay-color":"","overlay-opacity":"","overlay-gradient":""},"mobile":{"background-color":"","background-image":"","background-repeat":"repeat","background-position":"center center","background-size":"auto","background-attachment":"scroll","background-type":"","background-media":"","overlay-type":"","overlay-color":"","overlay-opacity":"","overlay-gradient":""}},"ast-content-background-meta":{"desktop":{"background-color":"var(--ast-global-color-5)","background-image":"","background-repeat":"repeat","background-position":"center center","background-size":"auto","background-attachment":"scroll","background-type":"","background-media":"","overlay-type":"","overlay-color":"","overlay-opacity":"","overlay-gradient":""},"tablet":{"background-color":"var(--ast-global-color-5)","background-image":"","background-repeat":"repeat","background-position":"center center","background-size":"auto","background-attachment":"scroll","background-type":"","background-media":"","overlay-type":"","overlay-color":"","overlay-opacity":"","overlay-gradient":""},"mobile":{"background-color":"var(--ast-global-color-5)","background-image":"","background-repeat":"repeat","background-position":"center center","background-size":"auto","background-attachment":"scroll","background-type":"","background-media":"","overlay-type":"","overlay-color":"","overlay-opacity":"","overlay-gradient":""}}},"product_brand":[],"product_cat":[23],"product_tag":[77],"class_list":{"0":"post-766","1":"product","2":"type-product","3":"status-publish","4":"has-post-thumbnail","6":"product_cat-libros","7":"product_tag-kimberly-daniels","8":"desktop-align-left","9":"tablet-align-left","10":"mobile-align-left","12":"first","13":"instock","14":"shipping-taxable","15":"purchasable","16":"product-type-simple"},"yoast_head":"<!-- This site is optimized with the Yoast SEO plugin v27.4 - https:\/\/yoast.com\/product\/yoast-seo-wordpress\/ -->\n<title>El Diccionario Sobre Los Demonios Vol. 1 - Kimberly Daniels - tzionlibreria.com<\/title>\n<meta name=\"robots\" content=\"index, follow, max-snippet:-1, max-image-preview:large, max-video-preview:-1\" \/>\n<link rel=\"canonical\" href=\"https:\/\/tzionlibreria.com\/index.php\/product\/el-diccionario-sobre-los-demonios-vol-1-kimberly-daniels\/\" \/>\n<meta property=\"og:locale\" content=\"es_ES\" \/>\n<meta property=\"og:type\" content=\"article\" \/>\n<meta property=\"og:title\" content=\"El Diccionario Sobre Los Demonios Vol. 1 - Kimberly Daniels - tzionlibreria.com\" \/>\n<meta property=\"og:description\" content=\"Su gu\u00eda definitiva para entender los esp\u00edritus oscuros y las manifestaciones sobrenaturales La palabra ocultismo \u00a0significa secreto. Dios nos manda a que no ignoremos las maquinaciones del enemigo ni c\u00f3mo \u00e9l opera. \u00a0Tras veinte a\u00f1os de ense\u00f1ar sobre guerra espiritual y demonolog\u00eda, Kimberly Daniels le presenta los secretos del campo enemigo en este exhaustivo libro [&hellip;]\" \/>\n<meta property=\"og:url\" content=\"https:\/\/tzionlibreria.com\/index.php\/product\/el-diccionario-sobre-los-demonios-vol-1-kimberly-daniels\/\" \/>\n<meta property=\"og:site_name\" content=\"tzionlibreria.com\" \/>\n<meta property=\"article:modified_time\" content=\"2024-02-29T22:38:45+00:00\" \/>\n<meta property=\"og:image\" content=\"http:\/\/tzionlibreria.com\/wp-content\/uploads\/2023\/10\/D_NQ_NP_2X_796369-MLV69729131780_052023-F.webp\" \/>\n\t<meta property=\"og:image:width\" content=\"1048\" \/>\n\t<meta property=\"og:image:height\" content=\"979\" \/>\n\t<meta property=\"og:image:type\" content=\"image\/webp\" \/>\n<meta name=\"twitter:card\" content=\"summary_large_image\" \/>\n<meta name=\"twitter:label1\" content=\"Tiempo de lectura\" \/>\n\t<meta name=\"twitter:data1\" content=\"1 minuto\" \/>\n<script type=\"application\/ld+json\" class=\"yoast-schema-graph\">{\"@context\":\"https:\\\/\\\/schema.org\",\"@graph\":[{\"@type\":\"WebPage\",\"@id\":\"https:\\\/\\\/tzionlibreria.com\\\/index.php\\\/product\\\/el-diccionario-sobre-los-demonios-vol-1-kimberly-daniels\\\/\",\"url\":\"https:\\\/\\\/tzionlibreria.com\\\/index.php\\\/product\\\/el-diccionario-sobre-los-demonios-vol-1-kimberly-daniels\\\/\",\"name\":\"El Diccionario Sobre Los Demonios Vol. 1 - Kimberly Daniels - tzionlibreria.com\",\"isPartOf\":{\"@id\":\"https:\\\/\\\/tzionlibreria.com\\\/#website\"},\"primaryImageOfPage\":{\"@id\":\"https:\\\/\\\/tzionlibreria.com\\\/index.php\\\/product\\\/el-diccionario-sobre-los-demonios-vol-1-kimberly-daniels\\\/#primaryimage\"},\"image\":{\"@id\":\"https:\\\/\\\/tzionlibreria.com\\\/index.php\\\/product\\\/el-diccionario-sobre-los-demonios-vol-1-kimberly-daniels\\\/#primaryimage\"},\"thumbnailUrl\":\"https:\\\/\\\/tzionlibreria.com\\\/wp-content\\\/uploads\\\/2023\\\/10\\\/D_NQ_NP_2X_796369-MLV69729131780_052023-F.webp\",\"datePublished\":\"2023-10-07T14:43:18+00:00\",\"dateModified\":\"2024-02-29T22:38:45+00:00\",\"breadcrumb\":{\"@id\":\"https:\\\/\\\/tzionlibreria.com\\\/index.php\\\/product\\\/el-diccionario-sobre-los-demonios-vol-1-kimberly-daniels\\\/#breadcrumb\"},\"inLanguage\":\"es-CO\",\"potentialAction\":[{\"@type\":\"ReadAction\",\"target\":[\"https:\\\/\\\/tzionlibreria.com\\\/index.php\\\/product\\\/el-diccionario-sobre-los-demonios-vol-1-kimberly-daniels\\\/\"]}]},{\"@type\":\"ImageObject\",\"inLanguage\":\"es-CO\",\"@id\":\"https:\\\/\\\/tzionlibreria.com\\\/index.php\\\/product\\\/el-diccionario-sobre-los-demonios-vol-1-kimberly-daniels\\\/#primaryimage\",\"url\":\"https:\\\/\\\/tzionlibreria.com\\\/wp-content\\\/uploads\\\/2023\\\/10\\\/D_NQ_NP_2X_796369-MLV69729131780_052023-F.webp\",\"contentUrl\":\"https:\\\/\\\/tzionlibreria.com\\\/wp-content\\\/uploads\\\/2023\\\/10\\\/D_NQ_NP_2X_796369-MLV69729131780_052023-F.webp\",\"width\":1048,\"height\":979},{\"@type\":\"BreadcrumbList\",\"@id\":\"https:\\\/\\\/tzionlibreria.com\\\/index.php\\\/product\\\/el-diccionario-sobre-los-demonios-vol-1-kimberly-daniels\\\/#breadcrumb\",\"itemListElement\":[{\"@type\":\"ListItem\",\"position\":1,\"name\":\"Inicio\",\"item\":\"https:\\\/\\\/tzionlibreria.com\\\/\"},{\"@type\":\"ListItem\",\"position\":2,\"name\":\"Shop\",\"item\":\"https:\\\/\\\/tzionlibreria.com\\\/index.php\\\/shop\\\/\"},{\"@type\":\"ListItem\",\"position\":3,\"name\":\"El Diccionario Sobre Los Demonios Vol. 1 &#8211; Kimberly Daniels\"}]},{\"@type\":\"WebSite\",\"@id\":\"https:\\\/\\\/tzionlibreria.com\\\/#website\",\"url\":\"https:\\\/\\\/tzionlibreria.com\\\/\",\"name\":\"tzionlibreria.com\",\"description\":\"Libreria Cristiana Venezuela\",\"publisher\":{\"@id\":\"https:\\\/\\\/tzionlibreria.com\\\/#organization\"},\"potentialAction\":[{\"@type\":\"SearchAction\",\"target\":{\"@type\":\"EntryPoint\",\"urlTemplate\":\"https:\\\/\\\/tzionlibreria.com\\\/?s={search_term_string}\"},\"query-input\":{\"@type\":\"PropertyValueSpecification\",\"valueRequired\":true,\"valueName\":\"search_term_string\"}}],\"inLanguage\":\"es-CO\"},{\"@type\":\"Organization\",\"@id\":\"https:\\\/\\\/tzionlibreria.com\\\/#organization\",\"name\":\"tzionlibreria.com\",\"url\":\"https:\\\/\\\/tzionlibreria.com\\\/\",\"logo\":{\"@type\":\"ImageObject\",\"inLanguage\":\"es-CO\",\"@id\":\"https:\\\/\\\/tzionlibreria.com\\\/#\\\/schema\\\/logo\\\/image\\\/\",\"url\":\"https:\\\/\\\/tzionlibreria.com\\\/wp-content\\\/uploads\\\/2023\\\/10\\\/cropped-Cuadricula-scaled-1.jpg\",\"contentUrl\":\"https:\\\/\\\/tzionlibreria.com\\\/wp-content\\\/uploads\\\/2023\\\/10\\\/cropped-Cuadricula-scaled-1.jpg\",\"width\":2560,\"height\":2560,\"caption\":\"tzionlibreria.com\"},\"image\":{\"@id\":\"https:\\\/\\\/tzionlibreria.com\\\/#\\\/schema\\\/logo\\\/image\\\/\"}}]}<\/script>\n<!-- \/ Yoast SEO plugin. -->","yoast_head_json":{"title":"El Diccionario Sobre Los Demonios Vol. 1 - Kimberly Daniels - tzionlibreria.com","robots":{"index":"index","follow":"follow","max-snippet":"max-snippet:-1","max-image-preview":"max-image-preview:large","max-video-preview":"max-video-preview:-1"},"canonical":"https:\/\/tzionlibreria.com\/index.php\/product\/el-diccionario-sobre-los-demonios-vol-1-kimberly-daniels\/","og_locale":"es_ES","og_type":"article","og_title":"El Diccionario Sobre Los Demonios Vol. 1 - Kimberly Daniels - tzionlibreria.com","og_description":"Su gu\u00eda definitiva para entender los esp\u00edritus oscuros y las manifestaciones sobrenaturales La palabra ocultismo \u00a0significa secreto. Dios nos manda a que no ignoremos las maquinaciones del enemigo ni c\u00f3mo \u00e9l opera. \u00a0Tras veinte a\u00f1os de ense\u00f1ar sobre guerra espiritual y demonolog\u00eda, Kimberly Daniels le presenta los secretos del campo enemigo en este exhaustivo libro [&hellip;]","og_url":"https:\/\/tzionlibreria.com\/index.php\/product\/el-diccionario-sobre-los-demonios-vol-1-kimberly-daniels\/","og_site_name":"tzionlibreria.com","article_modified_time":"2024-02-29T22:38:45+00:00","og_image":[{"width":1048,"height":979,"url":"http:\/\/tzionlibreria.com\/wp-content\/uploads\/2023\/10\/D_NQ_NP_2X_796369-MLV69729131780_052023-F.webp","type":"image\/webp"}],"twitter_card":"summary_large_image","twitter_misc":{"Tiempo de lectura":"1 minuto"},"schema":{"@context":"https:\/\/schema.org","@graph":[{"@type":"WebPage","@id":"https:\/\/tzionlibreria.com\/index.php\/product\/el-diccionario-sobre-los-demonios-vol-1-kimberly-daniels\/","url":"https:\/\/tzionlibreria.com\/index.php\/product\/el-diccionario-sobre-los-demonios-vol-1-kimberly-daniels\/","name":"El Diccionario Sobre Los Demonios Vol. 1 - Kimberly Daniels - tzionlibreria.com","isPartOf":{"@id":"https:\/\/tzionlibreria.com\/#website"},"primaryImageOfPage":{"@id":"https:\/\/tzionlibreria.com\/index.php\/product\/el-diccionario-sobre-los-demonios-vol-1-kimberly-daniels\/#primaryimage"},"image":{"@id":"https:\/\/tzionlibreria.com\/index.php\/product\/el-diccionario-sobre-los-demonios-vol-1-kimberly-daniels\/#primaryimage"},"thumbnailUrl":"https:\/\/tzionlibreria.com\/wp-content\/uploads\/2023\/10\/D_NQ_NP_2X_796369-MLV69729131780_052023-F.webp","datePublished":"2023-10-07T14:43:18+00:00","dateModified":"2024-02-29T22:38:45+00:00","breadcrumb":{"@id":"https:\/\/tzionlibreria.com\/index.php\/product\/el-diccionario-sobre-los-demonios-vol-1-kimberly-daniels\/#breadcrumb"},"inLanguage":"es-CO","potentialAction":[{"@type":"ReadAction","target":["https:\/\/tzionlibreria.com\/index.php\/product\/el-diccionario-sobre-los-demonios-vol-1-kimberly-daniels\/"]}]},{"@type":"ImageObject","inLanguage":"es-CO","@id":"https:\/\/tzionlibreria.com\/index.php\/product\/el-diccionario-sobre-los-demonios-vol-1-kimberly-daniels\/#primaryimage","url":"https:\/\/tzionlibreria.com\/wp-content\/uploads\/2023\/10\/D_NQ_NP_2X_796369-MLV69729131780_052023-F.webp","contentUrl":"https:\/\/tzionlibreria.com\/wp-content\/uploads\/2023\/10\/D_NQ_NP_2X_796369-MLV69729131780_052023-F.webp","width":1048,"height":979},{"@type":"BreadcrumbList","@id":"https:\/\/tzionlibreria.com\/index.php\/product\/el-diccionario-sobre-los-demonios-vol-1-kimberly-daniels\/#breadcrumb","itemListElement":[{"@type":"ListItem","position":1,"name":"Inicio","item":"https:\/\/tzionlibreria.com\/"},{"@type":"ListItem","position":2,"name":"Shop","item":"https:\/\/tzionlibreria.com\/index.php\/shop\/"},{"@type":"ListItem","position":3,"name":"El Diccionario Sobre Los Demonios Vol. 1 &#8211; Kimberly Daniels"}]},{"@type":"WebSite","@id":"https:\/\/tzionlibreria.com\/#website","url":"https:\/\/tzionlibreria.com\/","name":"tzionlibreria.com","description":"Libreria Cristiana Venezuela","publisher":{"@id":"https:\/\/tzionlibreria.com\/#organization"},"potentialAction":[{"@type":"SearchAction","target":{"@type":"EntryPoint","urlTemplate":"https:\/\/tzionlibreria.com\/?s={search_term_string}"},"query-input":{"@type":"PropertyValueSpecification","valueRequired":true,"valueName":"search_term_string"}}],"inLanguage":"es-CO"},{"@type":"Organization","@id":"https:\/\/tzionlibreria.com\/#organization","name":"tzionlibreria.com","url":"https:\/\/tzionlibreria.com\/","logo":{"@type":"ImageObject","inLanguage":"es-CO","@id":"https:\/\/tzionlibreria.com\/#\/schema\/logo\/image\/","url":"https:\/\/tzionlibreria.com\/wp-content\/uploads\/2023\/10\/cropped-Cuadricula-scaled-1.jpg","contentUrl":"https:\/\/tzionlibreria.com\/wp-content\/uploads\/2023\/10\/cropped-Cuadricula-scaled-1.jpg","width":2560,"height":2560,"caption":"tzionlibreria.com"},"image":{"@id":"https:\/\/tzionlibreria.com\/#\/schema\/logo\/image\/"}}]}},"jetpack_sharing_enabled":true,"_links":{"self":[{"href":"https:\/\/tzionlibreria.com\/index.php\/wp-json\/wp\/v2\/product\/766","targetHints":{"allow":["GET"]}}],"collection":[{"href":"https:\/\/tzionlibreria.com\/index.php\/wp-json\/wp\/v2\/product"}],"about":[{"href":"https:\/\/tzionlibreria.com\/index.php\/wp-json\/wp\/v2\/types\/product"}],"replies":[{"embeddable":true,"href":"https:\/\/tzionlibreria.com\/index.php\/wp-json\/wp\/v2\/comments?post=766"}],"wp:featuredmedia":[{"embeddable":true,"href":"https:\/\/tzionlibreria.com\/index.php\/wp-json\/wp\/v2\/media\/767"}],"wp:attachment":[{"href":"https:\/\/tzionlibreria.com\/index.php\/wp-json\/wp\/v2\/media?parent=766"}],"wp:term":[{"taxonomy":"product_brand","embeddable":true,"href":"https:\/\/tzionlibreria.com\/index.php\/wp-json\/wp\/v2\/product_brand?post=766"},{"taxonomy":"product_cat","embeddable":true,"href":"https:\/\/tzionlibreria.com\/index.php\/wp-json\/wp\/v2\/product_cat?post=766"},{"taxonomy":"product_tag","embeddable":true,"href":"https:\/\/tzionlibreria.com\/index.php\/wp-json\/wp\/v2\/product_tag?post=766"}],"curies":[{"name":"wp","href":"https:\/\/api.w.org\/{rel}","templated":true}]}}