{"id":773,"date":"2023-10-07T14:51:42","date_gmt":"2023-10-07T14:51:42","guid":{"rendered":"https:\/\/tzionlibreria.com\/?post_type=product&#038;p=773"},"modified":"2025-06-16T01:56:41","modified_gmt":"2025-06-16T01:56:41","slug":"adoracion-la-razon-por-la-que-fuimos-creados-a-w-tozer","status":"publish","type":"product","link":"https:\/\/tzionlibreria.com\/index.php\/product\/adoracion-la-razon-por-la-que-fuimos-creados-a-w-tozer\/","title":{"rendered":"Adoraci\u00f3n, La Raz\u00f3n Por La Que Fuimos Creados &#8211; A. W. Tozer"},"content":{"rendered":"<div>\n<p><strong>Lo mejor de A. W. Tozer, sobre uno de sus temas favoritos.<\/strong><\/p>\n<\/div>\n<div>Adoraci\u00f3n: La raz\u00f3n por la que fuimos creados presenta una colecci\u00f3n de este querido autor sobre este tema importante. La adoraci\u00f3n actual de la iglesia est\u00e1 demacrada; sus pensamientos sobre Dios son demasiado superficiales. Esta es una recopilaci\u00f3n para elevar esos pensamientos una vez m\u00e1s, y provocar a la iglesia a una adoraci\u00f3n verdadera y espiritual.<\/div>\n<div><\/div>\n<div><strong>ISBN<\/strong>: 9780825458002<br \/>\n<strong>Editorial<\/strong>: Portavoz<br \/>\n<strong>Dimensiones<\/strong>: 139 x 8 x 216 mm<br \/>\n<strong>Cubierta<\/strong>: Tapa Blanda<br \/>\n<strong>N\u00famero de p\u00e1ginas<\/strong>: 144<br \/>\n<strong>Idioma<\/strong>: Espa\u00f1ol<\/div>\n","protected":false},"excerpt":{"rendered":"<p>Lo mejor de A. W. Tozer, sobre uno de sus temas favoritos. Adoraci\u00f3n: La raz\u00f3n por la que fuimos creados presenta una colecci\u00f3n de este querido autor sobre este tema importante. La adoraci\u00f3n actual de la iglesia est\u00e1 demacrada; sus pensamientos sobre Dios son demasiado superficiales. Esta es una recopilaci\u00f3n para elevar esos pensamientos una [&hellip;]<\/p>\n","protected":false},"featured_media":774,"comment_status":"open","ping_status":"closed","template":"","meta":{"om_disable_all_campaigns":false,"_monsterinsights_skip_tracking":false,"_monsterinsights_sitenote_active":false,"_monsterinsights_sitenote_note":"","_monsterinsights_sitenote_category":0,"site-sidebar-layout":"default","site-content-layout":"","ast-site-content-layout":"default","site-content-style":"default","site-sidebar-style":"default","ast-global-header-display":"","ast-banner-title-visibility":"","ast-main-header-display":"","ast-hfb-above-header-display":"","ast-hfb-below-header-display":"","ast-hfb-mobile-header-display":"","site-post-title":"","ast-breadcrumbs-content":"","ast-featured-img":"","footer-sml-layout":"","ast-disable-related-posts":"","theme-transparent-header-meta":"default","adv-header-id-meta":"","stick-header-meta":"","header-above-stick-meta":"","header-main-stick-meta":"","header-below-stick-meta":"","astra-migrate-meta-layouts":"set","ast-page-background-enabled":"default","ast-page-background-meta":{"desktop":{"background-color":"var(--ast-global-color-4)","background-image":"","background-repeat":"repeat","background-position":"center center","background-size":"auto","background-attachment":"scroll","background-type":"","background-media":"","overlay-type":"","overlay-color":"","overlay-opacity":"","overlay-gradient":""},"tablet":{"background-color":"","background-image":"","background-repeat":"repeat","background-position":"center center","background-size":"auto","background-attachment":"scroll","background-type":"","background-media":"","overlay-type":"","overlay-color":"","overlay-opacity":"","overlay-gradient":""},"mobile":{"background-color":"","background-image":"","background-repeat":"repeat","background-position":"center center","background-size":"auto","background-attachment":"scroll","background-type":"","background-media":"","overlay-type":"","overlay-color":"","overlay-opacity":"","overlay-gradient":""}},"ast-content-background-meta":{"desktop":{"background-color":"var(--ast-global-color-5)","background-image":"","background-repeat":"repeat","background-position":"center center","background-size":"auto","background-attachment":"scroll","background-type":"","background-media":"","overlay-type":"","overlay-color":"","overlay-opacity":"","overlay-gradient":""},"tablet":{"background-color":"var(--ast-global-color-5)","background-image":"","background-repeat":"repeat","background-position":"center center","background-size":"auto","background-attachment":"scroll","background-type":"","background-media":"","overlay-type":"","overlay-color":"","overlay-opacity":"","overlay-gradient":""},"mobile":{"background-color":"var(--ast-global-color-5)","background-image":"","background-repeat":"repeat","background-position":"center center","background-size":"auto","background-attachment":"scroll","background-type":"","background-media":"","overlay-type":"","overlay-color":"","overlay-opacity":"","overlay-gradient":""}}},"product_brand":[],"product_cat":[165,23],"product_tag":[80],"class_list":{"0":"post-773","1":"product","2":"type-product","3":"status-publish","4":"has-post-thumbnail","6":"product_cat-adoracion","7":"product_cat-libros","8":"product_tag-a-w-tozer","9":"desktop-align-left","10":"tablet-align-left","11":"mobile-align-left","13":"first","14":"instock","15":"shipping-taxable","16":"purchasable","17":"product-type-simple"},"yoast_head":"<!-- This site is optimized with the Yoast SEO plugin v27.4 - https:\/\/yoast.com\/product\/yoast-seo-wordpress\/ -->\n<title>Adoraci\u00f3n, La Raz\u00f3n Por La Que Fuimos Creados - A. W. Tozer - tzionlibreria.com<\/title>\n<meta name=\"robots\" content=\"index, follow, max-snippet:-1, max-image-preview:large, max-video-preview:-1\" \/>\n<link rel=\"canonical\" href=\"https:\/\/tzionlibreria.com\/index.php\/product\/adoracion-la-razon-por-la-que-fuimos-creados-a-w-tozer\/\" \/>\n<meta property=\"og:locale\" content=\"es_ES\" \/>\n<meta property=\"og:type\" content=\"article\" \/>\n<meta property=\"og:title\" content=\"Adoraci\u00f3n, La Raz\u00f3n Por La Que Fuimos Creados - A. W. Tozer - tzionlibreria.com\" \/>\n<meta property=\"og:description\" content=\"Lo mejor de A. W. Tozer, sobre uno de sus temas favoritos. Adoraci\u00f3n: La raz\u00f3n por la que fuimos creados presenta una colecci\u00f3n de este querido autor sobre este tema importante. La adoraci\u00f3n actual de la iglesia est\u00e1 demacrada; sus pensamientos sobre Dios son demasiado superficiales. Esta es una recopilaci\u00f3n para elevar esos pensamientos una [&hellip;]\" \/>\n<meta property=\"og:url\" content=\"https:\/\/tzionlibreria.com\/index.php\/product\/adoracion-la-razon-por-la-que-fuimos-creados-a-w-tozer\/\" \/>\n<meta property=\"og:site_name\" content=\"tzionlibreria.com\" \/>\n<meta property=\"article:modified_time\" content=\"2025-06-16T01:56:41+00:00\" \/>\n<meta property=\"og:image\" content=\"http:\/\/tzionlibreria.com\/wp-content\/uploads\/2023\/10\/D_NQ_NP_2X_709848-MLV70540569357_072023-F.webp\" \/>\n\t<meta property=\"og:image:width\" content=\"1050\" \/>\n\t<meta property=\"og:image:height\" content=\"986\" \/>\n\t<meta property=\"og:image:type\" content=\"image\/webp\" \/>\n<meta name=\"twitter:card\" content=\"summary_large_image\" \/>\n<meta name=\"twitter:label1\" content=\"Tiempo de lectura\" \/>\n\t<meta name=\"twitter:data1\" content=\"1 minuto\" \/>\n<script type=\"application\/ld+json\" class=\"yoast-schema-graph\">{\"@context\":\"https:\\\/\\\/schema.org\",\"@graph\":[{\"@type\":\"WebPage\",\"@id\":\"https:\\\/\\\/tzionlibreria.com\\\/index.php\\\/product\\\/adoracion-la-razon-por-la-que-fuimos-creados-a-w-tozer\\\/\",\"url\":\"https:\\\/\\\/tzionlibreria.com\\\/index.php\\\/product\\\/adoracion-la-razon-por-la-que-fuimos-creados-a-w-tozer\\\/\",\"name\":\"Adoraci\u00f3n, La Raz\u00f3n Por La Que Fuimos Creados - A. W. Tozer - tzionlibreria.com\",\"isPartOf\":{\"@id\":\"https:\\\/\\\/tzionlibreria.com\\\/#website\"},\"primaryImageOfPage\":{\"@id\":\"https:\\\/\\\/tzionlibreria.com\\\/index.php\\\/product\\\/adoracion-la-razon-por-la-que-fuimos-creados-a-w-tozer\\\/#primaryimage\"},\"image\":{\"@id\":\"https:\\\/\\\/tzionlibreria.com\\\/index.php\\\/product\\\/adoracion-la-razon-por-la-que-fuimos-creados-a-w-tozer\\\/#primaryimage\"},\"thumbnailUrl\":\"https:\\\/\\\/tzionlibreria.com\\\/wp-content\\\/uploads\\\/2023\\\/10\\\/D_NQ_NP_2X_709848-MLV70540569357_072023-F.webp\",\"datePublished\":\"2023-10-07T14:51:42+00:00\",\"dateModified\":\"2025-06-16T01:56:41+00:00\",\"breadcrumb\":{\"@id\":\"https:\\\/\\\/tzionlibreria.com\\\/index.php\\\/product\\\/adoracion-la-razon-por-la-que-fuimos-creados-a-w-tozer\\\/#breadcrumb\"},\"inLanguage\":\"es-CO\",\"potentialAction\":[{\"@type\":\"ReadAction\",\"target\":[\"https:\\\/\\\/tzionlibreria.com\\\/index.php\\\/product\\\/adoracion-la-razon-por-la-que-fuimos-creados-a-w-tozer\\\/\"]}]},{\"@type\":\"ImageObject\",\"inLanguage\":\"es-CO\",\"@id\":\"https:\\\/\\\/tzionlibreria.com\\\/index.php\\\/product\\\/adoracion-la-razon-por-la-que-fuimos-creados-a-w-tozer\\\/#primaryimage\",\"url\":\"https:\\\/\\\/tzionlibreria.com\\\/wp-content\\\/uploads\\\/2023\\\/10\\\/D_NQ_NP_2X_709848-MLV70540569357_072023-F.webp\",\"contentUrl\":\"https:\\\/\\\/tzionlibreria.com\\\/wp-content\\\/uploads\\\/2023\\\/10\\\/D_NQ_NP_2X_709848-MLV70540569357_072023-F.webp\",\"width\":1050,\"height\":986},{\"@type\":\"BreadcrumbList\",\"@id\":\"https:\\\/\\\/tzionlibreria.com\\\/index.php\\\/product\\\/adoracion-la-razon-por-la-que-fuimos-creados-a-w-tozer\\\/#breadcrumb\",\"itemListElement\":[{\"@type\":\"ListItem\",\"position\":1,\"name\":\"Inicio\",\"item\":\"https:\\\/\\\/tzionlibreria.com\\\/\"},{\"@type\":\"ListItem\",\"position\":2,\"name\":\"Shop\",\"item\":\"https:\\\/\\\/tzionlibreria.com\\\/index.php\\\/shop\\\/\"},{\"@type\":\"ListItem\",\"position\":3,\"name\":\"Adoraci\u00f3n, La Raz\u00f3n Por La Que Fuimos Creados &#8211; A. W. Tozer\"}]},{\"@type\":\"WebSite\",\"@id\":\"https:\\\/\\\/tzionlibreria.com\\\/#website\",\"url\":\"https:\\\/\\\/tzionlibreria.com\\\/\",\"name\":\"tzionlibreria.com\",\"description\":\"Libreria Cristiana Venezuela\",\"publisher\":{\"@id\":\"https:\\\/\\\/tzionlibreria.com\\\/#organization\"},\"potentialAction\":[{\"@type\":\"SearchAction\",\"target\":{\"@type\":\"EntryPoint\",\"urlTemplate\":\"https:\\\/\\\/tzionlibreria.com\\\/?s={search_term_string}\"},\"query-input\":{\"@type\":\"PropertyValueSpecification\",\"valueRequired\":true,\"valueName\":\"search_term_string\"}}],\"inLanguage\":\"es-CO\"},{\"@type\":\"Organization\",\"@id\":\"https:\\\/\\\/tzionlibreria.com\\\/#organization\",\"name\":\"tzionlibreria.com\",\"url\":\"https:\\\/\\\/tzionlibreria.com\\\/\",\"logo\":{\"@type\":\"ImageObject\",\"inLanguage\":\"es-CO\",\"@id\":\"https:\\\/\\\/tzionlibreria.com\\\/#\\\/schema\\\/logo\\\/image\\\/\",\"url\":\"https:\\\/\\\/tzionlibreria.com\\\/wp-content\\\/uploads\\\/2023\\\/10\\\/cropped-Cuadricula-scaled-1.jpg\",\"contentUrl\":\"https:\\\/\\\/tzionlibreria.com\\\/wp-content\\\/uploads\\\/2023\\\/10\\\/cropped-Cuadricula-scaled-1.jpg\",\"width\":2560,\"height\":2560,\"caption\":\"tzionlibreria.com\"},\"image\":{\"@id\":\"https:\\\/\\\/tzionlibreria.com\\\/#\\\/schema\\\/logo\\\/image\\\/\"}}]}<\/script>\n<!-- \/ Yoast SEO plugin. -->","yoast_head_json":{"title":"Adoraci\u00f3n, La Raz\u00f3n Por La Que Fuimos Creados - A. W. Tozer - tzionlibreria.com","robots":{"index":"index","follow":"follow","max-snippet":"max-snippet:-1","max-image-preview":"max-image-preview:large","max-video-preview":"max-video-preview:-1"},"canonical":"https:\/\/tzionlibreria.com\/index.php\/product\/adoracion-la-razon-por-la-que-fuimos-creados-a-w-tozer\/","og_locale":"es_ES","og_type":"article","og_title":"Adoraci\u00f3n, La Raz\u00f3n Por La Que Fuimos Creados - A. W. Tozer - tzionlibreria.com","og_description":"Lo mejor de A. W. Tozer, sobre uno de sus temas favoritos. Adoraci\u00f3n: La raz\u00f3n por la que fuimos creados presenta una colecci\u00f3n de este querido autor sobre este tema importante. La adoraci\u00f3n actual de la iglesia est\u00e1 demacrada; sus pensamientos sobre Dios son demasiado superficiales. Esta es una recopilaci\u00f3n para elevar esos pensamientos una [&hellip;]","og_url":"https:\/\/tzionlibreria.com\/index.php\/product\/adoracion-la-razon-por-la-que-fuimos-creados-a-w-tozer\/","og_site_name":"tzionlibreria.com","article_modified_time":"2025-06-16T01:56:41+00:00","og_image":[{"width":1050,"height":986,"url":"http:\/\/tzionlibreria.com\/wp-content\/uploads\/2023\/10\/D_NQ_NP_2X_709848-MLV70540569357_072023-F.webp","type":"image\/webp"}],"twitter_card":"summary_large_image","twitter_misc":{"Tiempo de lectura":"1 minuto"},"schema":{"@context":"https:\/\/schema.org","@graph":[{"@type":"WebPage","@id":"https:\/\/tzionlibreria.com\/index.php\/product\/adoracion-la-razon-por-la-que-fuimos-creados-a-w-tozer\/","url":"https:\/\/tzionlibreria.com\/index.php\/product\/adoracion-la-razon-por-la-que-fuimos-creados-a-w-tozer\/","name":"Adoraci\u00f3n, La Raz\u00f3n Por La Que Fuimos Creados - A. W. Tozer - tzionlibreria.com","isPartOf":{"@id":"https:\/\/tzionlibreria.com\/#website"},"primaryImageOfPage":{"@id":"https:\/\/tzionlibreria.com\/index.php\/product\/adoracion-la-razon-por-la-que-fuimos-creados-a-w-tozer\/#primaryimage"},"image":{"@id":"https:\/\/tzionlibreria.com\/index.php\/product\/adoracion-la-razon-por-la-que-fuimos-creados-a-w-tozer\/#primaryimage"},"thumbnailUrl":"https:\/\/tzionlibreria.com\/wp-content\/uploads\/2023\/10\/D_NQ_NP_2X_709848-MLV70540569357_072023-F.webp","datePublished":"2023-10-07T14:51:42+00:00","dateModified":"2025-06-16T01:56:41+00:00","breadcrumb":{"@id":"https:\/\/tzionlibreria.com\/index.php\/product\/adoracion-la-razon-por-la-que-fuimos-creados-a-w-tozer\/#breadcrumb"},"inLanguage":"es-CO","potentialAction":[{"@type":"ReadAction","target":["https:\/\/tzionlibreria.com\/index.php\/product\/adoracion-la-razon-por-la-que-fuimos-creados-a-w-tozer\/"]}]},{"@type":"ImageObject","inLanguage":"es-CO","@id":"https:\/\/tzionlibreria.com\/index.php\/product\/adoracion-la-razon-por-la-que-fuimos-creados-a-w-tozer\/#primaryimage","url":"https:\/\/tzionlibreria.com\/wp-content\/uploads\/2023\/10\/D_NQ_NP_2X_709848-MLV70540569357_072023-F.webp","contentUrl":"https:\/\/tzionlibreria.com\/wp-content\/uploads\/2023\/10\/D_NQ_NP_2X_709848-MLV70540569357_072023-F.webp","width":1050,"height":986},{"@type":"BreadcrumbList","@id":"https:\/\/tzionlibreria.com\/index.php\/product\/adoracion-la-razon-por-la-que-fuimos-creados-a-w-tozer\/#breadcrumb","itemListElement":[{"@type":"ListItem","position":1,"name":"Inicio","item":"https:\/\/tzionlibreria.com\/"},{"@type":"ListItem","position":2,"name":"Shop","item":"https:\/\/tzionlibreria.com\/index.php\/shop\/"},{"@type":"ListItem","position":3,"name":"Adoraci\u00f3n, La Raz\u00f3n Por La Que Fuimos Creados &#8211; A. W. Tozer"}]},{"@type":"WebSite","@id":"https:\/\/tzionlibreria.com\/#website","url":"https:\/\/tzionlibreria.com\/","name":"tzionlibreria.com","description":"Libreria Cristiana Venezuela","publisher":{"@id":"https:\/\/tzionlibreria.com\/#organization"},"potentialAction":[{"@type":"SearchAction","target":{"@type":"EntryPoint","urlTemplate":"https:\/\/tzionlibreria.com\/?s={search_term_string}"},"query-input":{"@type":"PropertyValueSpecification","valueRequired":true,"valueName":"search_term_string"}}],"inLanguage":"es-CO"},{"@type":"Organization","@id":"https:\/\/tzionlibreria.com\/#organization","name":"tzionlibreria.com","url":"https:\/\/tzionlibreria.com\/","logo":{"@type":"ImageObject","inLanguage":"es-CO","@id":"https:\/\/tzionlibreria.com\/#\/schema\/logo\/image\/","url":"https:\/\/tzionlibreria.com\/wp-content\/uploads\/2023\/10\/cropped-Cuadricula-scaled-1.jpg","contentUrl":"https:\/\/tzionlibreria.com\/wp-content\/uploads\/2023\/10\/cropped-Cuadricula-scaled-1.jpg","width":2560,"height":2560,"caption":"tzionlibreria.com"},"image":{"@id":"https:\/\/tzionlibreria.com\/#\/schema\/logo\/image\/"}}]}},"jetpack_sharing_enabled":true,"_links":{"self":[{"href":"https:\/\/tzionlibreria.com\/index.php\/wp-json\/wp\/v2\/product\/773","targetHints":{"allow":["GET"]}}],"collection":[{"href":"https:\/\/tzionlibreria.com\/index.php\/wp-json\/wp\/v2\/product"}],"about":[{"href":"https:\/\/tzionlibreria.com\/index.php\/wp-json\/wp\/v2\/types\/product"}],"replies":[{"embeddable":true,"href":"https:\/\/tzionlibreria.com\/index.php\/wp-json\/wp\/v2\/comments?post=773"}],"wp:featuredmedia":[{"embeddable":true,"href":"https:\/\/tzionlibreria.com\/index.php\/wp-json\/wp\/v2\/media\/774"}],"wp:attachment":[{"href":"https:\/\/tzionlibreria.com\/index.php\/wp-json\/wp\/v2\/media?parent=773"}],"wp:term":[{"taxonomy":"product_brand","embeddable":true,"href":"https:\/\/tzionlibreria.com\/index.php\/wp-json\/wp\/v2\/product_brand?post=773"},{"taxonomy":"product_cat","embeddable":true,"href":"https:\/\/tzionlibreria.com\/index.php\/wp-json\/wp\/v2\/product_cat?post=773"},{"taxonomy":"product_tag","embeddable":true,"href":"https:\/\/tzionlibreria.com\/index.php\/wp-json\/wp\/v2\/product_tag?post=773"}],"curies":[{"name":"wp","href":"https:\/\/api.w.org\/{rel}","templated":true}]}}