{"id":789,"date":"2023-10-07T15:01:08","date_gmt":"2023-10-07T15:01:08","guid":{"rendered":"https:\/\/tzionlibreria.com\/?post_type=product&#038;p=789"},"modified":"2025-07-25T17:43:05","modified_gmt":"2025-07-25T17:43:05","slug":"una-revelacion-divina-del-cielo-mary-baxter","status":"publish","type":"product","link":"https:\/\/tzionlibreria.com\/index.php\/product\/una-revelacion-divina-del-cielo-mary-baxter\/","title":{"rendered":"Una Revelaci\u00f3n Divina Del Cielo &#8211; Mary Baxter"},"content":{"rendered":"<p>Despu\u00e9s de treinta noches de experimentar las profundidades del infierno, le fueron mostradas a Mary Baxter algunas regiones del cielo. He aqu\u00ed fascinadores vislumbres de la belleza y del gozo que aguardan a cada creyente en Jesucristo.<\/p>\n<p>Tabla de Contenido:<\/p>\n<p>Prefacio<br \/>\nIntroducci\u00f3n<br \/>\n1. Dentro de las puertas<br \/>\n2. El trono de Dios<br \/>\n3. Antes, ahora, y despu\u00e9s<br \/>\n4. Graneros del cielo<br \/>\n5. Orden en el cielo<br \/>\n6. Lo que les sucede a los ni\u00f1os<br \/>\n7. Adoraci\u00f3n alrededor del trono<br \/>\n8. Seres santos en el cielo<br \/>\n9. Las glorias del ciels<br \/>\n10. Visiones de \u00e1ngeles mientras trabajan<br \/>\n11. La Palabra de Dios<br \/>\n12. Viene un mundo nuevo<br \/>\n13. El regreso de Cristo<br \/>\n14. S\u00faplica final del Se\u00f1or: &#8220;Est\u00e9n preparados&#8221;<br \/>\nAcerca de la autora<\/p>\n<p>&nbsp;<\/p>\n<p>ISBN: 9780883685723<\/p>\n","protected":false},"excerpt":{"rendered":"<p>Despu\u00e9s de treinta noches de experimentar las profundidades del infierno, le fueron mostradas a Mary Baxter algunas regiones del cielo. He aqu\u00ed fascinadores vislumbres de la belleza y del gozo que aguardan a cada creyente en Jesucristo. Tabla de Contenido: Prefacio Introducci\u00f3n 1. Dentro de las puertas 2. El trono de Dios 3. Antes, ahora, [&hellip;]<\/p>\n","protected":false},"featured_media":790,"comment_status":"open","ping_status":"closed","template":"","meta":{"om_disable_all_campaigns":false,"_monsterinsights_skip_tracking":false,"_monsterinsights_sitenote_active":false,"_monsterinsights_sitenote_note":"","_monsterinsights_sitenote_category":0,"site-sidebar-layout":"default","site-content-layout":"","ast-site-content-layout":"default","site-content-style":"default","site-sidebar-style":"default","ast-global-header-display":"","ast-banner-title-visibility":"","ast-main-header-display":"","ast-hfb-above-header-display":"","ast-hfb-below-header-display":"","ast-hfb-mobile-header-display":"","site-post-title":"","ast-breadcrumbs-content":"","ast-featured-img":"","footer-sml-layout":"","ast-disable-related-posts":"","theme-transparent-header-meta":"default","adv-header-id-meta":"","stick-header-meta":"","header-above-stick-meta":"","header-main-stick-meta":"","header-below-stick-meta":"","astra-migrate-meta-layouts":"set","ast-page-background-enabled":"default","ast-page-background-meta":{"desktop":{"background-color":"var(--ast-global-color-4)","background-image":"","background-repeat":"repeat","background-position":"center center","background-size":"auto","background-attachment":"scroll","background-type":"","background-media":"","overlay-type":"","overlay-color":"","overlay-opacity":"","overlay-gradient":""},"tablet":{"background-color":"","background-image":"","background-repeat":"repeat","background-position":"center center","background-size":"auto","background-attachment":"scroll","background-type":"","background-media":"","overlay-type":"","overlay-color":"","overlay-opacity":"","overlay-gradient":""},"mobile":{"background-color":"","background-image":"","background-repeat":"repeat","background-position":"center center","background-size":"auto","background-attachment":"scroll","background-type":"","background-media":"","overlay-type":"","overlay-color":"","overlay-opacity":"","overlay-gradient":""}},"ast-content-background-meta":{"desktop":{"background-color":"var(--ast-global-color-5)","background-image":"","background-repeat":"repeat","background-position":"center center","background-size":"auto","background-attachment":"scroll","background-type":"","background-media":"","overlay-type":"","overlay-color":"","overlay-opacity":"","overlay-gradient":""},"tablet":{"background-color":"var(--ast-global-color-5)","background-image":"","background-repeat":"repeat","background-position":"center center","background-size":"auto","background-attachment":"scroll","background-type":"","background-media":"","overlay-type":"","overlay-color":"","overlay-opacity":"","overlay-gradient":""},"mobile":{"background-color":"var(--ast-global-color-5)","background-image":"","background-repeat":"repeat","background-position":"center center","background-size":"auto","background-attachment":"scroll","background-type":"","background-media":"","overlay-type":"","overlay-color":"","overlay-opacity":"","overlay-gradient":""}}},"product_brand":[],"product_cat":[23,166],"product_tag":[],"class_list":{"0":"post-789","1":"product","2":"type-product","3":"status-publish","4":"has-post-thumbnail","6":"product_cat-libros","7":"product_cat-profecia","8":"desktop-align-left","9":"tablet-align-left","10":"mobile-align-left","12":"first","13":"instock","14":"shipping-taxable","15":"purchasable","16":"product-type-simple"},"yoast_head":"<!-- This site is optimized with the Yoast SEO plugin v27.4 - https:\/\/yoast.com\/product\/yoast-seo-wordpress\/ -->\n<title>Una Revelaci\u00f3n Divina Del Cielo - Mary Baxter - tzionlibreria.com<\/title>\n<meta name=\"robots\" content=\"index, follow, max-snippet:-1, max-image-preview:large, max-video-preview:-1\" \/>\n<link rel=\"canonical\" href=\"https:\/\/tzionlibreria.com\/index.php\/product\/una-revelacion-divina-del-cielo-mary-baxter\/\" \/>\n<meta property=\"og:locale\" content=\"es_ES\" \/>\n<meta property=\"og:type\" content=\"article\" \/>\n<meta property=\"og:title\" content=\"Una Revelaci\u00f3n Divina Del Cielo - Mary Baxter - tzionlibreria.com\" \/>\n<meta property=\"og:description\" content=\"Despu\u00e9s de treinta noches de experimentar las profundidades del infierno, le fueron mostradas a Mary Baxter algunas regiones del cielo. He aqu\u00ed fascinadores vislumbres de la belleza y del gozo que aguardan a cada creyente en Jesucristo. Tabla de Contenido: Prefacio Introducci\u00f3n 1. Dentro de las puertas 2. El trono de Dios 3. Antes, ahora, [&hellip;]\" \/>\n<meta property=\"og:url\" content=\"https:\/\/tzionlibreria.com\/index.php\/product\/una-revelacion-divina-del-cielo-mary-baxter\/\" \/>\n<meta property=\"og:site_name\" content=\"tzionlibreria.com\" \/>\n<meta property=\"article:modified_time\" content=\"2025-07-25T17:43:05+00:00\" \/>\n<meta property=\"og:image\" content=\"http:\/\/tzionlibreria.com\/wp-content\/uploads\/2023\/10\/D_NQ_NP_2X_951973-MLV51652006516_092022-F.webp\" \/>\n\t<meta property=\"og:image:width\" content=\"1073\" \/>\n\t<meta property=\"og:image:height\" content=\"989\" \/>\n\t<meta property=\"og:image:type\" content=\"image\/webp\" \/>\n<meta name=\"twitter:card\" content=\"summary_large_image\" \/>\n<meta name=\"twitter:label1\" content=\"Tiempo de lectura\" \/>\n\t<meta name=\"twitter:data1\" content=\"1 minuto\" \/>\n<script type=\"application\/ld+json\" class=\"yoast-schema-graph\">{\"@context\":\"https:\\\/\\\/schema.org\",\"@graph\":[{\"@type\":\"WebPage\",\"@id\":\"https:\\\/\\\/tzionlibreria.com\\\/index.php\\\/product\\\/una-revelacion-divina-del-cielo-mary-baxter\\\/\",\"url\":\"https:\\\/\\\/tzionlibreria.com\\\/index.php\\\/product\\\/una-revelacion-divina-del-cielo-mary-baxter\\\/\",\"name\":\"Una Revelaci\u00f3n Divina Del Cielo - Mary Baxter - tzionlibreria.com\",\"isPartOf\":{\"@id\":\"https:\\\/\\\/tzionlibreria.com\\\/#website\"},\"primaryImageOfPage\":{\"@id\":\"https:\\\/\\\/tzionlibreria.com\\\/index.php\\\/product\\\/una-revelacion-divina-del-cielo-mary-baxter\\\/#primaryimage\"},\"image\":{\"@id\":\"https:\\\/\\\/tzionlibreria.com\\\/index.php\\\/product\\\/una-revelacion-divina-del-cielo-mary-baxter\\\/#primaryimage\"},\"thumbnailUrl\":\"https:\\\/\\\/tzionlibreria.com\\\/wp-content\\\/uploads\\\/2023\\\/10\\\/D_NQ_NP_2X_951973-MLV51652006516_092022-F.webp\",\"datePublished\":\"2023-10-07T15:01:08+00:00\",\"dateModified\":\"2025-07-25T17:43:05+00:00\",\"breadcrumb\":{\"@id\":\"https:\\\/\\\/tzionlibreria.com\\\/index.php\\\/product\\\/una-revelacion-divina-del-cielo-mary-baxter\\\/#breadcrumb\"},\"inLanguage\":\"es-CO\",\"potentialAction\":[{\"@type\":\"ReadAction\",\"target\":[\"https:\\\/\\\/tzionlibreria.com\\\/index.php\\\/product\\\/una-revelacion-divina-del-cielo-mary-baxter\\\/\"]}]},{\"@type\":\"ImageObject\",\"inLanguage\":\"es-CO\",\"@id\":\"https:\\\/\\\/tzionlibreria.com\\\/index.php\\\/product\\\/una-revelacion-divina-del-cielo-mary-baxter\\\/#primaryimage\",\"url\":\"https:\\\/\\\/tzionlibreria.com\\\/wp-content\\\/uploads\\\/2023\\\/10\\\/D_NQ_NP_2X_951973-MLV51652006516_092022-F.webp\",\"contentUrl\":\"https:\\\/\\\/tzionlibreria.com\\\/wp-content\\\/uploads\\\/2023\\\/10\\\/D_NQ_NP_2X_951973-MLV51652006516_092022-F.webp\",\"width\":1073,\"height\":989},{\"@type\":\"BreadcrumbList\",\"@id\":\"https:\\\/\\\/tzionlibreria.com\\\/index.php\\\/product\\\/una-revelacion-divina-del-cielo-mary-baxter\\\/#breadcrumb\",\"itemListElement\":[{\"@type\":\"ListItem\",\"position\":1,\"name\":\"Inicio\",\"item\":\"https:\\\/\\\/tzionlibreria.com\\\/\"},{\"@type\":\"ListItem\",\"position\":2,\"name\":\"Shop\",\"item\":\"https:\\\/\\\/tzionlibreria.com\\\/index.php\\\/shop\\\/\"},{\"@type\":\"ListItem\",\"position\":3,\"name\":\"Una Revelaci\u00f3n Divina Del Cielo &#8211; Mary Baxter\"}]},{\"@type\":\"WebSite\",\"@id\":\"https:\\\/\\\/tzionlibreria.com\\\/#website\",\"url\":\"https:\\\/\\\/tzionlibreria.com\\\/\",\"name\":\"tzionlibreria.com\",\"description\":\"Libreria Cristiana Venezuela\",\"publisher\":{\"@id\":\"https:\\\/\\\/tzionlibreria.com\\\/#organization\"},\"potentialAction\":[{\"@type\":\"SearchAction\",\"target\":{\"@type\":\"EntryPoint\",\"urlTemplate\":\"https:\\\/\\\/tzionlibreria.com\\\/?s={search_term_string}\"},\"query-input\":{\"@type\":\"PropertyValueSpecification\",\"valueRequired\":true,\"valueName\":\"search_term_string\"}}],\"inLanguage\":\"es-CO\"},{\"@type\":\"Organization\",\"@id\":\"https:\\\/\\\/tzionlibreria.com\\\/#organization\",\"name\":\"tzionlibreria.com\",\"url\":\"https:\\\/\\\/tzionlibreria.com\\\/\",\"logo\":{\"@type\":\"ImageObject\",\"inLanguage\":\"es-CO\",\"@id\":\"https:\\\/\\\/tzionlibreria.com\\\/#\\\/schema\\\/logo\\\/image\\\/\",\"url\":\"https:\\\/\\\/tzionlibreria.com\\\/wp-content\\\/uploads\\\/2023\\\/10\\\/cropped-Cuadricula-scaled-1.jpg\",\"contentUrl\":\"https:\\\/\\\/tzionlibreria.com\\\/wp-content\\\/uploads\\\/2023\\\/10\\\/cropped-Cuadricula-scaled-1.jpg\",\"width\":2560,\"height\":2560,\"caption\":\"tzionlibreria.com\"},\"image\":{\"@id\":\"https:\\\/\\\/tzionlibreria.com\\\/#\\\/schema\\\/logo\\\/image\\\/\"}}]}<\/script>\n<!-- \/ Yoast SEO plugin. -->","yoast_head_json":{"title":"Una Revelaci\u00f3n Divina Del Cielo - Mary Baxter - tzionlibreria.com","robots":{"index":"index","follow":"follow","max-snippet":"max-snippet:-1","max-image-preview":"max-image-preview:large","max-video-preview":"max-video-preview:-1"},"canonical":"https:\/\/tzionlibreria.com\/index.php\/product\/una-revelacion-divina-del-cielo-mary-baxter\/","og_locale":"es_ES","og_type":"article","og_title":"Una Revelaci\u00f3n Divina Del Cielo - Mary Baxter - tzionlibreria.com","og_description":"Despu\u00e9s de treinta noches de experimentar las profundidades del infierno, le fueron mostradas a Mary Baxter algunas regiones del cielo. He aqu\u00ed fascinadores vislumbres de la belleza y del gozo que aguardan a cada creyente en Jesucristo. Tabla de Contenido: Prefacio Introducci\u00f3n 1. Dentro de las puertas 2. El trono de Dios 3. Antes, ahora, [&hellip;]","og_url":"https:\/\/tzionlibreria.com\/index.php\/product\/una-revelacion-divina-del-cielo-mary-baxter\/","og_site_name":"tzionlibreria.com","article_modified_time":"2025-07-25T17:43:05+00:00","og_image":[{"width":1073,"height":989,"url":"http:\/\/tzionlibreria.com\/wp-content\/uploads\/2023\/10\/D_NQ_NP_2X_951973-MLV51652006516_092022-F.webp","type":"image\/webp"}],"twitter_card":"summary_large_image","twitter_misc":{"Tiempo de lectura":"1 minuto"},"schema":{"@context":"https:\/\/schema.org","@graph":[{"@type":"WebPage","@id":"https:\/\/tzionlibreria.com\/index.php\/product\/una-revelacion-divina-del-cielo-mary-baxter\/","url":"https:\/\/tzionlibreria.com\/index.php\/product\/una-revelacion-divina-del-cielo-mary-baxter\/","name":"Una Revelaci\u00f3n Divina Del Cielo - Mary Baxter - tzionlibreria.com","isPartOf":{"@id":"https:\/\/tzionlibreria.com\/#website"},"primaryImageOfPage":{"@id":"https:\/\/tzionlibreria.com\/index.php\/product\/una-revelacion-divina-del-cielo-mary-baxter\/#primaryimage"},"image":{"@id":"https:\/\/tzionlibreria.com\/index.php\/product\/una-revelacion-divina-del-cielo-mary-baxter\/#primaryimage"},"thumbnailUrl":"https:\/\/tzionlibreria.com\/wp-content\/uploads\/2023\/10\/D_NQ_NP_2X_951973-MLV51652006516_092022-F.webp","datePublished":"2023-10-07T15:01:08+00:00","dateModified":"2025-07-25T17:43:05+00:00","breadcrumb":{"@id":"https:\/\/tzionlibreria.com\/index.php\/product\/una-revelacion-divina-del-cielo-mary-baxter\/#breadcrumb"},"inLanguage":"es-CO","potentialAction":[{"@type":"ReadAction","target":["https:\/\/tzionlibreria.com\/index.php\/product\/una-revelacion-divina-del-cielo-mary-baxter\/"]}]},{"@type":"ImageObject","inLanguage":"es-CO","@id":"https:\/\/tzionlibreria.com\/index.php\/product\/una-revelacion-divina-del-cielo-mary-baxter\/#primaryimage","url":"https:\/\/tzionlibreria.com\/wp-content\/uploads\/2023\/10\/D_NQ_NP_2X_951973-MLV51652006516_092022-F.webp","contentUrl":"https:\/\/tzionlibreria.com\/wp-content\/uploads\/2023\/10\/D_NQ_NP_2X_951973-MLV51652006516_092022-F.webp","width":1073,"height":989},{"@type":"BreadcrumbList","@id":"https:\/\/tzionlibreria.com\/index.php\/product\/una-revelacion-divina-del-cielo-mary-baxter\/#breadcrumb","itemListElement":[{"@type":"ListItem","position":1,"name":"Inicio","item":"https:\/\/tzionlibreria.com\/"},{"@type":"ListItem","position":2,"name":"Shop","item":"https:\/\/tzionlibreria.com\/index.php\/shop\/"},{"@type":"ListItem","position":3,"name":"Una Revelaci\u00f3n Divina Del Cielo &#8211; Mary Baxter"}]},{"@type":"WebSite","@id":"https:\/\/tzionlibreria.com\/#website","url":"https:\/\/tzionlibreria.com\/","name":"tzionlibreria.com","description":"Libreria Cristiana Venezuela","publisher":{"@id":"https:\/\/tzionlibreria.com\/#organization"},"potentialAction":[{"@type":"SearchAction","target":{"@type":"EntryPoint","urlTemplate":"https:\/\/tzionlibreria.com\/?s={search_term_string}"},"query-input":{"@type":"PropertyValueSpecification","valueRequired":true,"valueName":"search_term_string"}}],"inLanguage":"es-CO"},{"@type":"Organization","@id":"https:\/\/tzionlibreria.com\/#organization","name":"tzionlibreria.com","url":"https:\/\/tzionlibreria.com\/","logo":{"@type":"ImageObject","inLanguage":"es-CO","@id":"https:\/\/tzionlibreria.com\/#\/schema\/logo\/image\/","url":"https:\/\/tzionlibreria.com\/wp-content\/uploads\/2023\/10\/cropped-Cuadricula-scaled-1.jpg","contentUrl":"https:\/\/tzionlibreria.com\/wp-content\/uploads\/2023\/10\/cropped-Cuadricula-scaled-1.jpg","width":2560,"height":2560,"caption":"tzionlibreria.com"},"image":{"@id":"https:\/\/tzionlibreria.com\/#\/schema\/logo\/image\/"}}]}},"jetpack_sharing_enabled":true,"_links":{"self":[{"href":"https:\/\/tzionlibreria.com\/index.php\/wp-json\/wp\/v2\/product\/789","targetHints":{"allow":["GET"]}}],"collection":[{"href":"https:\/\/tzionlibreria.com\/index.php\/wp-json\/wp\/v2\/product"}],"about":[{"href":"https:\/\/tzionlibreria.com\/index.php\/wp-json\/wp\/v2\/types\/product"}],"replies":[{"embeddable":true,"href":"https:\/\/tzionlibreria.com\/index.php\/wp-json\/wp\/v2\/comments?post=789"}],"wp:featuredmedia":[{"embeddable":true,"href":"https:\/\/tzionlibreria.com\/index.php\/wp-json\/wp\/v2\/media\/790"}],"wp:attachment":[{"href":"https:\/\/tzionlibreria.com\/index.php\/wp-json\/wp\/v2\/media?parent=789"}],"wp:term":[{"taxonomy":"product_brand","embeddable":true,"href":"https:\/\/tzionlibreria.com\/index.php\/wp-json\/wp\/v2\/product_brand?post=789"},{"taxonomy":"product_cat","embeddable":true,"href":"https:\/\/tzionlibreria.com\/index.php\/wp-json\/wp\/v2\/product_cat?post=789"},{"taxonomy":"product_tag","embeddable":true,"href":"https:\/\/tzionlibreria.com\/index.php\/wp-json\/wp\/v2\/product_tag?post=789"}],"curies":[{"name":"wp","href":"https:\/\/api.w.org\/{rel}","templated":true}]}}