{"id":816,"date":"2023-10-07T20:27:13","date_gmt":"2023-10-07T20:27:13","guid":{"rendered":"https:\/\/tzionlibreria.com\/?post_type=product&#038;p=816"},"modified":"2025-06-16T01:58:29","modified_gmt":"2025-06-16T01:58:29","slug":"jesus-en-todo-alfonso-guevara","status":"publish","type":"product","link":"https:\/\/tzionlibreria.com\/index.php\/product\/jesus-en-todo-alfonso-guevara\/","title":{"rendered":"Jes\u00fas En Todo &#8211; Alfonso Guevara"},"content":{"rendered":"<p>\u00bfQu\u00e9 ocurre cuando la vida carece de sentido? \u00bfA qu\u00e9 nos enfrentamos cuando creemos que todo ha terminado? Jes\u00fas en todo es una propuesta para darle al Se\u00f1or Jes\u00fas el lugar que se merece. \u00c9l ha encarnado en todos los \u00e1mbitos de nuestra vida, pero a veces parece que lo dejamos en un rinc\u00f3n o en un estante, por si lo necesitamos en una emergencia. Como bien dice el autor, Jes\u00fas no est\u00e1 escondido en una l\u00e1mpara como si fuera un genio al que podemos manipular. Jes\u00fas no es una mascota que est\u00e1 para entretenernos o hacernos compa\u00f1\u00eda en nuestras vidas.<\/p>\n<p>Este libro destaca la centralidad de Cristo; es decir, su derecho divino a estar en el centro de nuestras vidas y mundos particulares, as\u00ed como el de la iglesia. Tambi\u00e9n, y no menos importante, destaca la supremac\u00eda de Cristo, que es su derecho divino a llevarnos al centro de su mundo y de su dimensi\u00f3n espiritual. A trav\u00e9s de este libro, encontrar\u00e1s a Jes\u00fas en el principio, en la familia, en el matrimonio, en el necesitado, en la enfermedad, en el trabajo, en el centro, en la barca, en la cruz, en el creyente, en la resurrecci\u00f3n, en su segunda venida y en el final. Por lo tanto, estas verdades urgentes y vitales son para todos los que deseamos verdaderamente a Jes\u00fas en todo.<\/p>\n<p>&nbsp;<\/p>\n<p>ISBN: 9780789926517<br \/>\nEditorial: Unilit<br \/>\nCubierta: Tapa R\u00fastica<br \/>\nN\u00famero de p\u00e1ginas: 160<br \/>\nFecha de lanzamiento: 07.09.2022<br \/>\nIdioma: Espa\u00f1ol<\/p>\n","protected":false},"excerpt":{"rendered":"<p>\u00bfQu\u00e9 ocurre cuando la vida carece de sentido? \u00bfA qu\u00e9 nos enfrentamos cuando creemos que todo ha terminado? Jes\u00fas en todo es una propuesta para darle al Se\u00f1or Jes\u00fas el lugar que se merece. \u00c9l ha encarnado en todos los \u00e1mbitos de nuestra vida, pero a veces parece que lo dejamos en un rinc\u00f3n o [&hellip;]<\/p>\n","protected":false},"featured_media":817,"comment_status":"open","ping_status":"closed","template":"","meta":{"om_disable_all_campaigns":false,"_monsterinsights_skip_tracking":false,"_monsterinsights_sitenote_active":false,"_monsterinsights_sitenote_note":"","_monsterinsights_sitenote_category":0,"site-sidebar-layout":"default","site-content-layout":"","ast-site-content-layout":"default","site-content-style":"default","site-sidebar-style":"default","ast-global-header-display":"","ast-banner-title-visibility":"","ast-main-header-display":"","ast-hfb-above-header-display":"","ast-hfb-below-header-display":"","ast-hfb-mobile-header-display":"","site-post-title":"","ast-breadcrumbs-content":"","ast-featured-img":"","footer-sml-layout":"","ast-disable-related-posts":"","theme-transparent-header-meta":"default","adv-header-id-meta":"","stick-header-meta":"","header-above-stick-meta":"","header-main-stick-meta":"","header-below-stick-meta":"","astra-migrate-meta-layouts":"set","ast-page-background-enabled":"default","ast-page-background-meta":{"desktop":{"background-color":"var(--ast-global-color-4)","background-image":"","background-repeat":"repeat","background-position":"center center","background-size":"auto","background-attachment":"scroll","background-type":"","background-media":"","overlay-type":"","overlay-color":"","overlay-opacity":"","overlay-gradient":""},"tablet":{"background-color":"","background-image":"","background-repeat":"repeat","background-position":"center center","background-size":"auto","background-attachment":"scroll","background-type":"","background-media":"","overlay-type":"","overlay-color":"","overlay-opacity":"","overlay-gradient":""},"mobile":{"background-color":"","background-image":"","background-repeat":"repeat","background-position":"center center","background-size":"auto","background-attachment":"scroll","background-type":"","background-media":"","overlay-type":"","overlay-color":"","overlay-opacity":"","overlay-gradient":""}},"ast-content-background-meta":{"desktop":{"background-color":"var(--ast-global-color-5)","background-image":"","background-repeat":"repeat","background-position":"center center","background-size":"auto","background-attachment":"scroll","background-type":"","background-media":"","overlay-type":"","overlay-color":"","overlay-opacity":"","overlay-gradient":""},"tablet":{"background-color":"var(--ast-global-color-5)","background-image":"","background-repeat":"repeat","background-position":"center center","background-size":"auto","background-attachment":"scroll","background-type":"","background-media":"","overlay-type":"","overlay-color":"","overlay-opacity":"","overlay-gradient":""},"mobile":{"background-color":"var(--ast-global-color-5)","background-image":"","background-repeat":"repeat","background-position":"center center","background-size":"auto","background-attachment":"scroll","background-type":"","background-media":"","overlay-type":"","overlay-color":"","overlay-opacity":"","overlay-gradient":""}}},"product_brand":[],"product_cat":[165,174,173,23],"product_tag":[84],"class_list":{"0":"post-816","1":"product","2":"type-product","3":"status-publish","4":"has-post-thumbnail","6":"product_cat-adoracion","7":"product_cat-iglesia","8":"product_cat-jovenes","9":"product_cat-libros","10":"product_tag-alfonso-guevara","11":"desktop-align-left","12":"tablet-align-left","13":"mobile-align-left","15":"first","16":"instock","17":"shipping-taxable","18":"purchasable","19":"product-type-simple"},"yoast_head":"<!-- This site is optimized with the Yoast SEO plugin v27.4 - https:\/\/yoast.com\/product\/yoast-seo-wordpress\/ -->\n<title>Jes\u00fas En Todo - Alfonso Guevara - tzionlibreria.com<\/title>\n<meta name=\"robots\" content=\"index, follow, max-snippet:-1, max-image-preview:large, max-video-preview:-1\" \/>\n<link rel=\"canonical\" href=\"https:\/\/tzionlibreria.com\/index.php\/product\/jesus-en-todo-alfonso-guevara\/\" \/>\n<meta property=\"og:locale\" content=\"es_ES\" \/>\n<meta property=\"og:type\" content=\"article\" \/>\n<meta property=\"og:title\" content=\"Jes\u00fas En Todo - Alfonso Guevara - tzionlibreria.com\" \/>\n<meta property=\"og:description\" content=\"\u00bfQu\u00e9 ocurre cuando la vida carece de sentido? \u00bfA qu\u00e9 nos enfrentamos cuando creemos que todo ha terminado? Jes\u00fas en todo es una propuesta para darle al Se\u00f1or Jes\u00fas el lugar que se merece. \u00c9l ha encarnado en todos los \u00e1mbitos de nuestra vida, pero a veces parece que lo dejamos en un rinc\u00f3n o [&hellip;]\" \/>\n<meta property=\"og:url\" content=\"https:\/\/tzionlibreria.com\/index.php\/product\/jesus-en-todo-alfonso-guevara\/\" \/>\n<meta property=\"og:site_name\" content=\"tzionlibreria.com\" \/>\n<meta property=\"article:modified_time\" content=\"2025-06-16T01:58:29+00:00\" \/>\n<meta property=\"og:image\" content=\"http:\/\/tzionlibreria.com\/wp-content\/uploads\/2023\/10\/D_NQ_NP_2X_797414-MLV70514209952_072023-F.webp\" \/>\n\t<meta property=\"og:image:width\" content=\"1072\" \/>\n\t<meta property=\"og:image:height\" content=\"981\" \/>\n\t<meta property=\"og:image:type\" content=\"image\/webp\" \/>\n<meta name=\"twitter:card\" content=\"summary_large_image\" \/>\n<meta name=\"twitter:label1\" content=\"Tiempo de lectura\" \/>\n\t<meta name=\"twitter:data1\" content=\"2 minutos\" \/>\n<script type=\"application\/ld+json\" class=\"yoast-schema-graph\">{\"@context\":\"https:\\\/\\\/schema.org\",\"@graph\":[{\"@type\":\"WebPage\",\"@id\":\"https:\\\/\\\/tzionlibreria.com\\\/index.php\\\/product\\\/jesus-en-todo-alfonso-guevara\\\/\",\"url\":\"https:\\\/\\\/tzionlibreria.com\\\/index.php\\\/product\\\/jesus-en-todo-alfonso-guevara\\\/\",\"name\":\"Jes\u00fas En Todo - Alfonso Guevara - tzionlibreria.com\",\"isPartOf\":{\"@id\":\"https:\\\/\\\/tzionlibreria.com\\\/#website\"},\"primaryImageOfPage\":{\"@id\":\"https:\\\/\\\/tzionlibreria.com\\\/index.php\\\/product\\\/jesus-en-todo-alfonso-guevara\\\/#primaryimage\"},\"image\":{\"@id\":\"https:\\\/\\\/tzionlibreria.com\\\/index.php\\\/product\\\/jesus-en-todo-alfonso-guevara\\\/#primaryimage\"},\"thumbnailUrl\":\"https:\\\/\\\/tzionlibreria.com\\\/wp-content\\\/uploads\\\/2023\\\/10\\\/D_NQ_NP_2X_797414-MLV70514209952_072023-F.webp\",\"datePublished\":\"2023-10-07T20:27:13+00:00\",\"dateModified\":\"2025-06-16T01:58:29+00:00\",\"breadcrumb\":{\"@id\":\"https:\\\/\\\/tzionlibreria.com\\\/index.php\\\/product\\\/jesus-en-todo-alfonso-guevara\\\/#breadcrumb\"},\"inLanguage\":\"es-CO\",\"potentialAction\":[{\"@type\":\"ReadAction\",\"target\":[\"https:\\\/\\\/tzionlibreria.com\\\/index.php\\\/product\\\/jesus-en-todo-alfonso-guevara\\\/\"]}]},{\"@type\":\"ImageObject\",\"inLanguage\":\"es-CO\",\"@id\":\"https:\\\/\\\/tzionlibreria.com\\\/index.php\\\/product\\\/jesus-en-todo-alfonso-guevara\\\/#primaryimage\",\"url\":\"https:\\\/\\\/tzionlibreria.com\\\/wp-content\\\/uploads\\\/2023\\\/10\\\/D_NQ_NP_2X_797414-MLV70514209952_072023-F.webp\",\"contentUrl\":\"https:\\\/\\\/tzionlibreria.com\\\/wp-content\\\/uploads\\\/2023\\\/10\\\/D_NQ_NP_2X_797414-MLV70514209952_072023-F.webp\",\"width\":1072,\"height\":981},{\"@type\":\"BreadcrumbList\",\"@id\":\"https:\\\/\\\/tzionlibreria.com\\\/index.php\\\/product\\\/jesus-en-todo-alfonso-guevara\\\/#breadcrumb\",\"itemListElement\":[{\"@type\":\"ListItem\",\"position\":1,\"name\":\"Inicio\",\"item\":\"https:\\\/\\\/tzionlibreria.com\\\/\"},{\"@type\":\"ListItem\",\"position\":2,\"name\":\"Shop\",\"item\":\"https:\\\/\\\/tzionlibreria.com\\\/index.php\\\/shop\\\/\"},{\"@type\":\"ListItem\",\"position\":3,\"name\":\"Jes\u00fas En Todo &#8211; Alfonso Guevara\"}]},{\"@type\":\"WebSite\",\"@id\":\"https:\\\/\\\/tzionlibreria.com\\\/#website\",\"url\":\"https:\\\/\\\/tzionlibreria.com\\\/\",\"name\":\"tzionlibreria.com\",\"description\":\"Libreria Cristiana Venezuela\",\"publisher\":{\"@id\":\"https:\\\/\\\/tzionlibreria.com\\\/#organization\"},\"potentialAction\":[{\"@type\":\"SearchAction\",\"target\":{\"@type\":\"EntryPoint\",\"urlTemplate\":\"https:\\\/\\\/tzionlibreria.com\\\/?s={search_term_string}\"},\"query-input\":{\"@type\":\"PropertyValueSpecification\",\"valueRequired\":true,\"valueName\":\"search_term_string\"}}],\"inLanguage\":\"es-CO\"},{\"@type\":\"Organization\",\"@id\":\"https:\\\/\\\/tzionlibreria.com\\\/#organization\",\"name\":\"tzionlibreria.com\",\"url\":\"https:\\\/\\\/tzionlibreria.com\\\/\",\"logo\":{\"@type\":\"ImageObject\",\"inLanguage\":\"es-CO\",\"@id\":\"https:\\\/\\\/tzionlibreria.com\\\/#\\\/schema\\\/logo\\\/image\\\/\",\"url\":\"https:\\\/\\\/tzionlibreria.com\\\/wp-content\\\/uploads\\\/2023\\\/10\\\/cropped-Cuadricula-scaled-1.jpg\",\"contentUrl\":\"https:\\\/\\\/tzionlibreria.com\\\/wp-content\\\/uploads\\\/2023\\\/10\\\/cropped-Cuadricula-scaled-1.jpg\",\"width\":2560,\"height\":2560,\"caption\":\"tzionlibreria.com\"},\"image\":{\"@id\":\"https:\\\/\\\/tzionlibreria.com\\\/#\\\/schema\\\/logo\\\/image\\\/\"}}]}<\/script>\n<!-- \/ Yoast SEO plugin. -->","yoast_head_json":{"title":"Jes\u00fas En Todo - Alfonso Guevara - tzionlibreria.com","robots":{"index":"index","follow":"follow","max-snippet":"max-snippet:-1","max-image-preview":"max-image-preview:large","max-video-preview":"max-video-preview:-1"},"canonical":"https:\/\/tzionlibreria.com\/index.php\/product\/jesus-en-todo-alfonso-guevara\/","og_locale":"es_ES","og_type":"article","og_title":"Jes\u00fas En Todo - Alfonso Guevara - tzionlibreria.com","og_description":"\u00bfQu\u00e9 ocurre cuando la vida carece de sentido? \u00bfA qu\u00e9 nos enfrentamos cuando creemos que todo ha terminado? Jes\u00fas en todo es una propuesta para darle al Se\u00f1or Jes\u00fas el lugar que se merece. \u00c9l ha encarnado en todos los \u00e1mbitos de nuestra vida, pero a veces parece que lo dejamos en un rinc\u00f3n o [&hellip;]","og_url":"https:\/\/tzionlibreria.com\/index.php\/product\/jesus-en-todo-alfonso-guevara\/","og_site_name":"tzionlibreria.com","article_modified_time":"2025-06-16T01:58:29+00:00","og_image":[{"width":1072,"height":981,"url":"http:\/\/tzionlibreria.com\/wp-content\/uploads\/2023\/10\/D_NQ_NP_2X_797414-MLV70514209952_072023-F.webp","type":"image\/webp"}],"twitter_card":"summary_large_image","twitter_misc":{"Tiempo de lectura":"2 minutos"},"schema":{"@context":"https:\/\/schema.org","@graph":[{"@type":"WebPage","@id":"https:\/\/tzionlibreria.com\/index.php\/product\/jesus-en-todo-alfonso-guevara\/","url":"https:\/\/tzionlibreria.com\/index.php\/product\/jesus-en-todo-alfonso-guevara\/","name":"Jes\u00fas En Todo - Alfonso Guevara - tzionlibreria.com","isPartOf":{"@id":"https:\/\/tzionlibreria.com\/#website"},"primaryImageOfPage":{"@id":"https:\/\/tzionlibreria.com\/index.php\/product\/jesus-en-todo-alfonso-guevara\/#primaryimage"},"image":{"@id":"https:\/\/tzionlibreria.com\/index.php\/product\/jesus-en-todo-alfonso-guevara\/#primaryimage"},"thumbnailUrl":"https:\/\/tzionlibreria.com\/wp-content\/uploads\/2023\/10\/D_NQ_NP_2X_797414-MLV70514209952_072023-F.webp","datePublished":"2023-10-07T20:27:13+00:00","dateModified":"2025-06-16T01:58:29+00:00","breadcrumb":{"@id":"https:\/\/tzionlibreria.com\/index.php\/product\/jesus-en-todo-alfonso-guevara\/#breadcrumb"},"inLanguage":"es-CO","potentialAction":[{"@type":"ReadAction","target":["https:\/\/tzionlibreria.com\/index.php\/product\/jesus-en-todo-alfonso-guevara\/"]}]},{"@type":"ImageObject","inLanguage":"es-CO","@id":"https:\/\/tzionlibreria.com\/index.php\/product\/jesus-en-todo-alfonso-guevara\/#primaryimage","url":"https:\/\/tzionlibreria.com\/wp-content\/uploads\/2023\/10\/D_NQ_NP_2X_797414-MLV70514209952_072023-F.webp","contentUrl":"https:\/\/tzionlibreria.com\/wp-content\/uploads\/2023\/10\/D_NQ_NP_2X_797414-MLV70514209952_072023-F.webp","width":1072,"height":981},{"@type":"BreadcrumbList","@id":"https:\/\/tzionlibreria.com\/index.php\/product\/jesus-en-todo-alfonso-guevara\/#breadcrumb","itemListElement":[{"@type":"ListItem","position":1,"name":"Inicio","item":"https:\/\/tzionlibreria.com\/"},{"@type":"ListItem","position":2,"name":"Shop","item":"https:\/\/tzionlibreria.com\/index.php\/shop\/"},{"@type":"ListItem","position":3,"name":"Jes\u00fas En Todo &#8211; Alfonso Guevara"}]},{"@type":"WebSite","@id":"https:\/\/tzionlibreria.com\/#website","url":"https:\/\/tzionlibreria.com\/","name":"tzionlibreria.com","description":"Libreria Cristiana Venezuela","publisher":{"@id":"https:\/\/tzionlibreria.com\/#organization"},"potentialAction":[{"@type":"SearchAction","target":{"@type":"EntryPoint","urlTemplate":"https:\/\/tzionlibreria.com\/?s={search_term_string}"},"query-input":{"@type":"PropertyValueSpecification","valueRequired":true,"valueName":"search_term_string"}}],"inLanguage":"es-CO"},{"@type":"Organization","@id":"https:\/\/tzionlibreria.com\/#organization","name":"tzionlibreria.com","url":"https:\/\/tzionlibreria.com\/","logo":{"@type":"ImageObject","inLanguage":"es-CO","@id":"https:\/\/tzionlibreria.com\/#\/schema\/logo\/image\/","url":"https:\/\/tzionlibreria.com\/wp-content\/uploads\/2023\/10\/cropped-Cuadricula-scaled-1.jpg","contentUrl":"https:\/\/tzionlibreria.com\/wp-content\/uploads\/2023\/10\/cropped-Cuadricula-scaled-1.jpg","width":2560,"height":2560,"caption":"tzionlibreria.com"},"image":{"@id":"https:\/\/tzionlibreria.com\/#\/schema\/logo\/image\/"}}]}},"jetpack_sharing_enabled":true,"_links":{"self":[{"href":"https:\/\/tzionlibreria.com\/index.php\/wp-json\/wp\/v2\/product\/816","targetHints":{"allow":["GET"]}}],"collection":[{"href":"https:\/\/tzionlibreria.com\/index.php\/wp-json\/wp\/v2\/product"}],"about":[{"href":"https:\/\/tzionlibreria.com\/index.php\/wp-json\/wp\/v2\/types\/product"}],"replies":[{"embeddable":true,"href":"https:\/\/tzionlibreria.com\/index.php\/wp-json\/wp\/v2\/comments?post=816"}],"wp:featuredmedia":[{"embeddable":true,"href":"https:\/\/tzionlibreria.com\/index.php\/wp-json\/wp\/v2\/media\/817"}],"wp:attachment":[{"href":"https:\/\/tzionlibreria.com\/index.php\/wp-json\/wp\/v2\/media?parent=816"}],"wp:term":[{"taxonomy":"product_brand","embeddable":true,"href":"https:\/\/tzionlibreria.com\/index.php\/wp-json\/wp\/v2\/product_brand?post=816"},{"taxonomy":"product_cat","embeddable":true,"href":"https:\/\/tzionlibreria.com\/index.php\/wp-json\/wp\/v2\/product_cat?post=816"},{"taxonomy":"product_tag","embeddable":true,"href":"https:\/\/tzionlibreria.com\/index.php\/wp-json\/wp\/v2\/product_tag?post=816"}],"curies":[{"name":"wp","href":"https:\/\/api.w.org\/{rel}","templated":true}]}}