{"id":818,"date":"2023-10-07T20:28:23","date_gmt":"2023-10-07T20:28:23","guid":{"rendered":"https:\/\/tzionlibreria.com\/?post_type=product&#038;p=818"},"modified":"2025-08-16T14:37:44","modified_gmt":"2025-08-16T14:37:44","slug":"las-siete-leyes-del-amor-dave-willis","status":"publish","type":"product","link":"https:\/\/tzionlibreria.com\/index.php\/product\/las-siete-leyes-del-amor-dave-willis\/","title":{"rendered":"Las Siete Leyes Del Amor &#8211; Dave Willis"},"content":{"rendered":"<p>&#8220;Las siete leyes del amor es perspicaz, convincente, inspirador, con fundamentos e inmensamente pr\u00e1ctico. \u00a1Amamos este libro! Todos necesitan leerlo. No se pierda este mensaje poderoso&#8221;.<\/p>\n<p>-DRES. LES Y LESLIE PARROTT,<br \/>\nautores de Salve su matrimonio antes de que comience<\/p>\n<p>PRINCIPIOS B\u00c1SICOS PARA CREAR RELACIONES S\u00d3LIDAS<\/p>\n<p style=\"text-align: left;\">En nuestra cultura acelerada y obsesionada con el \u00e9xito, somos constantemente tentados a perseguir cosas que carecen<br \/>\nde importancia. Hemos sido condicionados a valorar las posesiones sobre las personas, nuestra posici\u00f3n por encima<br \/>\nde las relaciones y a nosotros mismos por encima de Dios. Pero la realidad es la siguiente: Dios cre\u00f3 el amor para que<br \/>\nsea el centro de nuestras vidas.<\/p>\n<p style=\"text-align: left;\">En Las siete leyes del amor, Dave Willis argumenta a favor de un renacimiento del amor y demuestra que a fin de retornar<br \/>\nuna vida de amor no tenemos un modelo mayor que aquel que es amor en s\u00ed mismo.<\/p>\n<p style=\"text-align: left;\">Con el estilo divertido, conmovedor y pr\u00e1ctico de Dave, Las siete leyes del amor lo llevar\u00e1 en un viaje a trav\u00e9s de las idas<br \/>\ny vueltas de las relaciones cotidianas-con su c\u00f3nyuge, sus hijos, sus amigos o sus compa\u00f1eros de trabajo-empleando<br \/>\nejemplos pr\u00e1cticos y aplicables y principios rectores que demuestran c\u00f3mo realmente es una vida basada en el amor.<\/p>\n<p style=\"text-align: left;\">No existe un llamado m\u00e1s alto en la tierra que el de amar y ser amado. Es tiempo de aprender Las siete leyes del amor y<br \/>\npriorizar el amor por sobre todas las dem\u00e1s b\u00fasquedas. Todo lo dem\u00e1s no tiene sentido.<\/p>\n<p>ISBN: 9781629990330<br \/>\nEditorial: Casa Creaci\u00f3n<br \/>\nDimensiones: 139 x 208 x 18 mm<br \/>\nPeso: 0,284kg<br \/>\nIdioma: Espa\u00f1ol<\/p>\n","protected":false},"excerpt":{"rendered":"<p>&#8220;Las siete leyes del amor es perspicaz, convincente, inspirador, con fundamentos e inmensamente pr\u00e1ctico. \u00a1Amamos este libro! Todos necesitan leerlo. No se pierda este mensaje poderoso&#8221;. -DRES. LES Y LESLIE PARROTT, autores de Salve su matrimonio antes de que comience PRINCIPIOS B\u00c1SICOS PARA CREAR RELACIONES S\u00d3LIDAS En nuestra cultura acelerada y obsesionada con el \u00e9xito, [&hellip;]<\/p>\n","protected":false},"featured_media":819,"comment_status":"open","ping_status":"closed","template":"","meta":{"om_disable_all_campaigns":false,"_monsterinsights_skip_tracking":false,"_monsterinsights_sitenote_active":false,"_monsterinsights_sitenote_note":"","_monsterinsights_sitenote_category":0,"site-sidebar-layout":"default","site-content-layout":"","ast-site-content-layout":"default","site-content-style":"default","site-sidebar-style":"default","ast-global-header-display":"","ast-banner-title-visibility":"","ast-main-header-display":"","ast-hfb-above-header-display":"","ast-hfb-below-header-display":"","ast-hfb-mobile-header-display":"","site-post-title":"","ast-breadcrumbs-content":"","ast-featured-img":"","footer-sml-layout":"","ast-disable-related-posts":"","theme-transparent-header-meta":"default","adv-header-id-meta":"","stick-header-meta":"","header-above-stick-meta":"","header-main-stick-meta":"","header-below-stick-meta":"","astra-migrate-meta-layouts":"set","ast-page-background-enabled":"default","ast-page-background-meta":{"desktop":{"background-color":"var(--ast-global-color-4)","background-image":"","background-repeat":"repeat","background-position":"center center","background-size":"auto","background-attachment":"scroll","background-type":"","background-media":"","overlay-type":"","overlay-color":"","overlay-opacity":"","overlay-gradient":""},"tablet":{"background-color":"","background-image":"","background-repeat":"repeat","background-position":"center center","background-size":"auto","background-attachment":"scroll","background-type":"","background-media":"","overlay-type":"","overlay-color":"","overlay-opacity":"","overlay-gradient":""},"mobile":{"background-color":"","background-image":"","background-repeat":"repeat","background-position":"center center","background-size":"auto","background-attachment":"scroll","background-type":"","background-media":"","overlay-type":"","overlay-color":"","overlay-opacity":"","overlay-gradient":""}},"ast-content-background-meta":{"desktop":{"background-color":"var(--ast-global-color-5)","background-image":"","background-repeat":"repeat","background-position":"center center","background-size":"auto","background-attachment":"scroll","background-type":"","background-media":"","overlay-type":"","overlay-color":"","overlay-opacity":"","overlay-gradient":""},"tablet":{"background-color":"var(--ast-global-color-5)","background-image":"","background-repeat":"repeat","background-position":"center center","background-size":"auto","background-attachment":"scroll","background-type":"","background-media":"","overlay-type":"","overlay-color":"","overlay-opacity":"","overlay-gradient":""},"mobile":{"background-color":"var(--ast-global-color-5)","background-image":"","background-repeat":"repeat","background-position":"center center","background-size":"auto","background-attachment":"scroll","background-type":"","background-media":"","overlay-type":"","overlay-color":"","overlay-opacity":"","overlay-gradient":""}}},"product_brand":[],"product_cat":[174,173,23,172],"product_tag":[142,85,150],"class_list":{"0":"post-818","1":"product","2":"type-product","3":"status-publish","4":"has-post-thumbnail","6":"product_cat-iglesia","7":"product_cat-jovenes","8":"product_cat-libros","9":"product_cat-matrimonio-y-relaciones","10":"product_tag-amor","11":"product_tag-dave-willis","12":"product_tag-relaciones","13":"desktop-align-left","14":"tablet-align-left","15":"mobile-align-left","17":"first","18":"instock","19":"shipping-taxable","20":"purchasable","21":"product-type-simple"},"yoast_head":"<!-- This site is optimized with the Yoast SEO plugin v27.4 - https:\/\/yoast.com\/product\/yoast-seo-wordpress\/ -->\n<title>Las Siete Leyes Del Amor - Dave Willis - tzionlibreria.com<\/title>\n<meta name=\"description\" content=\"No existe un llamado m\u00e1s alto en la tierra que el de amar y ser amado. Es tiempo de aprender y priorizar el amor por sobre todas las dem\u00e1s b\u00fasquedas\" \/>\n<meta name=\"robots\" content=\"index, follow, max-snippet:-1, max-image-preview:large, max-video-preview:-1\" \/>\n<link rel=\"canonical\" href=\"https:\/\/tzionlibreria.com\/index.php\/product\/las-siete-leyes-del-amor-dave-willis\/\" \/>\n<meta property=\"og:locale\" content=\"es_ES\" \/>\n<meta property=\"og:type\" content=\"article\" \/>\n<meta property=\"og:title\" content=\"Las Siete Leyes Del Amor - Dave Willis - tzionlibreria.com\" \/>\n<meta property=\"og:description\" content=\"No existe un llamado m\u00e1s alto en la tierra que el de amar y ser amado. Es tiempo de aprender y priorizar el amor por sobre todas las dem\u00e1s b\u00fasquedas\" \/>\n<meta property=\"og:url\" content=\"https:\/\/tzionlibreria.com\/index.php\/product\/las-siete-leyes-del-amor-dave-willis\/\" \/>\n<meta property=\"og:site_name\" content=\"tzionlibreria.com\" \/>\n<meta property=\"article:modified_time\" content=\"2025-08-16T14:37:44+00:00\" \/>\n<meta property=\"og:image\" content=\"http:\/\/tzionlibreria.com\/wp-content\/uploads\/2023\/10\/D_NQ_NP_2X_756197-MLV70514053736_072023-F.webp\" \/>\n\t<meta property=\"og:image:width\" content=\"1081\" \/>\n\t<meta property=\"og:image:height\" content=\"984\" \/>\n\t<meta property=\"og:image:type\" content=\"image\/webp\" \/>\n<meta name=\"twitter:card\" content=\"summary_large_image\" \/>\n<meta name=\"twitter:label1\" content=\"Tiempo de lectura\" \/>\n\t<meta name=\"twitter:data1\" content=\"2 minutos\" \/>\n<script type=\"application\/ld+json\" class=\"yoast-schema-graph\">{\"@context\":\"https:\\\/\\\/schema.org\",\"@graph\":[{\"@type\":\"WebPage\",\"@id\":\"https:\\\/\\\/tzionlibreria.com\\\/index.php\\\/product\\\/las-siete-leyes-del-amor-dave-willis\\\/\",\"url\":\"https:\\\/\\\/tzionlibreria.com\\\/index.php\\\/product\\\/las-siete-leyes-del-amor-dave-willis\\\/\",\"name\":\"Las Siete Leyes Del Amor - Dave Willis - tzionlibreria.com\",\"isPartOf\":{\"@id\":\"https:\\\/\\\/tzionlibreria.com\\\/#website\"},\"primaryImageOfPage\":{\"@id\":\"https:\\\/\\\/tzionlibreria.com\\\/index.php\\\/product\\\/las-siete-leyes-del-amor-dave-willis\\\/#primaryimage\"},\"image\":{\"@id\":\"https:\\\/\\\/tzionlibreria.com\\\/index.php\\\/product\\\/las-siete-leyes-del-amor-dave-willis\\\/#primaryimage\"},\"thumbnailUrl\":\"https:\\\/\\\/tzionlibreria.com\\\/wp-content\\\/uploads\\\/2023\\\/10\\\/D_NQ_NP_2X_756197-MLV70514053736_072023-F.webp\",\"datePublished\":\"2023-10-07T20:28:23+00:00\",\"dateModified\":\"2025-08-16T14:37:44+00:00\",\"description\":\"No existe un llamado m\u00e1s alto en la tierra que el de amar y ser amado. Es tiempo de aprender y priorizar el amor por sobre todas las dem\u00e1s b\u00fasquedas\",\"breadcrumb\":{\"@id\":\"https:\\\/\\\/tzionlibreria.com\\\/index.php\\\/product\\\/las-siete-leyes-del-amor-dave-willis\\\/#breadcrumb\"},\"inLanguage\":\"es-CO\",\"potentialAction\":[{\"@type\":\"ReadAction\",\"target\":[\"https:\\\/\\\/tzionlibreria.com\\\/index.php\\\/product\\\/las-siete-leyes-del-amor-dave-willis\\\/\"]}]},{\"@type\":\"ImageObject\",\"inLanguage\":\"es-CO\",\"@id\":\"https:\\\/\\\/tzionlibreria.com\\\/index.php\\\/product\\\/las-siete-leyes-del-amor-dave-willis\\\/#primaryimage\",\"url\":\"https:\\\/\\\/tzionlibreria.com\\\/wp-content\\\/uploads\\\/2023\\\/10\\\/D_NQ_NP_2X_756197-MLV70514053736_072023-F.webp\",\"contentUrl\":\"https:\\\/\\\/tzionlibreria.com\\\/wp-content\\\/uploads\\\/2023\\\/10\\\/D_NQ_NP_2X_756197-MLV70514053736_072023-F.webp\",\"width\":1081,\"height\":984},{\"@type\":\"BreadcrumbList\",\"@id\":\"https:\\\/\\\/tzionlibreria.com\\\/index.php\\\/product\\\/las-siete-leyes-del-amor-dave-willis\\\/#breadcrumb\",\"itemListElement\":[{\"@type\":\"ListItem\",\"position\":1,\"name\":\"Inicio\",\"item\":\"https:\\\/\\\/tzionlibreria.com\\\/\"},{\"@type\":\"ListItem\",\"position\":2,\"name\":\"Shop\",\"item\":\"https:\\\/\\\/tzionlibreria.com\\\/index.php\\\/shop\\\/\"},{\"@type\":\"ListItem\",\"position\":3,\"name\":\"Las Siete Leyes Del Amor &#8211; Dave Willis\"}]},{\"@type\":\"WebSite\",\"@id\":\"https:\\\/\\\/tzionlibreria.com\\\/#website\",\"url\":\"https:\\\/\\\/tzionlibreria.com\\\/\",\"name\":\"tzionlibreria.com\",\"description\":\"Libreria Cristiana Venezuela\",\"publisher\":{\"@id\":\"https:\\\/\\\/tzionlibreria.com\\\/#organization\"},\"potentialAction\":[{\"@type\":\"SearchAction\",\"target\":{\"@type\":\"EntryPoint\",\"urlTemplate\":\"https:\\\/\\\/tzionlibreria.com\\\/?s={search_term_string}\"},\"query-input\":{\"@type\":\"PropertyValueSpecification\",\"valueRequired\":true,\"valueName\":\"search_term_string\"}}],\"inLanguage\":\"es-CO\"},{\"@type\":\"Organization\",\"@id\":\"https:\\\/\\\/tzionlibreria.com\\\/#organization\",\"name\":\"tzionlibreria.com\",\"url\":\"https:\\\/\\\/tzionlibreria.com\\\/\",\"logo\":{\"@type\":\"ImageObject\",\"inLanguage\":\"es-CO\",\"@id\":\"https:\\\/\\\/tzionlibreria.com\\\/#\\\/schema\\\/logo\\\/image\\\/\",\"url\":\"https:\\\/\\\/tzionlibreria.com\\\/wp-content\\\/uploads\\\/2023\\\/10\\\/cropped-Cuadricula-scaled-1.jpg\",\"contentUrl\":\"https:\\\/\\\/tzionlibreria.com\\\/wp-content\\\/uploads\\\/2023\\\/10\\\/cropped-Cuadricula-scaled-1.jpg\",\"width\":2560,\"height\":2560,\"caption\":\"tzionlibreria.com\"},\"image\":{\"@id\":\"https:\\\/\\\/tzionlibreria.com\\\/#\\\/schema\\\/logo\\\/image\\\/\"}}]}<\/script>\n<!-- \/ Yoast SEO plugin. -->","yoast_head_json":{"title":"Las Siete Leyes Del Amor - Dave Willis - tzionlibreria.com","description":"No existe un llamado m\u00e1s alto en la tierra que el de amar y ser amado. Es tiempo de aprender y priorizar el amor por sobre todas las dem\u00e1s b\u00fasquedas","robots":{"index":"index","follow":"follow","max-snippet":"max-snippet:-1","max-image-preview":"max-image-preview:large","max-video-preview":"max-video-preview:-1"},"canonical":"https:\/\/tzionlibreria.com\/index.php\/product\/las-siete-leyes-del-amor-dave-willis\/","og_locale":"es_ES","og_type":"article","og_title":"Las Siete Leyes Del Amor - Dave Willis - tzionlibreria.com","og_description":"No existe un llamado m\u00e1s alto en la tierra que el de amar y ser amado. Es tiempo de aprender y priorizar el amor por sobre todas las dem\u00e1s b\u00fasquedas","og_url":"https:\/\/tzionlibreria.com\/index.php\/product\/las-siete-leyes-del-amor-dave-willis\/","og_site_name":"tzionlibreria.com","article_modified_time":"2025-08-16T14:37:44+00:00","og_image":[{"width":1081,"height":984,"url":"http:\/\/tzionlibreria.com\/wp-content\/uploads\/2023\/10\/D_NQ_NP_2X_756197-MLV70514053736_072023-F.webp","type":"image\/webp"}],"twitter_card":"summary_large_image","twitter_misc":{"Tiempo de lectura":"2 minutos"},"schema":{"@context":"https:\/\/schema.org","@graph":[{"@type":"WebPage","@id":"https:\/\/tzionlibreria.com\/index.php\/product\/las-siete-leyes-del-amor-dave-willis\/","url":"https:\/\/tzionlibreria.com\/index.php\/product\/las-siete-leyes-del-amor-dave-willis\/","name":"Las Siete Leyes Del Amor - Dave Willis - tzionlibreria.com","isPartOf":{"@id":"https:\/\/tzionlibreria.com\/#website"},"primaryImageOfPage":{"@id":"https:\/\/tzionlibreria.com\/index.php\/product\/las-siete-leyes-del-amor-dave-willis\/#primaryimage"},"image":{"@id":"https:\/\/tzionlibreria.com\/index.php\/product\/las-siete-leyes-del-amor-dave-willis\/#primaryimage"},"thumbnailUrl":"https:\/\/tzionlibreria.com\/wp-content\/uploads\/2023\/10\/D_NQ_NP_2X_756197-MLV70514053736_072023-F.webp","datePublished":"2023-10-07T20:28:23+00:00","dateModified":"2025-08-16T14:37:44+00:00","description":"No existe un llamado m\u00e1s alto en la tierra que el de amar y ser amado. Es tiempo de aprender y priorizar el amor por sobre todas las dem\u00e1s b\u00fasquedas","breadcrumb":{"@id":"https:\/\/tzionlibreria.com\/index.php\/product\/las-siete-leyes-del-amor-dave-willis\/#breadcrumb"},"inLanguage":"es-CO","potentialAction":[{"@type":"ReadAction","target":["https:\/\/tzionlibreria.com\/index.php\/product\/las-siete-leyes-del-amor-dave-willis\/"]}]},{"@type":"ImageObject","inLanguage":"es-CO","@id":"https:\/\/tzionlibreria.com\/index.php\/product\/las-siete-leyes-del-amor-dave-willis\/#primaryimage","url":"https:\/\/tzionlibreria.com\/wp-content\/uploads\/2023\/10\/D_NQ_NP_2X_756197-MLV70514053736_072023-F.webp","contentUrl":"https:\/\/tzionlibreria.com\/wp-content\/uploads\/2023\/10\/D_NQ_NP_2X_756197-MLV70514053736_072023-F.webp","width":1081,"height":984},{"@type":"BreadcrumbList","@id":"https:\/\/tzionlibreria.com\/index.php\/product\/las-siete-leyes-del-amor-dave-willis\/#breadcrumb","itemListElement":[{"@type":"ListItem","position":1,"name":"Inicio","item":"https:\/\/tzionlibreria.com\/"},{"@type":"ListItem","position":2,"name":"Shop","item":"https:\/\/tzionlibreria.com\/index.php\/shop\/"},{"@type":"ListItem","position":3,"name":"Las Siete Leyes Del Amor &#8211; Dave Willis"}]},{"@type":"WebSite","@id":"https:\/\/tzionlibreria.com\/#website","url":"https:\/\/tzionlibreria.com\/","name":"tzionlibreria.com","description":"Libreria Cristiana Venezuela","publisher":{"@id":"https:\/\/tzionlibreria.com\/#organization"},"potentialAction":[{"@type":"SearchAction","target":{"@type":"EntryPoint","urlTemplate":"https:\/\/tzionlibreria.com\/?s={search_term_string}"},"query-input":{"@type":"PropertyValueSpecification","valueRequired":true,"valueName":"search_term_string"}}],"inLanguage":"es-CO"},{"@type":"Organization","@id":"https:\/\/tzionlibreria.com\/#organization","name":"tzionlibreria.com","url":"https:\/\/tzionlibreria.com\/","logo":{"@type":"ImageObject","inLanguage":"es-CO","@id":"https:\/\/tzionlibreria.com\/#\/schema\/logo\/image\/","url":"https:\/\/tzionlibreria.com\/wp-content\/uploads\/2023\/10\/cropped-Cuadricula-scaled-1.jpg","contentUrl":"https:\/\/tzionlibreria.com\/wp-content\/uploads\/2023\/10\/cropped-Cuadricula-scaled-1.jpg","width":2560,"height":2560,"caption":"tzionlibreria.com"},"image":{"@id":"https:\/\/tzionlibreria.com\/#\/schema\/logo\/image\/"}}]}},"jetpack_sharing_enabled":true,"_links":{"self":[{"href":"https:\/\/tzionlibreria.com\/index.php\/wp-json\/wp\/v2\/product\/818","targetHints":{"allow":["GET"]}}],"collection":[{"href":"https:\/\/tzionlibreria.com\/index.php\/wp-json\/wp\/v2\/product"}],"about":[{"href":"https:\/\/tzionlibreria.com\/index.php\/wp-json\/wp\/v2\/types\/product"}],"replies":[{"embeddable":true,"href":"https:\/\/tzionlibreria.com\/index.php\/wp-json\/wp\/v2\/comments?post=818"}],"wp:featuredmedia":[{"embeddable":true,"href":"https:\/\/tzionlibreria.com\/index.php\/wp-json\/wp\/v2\/media\/819"}],"wp:attachment":[{"href":"https:\/\/tzionlibreria.com\/index.php\/wp-json\/wp\/v2\/media?parent=818"}],"wp:term":[{"taxonomy":"product_brand","embeddable":true,"href":"https:\/\/tzionlibreria.com\/index.php\/wp-json\/wp\/v2\/product_brand?post=818"},{"taxonomy":"product_cat","embeddable":true,"href":"https:\/\/tzionlibreria.com\/index.php\/wp-json\/wp\/v2\/product_cat?post=818"},{"taxonomy":"product_tag","embeddable":true,"href":"https:\/\/tzionlibreria.com\/index.php\/wp-json\/wp\/v2\/product_tag?post=818"}],"curies":[{"name":"wp","href":"https:\/\/api.w.org\/{rel}","templated":true}]}}