{"id":825,"date":"2023-10-12T17:21:12","date_gmt":"2023-10-12T17:21:12","guid":{"rendered":"https:\/\/tzionlibreria.com\/?post_type=product&#038;p=825"},"modified":"2025-01-13T11:44:53","modified_gmt":"2025-01-13T11:44:53","slug":"la-biblia-version-israelita-nazarena-vin-tercera-edicion-2023-negro","status":"publish","type":"product","link":"https:\/\/tzionlibreria.com\/index.php\/product\/la-biblia-version-israelita-nazarena-vin-tercera-edicion-2023-negro\/","title":{"rendered":"La Biblia Versi\u00f3n Israelita Nazarena VIN Tercera edici\u00f3n 2023 Negro"},"content":{"rendered":"<div class=\"ast-oembed-container \" style=\"height: 100%;\"><iframe title=\"Biblia Versi\u00f3n Israelita Nazarena (VIN) - Negro\" width=\"500\" height=\"281\" src=\"https:\/\/www.youtube.com\/embed\/iQcq92SmnKs?feature=oembed\" frameborder=\"0\" allow=\"accelerometer; autoplay; clipboard-write; encrypted-media; gyroscope; picture-in-picture; web-share\" referrerpolicy=\"strict-origin-when-cross-origin\" allowfullscreen><\/iframe><\/div>\n<h4>La Biblia en la Versi\u00f3n Israelita Nazarena\u00a0 le recuerda al lector que es un libro escrito por Hebreos para Hebreos.<\/h4>\n<p>&nbsp;<\/p>\n<p>Los lectores de esta obra se dar\u00e1n cuenta de que \u00e9sta es una versi\u00f3n muy particular en el idioma espa\u00f1ol. Se basa principalmente en las obras de eruditos y rabinos de las tres principales ramas de la vida jud\u00eda en Am\u00e9rica. Por qu\u00e9 es diferente esta versi\u00f3n?. Porque la Versi\u00f3n Israelita Nazarena expresa en un grado singular el sabor hebreo esencial de las Escrituras Hebreas originales. En esta edici\u00f3n se han incorporado los siguientes arreglos y mejoras a la anterior, lo que hace de la VIN una actualizaci\u00f3n mejorada de las Sagradas Escrituras con:<\/p>\n<p>*Traducci\u00f3n de vers\u00edculos en conformidad con los manuscritos m\u00e1s antiguos.<\/p>\n<p>*Se a\u00f1adieron pesta\u00f1as con \u00edndice de cada libro en grupos de tres para una b\u00fasqueda m\u00e1s precisa.<\/p>\n<p>*La palabra \u201ccap\u00edtulo\u201d se cambi\u00f3 por el nombre de cada libro en particular para hacer m\u00e1s clara su lectura.<\/p>\n<p>*Se sustituy\u00f3 el sistema m\u00e9trico en favor de las medidas originales.<\/p>\n<p>*Secci\u00f3n de ap\u00e9ndice con informaci\u00f3n m\u00e1s detallada.<\/p>\n<p>* Se a\u00f1adi\u00f3 una concisa \u201cconcordancia tem\u00e1tica\u201d con sus respectivos vers\u00edculos.<\/p>\n<p>*Mapas a color de las tierras b\u00edblicas.<\/p>\n<p>*Se renov\u00f3 el dise\u00f1o y formato para hacerlo m\u00e1s legible.<\/p>\n<p>&nbsp;<\/p>\n<p><strong>Libro Sagrado Para Todos\u00a0<\/strong><\/p>\n<p>-Una Versi\u00f3n actualizada que preserva en espa\u00f1ol el sabor y la fuerza del antiguo texto hebreo.<\/p>\n<p>-Basada en las mejores traducciones antiguas y modernas y en consulta directa con los textos originales.<\/p>\n<p>-Cotejada con el Texto Hebreo Masor\u00e9tico para el Tanakh y con los Textos Griegos y Versiones Arameas para los Escritos Nazarenos.<\/p>\n<p>-En esta segunda edici\u00f3n se han incorporado los siguientes arreglos y mejoras a la edici\u00f3n anterior, lo que hace de la NUEVA VIN una edici\u00f3n muy mejorada de las Sagradas Escrituras:<\/p>\n<p>-Nueva edici\u00f3n 2023<\/p>\n<p>-Incluye plan de lectura trianual, estudios y mapas a todo color<\/p>\n<p>-Transcripci\u00f3n de los nombres hebreos: Practicamente todas las versiones biblicas hasta tiempos recientes han seguido servilmente a la Septuaginta griega y a la vulgada latina en cuanto a la transcripci\u00f3n de los nombres de personajes y lugares y presentan su mensaje en un marco linguistico Greco-Romano.<\/p>\n<p>-La Versi\u00f3n Israelita Nazarena le recuerda al lector que la Biblia es un documento Hebreo, escrita por Hebreos para Hebreos.<\/p>\n<p>-Es apropiado que se comunique su mensaje a los no-hebreos en un lenguaje que ellos entiendan, pero no debe ser al costo de sacrificar su calidad hebrea.<\/p>\n<p>-Hemos restaurado todos los nombres a su forma hebrea original, como Yohan\u00e1n en lugar de Juan, Yahosh\u00faa en vez de Jes\u00fas, etc. para esto hemos seguido el texto de Mateo Hebreo de Shem Tov y la versi\u00f3n hebrea del nuevo testamento.<\/p>\n<p>-El nombre sagrado: Los masoretas, antiguis eruditos hebreos, en su af\u00e1n por salvaguardar la santidad del Nombre sagrado reemplazaron en 134 lugares del propio texto hebreo el Tetragramat\u00f3n YHWH por el t\u00edtulo com\u00fan adonay y en ocho lugares por el t\u00edtulo Elohim.<\/p>\n<p>-En todos esos lugares hemos restaurado el nombre original y lo hemos transcrito como Yahweh.<\/p>\n<p>-Lenguaje Moderno: Hemos querido que esta versi\u00f3n sea accesible al p\u00fablico en un lenguaje que todos entiendan sin necesidad de recurrir al diccionario<\/p>\n<p>&nbsp;<\/p>\n<p><span class=\"a-text-bold\">ISBN : <\/span>9781641314718<\/p>\n<p>Casto dorado con u\u00f1eros<\/p>\n<p>Portada de imitaci\u00f3n piel con zipper<\/p>\n<p>Editorial: CaNdelero de Luz<\/p>\n<div class=\"product_meta\"><\/div>\n","protected":false},"excerpt":{"rendered":"<p>La Biblia en la Versi\u00f3n Israelita Nazarena\u00a0 le recuerda al lector que es un libro escrito por Hebreos para Hebreos. &nbsp; Los lectores de esta obra se dar\u00e1n cuenta de que \u00e9sta es una versi\u00f3n muy particular en el idioma espa\u00f1ol. Se basa principalmente en las obras de eruditos y rabinos de las tres principales [&hellip;]<\/p>\n","protected":false},"featured_media":826,"comment_status":"open","ping_status":"closed","template":"","meta":{"om_disable_all_campaigns":false,"_monsterinsights_skip_tracking":false,"_monsterinsights_sitenote_active":false,"_monsterinsights_sitenote_note":"","_monsterinsights_sitenote_category":0,"site-sidebar-layout":"default","site-content-layout":"","ast-site-content-layout":"default","site-content-style":"default","site-sidebar-style":"default","ast-global-header-display":"","ast-banner-title-visibility":"","ast-main-header-display":"","ast-hfb-above-header-display":"","ast-hfb-below-header-display":"","ast-hfb-mobile-header-display":"","site-post-title":"","ast-breadcrumbs-content":"","ast-featured-img":"","footer-sml-layout":"","ast-disable-related-posts":"","theme-transparent-header-meta":"default","adv-header-id-meta":"","stick-header-meta":"","header-above-stick-meta":"","header-main-stick-meta":"","header-below-stick-meta":"","astra-migrate-meta-layouts":"set","ast-page-background-enabled":"default","ast-page-background-meta":{"desktop":{"background-color":"var(--ast-global-color-4)","background-image":"","background-repeat":"repeat","background-position":"center center","background-size":"auto","background-attachment":"scroll","background-type":"","background-media":"","overlay-type":"","overlay-color":"","overlay-opacity":"","overlay-gradient":""},"tablet":{"background-color":"","background-image":"","background-repeat":"repeat","background-position":"center center","background-size":"auto","background-attachment":"scroll","background-type":"","background-media":"","overlay-type":"","overlay-color":"","overlay-opacity":"","overlay-gradient":""},"mobile":{"background-color":"","background-image":"","background-repeat":"repeat","background-position":"center center","background-size":"auto","background-attachment":"scroll","background-type":"","background-media":"","overlay-type":"","overlay-color":"","overlay-opacity":"","overlay-gradient":""}},"ast-content-background-meta":{"desktop":{"background-color":"var(--ast-global-color-5)","background-image":"","background-repeat":"repeat","background-position":"center center","background-size":"auto","background-attachment":"scroll","background-type":"","background-media":"","overlay-type":"","overlay-color":"","overlay-opacity":"","overlay-gradient":""},"tablet":{"background-color":"var(--ast-global-color-5)","background-image":"","background-repeat":"repeat","background-position":"center center","background-size":"auto","background-attachment":"scroll","background-type":"","background-media":"","overlay-type":"","overlay-color":"","overlay-opacity":"","overlay-gradient":""},"mobile":{"background-color":"var(--ast-global-color-5)","background-image":"","background-repeat":"repeat","background-position":"center center","background-size":"auto","background-attachment":"scroll","background-type":"","background-media":"","overlay-type":"","overlay-color":"","overlay-opacity":"","overlay-gradient":""}}},"product_brand":[],"product_cat":[22,41],"product_tag":[],"class_list":{"0":"post-825","1":"product","2":"type-product","3":"status-publish","4":"has-post-thumbnail","6":"product_cat-biblias","7":"product_cat-raices-hebreas","8":"desktop-align-left","9":"tablet-align-left","10":"mobile-align-left","12":"first","13":"outofstock","14":"shipping-taxable","15":"purchasable","16":"product-type-simple"},"yoast_head":"<!-- This site is optimized with the Yoast SEO plugin v27.4 - https:\/\/yoast.com\/product\/yoast-seo-wordpress\/ -->\n<title>La Biblia Versi\u00f3n Israelita Nazarena VIN Tercera edici\u00f3n 2023 Negro - tzionlibreria.com<\/title>\n<meta name=\"robots\" content=\"index, follow, max-snippet:-1, max-image-preview:large, max-video-preview:-1\" \/>\n<link rel=\"canonical\" href=\"https:\/\/tzionlibreria.com\/index.php\/product\/la-biblia-version-israelita-nazarena-vin-tercera-edicion-2023-negro\/\" \/>\n<meta property=\"og:locale\" content=\"es_ES\" \/>\n<meta property=\"og:type\" content=\"article\" \/>\n<meta property=\"og:title\" content=\"La Biblia Versi\u00f3n Israelita Nazarena VIN Tercera edici\u00f3n 2023 Negro - tzionlibreria.com\" \/>\n<meta property=\"og:description\" content=\"La Biblia en la Versi\u00f3n Israelita Nazarena\u00a0 le recuerda al lector que es un libro escrito por Hebreos para Hebreos. &nbsp; Los lectores de esta obra se dar\u00e1n cuenta de que \u00e9sta es una versi\u00f3n muy particular en el idioma espa\u00f1ol. Se basa principalmente en las obras de eruditos y rabinos de las tres principales [&hellip;]\" \/>\n<meta property=\"og:url\" content=\"https:\/\/tzionlibreria.com\/index.php\/product\/la-biblia-version-israelita-nazarena-vin-tercera-edicion-2023-negro\/\" \/>\n<meta property=\"og:site_name\" content=\"tzionlibreria.com\" \/>\n<meta property=\"article:modified_time\" content=\"2025-01-13T11:44:53+00:00\" \/>\n<meta property=\"og:image\" content=\"http:\/\/tzionlibreria.com\/wp-content\/uploads\/2023\/10\/VIN.jpg\" \/>\n\t<meta property=\"og:image:width\" content=\"1200\" \/>\n\t<meta property=\"og:image:height\" content=\"1200\" \/>\n\t<meta property=\"og:image:type\" content=\"image\/jpeg\" \/>\n<meta name=\"twitter:card\" content=\"summary_large_image\" \/>\n<meta name=\"twitter:label1\" content=\"Tiempo de lectura\" \/>\n\t<meta name=\"twitter:data1\" content=\"3 minutos\" \/>\n<script type=\"application\/ld+json\" class=\"yoast-schema-graph\">{\"@context\":\"https:\\\/\\\/schema.org\",\"@graph\":[{\"@type\":\"WebPage\",\"@id\":\"https:\\\/\\\/tzionlibreria.com\\\/index.php\\\/product\\\/la-biblia-version-israelita-nazarena-vin-tercera-edicion-2023-negro\\\/\",\"url\":\"https:\\\/\\\/tzionlibreria.com\\\/index.php\\\/product\\\/la-biblia-version-israelita-nazarena-vin-tercera-edicion-2023-negro\\\/\",\"name\":\"La Biblia Versi\u00f3n Israelita Nazarena VIN Tercera edici\u00f3n 2023 Negro - tzionlibreria.com\",\"isPartOf\":{\"@id\":\"https:\\\/\\\/tzionlibreria.com\\\/#website\"},\"primaryImageOfPage\":{\"@id\":\"https:\\\/\\\/tzionlibreria.com\\\/index.php\\\/product\\\/la-biblia-version-israelita-nazarena-vin-tercera-edicion-2023-negro\\\/#primaryimage\"},\"image\":{\"@id\":\"https:\\\/\\\/tzionlibreria.com\\\/index.php\\\/product\\\/la-biblia-version-israelita-nazarena-vin-tercera-edicion-2023-negro\\\/#primaryimage\"},\"thumbnailUrl\":\"https:\\\/\\\/tzionlibreria.com\\\/wp-content\\\/uploads\\\/2023\\\/10\\\/VIN.jpg\",\"datePublished\":\"2023-10-12T17:21:12+00:00\",\"dateModified\":\"2025-01-13T11:44:53+00:00\",\"breadcrumb\":{\"@id\":\"https:\\\/\\\/tzionlibreria.com\\\/index.php\\\/product\\\/la-biblia-version-israelita-nazarena-vin-tercera-edicion-2023-negro\\\/#breadcrumb\"},\"inLanguage\":\"es-CO\",\"potentialAction\":[{\"@type\":\"ReadAction\",\"target\":[\"https:\\\/\\\/tzionlibreria.com\\\/index.php\\\/product\\\/la-biblia-version-israelita-nazarena-vin-tercera-edicion-2023-negro\\\/\"]}]},{\"@type\":\"ImageObject\",\"inLanguage\":\"es-CO\",\"@id\":\"https:\\\/\\\/tzionlibreria.com\\\/index.php\\\/product\\\/la-biblia-version-israelita-nazarena-vin-tercera-edicion-2023-negro\\\/#primaryimage\",\"url\":\"https:\\\/\\\/tzionlibreria.com\\\/wp-content\\\/uploads\\\/2023\\\/10\\\/VIN.jpg\",\"contentUrl\":\"https:\\\/\\\/tzionlibreria.com\\\/wp-content\\\/uploads\\\/2023\\\/10\\\/VIN.jpg\",\"width\":1200,\"height\":1200},{\"@type\":\"BreadcrumbList\",\"@id\":\"https:\\\/\\\/tzionlibreria.com\\\/index.php\\\/product\\\/la-biblia-version-israelita-nazarena-vin-tercera-edicion-2023-negro\\\/#breadcrumb\",\"itemListElement\":[{\"@type\":\"ListItem\",\"position\":1,\"name\":\"Inicio\",\"item\":\"https:\\\/\\\/tzionlibreria.com\\\/\"},{\"@type\":\"ListItem\",\"position\":2,\"name\":\"Shop\",\"item\":\"https:\\\/\\\/tzionlibreria.com\\\/index.php\\\/shop\\\/\"},{\"@type\":\"ListItem\",\"position\":3,\"name\":\"La Biblia Versi\u00f3n Israelita Nazarena VIN Tercera edici\u00f3n 2023 Negro\"}]},{\"@type\":\"WebSite\",\"@id\":\"https:\\\/\\\/tzionlibreria.com\\\/#website\",\"url\":\"https:\\\/\\\/tzionlibreria.com\\\/\",\"name\":\"tzionlibreria.com\",\"description\":\"Libreria Cristiana Venezuela\",\"publisher\":{\"@id\":\"https:\\\/\\\/tzionlibreria.com\\\/#organization\"},\"potentialAction\":[{\"@type\":\"SearchAction\",\"target\":{\"@type\":\"EntryPoint\",\"urlTemplate\":\"https:\\\/\\\/tzionlibreria.com\\\/?s={search_term_string}\"},\"query-input\":{\"@type\":\"PropertyValueSpecification\",\"valueRequired\":true,\"valueName\":\"search_term_string\"}}],\"inLanguage\":\"es-CO\"},{\"@type\":\"Organization\",\"@id\":\"https:\\\/\\\/tzionlibreria.com\\\/#organization\",\"name\":\"tzionlibreria.com\",\"url\":\"https:\\\/\\\/tzionlibreria.com\\\/\",\"logo\":{\"@type\":\"ImageObject\",\"inLanguage\":\"es-CO\",\"@id\":\"https:\\\/\\\/tzionlibreria.com\\\/#\\\/schema\\\/logo\\\/image\\\/\",\"url\":\"https:\\\/\\\/tzionlibreria.com\\\/wp-content\\\/uploads\\\/2023\\\/10\\\/cropped-Cuadricula-scaled-1.jpg\",\"contentUrl\":\"https:\\\/\\\/tzionlibreria.com\\\/wp-content\\\/uploads\\\/2023\\\/10\\\/cropped-Cuadricula-scaled-1.jpg\",\"width\":2560,\"height\":2560,\"caption\":\"tzionlibreria.com\"},\"image\":{\"@id\":\"https:\\\/\\\/tzionlibreria.com\\\/#\\\/schema\\\/logo\\\/image\\\/\"}}]}<\/script>\n<!-- \/ Yoast SEO plugin. -->","yoast_head_json":{"title":"La Biblia Versi\u00f3n Israelita Nazarena VIN Tercera edici\u00f3n 2023 Negro - tzionlibreria.com","robots":{"index":"index","follow":"follow","max-snippet":"max-snippet:-1","max-image-preview":"max-image-preview:large","max-video-preview":"max-video-preview:-1"},"canonical":"https:\/\/tzionlibreria.com\/index.php\/product\/la-biblia-version-israelita-nazarena-vin-tercera-edicion-2023-negro\/","og_locale":"es_ES","og_type":"article","og_title":"La Biblia Versi\u00f3n Israelita Nazarena VIN Tercera edici\u00f3n 2023 Negro - tzionlibreria.com","og_description":"La Biblia en la Versi\u00f3n Israelita Nazarena\u00a0 le recuerda al lector que es un libro escrito por Hebreos para Hebreos. &nbsp; Los lectores de esta obra se dar\u00e1n cuenta de que \u00e9sta es una versi\u00f3n muy particular en el idioma espa\u00f1ol. Se basa principalmente en las obras de eruditos y rabinos de las tres principales [&hellip;]","og_url":"https:\/\/tzionlibreria.com\/index.php\/product\/la-biblia-version-israelita-nazarena-vin-tercera-edicion-2023-negro\/","og_site_name":"tzionlibreria.com","article_modified_time":"2025-01-13T11:44:53+00:00","og_image":[{"width":1200,"height":1200,"url":"http:\/\/tzionlibreria.com\/wp-content\/uploads\/2023\/10\/VIN.jpg","type":"image\/jpeg"}],"twitter_card":"summary_large_image","twitter_misc":{"Tiempo de lectura":"3 minutos"},"schema":{"@context":"https:\/\/schema.org","@graph":[{"@type":"WebPage","@id":"https:\/\/tzionlibreria.com\/index.php\/product\/la-biblia-version-israelita-nazarena-vin-tercera-edicion-2023-negro\/","url":"https:\/\/tzionlibreria.com\/index.php\/product\/la-biblia-version-israelita-nazarena-vin-tercera-edicion-2023-negro\/","name":"La Biblia Versi\u00f3n Israelita Nazarena VIN Tercera edici\u00f3n 2023 Negro - tzionlibreria.com","isPartOf":{"@id":"https:\/\/tzionlibreria.com\/#website"},"primaryImageOfPage":{"@id":"https:\/\/tzionlibreria.com\/index.php\/product\/la-biblia-version-israelita-nazarena-vin-tercera-edicion-2023-negro\/#primaryimage"},"image":{"@id":"https:\/\/tzionlibreria.com\/index.php\/product\/la-biblia-version-israelita-nazarena-vin-tercera-edicion-2023-negro\/#primaryimage"},"thumbnailUrl":"https:\/\/tzionlibreria.com\/wp-content\/uploads\/2023\/10\/VIN.jpg","datePublished":"2023-10-12T17:21:12+00:00","dateModified":"2025-01-13T11:44:53+00:00","breadcrumb":{"@id":"https:\/\/tzionlibreria.com\/index.php\/product\/la-biblia-version-israelita-nazarena-vin-tercera-edicion-2023-negro\/#breadcrumb"},"inLanguage":"es-CO","potentialAction":[{"@type":"ReadAction","target":["https:\/\/tzionlibreria.com\/index.php\/product\/la-biblia-version-israelita-nazarena-vin-tercera-edicion-2023-negro\/"]}]},{"@type":"ImageObject","inLanguage":"es-CO","@id":"https:\/\/tzionlibreria.com\/index.php\/product\/la-biblia-version-israelita-nazarena-vin-tercera-edicion-2023-negro\/#primaryimage","url":"https:\/\/tzionlibreria.com\/wp-content\/uploads\/2023\/10\/VIN.jpg","contentUrl":"https:\/\/tzionlibreria.com\/wp-content\/uploads\/2023\/10\/VIN.jpg","width":1200,"height":1200},{"@type":"BreadcrumbList","@id":"https:\/\/tzionlibreria.com\/index.php\/product\/la-biblia-version-israelita-nazarena-vin-tercera-edicion-2023-negro\/#breadcrumb","itemListElement":[{"@type":"ListItem","position":1,"name":"Inicio","item":"https:\/\/tzionlibreria.com\/"},{"@type":"ListItem","position":2,"name":"Shop","item":"https:\/\/tzionlibreria.com\/index.php\/shop\/"},{"@type":"ListItem","position":3,"name":"La Biblia Versi\u00f3n Israelita Nazarena VIN Tercera edici\u00f3n 2023 Negro"}]},{"@type":"WebSite","@id":"https:\/\/tzionlibreria.com\/#website","url":"https:\/\/tzionlibreria.com\/","name":"tzionlibreria.com","description":"Libreria Cristiana Venezuela","publisher":{"@id":"https:\/\/tzionlibreria.com\/#organization"},"potentialAction":[{"@type":"SearchAction","target":{"@type":"EntryPoint","urlTemplate":"https:\/\/tzionlibreria.com\/?s={search_term_string}"},"query-input":{"@type":"PropertyValueSpecification","valueRequired":true,"valueName":"search_term_string"}}],"inLanguage":"es-CO"},{"@type":"Organization","@id":"https:\/\/tzionlibreria.com\/#organization","name":"tzionlibreria.com","url":"https:\/\/tzionlibreria.com\/","logo":{"@type":"ImageObject","inLanguage":"es-CO","@id":"https:\/\/tzionlibreria.com\/#\/schema\/logo\/image\/","url":"https:\/\/tzionlibreria.com\/wp-content\/uploads\/2023\/10\/cropped-Cuadricula-scaled-1.jpg","contentUrl":"https:\/\/tzionlibreria.com\/wp-content\/uploads\/2023\/10\/cropped-Cuadricula-scaled-1.jpg","width":2560,"height":2560,"caption":"tzionlibreria.com"},"image":{"@id":"https:\/\/tzionlibreria.com\/#\/schema\/logo\/image\/"}}]}},"jetpack_sharing_enabled":true,"_links":{"self":[{"href":"https:\/\/tzionlibreria.com\/index.php\/wp-json\/wp\/v2\/product\/825","targetHints":{"allow":["GET"]}}],"collection":[{"href":"https:\/\/tzionlibreria.com\/index.php\/wp-json\/wp\/v2\/product"}],"about":[{"href":"https:\/\/tzionlibreria.com\/index.php\/wp-json\/wp\/v2\/types\/product"}],"replies":[{"embeddable":true,"href":"https:\/\/tzionlibreria.com\/index.php\/wp-json\/wp\/v2\/comments?post=825"}],"wp:featuredmedia":[{"embeddable":true,"href":"https:\/\/tzionlibreria.com\/index.php\/wp-json\/wp\/v2\/media\/826"}],"wp:attachment":[{"href":"https:\/\/tzionlibreria.com\/index.php\/wp-json\/wp\/v2\/media?parent=825"}],"wp:term":[{"taxonomy":"product_brand","embeddable":true,"href":"https:\/\/tzionlibreria.com\/index.php\/wp-json\/wp\/v2\/product_brand?post=825"},{"taxonomy":"product_cat","embeddable":true,"href":"https:\/\/tzionlibreria.com\/index.php\/wp-json\/wp\/v2\/product_cat?post=825"},{"taxonomy":"product_tag","embeddable":true,"href":"https:\/\/tzionlibreria.com\/index.php\/wp-json\/wp\/v2\/product_tag?post=825"}],"curies":[{"name":"wp","href":"https:\/\/api.w.org\/{rel}","templated":true}]}}