{"id":874,"date":"2023-10-17T02:31:34","date_gmt":"2023-10-17T02:31:34","guid":{"rendered":"https:\/\/tzionlibreria.com\/?post_type=product&#038;p=874"},"modified":"2024-11-22T02:50:15","modified_gmt":"2024-11-22T02:50:15","slug":"jesus-a-traves-de-los-ojos-del-medio-oriente-kenneth-bailey","status":"publish","type":"product","link":"https:\/\/tzionlibreria.com\/index.php\/product\/jesus-a-traves-de-los-ojos-del-medio-oriente-kenneth-bailey\/","title":{"rendered":"Jes\u00fas A Trav\u00e9s De Los Ojos Del Medio Oriente &#8211; Kenneth Bailey"},"content":{"rendered":"<p style=\"text-align: center;\"><strong>Jes\u00fas a trav\u00e9s de los ojos del Medio Oriente<\/strong><\/p>\n<p><strong>Estudios culturales de los Evangelios<\/strong><\/p>\n<p>Autor: Kenneth E. Bailey<\/p>\n<p>Iniciando con el nacimiento, Ken Bailey te lleva por un estudio caleidosc\u00f3pico de Jes\u00fas a trav\u00e9s de los cuatro Evangelios. Bailey examina la vida y ministerio de Jes\u00fas poniendo \u00e9nfasis en la oraci\u00f3n al Se\u00f1or, las Bienaventuranzas, la relaci\u00f3n de Jes\u00fas con las mujeres y, muy especialmente, en las par\u00e1bolas de Jes\u00fas.<\/p>\n<p>En todo el libro, Bailey emplea su sello de experiencia como experto en cultura del Medio Oriente para ayudarte a profundizar en la comprensi\u00f3n de la persona e importancia de Jes\u00fas, dentro de su propio contexto cultural. Con mano firme, pero gentil, Bailey remueve las oscuras capas de la interpretaci\u00f3n occidental moderna para dar a conocer a Jes\u00fas a la luz de su entorno hist\u00f3rico y cultural real.<\/p>\n<p>Este novedoso material que nace de la pluma de Ken Bailey es de tenencia obligatoria para todo estudiante del Nuevo Testamento. Si has aprovechado el trabajo de Bailey a trav\u00e9s de los a\u00f1os, esta obra ser\u00e1 un complemento indispensable en tu biblioteca. Si no est\u00e1s familiarizado con su trabajo, este libro te introducir\u00e1 en una antigua, pero totalmente nueva forma de conocer a Jes\u00fas.<\/p>\n<p>&nbsp;<\/p>\n<p><strong>ISBN<\/strong>: 9781602557741<br \/>\n<strong>Dimensiones<\/strong>: 189 x 245 x 35 mm<br \/>\n<strong>Peso<\/strong>: 0,831kg<br \/>\n<strong>Cubierta<\/strong>: Tapa dura<br \/>\n<strong>Idioma<\/strong>: Espa\u00f1ol<\/p>\n","protected":false},"excerpt":{"rendered":"<p>Jes\u00fas a trav\u00e9s de los ojos del Medio Oriente Estudios culturales de los Evangelios Autor: Kenneth E. Bailey Iniciando con el nacimiento, Ken Bailey te lleva por un estudio caleidosc\u00f3pico de Jes\u00fas a trav\u00e9s de los cuatro Evangelios. Bailey examina la vida y ministerio de Jes\u00fas poniendo \u00e9nfasis en la oraci\u00f3n al Se\u00f1or, las Bienaventuranzas, [&hellip;]<\/p>\n","protected":false},"featured_media":875,"comment_status":"open","ping_status":"closed","template":"","meta":{"om_disable_all_campaigns":false,"_monsterinsights_skip_tracking":false,"_monsterinsights_sitenote_active":false,"_monsterinsights_sitenote_note":"","_monsterinsights_sitenote_category":0,"site-sidebar-layout":"default","site-content-layout":"","ast-site-content-layout":"default","site-content-style":"default","site-sidebar-style":"default","ast-global-header-display":"","ast-banner-title-visibility":"","ast-main-header-display":"","ast-hfb-above-header-display":"","ast-hfb-below-header-display":"","ast-hfb-mobile-header-display":"","site-post-title":"","ast-breadcrumbs-content":"","ast-featured-img":"","footer-sml-layout":"","ast-disable-related-posts":"","theme-transparent-header-meta":"default","adv-header-id-meta":"","stick-header-meta":"","header-above-stick-meta":"","header-main-stick-meta":"","header-below-stick-meta":"","astra-migrate-meta-layouts":"set","ast-page-background-enabled":"default","ast-page-background-meta":{"desktop":{"background-color":"var(--ast-global-color-4)","background-image":"","background-repeat":"repeat","background-position":"center center","background-size":"auto","background-attachment":"scroll","background-type":"","background-media":"","overlay-type":"","overlay-color":"","overlay-opacity":"","overlay-gradient":""},"tablet":{"background-color":"","background-image":"","background-repeat":"repeat","background-position":"center center","background-size":"auto","background-attachment":"scroll","background-type":"","background-media":"","overlay-type":"","overlay-color":"","overlay-opacity":"","overlay-gradient":""},"mobile":{"background-color":"","background-image":"","background-repeat":"repeat","background-position":"center center","background-size":"auto","background-attachment":"scroll","background-type":"","background-media":"","overlay-type":"","overlay-color":"","overlay-opacity":"","overlay-gradient":""}},"ast-content-background-meta":{"desktop":{"background-color":"var(--ast-global-color-5)","background-image":"","background-repeat":"repeat","background-position":"center center","background-size":"auto","background-attachment":"scroll","background-type":"","background-media":"","overlay-type":"","overlay-color":"","overlay-opacity":"","overlay-gradient":""},"tablet":{"background-color":"var(--ast-global-color-5)","background-image":"","background-repeat":"repeat","background-position":"center center","background-size":"auto","background-attachment":"scroll","background-type":"","background-media":"","overlay-type":"","overlay-color":"","overlay-opacity":"","overlay-gradient":""},"mobile":{"background-color":"var(--ast-global-color-5)","background-image":"","background-repeat":"repeat","background-position":"center center","background-size":"auto","background-attachment":"scroll","background-type":"","background-media":"","overlay-type":"","overlay-color":"","overlay-opacity":"","overlay-gradient":""}}},"product_brand":[],"product_cat":[23,26],"product_tag":[92],"class_list":{"0":"post-874","1":"product","2":"type-product","3":"status-publish","4":"has-post-thumbnail","6":"product_cat-libros","7":"product_cat-teologia","8":"product_tag-evangelios","9":"desktop-align-left","10":"tablet-align-left","11":"mobile-align-left","13":"first","14":"instock","15":"shipping-taxable","16":"purchasable","17":"product-type-simple"},"yoast_head":"<!-- This site is optimized with the Yoast SEO plugin v27.4 - https:\/\/yoast.com\/product\/yoast-seo-wordpress\/ -->\n<title>Jes\u00fas A Trav\u00e9s De Los Ojos Del Medio Oriente - Kenneth Bailey - tzionlibreria.com<\/title>\n<meta name=\"robots\" content=\"index, follow, max-snippet:-1, max-image-preview:large, max-video-preview:-1\" \/>\n<link rel=\"canonical\" href=\"https:\/\/tzionlibreria.com\/index.php\/product\/jesus-a-traves-de-los-ojos-del-medio-oriente-kenneth-bailey\/\" \/>\n<meta property=\"og:locale\" content=\"es_ES\" \/>\n<meta property=\"og:type\" content=\"article\" \/>\n<meta property=\"og:title\" content=\"Jes\u00fas A Trav\u00e9s De Los Ojos Del Medio Oriente - Kenneth Bailey - tzionlibreria.com\" \/>\n<meta property=\"og:description\" content=\"Jes\u00fas a trav\u00e9s de los ojos del Medio Oriente Estudios culturales de los Evangelios Autor: Kenneth E. Bailey Iniciando con el nacimiento, Ken Bailey te lleva por un estudio caleidosc\u00f3pico de Jes\u00fas a trav\u00e9s de los cuatro Evangelios. Bailey examina la vida y ministerio de Jes\u00fas poniendo \u00e9nfasis en la oraci\u00f3n al Se\u00f1or, las Bienaventuranzas, [&hellip;]\" \/>\n<meta property=\"og:url\" content=\"https:\/\/tzionlibreria.com\/index.php\/product\/jesus-a-traves-de-los-ojos-del-medio-oriente-kenneth-bailey\/\" \/>\n<meta property=\"og:site_name\" content=\"tzionlibreria.com\" \/>\n<meta property=\"article:modified_time\" content=\"2024-11-22T02:50:15+00:00\" \/>\n<meta property=\"og:image\" content=\"http:\/\/tzionlibreria.com\/wp-content\/uploads\/2023\/10\/D_NQ_NP_2X_685418-MLV52800480340_122022-F.jpg\" \/>\n\t<meta property=\"og:image:width\" content=\"1057\" \/>\n\t<meta property=\"og:image:height\" content=\"960\" \/>\n\t<meta property=\"og:image:type\" content=\"image\/jpeg\" \/>\n<meta name=\"twitter:card\" content=\"summary_large_image\" \/>\n<meta name=\"twitter:label1\" content=\"Tiempo de lectura\" \/>\n\t<meta name=\"twitter:data1\" content=\"2 minutos\" \/>\n<script type=\"application\/ld+json\" class=\"yoast-schema-graph\">{\"@context\":\"https:\\\/\\\/schema.org\",\"@graph\":[{\"@type\":\"WebPage\",\"@id\":\"https:\\\/\\\/tzionlibreria.com\\\/index.php\\\/product\\\/jesus-a-traves-de-los-ojos-del-medio-oriente-kenneth-bailey\\\/\",\"url\":\"https:\\\/\\\/tzionlibreria.com\\\/index.php\\\/product\\\/jesus-a-traves-de-los-ojos-del-medio-oriente-kenneth-bailey\\\/\",\"name\":\"Jes\u00fas A Trav\u00e9s De Los Ojos Del Medio Oriente - Kenneth Bailey - tzionlibreria.com\",\"isPartOf\":{\"@id\":\"https:\\\/\\\/tzionlibreria.com\\\/#website\"},\"primaryImageOfPage\":{\"@id\":\"https:\\\/\\\/tzionlibreria.com\\\/index.php\\\/product\\\/jesus-a-traves-de-los-ojos-del-medio-oriente-kenneth-bailey\\\/#primaryimage\"},\"image\":{\"@id\":\"https:\\\/\\\/tzionlibreria.com\\\/index.php\\\/product\\\/jesus-a-traves-de-los-ojos-del-medio-oriente-kenneth-bailey\\\/#primaryimage\"},\"thumbnailUrl\":\"https:\\\/\\\/tzionlibreria.com\\\/wp-content\\\/uploads\\\/2023\\\/10\\\/D_NQ_NP_2X_685418-MLV52800480340_122022-F.jpg\",\"datePublished\":\"2023-10-17T02:31:34+00:00\",\"dateModified\":\"2024-11-22T02:50:15+00:00\",\"breadcrumb\":{\"@id\":\"https:\\\/\\\/tzionlibreria.com\\\/index.php\\\/product\\\/jesus-a-traves-de-los-ojos-del-medio-oriente-kenneth-bailey\\\/#breadcrumb\"},\"inLanguage\":\"es-CO\",\"potentialAction\":[{\"@type\":\"ReadAction\",\"target\":[\"https:\\\/\\\/tzionlibreria.com\\\/index.php\\\/product\\\/jesus-a-traves-de-los-ojos-del-medio-oriente-kenneth-bailey\\\/\"]}]},{\"@type\":\"ImageObject\",\"inLanguage\":\"es-CO\",\"@id\":\"https:\\\/\\\/tzionlibreria.com\\\/index.php\\\/product\\\/jesus-a-traves-de-los-ojos-del-medio-oriente-kenneth-bailey\\\/#primaryimage\",\"url\":\"https:\\\/\\\/tzionlibreria.com\\\/wp-content\\\/uploads\\\/2023\\\/10\\\/D_NQ_NP_2X_685418-MLV52800480340_122022-F.jpg\",\"contentUrl\":\"https:\\\/\\\/tzionlibreria.com\\\/wp-content\\\/uploads\\\/2023\\\/10\\\/D_NQ_NP_2X_685418-MLV52800480340_122022-F.jpg\",\"width\":1057,\"height\":960},{\"@type\":\"BreadcrumbList\",\"@id\":\"https:\\\/\\\/tzionlibreria.com\\\/index.php\\\/product\\\/jesus-a-traves-de-los-ojos-del-medio-oriente-kenneth-bailey\\\/#breadcrumb\",\"itemListElement\":[{\"@type\":\"ListItem\",\"position\":1,\"name\":\"Inicio\",\"item\":\"https:\\\/\\\/tzionlibreria.com\\\/\"},{\"@type\":\"ListItem\",\"position\":2,\"name\":\"Shop\",\"item\":\"https:\\\/\\\/tzionlibreria.com\\\/index.php\\\/shop\\\/\"},{\"@type\":\"ListItem\",\"position\":3,\"name\":\"Jes\u00fas A Trav\u00e9s De Los Ojos Del Medio Oriente &#8211; Kenneth Bailey\"}]},{\"@type\":\"WebSite\",\"@id\":\"https:\\\/\\\/tzionlibreria.com\\\/#website\",\"url\":\"https:\\\/\\\/tzionlibreria.com\\\/\",\"name\":\"tzionlibreria.com\",\"description\":\"Libreria Cristiana Venezuela\",\"publisher\":{\"@id\":\"https:\\\/\\\/tzionlibreria.com\\\/#organization\"},\"potentialAction\":[{\"@type\":\"SearchAction\",\"target\":{\"@type\":\"EntryPoint\",\"urlTemplate\":\"https:\\\/\\\/tzionlibreria.com\\\/?s={search_term_string}\"},\"query-input\":{\"@type\":\"PropertyValueSpecification\",\"valueRequired\":true,\"valueName\":\"search_term_string\"}}],\"inLanguage\":\"es-CO\"},{\"@type\":\"Organization\",\"@id\":\"https:\\\/\\\/tzionlibreria.com\\\/#organization\",\"name\":\"tzionlibreria.com\",\"url\":\"https:\\\/\\\/tzionlibreria.com\\\/\",\"logo\":{\"@type\":\"ImageObject\",\"inLanguage\":\"es-CO\",\"@id\":\"https:\\\/\\\/tzionlibreria.com\\\/#\\\/schema\\\/logo\\\/image\\\/\",\"url\":\"https:\\\/\\\/tzionlibreria.com\\\/wp-content\\\/uploads\\\/2023\\\/10\\\/cropped-Cuadricula-scaled-1.jpg\",\"contentUrl\":\"https:\\\/\\\/tzionlibreria.com\\\/wp-content\\\/uploads\\\/2023\\\/10\\\/cropped-Cuadricula-scaled-1.jpg\",\"width\":2560,\"height\":2560,\"caption\":\"tzionlibreria.com\"},\"image\":{\"@id\":\"https:\\\/\\\/tzionlibreria.com\\\/#\\\/schema\\\/logo\\\/image\\\/\"}}]}<\/script>\n<!-- \/ Yoast SEO plugin. -->","yoast_head_json":{"title":"Jes\u00fas A Trav\u00e9s De Los Ojos Del Medio Oriente - Kenneth Bailey - tzionlibreria.com","robots":{"index":"index","follow":"follow","max-snippet":"max-snippet:-1","max-image-preview":"max-image-preview:large","max-video-preview":"max-video-preview:-1"},"canonical":"https:\/\/tzionlibreria.com\/index.php\/product\/jesus-a-traves-de-los-ojos-del-medio-oriente-kenneth-bailey\/","og_locale":"es_ES","og_type":"article","og_title":"Jes\u00fas A Trav\u00e9s De Los Ojos Del Medio Oriente - Kenneth Bailey - tzionlibreria.com","og_description":"Jes\u00fas a trav\u00e9s de los ojos del Medio Oriente Estudios culturales de los Evangelios Autor: Kenneth E. Bailey Iniciando con el nacimiento, Ken Bailey te lleva por un estudio caleidosc\u00f3pico de Jes\u00fas a trav\u00e9s de los cuatro Evangelios. Bailey examina la vida y ministerio de Jes\u00fas poniendo \u00e9nfasis en la oraci\u00f3n al Se\u00f1or, las Bienaventuranzas, [&hellip;]","og_url":"https:\/\/tzionlibreria.com\/index.php\/product\/jesus-a-traves-de-los-ojos-del-medio-oriente-kenneth-bailey\/","og_site_name":"tzionlibreria.com","article_modified_time":"2024-11-22T02:50:15+00:00","og_image":[{"width":1057,"height":960,"url":"http:\/\/tzionlibreria.com\/wp-content\/uploads\/2023\/10\/D_NQ_NP_2X_685418-MLV52800480340_122022-F.jpg","type":"image\/jpeg"}],"twitter_card":"summary_large_image","twitter_misc":{"Tiempo de lectura":"2 minutos"},"schema":{"@context":"https:\/\/schema.org","@graph":[{"@type":"WebPage","@id":"https:\/\/tzionlibreria.com\/index.php\/product\/jesus-a-traves-de-los-ojos-del-medio-oriente-kenneth-bailey\/","url":"https:\/\/tzionlibreria.com\/index.php\/product\/jesus-a-traves-de-los-ojos-del-medio-oriente-kenneth-bailey\/","name":"Jes\u00fas A Trav\u00e9s De Los Ojos Del Medio Oriente - Kenneth Bailey - tzionlibreria.com","isPartOf":{"@id":"https:\/\/tzionlibreria.com\/#website"},"primaryImageOfPage":{"@id":"https:\/\/tzionlibreria.com\/index.php\/product\/jesus-a-traves-de-los-ojos-del-medio-oriente-kenneth-bailey\/#primaryimage"},"image":{"@id":"https:\/\/tzionlibreria.com\/index.php\/product\/jesus-a-traves-de-los-ojos-del-medio-oriente-kenneth-bailey\/#primaryimage"},"thumbnailUrl":"https:\/\/tzionlibreria.com\/wp-content\/uploads\/2023\/10\/D_NQ_NP_2X_685418-MLV52800480340_122022-F.jpg","datePublished":"2023-10-17T02:31:34+00:00","dateModified":"2024-11-22T02:50:15+00:00","breadcrumb":{"@id":"https:\/\/tzionlibreria.com\/index.php\/product\/jesus-a-traves-de-los-ojos-del-medio-oriente-kenneth-bailey\/#breadcrumb"},"inLanguage":"es-CO","potentialAction":[{"@type":"ReadAction","target":["https:\/\/tzionlibreria.com\/index.php\/product\/jesus-a-traves-de-los-ojos-del-medio-oriente-kenneth-bailey\/"]}]},{"@type":"ImageObject","inLanguage":"es-CO","@id":"https:\/\/tzionlibreria.com\/index.php\/product\/jesus-a-traves-de-los-ojos-del-medio-oriente-kenneth-bailey\/#primaryimage","url":"https:\/\/tzionlibreria.com\/wp-content\/uploads\/2023\/10\/D_NQ_NP_2X_685418-MLV52800480340_122022-F.jpg","contentUrl":"https:\/\/tzionlibreria.com\/wp-content\/uploads\/2023\/10\/D_NQ_NP_2X_685418-MLV52800480340_122022-F.jpg","width":1057,"height":960},{"@type":"BreadcrumbList","@id":"https:\/\/tzionlibreria.com\/index.php\/product\/jesus-a-traves-de-los-ojos-del-medio-oriente-kenneth-bailey\/#breadcrumb","itemListElement":[{"@type":"ListItem","position":1,"name":"Inicio","item":"https:\/\/tzionlibreria.com\/"},{"@type":"ListItem","position":2,"name":"Shop","item":"https:\/\/tzionlibreria.com\/index.php\/shop\/"},{"@type":"ListItem","position":3,"name":"Jes\u00fas A Trav\u00e9s De Los Ojos Del Medio Oriente &#8211; Kenneth Bailey"}]},{"@type":"WebSite","@id":"https:\/\/tzionlibreria.com\/#website","url":"https:\/\/tzionlibreria.com\/","name":"tzionlibreria.com","description":"Libreria Cristiana Venezuela","publisher":{"@id":"https:\/\/tzionlibreria.com\/#organization"},"potentialAction":[{"@type":"SearchAction","target":{"@type":"EntryPoint","urlTemplate":"https:\/\/tzionlibreria.com\/?s={search_term_string}"},"query-input":{"@type":"PropertyValueSpecification","valueRequired":true,"valueName":"search_term_string"}}],"inLanguage":"es-CO"},{"@type":"Organization","@id":"https:\/\/tzionlibreria.com\/#organization","name":"tzionlibreria.com","url":"https:\/\/tzionlibreria.com\/","logo":{"@type":"ImageObject","inLanguage":"es-CO","@id":"https:\/\/tzionlibreria.com\/#\/schema\/logo\/image\/","url":"https:\/\/tzionlibreria.com\/wp-content\/uploads\/2023\/10\/cropped-Cuadricula-scaled-1.jpg","contentUrl":"https:\/\/tzionlibreria.com\/wp-content\/uploads\/2023\/10\/cropped-Cuadricula-scaled-1.jpg","width":2560,"height":2560,"caption":"tzionlibreria.com"},"image":{"@id":"https:\/\/tzionlibreria.com\/#\/schema\/logo\/image\/"}}]}},"jetpack_sharing_enabled":true,"_links":{"self":[{"href":"https:\/\/tzionlibreria.com\/index.php\/wp-json\/wp\/v2\/product\/874","targetHints":{"allow":["GET"]}}],"collection":[{"href":"https:\/\/tzionlibreria.com\/index.php\/wp-json\/wp\/v2\/product"}],"about":[{"href":"https:\/\/tzionlibreria.com\/index.php\/wp-json\/wp\/v2\/types\/product"}],"replies":[{"embeddable":true,"href":"https:\/\/tzionlibreria.com\/index.php\/wp-json\/wp\/v2\/comments?post=874"}],"wp:featuredmedia":[{"embeddable":true,"href":"https:\/\/tzionlibreria.com\/index.php\/wp-json\/wp\/v2\/media\/875"}],"wp:attachment":[{"href":"https:\/\/tzionlibreria.com\/index.php\/wp-json\/wp\/v2\/media?parent=874"}],"wp:term":[{"taxonomy":"product_brand","embeddable":true,"href":"https:\/\/tzionlibreria.com\/index.php\/wp-json\/wp\/v2\/product_brand?post=874"},{"taxonomy":"product_cat","embeddable":true,"href":"https:\/\/tzionlibreria.com\/index.php\/wp-json\/wp\/v2\/product_cat?post=874"},{"taxonomy":"product_tag","embeddable":true,"href":"https:\/\/tzionlibreria.com\/index.php\/wp-json\/wp\/v2\/product_tag?post=874"}],"curies":[{"name":"wp","href":"https:\/\/api.w.org\/{rel}","templated":true}]}}