{"id":882,"date":"2023-10-17T03:43:44","date_gmt":"2023-10-17T03:43:44","guid":{"rendered":"https:\/\/tzionlibreria.com\/?post_type=product&#038;p=882"},"modified":"2025-07-25T17:56:04","modified_gmt":"2025-07-25T17:56:04","slug":"lo-que-dios-permite-y-prohibe-en-la-vida-sexual-matrimonial-david-hormachea","status":"publish","type":"product","link":"https:\/\/tzionlibreria.com\/index.php\/product\/lo-que-dios-permite-y-prohibe-en-la-vida-sexual-matrimonial-david-hormachea\/","title":{"rendered":"Lo Que Dios Permite y Prohibe En La Vida Sexual Matrimonial &#8211; David Hormachea"},"content":{"rendered":"<h4 class=\"product-subtitle\" style=\"text-align: center;\">C\u00f3mo Descubrir Los Tesoros De la Intimidad<\/h4>\n<p>&nbsp;<\/p>\n<p style=\"font-weight: 400;\">Dios dise\u00f1\u00f3 la sexualidad con un prop\u00f3sito y toda persona que no la practique en los l\u00edmites que \u00c9l ha determinado (el matrimonio) debe estar preparado para las consecuencias de su desobediencia. Sin comprender cu\u00e1l es el verdadero prop\u00f3sito de la sexualidad, usted no podr\u00e1 entender las razones que existen detr\u00e1s de los tesoros que ella guarda, los cuales al ser descubiertos nos conducen a la verdadera intimidad. De la misma manera en que Dios se preocup\u00f3 por cada detalle de nuestra salvaci\u00f3n, \u00c9l tambi\u00e9n se preocup\u00f3 por preparar cada detalle de nuestro cuerpo para que disfrutemos del encuentro sexual con nuestro c\u00f3nyuge al m\u00e1ximo y lo hagamos con pasi\u00f3n y dignidad.\u00a0Le animo a guardar como grandes tesoros los principios b\u00edblicos establecidos para disfrutar de la sexualidad matrimonial.<\/p>\n<p style=\"font-weight: 400;\">En este libro usted encontrar\u00e1 elementos esenciales para saber c\u00f3mo tener relaciones sexuales que exalten la dignidad humana, produciendo gran satisfacci\u00f3n y honra al Creador de una de las experiencias humanas m\u00e1s hermosas e \u00edntimas.<\/p>\n<p>&nbsp;<\/p>\n<p><strong>ISBN<\/strong>: 9789588691206<br \/>\n<strong>Editorial<\/strong>: CLC<br \/>\n<strong>Dimensiones<\/strong>: 110 x 170 x 10 mm<br \/>\n<strong>Peso<\/strong>: 0,268kg<br \/>\n<strong>Cubierta<\/strong>: R\u00fastica<br \/>\n<strong>N\u00famero de p\u00e1ginas<\/strong>: 267<br \/>\n<strong>Fecha de lanzamiento<\/strong>: 02.04.2012<br \/>\n<strong>Idioma<\/strong>: Espa\u00f1ol<\/p>\n","protected":false},"excerpt":{"rendered":"<p>C\u00f3mo Descubrir Los Tesoros De la Intimidad &nbsp; Dios dise\u00f1\u00f3 la sexualidad con un prop\u00f3sito y toda persona que no la practique en los l\u00edmites que \u00c9l ha determinado (el matrimonio) debe estar preparado para las consecuencias de su desobediencia. Sin comprender cu\u00e1l es el verdadero prop\u00f3sito de la sexualidad, usted no podr\u00e1 entender las [&hellip;]<\/p>\n","protected":false},"featured_media":884,"comment_status":"open","ping_status":"closed","template":"","meta":{"om_disable_all_campaigns":false,"_monsterinsights_skip_tracking":false,"_monsterinsights_sitenote_active":false,"_monsterinsights_sitenote_note":"","_monsterinsights_sitenote_category":0,"site-sidebar-layout":"default","site-content-layout":"","ast-site-content-layout":"default","site-content-style":"default","site-sidebar-style":"default","ast-global-header-display":"","ast-banner-title-visibility":"","ast-main-header-display":"","ast-hfb-above-header-display":"","ast-hfb-below-header-display":"","ast-hfb-mobile-header-display":"","site-post-title":"","ast-breadcrumbs-content":"","ast-featured-img":"","footer-sml-layout":"","ast-disable-related-posts":"","theme-transparent-header-meta":"default","adv-header-id-meta":"","stick-header-meta":"","header-above-stick-meta":"","header-main-stick-meta":"","header-below-stick-meta":"","astra-migrate-meta-layouts":"set","ast-page-background-enabled":"default","ast-page-background-meta":{"desktop":{"background-color":"var(--ast-global-color-4)","background-image":"","background-repeat":"repeat","background-position":"center center","background-size":"auto","background-attachment":"scroll","background-type":"","background-media":"","overlay-type":"","overlay-color":"","overlay-opacity":"","overlay-gradient":""},"tablet":{"background-color":"","background-image":"","background-repeat":"repeat","background-position":"center center","background-size":"auto","background-attachment":"scroll","background-type":"","background-media":"","overlay-type":"","overlay-color":"","overlay-opacity":"","overlay-gradient":""},"mobile":{"background-color":"","background-image":"","background-repeat":"repeat","background-position":"center center","background-size":"auto","background-attachment":"scroll","background-type":"","background-media":"","overlay-type":"","overlay-color":"","overlay-opacity":"","overlay-gradient":""}},"ast-content-background-meta":{"desktop":{"background-color":"var(--ast-global-color-5)","background-image":"","background-repeat":"repeat","background-position":"center center","background-size":"auto","background-attachment":"scroll","background-type":"","background-media":"","overlay-type":"","overlay-color":"","overlay-opacity":"","overlay-gradient":""},"tablet":{"background-color":"var(--ast-global-color-5)","background-image":"","background-repeat":"repeat","background-position":"center center","background-size":"auto","background-attachment":"scroll","background-type":"","background-media":"","overlay-type":"","overlay-color":"","overlay-opacity":"","overlay-gradient":""},"mobile":{"background-color":"var(--ast-global-color-5)","background-image":"","background-repeat":"repeat","background-position":"center center","background-size":"auto","background-attachment":"scroll","background-type":"","background-media":"","overlay-type":"","overlay-color":"","overlay-opacity":"","overlay-gradient":""}}},"product_brand":[],"product_cat":[23],"product_tag":[94,93],"class_list":{"0":"post-882","1":"product","2":"type-product","3":"status-publish","4":"has-post-thumbnail","6":"product_cat-libros","7":"product_tag-matrimonio","8":"product_tag-sexualidad","9":"desktop-align-left","10":"tablet-align-left","11":"mobile-align-left","13":"first","14":"instock","15":"shipping-taxable","16":"purchasable","17":"product-type-simple"},"yoast_head":"<!-- This site is optimized with the Yoast SEO plugin v27.4 - https:\/\/yoast.com\/product\/yoast-seo-wordpress\/ -->\n<title>Lo Que Dios Permite y Prohibe En La Vida Sexual Matrimonial - David Hormachea - tzionlibreria.com<\/title>\n<meta name=\"robots\" content=\"index, follow, max-snippet:-1, max-image-preview:large, max-video-preview:-1\" \/>\n<link rel=\"canonical\" href=\"https:\/\/tzionlibreria.com\/index.php\/product\/lo-que-dios-permite-y-prohibe-en-la-vida-sexual-matrimonial-david-hormachea\/\" \/>\n<meta property=\"og:locale\" content=\"es_ES\" \/>\n<meta property=\"og:type\" content=\"article\" \/>\n<meta property=\"og:title\" content=\"Lo Que Dios Permite y Prohibe En La Vida Sexual Matrimonial - David Hormachea - tzionlibreria.com\" \/>\n<meta property=\"og:description\" content=\"C\u00f3mo Descubrir Los Tesoros De la Intimidad &nbsp; Dios dise\u00f1\u00f3 la sexualidad con un prop\u00f3sito y toda persona que no la practique en los l\u00edmites que \u00c9l ha determinado (el matrimonio) debe estar preparado para las consecuencias de su desobediencia. Sin comprender cu\u00e1l es el verdadero prop\u00f3sito de la sexualidad, usted no podr\u00e1 entender las [&hellip;]\" \/>\n<meta property=\"og:url\" content=\"https:\/\/tzionlibreria.com\/index.php\/product\/lo-que-dios-permite-y-prohibe-en-la-vida-sexual-matrimonial-david-hormachea\/\" \/>\n<meta property=\"og:site_name\" content=\"tzionlibreria.com\" \/>\n<meta property=\"article:modified_time\" content=\"2025-07-25T17:56:04+00:00\" \/>\n<meta property=\"og:image\" content=\"http:\/\/tzionlibreria.com\/wp-content\/uploads\/2023\/10\/vida-sexual-matrimonial-david.jpg\" \/>\n\t<meta property=\"og:image:width\" content=\"1200\" \/>\n\t<meta property=\"og:image:height\" content=\"1200\" \/>\n\t<meta property=\"og:image:type\" content=\"image\/jpeg\" \/>\n<meta name=\"twitter:card\" content=\"summary_large_image\" \/>\n<meta name=\"twitter:label1\" content=\"Tiempo de lectura\" \/>\n\t<meta name=\"twitter:data1\" content=\"2 minutos\" \/>\n<script type=\"application\/ld+json\" class=\"yoast-schema-graph\">{\"@context\":\"https:\\\/\\\/schema.org\",\"@graph\":[{\"@type\":\"WebPage\",\"@id\":\"https:\\\/\\\/tzionlibreria.com\\\/index.php\\\/product\\\/lo-que-dios-permite-y-prohibe-en-la-vida-sexual-matrimonial-david-hormachea\\\/\",\"url\":\"https:\\\/\\\/tzionlibreria.com\\\/index.php\\\/product\\\/lo-que-dios-permite-y-prohibe-en-la-vida-sexual-matrimonial-david-hormachea\\\/\",\"name\":\"Lo Que Dios Permite y Prohibe En La Vida Sexual Matrimonial - David Hormachea - tzionlibreria.com\",\"isPartOf\":{\"@id\":\"https:\\\/\\\/tzionlibreria.com\\\/#website\"},\"primaryImageOfPage\":{\"@id\":\"https:\\\/\\\/tzionlibreria.com\\\/index.php\\\/product\\\/lo-que-dios-permite-y-prohibe-en-la-vida-sexual-matrimonial-david-hormachea\\\/#primaryimage\"},\"image\":{\"@id\":\"https:\\\/\\\/tzionlibreria.com\\\/index.php\\\/product\\\/lo-que-dios-permite-y-prohibe-en-la-vida-sexual-matrimonial-david-hormachea\\\/#primaryimage\"},\"thumbnailUrl\":\"https:\\\/\\\/tzionlibreria.com\\\/wp-content\\\/uploads\\\/2023\\\/10\\\/vida-sexual-matrimonial-david.jpg\",\"datePublished\":\"2023-10-17T03:43:44+00:00\",\"dateModified\":\"2025-07-25T17:56:04+00:00\",\"breadcrumb\":{\"@id\":\"https:\\\/\\\/tzionlibreria.com\\\/index.php\\\/product\\\/lo-que-dios-permite-y-prohibe-en-la-vida-sexual-matrimonial-david-hormachea\\\/#breadcrumb\"},\"inLanguage\":\"es-CO\",\"potentialAction\":[{\"@type\":\"ReadAction\",\"target\":[\"https:\\\/\\\/tzionlibreria.com\\\/index.php\\\/product\\\/lo-que-dios-permite-y-prohibe-en-la-vida-sexual-matrimonial-david-hormachea\\\/\"]}]},{\"@type\":\"ImageObject\",\"inLanguage\":\"es-CO\",\"@id\":\"https:\\\/\\\/tzionlibreria.com\\\/index.php\\\/product\\\/lo-que-dios-permite-y-prohibe-en-la-vida-sexual-matrimonial-david-hormachea\\\/#primaryimage\",\"url\":\"https:\\\/\\\/tzionlibreria.com\\\/wp-content\\\/uploads\\\/2023\\\/10\\\/vida-sexual-matrimonial-david.jpg\",\"contentUrl\":\"https:\\\/\\\/tzionlibreria.com\\\/wp-content\\\/uploads\\\/2023\\\/10\\\/vida-sexual-matrimonial-david.jpg\",\"width\":1200,\"height\":1200},{\"@type\":\"BreadcrumbList\",\"@id\":\"https:\\\/\\\/tzionlibreria.com\\\/index.php\\\/product\\\/lo-que-dios-permite-y-prohibe-en-la-vida-sexual-matrimonial-david-hormachea\\\/#breadcrumb\",\"itemListElement\":[{\"@type\":\"ListItem\",\"position\":1,\"name\":\"Inicio\",\"item\":\"https:\\\/\\\/tzionlibreria.com\\\/\"},{\"@type\":\"ListItem\",\"position\":2,\"name\":\"Shop\",\"item\":\"https:\\\/\\\/tzionlibreria.com\\\/index.php\\\/shop\\\/\"},{\"@type\":\"ListItem\",\"position\":3,\"name\":\"Lo Que Dios Permite y Prohibe En La Vida Sexual Matrimonial &#8211; David Hormachea\"}]},{\"@type\":\"WebSite\",\"@id\":\"https:\\\/\\\/tzionlibreria.com\\\/#website\",\"url\":\"https:\\\/\\\/tzionlibreria.com\\\/\",\"name\":\"tzionlibreria.com\",\"description\":\"Libreria Cristiana Venezuela\",\"publisher\":{\"@id\":\"https:\\\/\\\/tzionlibreria.com\\\/#organization\"},\"potentialAction\":[{\"@type\":\"SearchAction\",\"target\":{\"@type\":\"EntryPoint\",\"urlTemplate\":\"https:\\\/\\\/tzionlibreria.com\\\/?s={search_term_string}\"},\"query-input\":{\"@type\":\"PropertyValueSpecification\",\"valueRequired\":true,\"valueName\":\"search_term_string\"}}],\"inLanguage\":\"es-CO\"},{\"@type\":\"Organization\",\"@id\":\"https:\\\/\\\/tzionlibreria.com\\\/#organization\",\"name\":\"tzionlibreria.com\",\"url\":\"https:\\\/\\\/tzionlibreria.com\\\/\",\"logo\":{\"@type\":\"ImageObject\",\"inLanguage\":\"es-CO\",\"@id\":\"https:\\\/\\\/tzionlibreria.com\\\/#\\\/schema\\\/logo\\\/image\\\/\",\"url\":\"https:\\\/\\\/tzionlibreria.com\\\/wp-content\\\/uploads\\\/2023\\\/10\\\/cropped-Cuadricula-scaled-1.jpg\",\"contentUrl\":\"https:\\\/\\\/tzionlibreria.com\\\/wp-content\\\/uploads\\\/2023\\\/10\\\/cropped-Cuadricula-scaled-1.jpg\",\"width\":2560,\"height\":2560,\"caption\":\"tzionlibreria.com\"},\"image\":{\"@id\":\"https:\\\/\\\/tzionlibreria.com\\\/#\\\/schema\\\/logo\\\/image\\\/\"}}]}<\/script>\n<!-- \/ Yoast SEO plugin. -->","yoast_head_json":{"title":"Lo Que Dios Permite y Prohibe En La Vida Sexual Matrimonial - David Hormachea - tzionlibreria.com","robots":{"index":"index","follow":"follow","max-snippet":"max-snippet:-1","max-image-preview":"max-image-preview:large","max-video-preview":"max-video-preview:-1"},"canonical":"https:\/\/tzionlibreria.com\/index.php\/product\/lo-que-dios-permite-y-prohibe-en-la-vida-sexual-matrimonial-david-hormachea\/","og_locale":"es_ES","og_type":"article","og_title":"Lo Que Dios Permite y Prohibe En La Vida Sexual Matrimonial - David Hormachea - tzionlibreria.com","og_description":"C\u00f3mo Descubrir Los Tesoros De la Intimidad &nbsp; Dios dise\u00f1\u00f3 la sexualidad con un prop\u00f3sito y toda persona que no la practique en los l\u00edmites que \u00c9l ha determinado (el matrimonio) debe estar preparado para las consecuencias de su desobediencia. Sin comprender cu\u00e1l es el verdadero prop\u00f3sito de la sexualidad, usted no podr\u00e1 entender las [&hellip;]","og_url":"https:\/\/tzionlibreria.com\/index.php\/product\/lo-que-dios-permite-y-prohibe-en-la-vida-sexual-matrimonial-david-hormachea\/","og_site_name":"tzionlibreria.com","article_modified_time":"2025-07-25T17:56:04+00:00","og_image":[{"width":1200,"height":1200,"url":"http:\/\/tzionlibreria.com\/wp-content\/uploads\/2023\/10\/vida-sexual-matrimonial-david.jpg","type":"image\/jpeg"}],"twitter_card":"summary_large_image","twitter_misc":{"Tiempo de lectura":"2 minutos"},"schema":{"@context":"https:\/\/schema.org","@graph":[{"@type":"WebPage","@id":"https:\/\/tzionlibreria.com\/index.php\/product\/lo-que-dios-permite-y-prohibe-en-la-vida-sexual-matrimonial-david-hormachea\/","url":"https:\/\/tzionlibreria.com\/index.php\/product\/lo-que-dios-permite-y-prohibe-en-la-vida-sexual-matrimonial-david-hormachea\/","name":"Lo Que Dios Permite y Prohibe En La Vida Sexual Matrimonial - David Hormachea - tzionlibreria.com","isPartOf":{"@id":"https:\/\/tzionlibreria.com\/#website"},"primaryImageOfPage":{"@id":"https:\/\/tzionlibreria.com\/index.php\/product\/lo-que-dios-permite-y-prohibe-en-la-vida-sexual-matrimonial-david-hormachea\/#primaryimage"},"image":{"@id":"https:\/\/tzionlibreria.com\/index.php\/product\/lo-que-dios-permite-y-prohibe-en-la-vida-sexual-matrimonial-david-hormachea\/#primaryimage"},"thumbnailUrl":"https:\/\/tzionlibreria.com\/wp-content\/uploads\/2023\/10\/vida-sexual-matrimonial-david.jpg","datePublished":"2023-10-17T03:43:44+00:00","dateModified":"2025-07-25T17:56:04+00:00","breadcrumb":{"@id":"https:\/\/tzionlibreria.com\/index.php\/product\/lo-que-dios-permite-y-prohibe-en-la-vida-sexual-matrimonial-david-hormachea\/#breadcrumb"},"inLanguage":"es-CO","potentialAction":[{"@type":"ReadAction","target":["https:\/\/tzionlibreria.com\/index.php\/product\/lo-que-dios-permite-y-prohibe-en-la-vida-sexual-matrimonial-david-hormachea\/"]}]},{"@type":"ImageObject","inLanguage":"es-CO","@id":"https:\/\/tzionlibreria.com\/index.php\/product\/lo-que-dios-permite-y-prohibe-en-la-vida-sexual-matrimonial-david-hormachea\/#primaryimage","url":"https:\/\/tzionlibreria.com\/wp-content\/uploads\/2023\/10\/vida-sexual-matrimonial-david.jpg","contentUrl":"https:\/\/tzionlibreria.com\/wp-content\/uploads\/2023\/10\/vida-sexual-matrimonial-david.jpg","width":1200,"height":1200},{"@type":"BreadcrumbList","@id":"https:\/\/tzionlibreria.com\/index.php\/product\/lo-que-dios-permite-y-prohibe-en-la-vida-sexual-matrimonial-david-hormachea\/#breadcrumb","itemListElement":[{"@type":"ListItem","position":1,"name":"Inicio","item":"https:\/\/tzionlibreria.com\/"},{"@type":"ListItem","position":2,"name":"Shop","item":"https:\/\/tzionlibreria.com\/index.php\/shop\/"},{"@type":"ListItem","position":3,"name":"Lo Que Dios Permite y Prohibe En La Vida Sexual Matrimonial &#8211; David Hormachea"}]},{"@type":"WebSite","@id":"https:\/\/tzionlibreria.com\/#website","url":"https:\/\/tzionlibreria.com\/","name":"tzionlibreria.com","description":"Libreria Cristiana Venezuela","publisher":{"@id":"https:\/\/tzionlibreria.com\/#organization"},"potentialAction":[{"@type":"SearchAction","target":{"@type":"EntryPoint","urlTemplate":"https:\/\/tzionlibreria.com\/?s={search_term_string}"},"query-input":{"@type":"PropertyValueSpecification","valueRequired":true,"valueName":"search_term_string"}}],"inLanguage":"es-CO"},{"@type":"Organization","@id":"https:\/\/tzionlibreria.com\/#organization","name":"tzionlibreria.com","url":"https:\/\/tzionlibreria.com\/","logo":{"@type":"ImageObject","inLanguage":"es-CO","@id":"https:\/\/tzionlibreria.com\/#\/schema\/logo\/image\/","url":"https:\/\/tzionlibreria.com\/wp-content\/uploads\/2023\/10\/cropped-Cuadricula-scaled-1.jpg","contentUrl":"https:\/\/tzionlibreria.com\/wp-content\/uploads\/2023\/10\/cropped-Cuadricula-scaled-1.jpg","width":2560,"height":2560,"caption":"tzionlibreria.com"},"image":{"@id":"https:\/\/tzionlibreria.com\/#\/schema\/logo\/image\/"}}]}},"jetpack_sharing_enabled":true,"_links":{"self":[{"href":"https:\/\/tzionlibreria.com\/index.php\/wp-json\/wp\/v2\/product\/882","targetHints":{"allow":["GET"]}}],"collection":[{"href":"https:\/\/tzionlibreria.com\/index.php\/wp-json\/wp\/v2\/product"}],"about":[{"href":"https:\/\/tzionlibreria.com\/index.php\/wp-json\/wp\/v2\/types\/product"}],"replies":[{"embeddable":true,"href":"https:\/\/tzionlibreria.com\/index.php\/wp-json\/wp\/v2\/comments?post=882"}],"wp:featuredmedia":[{"embeddable":true,"href":"https:\/\/tzionlibreria.com\/index.php\/wp-json\/wp\/v2\/media\/884"}],"wp:attachment":[{"href":"https:\/\/tzionlibreria.com\/index.php\/wp-json\/wp\/v2\/media?parent=882"}],"wp:term":[{"taxonomy":"product_brand","embeddable":true,"href":"https:\/\/tzionlibreria.com\/index.php\/wp-json\/wp\/v2\/product_brand?post=882"},{"taxonomy":"product_cat","embeddable":true,"href":"https:\/\/tzionlibreria.com\/index.php\/wp-json\/wp\/v2\/product_cat?post=882"},{"taxonomy":"product_tag","embeddable":true,"href":"https:\/\/tzionlibreria.com\/index.php\/wp-json\/wp\/v2\/product_tag?post=882"}],"curies":[{"name":"wp","href":"https:\/\/api.w.org\/{rel}","templated":true}]}}