{"id":893,"date":"2023-10-23T22:53:45","date_gmt":"2023-10-23T22:53:45","guid":{"rendered":"https:\/\/tzionlibreria.com\/?post_type=product&#038;p=893"},"modified":"2024-07-18T13:52:40","modified_gmt":"2024-07-18T13:52:40","slug":"biblia-para-la-predicacion-letra-grande-con-indice-reina-valera-1960-fucsia","status":"publish","type":"product","link":"https:\/\/tzionlibreria.com\/index.php\/product\/biblia-para-la-predicacion-letra-grande-con-indice-reina-valera-1960-fucsia\/","title":{"rendered":"Biblia para la Predicaci\u00f3n &#8211; letra grande- con \u00edndice &#8211; Reina Valera 1960 &#8211;  Fucsia"},"content":{"rendered":"<div class=\"product attribute overview\">\n<div class=\"value desplegarDesc\">\n<p>Esta Biblia usa el texto de la versi\u00f3n Reina Valera 1960. La misma es conocida por su claridad para la lectura publica o privada, memorizaci\u00f3n, predicaci\u00f3n y ense\u00f1anza. Este texto es fiel a los originales en Hebreo y Griego, de los cuales fue directamente traducida.-Cada libro b\u00edblico comienza con una breve rese\u00f1a y estructura de su contenido y presenta un recuadro con temas sugeridos para la predicaci\u00f3n; destacando los temas principales para la predicaci\u00f3n en cada libro.<\/p>\n<p>-Contiene art\u00edculos sobre la predicaci\u00f3n b\u00edblica, colocados en el Antiguo Testamento y Nuevo Testamento.<\/p>\n<p>-El Manual de homil\u00e9tica b\u00e1sica incluido constituye una herramienta valiosa para todo aquel que quiere profundizar en el arte de la preparaci\u00f3n de sermones, con numerosos temas clave y ejercicios tales como: Predicaci\u00f3n y homil\u00e9tica.<\/p>\n<p>-El estudio del texto b\u00edblico: explicaci\u00f3n y contextualizaci\u00f3n.<\/p>\n<p>-La interpretaci\u00f3n del texto b\u00edblico.<\/p>\n<p>-Los rudimentos de la predicaci\u00f3n.<\/p>\n<p>-Consejos para la redacci\u00f3n del serm\u00f3n.<\/p>\n<p>-Los cuatros tipos b\u00e1sicos de serm\u00f3n.<\/p>\n<p>-Preguntas para evaluar el contenido del serm\u00f3n.<\/p>\n<p>-C\u00f3mo planificar la predicaci\u00f3n.<\/p>\n<p>Modelos de sermones, \u00fatiles para 120 textos b\u00edblicos esenciales.<\/p>\n<p>M\u00e1s de 1500 recuadros con bosquejos de sermones, ubicados al lado del texto.<\/p>\n<p>Ejemplos de bosquejos de sermones homil\u00e9ticos, tales como: expositivo narrativo, tem\u00e1tico-doctrinal, de ocasiones especiales, y otros.<\/p>\n<p>&nbsp;<\/p>\n<\/div>\n<\/div>\n<div class=\"content-custom-attributes\">\n<p class=\"metadata-products-isbn\"><b>ISBN:<\/b>\u00a0\u00a07899938408780<\/p>\n<p><b>Versi\u00f3n texto b\u00edblico:<\/b> Reina Valera 1960<\/p>\n<p><b>Subcategor\u00eda:<\/b> Biblia de Estudio<\/p>\n<p><b>Recomendado para:<\/b> Hombres, Mujeres, L\u00edderes y estudiosos. Pastores y Maestros.<\/p>\n<p><b>Editorial:<\/b> Sociedad B\u00edblicas Unidas<\/p>\n<div class=\"ast-oembed-container \" style=\"height: 100%;\"><iframe title=\"Biblia para la Predicaci\u00f3n Reina Valera 1960 Fucsia Letra Grande \u00cdndice\" width=\"500\" height=\"281\" src=\"https:\/\/www.youtube.com\/embed\/N7GWKuS8xRU?feature=oembed\" frameborder=\"0\" allow=\"accelerometer; autoplay; clipboard-write; encrypted-media; gyroscope; picture-in-picture; web-share\" referrerpolicy=\"strict-origin-when-cross-origin\" allowfullscreen><\/iframe><\/div>\n<\/div>\n","protected":false},"excerpt":{"rendered":"<div class=\"product attribute overview\">\n<div class=\"value desplegarDesc\"><\/div>\n<\/div>\n<div class=\"content-custom-attributes\">\n<p>&nbsp;<\/p>\n<\/div>\n","protected":false},"featured_media":887,"comment_status":"open","ping_status":"closed","template":"","meta":{"om_disable_all_campaigns":false,"_monsterinsights_skip_tracking":false,"_monsterinsights_sitenote_active":false,"_monsterinsights_sitenote_note":"","_monsterinsights_sitenote_category":0,"site-sidebar-layout":"default","site-content-layout":"","ast-site-content-layout":"default","site-content-style":"default","site-sidebar-style":"default","ast-global-header-display":"","ast-banner-title-visibility":"","ast-main-header-display":"","ast-hfb-above-header-display":"","ast-hfb-below-header-display":"","ast-hfb-mobile-header-display":"","site-post-title":"","ast-breadcrumbs-content":"","ast-featured-img":"","footer-sml-layout":"","ast-disable-related-posts":"","theme-transparent-header-meta":"default","adv-header-id-meta":"","stick-header-meta":"","header-above-stick-meta":"","header-main-stick-meta":"","header-below-stick-meta":"","astra-migrate-meta-layouts":"set","ast-page-background-enabled":"default","ast-page-background-meta":{"desktop":{"background-color":"var(--ast-global-color-4)","background-image":"","background-repeat":"repeat","background-position":"center center","background-size":"auto","background-attachment":"scroll","background-type":"","background-media":"","overlay-type":"","overlay-color":"","overlay-opacity":"","overlay-gradient":""},"tablet":{"background-color":"","background-image":"","background-repeat":"repeat","background-position":"center center","background-size":"auto","background-attachment":"scroll","background-type":"","background-media":"","overlay-type":"","overlay-color":"","overlay-opacity":"","overlay-gradient":""},"mobile":{"background-color":"","background-image":"","background-repeat":"repeat","background-position":"center center","background-size":"auto","background-attachment":"scroll","background-type":"","background-media":"","overlay-type":"","overlay-color":"","overlay-opacity":"","overlay-gradient":""}},"ast-content-background-meta":{"desktop":{"background-color":"var(--ast-global-color-5)","background-image":"","background-repeat":"repeat","background-position":"center center","background-size":"auto","background-attachment":"scroll","background-type":"","background-media":"","overlay-type":"","overlay-color":"","overlay-opacity":"","overlay-gradient":""},"tablet":{"background-color":"var(--ast-global-color-5)","background-image":"","background-repeat":"repeat","background-position":"center center","background-size":"auto","background-attachment":"scroll","background-type":"","background-media":"","overlay-type":"","overlay-color":"","overlay-opacity":"","overlay-gradient":""},"mobile":{"background-color":"var(--ast-global-color-5)","background-image":"","background-repeat":"repeat","background-position":"center center","background-size":"auto","background-attachment":"scroll","background-type":"","background-media":"","overlay-type":"","overlay-color":"","overlay-opacity":"","overlay-gradient":""}}},"product_brand":[],"product_cat":[22,42,177],"product_tag":[98,99,96,95],"class_list":{"0":"post-893","1":"product","2":"type-product","3":"status-publish","4":"has-post-thumbnail","6":"product_cat-biblias","7":"product_cat-biblias-reina-valera","8":"product_cat-letra-grande-rvr","9":"product_tag-ministro","10":"product_tag-pastor","11":"product_tag-pastores","12":"product_tag-predicacion","13":"desktop-align-left","14":"tablet-align-left","15":"mobile-align-left","17":"first","18":"outofstock","19":"shipping-taxable","20":"purchasable","21":"product-type-simple"},"yoast_head":"<!-- This site is optimized with the Yoast SEO plugin v27.4 - https:\/\/yoast.com\/product\/yoast-seo-wordpress\/ -->\n<title>Biblia para la Predicaci\u00f3n - letra grande- con \u00edndice - Reina Valera 1960 - Fucsia - tzionlibreria.com<\/title>\n<meta name=\"robots\" content=\"index, follow, max-snippet:-1, max-image-preview:large, max-video-preview:-1\" \/>\n<link rel=\"canonical\" href=\"https:\/\/tzionlibreria.com\/index.php\/product\/biblia-para-la-predicacion-letra-grande-con-indice-reina-valera-1960-fucsia\/\" \/>\n<meta property=\"og:locale\" content=\"es_ES\" \/>\n<meta property=\"og:type\" content=\"article\" \/>\n<meta property=\"og:title\" content=\"Biblia para la Predicaci\u00f3n - letra grande- con \u00edndice - Reina Valera 1960 - Fucsia - tzionlibreria.com\" \/>\n<meta property=\"og:description\" content=\"&nbsp;\" \/>\n<meta property=\"og:url\" content=\"https:\/\/tzionlibreria.com\/index.php\/product\/biblia-para-la-predicacion-letra-grande-con-indice-reina-valera-1960-fucsia\/\" \/>\n<meta property=\"og:site_name\" content=\"tzionlibreria.com\" \/>\n<meta property=\"article:modified_time\" content=\"2024-07-18T13:52:40+00:00\" \/>\n<meta property=\"og:image\" content=\"http:\/\/tzionlibreria.com\/wp-content\/uploads\/2023\/10\/26.png\" \/>\n\t<meta property=\"og:image:width\" content=\"1080\" \/>\n\t<meta property=\"og:image:height\" content=\"1080\" \/>\n\t<meta property=\"og:image:type\" content=\"image\/png\" \/>\n<meta name=\"twitter:card\" content=\"summary_large_image\" \/>\n<meta name=\"twitter:label1\" content=\"Tiempo de lectura\" \/>\n\t<meta name=\"twitter:data1\" content=\"2 minutos\" \/>\n<script type=\"application\/ld+json\" class=\"yoast-schema-graph\">{\"@context\":\"https:\\\/\\\/schema.org\",\"@graph\":[{\"@type\":\"WebPage\",\"@id\":\"https:\\\/\\\/tzionlibreria.com\\\/index.php\\\/product\\\/biblia-para-la-predicacion-letra-grande-con-indice-reina-valera-1960-fucsia\\\/\",\"url\":\"https:\\\/\\\/tzionlibreria.com\\\/index.php\\\/product\\\/biblia-para-la-predicacion-letra-grande-con-indice-reina-valera-1960-fucsia\\\/\",\"name\":\"Biblia para la Predicaci\u00f3n - letra grande- con \u00edndice - Reina Valera 1960 - Fucsia - tzionlibreria.com\",\"isPartOf\":{\"@id\":\"https:\\\/\\\/tzionlibreria.com\\\/#website\"},\"primaryImageOfPage\":{\"@id\":\"https:\\\/\\\/tzionlibreria.com\\\/index.php\\\/product\\\/biblia-para-la-predicacion-letra-grande-con-indice-reina-valera-1960-fucsia\\\/#primaryimage\"},\"image\":{\"@id\":\"https:\\\/\\\/tzionlibreria.com\\\/index.php\\\/product\\\/biblia-para-la-predicacion-letra-grande-con-indice-reina-valera-1960-fucsia\\\/#primaryimage\"},\"thumbnailUrl\":\"https:\\\/\\\/tzionlibreria.com\\\/wp-content\\\/uploads\\\/2023\\\/10\\\/26.png\",\"datePublished\":\"2023-10-23T22:53:45+00:00\",\"dateModified\":\"2024-07-18T13:52:40+00:00\",\"breadcrumb\":{\"@id\":\"https:\\\/\\\/tzionlibreria.com\\\/index.php\\\/product\\\/biblia-para-la-predicacion-letra-grande-con-indice-reina-valera-1960-fucsia\\\/#breadcrumb\"},\"inLanguage\":\"es-CO\",\"potentialAction\":[{\"@type\":\"ReadAction\",\"target\":[\"https:\\\/\\\/tzionlibreria.com\\\/index.php\\\/product\\\/biblia-para-la-predicacion-letra-grande-con-indice-reina-valera-1960-fucsia\\\/\"]}]},{\"@type\":\"ImageObject\",\"inLanguage\":\"es-CO\",\"@id\":\"https:\\\/\\\/tzionlibreria.com\\\/index.php\\\/product\\\/biblia-para-la-predicacion-letra-grande-con-indice-reina-valera-1960-fucsia\\\/#primaryimage\",\"url\":\"https:\\\/\\\/tzionlibreria.com\\\/wp-content\\\/uploads\\\/2023\\\/10\\\/26.png\",\"contentUrl\":\"https:\\\/\\\/tzionlibreria.com\\\/wp-content\\\/uploads\\\/2023\\\/10\\\/26.png\",\"width\":1080,\"height\":1080},{\"@type\":\"BreadcrumbList\",\"@id\":\"https:\\\/\\\/tzionlibreria.com\\\/index.php\\\/product\\\/biblia-para-la-predicacion-letra-grande-con-indice-reina-valera-1960-fucsia\\\/#breadcrumb\",\"itemListElement\":[{\"@type\":\"ListItem\",\"position\":1,\"name\":\"Inicio\",\"item\":\"https:\\\/\\\/tzionlibreria.com\\\/\"},{\"@type\":\"ListItem\",\"position\":2,\"name\":\"Shop\",\"item\":\"https:\\\/\\\/tzionlibreria.com\\\/index.php\\\/shop\\\/\"},{\"@type\":\"ListItem\",\"position\":3,\"name\":\"Biblia para la Predicaci\u00f3n &#8211; letra grande- con \u00edndice &#8211; Reina Valera 1960 &#8211; Fucsia\"}]},{\"@type\":\"WebSite\",\"@id\":\"https:\\\/\\\/tzionlibreria.com\\\/#website\",\"url\":\"https:\\\/\\\/tzionlibreria.com\\\/\",\"name\":\"tzionlibreria.com\",\"description\":\"Libreria Cristiana Venezuela\",\"publisher\":{\"@id\":\"https:\\\/\\\/tzionlibreria.com\\\/#organization\"},\"potentialAction\":[{\"@type\":\"SearchAction\",\"target\":{\"@type\":\"EntryPoint\",\"urlTemplate\":\"https:\\\/\\\/tzionlibreria.com\\\/?s={search_term_string}\"},\"query-input\":{\"@type\":\"PropertyValueSpecification\",\"valueRequired\":true,\"valueName\":\"search_term_string\"}}],\"inLanguage\":\"es-CO\"},{\"@type\":\"Organization\",\"@id\":\"https:\\\/\\\/tzionlibreria.com\\\/#organization\",\"name\":\"tzionlibreria.com\",\"url\":\"https:\\\/\\\/tzionlibreria.com\\\/\",\"logo\":{\"@type\":\"ImageObject\",\"inLanguage\":\"es-CO\",\"@id\":\"https:\\\/\\\/tzionlibreria.com\\\/#\\\/schema\\\/logo\\\/image\\\/\",\"url\":\"https:\\\/\\\/tzionlibreria.com\\\/wp-content\\\/uploads\\\/2023\\\/10\\\/cropped-Cuadricula-scaled-1.jpg\",\"contentUrl\":\"https:\\\/\\\/tzionlibreria.com\\\/wp-content\\\/uploads\\\/2023\\\/10\\\/cropped-Cuadricula-scaled-1.jpg\",\"width\":2560,\"height\":2560,\"caption\":\"tzionlibreria.com\"},\"image\":{\"@id\":\"https:\\\/\\\/tzionlibreria.com\\\/#\\\/schema\\\/logo\\\/image\\\/\"}}]}<\/script>\n<!-- \/ Yoast SEO plugin. -->","yoast_head_json":{"title":"Biblia para la Predicaci\u00f3n - letra grande- con \u00edndice - Reina Valera 1960 - Fucsia - tzionlibreria.com","robots":{"index":"index","follow":"follow","max-snippet":"max-snippet:-1","max-image-preview":"max-image-preview:large","max-video-preview":"max-video-preview:-1"},"canonical":"https:\/\/tzionlibreria.com\/index.php\/product\/biblia-para-la-predicacion-letra-grande-con-indice-reina-valera-1960-fucsia\/","og_locale":"es_ES","og_type":"article","og_title":"Biblia para la Predicaci\u00f3n - letra grande- con \u00edndice - Reina Valera 1960 - Fucsia - tzionlibreria.com","og_description":"&nbsp;","og_url":"https:\/\/tzionlibreria.com\/index.php\/product\/biblia-para-la-predicacion-letra-grande-con-indice-reina-valera-1960-fucsia\/","og_site_name":"tzionlibreria.com","article_modified_time":"2024-07-18T13:52:40+00:00","og_image":[{"width":1080,"height":1080,"url":"http:\/\/tzionlibreria.com\/wp-content\/uploads\/2023\/10\/26.png","type":"image\/png"}],"twitter_card":"summary_large_image","twitter_misc":{"Tiempo de lectura":"2 minutos"},"schema":{"@context":"https:\/\/schema.org","@graph":[{"@type":"WebPage","@id":"https:\/\/tzionlibreria.com\/index.php\/product\/biblia-para-la-predicacion-letra-grande-con-indice-reina-valera-1960-fucsia\/","url":"https:\/\/tzionlibreria.com\/index.php\/product\/biblia-para-la-predicacion-letra-grande-con-indice-reina-valera-1960-fucsia\/","name":"Biblia para la Predicaci\u00f3n - letra grande- con \u00edndice - Reina Valera 1960 - Fucsia - tzionlibreria.com","isPartOf":{"@id":"https:\/\/tzionlibreria.com\/#website"},"primaryImageOfPage":{"@id":"https:\/\/tzionlibreria.com\/index.php\/product\/biblia-para-la-predicacion-letra-grande-con-indice-reina-valera-1960-fucsia\/#primaryimage"},"image":{"@id":"https:\/\/tzionlibreria.com\/index.php\/product\/biblia-para-la-predicacion-letra-grande-con-indice-reina-valera-1960-fucsia\/#primaryimage"},"thumbnailUrl":"https:\/\/tzionlibreria.com\/wp-content\/uploads\/2023\/10\/26.png","datePublished":"2023-10-23T22:53:45+00:00","dateModified":"2024-07-18T13:52:40+00:00","breadcrumb":{"@id":"https:\/\/tzionlibreria.com\/index.php\/product\/biblia-para-la-predicacion-letra-grande-con-indice-reina-valera-1960-fucsia\/#breadcrumb"},"inLanguage":"es-CO","potentialAction":[{"@type":"ReadAction","target":["https:\/\/tzionlibreria.com\/index.php\/product\/biblia-para-la-predicacion-letra-grande-con-indice-reina-valera-1960-fucsia\/"]}]},{"@type":"ImageObject","inLanguage":"es-CO","@id":"https:\/\/tzionlibreria.com\/index.php\/product\/biblia-para-la-predicacion-letra-grande-con-indice-reina-valera-1960-fucsia\/#primaryimage","url":"https:\/\/tzionlibreria.com\/wp-content\/uploads\/2023\/10\/26.png","contentUrl":"https:\/\/tzionlibreria.com\/wp-content\/uploads\/2023\/10\/26.png","width":1080,"height":1080},{"@type":"BreadcrumbList","@id":"https:\/\/tzionlibreria.com\/index.php\/product\/biblia-para-la-predicacion-letra-grande-con-indice-reina-valera-1960-fucsia\/#breadcrumb","itemListElement":[{"@type":"ListItem","position":1,"name":"Inicio","item":"https:\/\/tzionlibreria.com\/"},{"@type":"ListItem","position":2,"name":"Shop","item":"https:\/\/tzionlibreria.com\/index.php\/shop\/"},{"@type":"ListItem","position":3,"name":"Biblia para la Predicaci\u00f3n &#8211; letra grande- con \u00edndice &#8211; Reina Valera 1960 &#8211; Fucsia"}]},{"@type":"WebSite","@id":"https:\/\/tzionlibreria.com\/#website","url":"https:\/\/tzionlibreria.com\/","name":"tzionlibreria.com","description":"Libreria Cristiana Venezuela","publisher":{"@id":"https:\/\/tzionlibreria.com\/#organization"},"potentialAction":[{"@type":"SearchAction","target":{"@type":"EntryPoint","urlTemplate":"https:\/\/tzionlibreria.com\/?s={search_term_string}"},"query-input":{"@type":"PropertyValueSpecification","valueRequired":true,"valueName":"search_term_string"}}],"inLanguage":"es-CO"},{"@type":"Organization","@id":"https:\/\/tzionlibreria.com\/#organization","name":"tzionlibreria.com","url":"https:\/\/tzionlibreria.com\/","logo":{"@type":"ImageObject","inLanguage":"es-CO","@id":"https:\/\/tzionlibreria.com\/#\/schema\/logo\/image\/","url":"https:\/\/tzionlibreria.com\/wp-content\/uploads\/2023\/10\/cropped-Cuadricula-scaled-1.jpg","contentUrl":"https:\/\/tzionlibreria.com\/wp-content\/uploads\/2023\/10\/cropped-Cuadricula-scaled-1.jpg","width":2560,"height":2560,"caption":"tzionlibreria.com"},"image":{"@id":"https:\/\/tzionlibreria.com\/#\/schema\/logo\/image\/"}}]}},"jetpack_sharing_enabled":true,"_links":{"self":[{"href":"https:\/\/tzionlibreria.com\/index.php\/wp-json\/wp\/v2\/product\/893","targetHints":{"allow":["GET"]}}],"collection":[{"href":"https:\/\/tzionlibreria.com\/index.php\/wp-json\/wp\/v2\/product"}],"about":[{"href":"https:\/\/tzionlibreria.com\/index.php\/wp-json\/wp\/v2\/types\/product"}],"replies":[{"embeddable":true,"href":"https:\/\/tzionlibreria.com\/index.php\/wp-json\/wp\/v2\/comments?post=893"}],"wp:featuredmedia":[{"embeddable":true,"href":"https:\/\/tzionlibreria.com\/index.php\/wp-json\/wp\/v2\/media\/887"}],"wp:attachment":[{"href":"https:\/\/tzionlibreria.com\/index.php\/wp-json\/wp\/v2\/media?parent=893"}],"wp:term":[{"taxonomy":"product_brand","embeddable":true,"href":"https:\/\/tzionlibreria.com\/index.php\/wp-json\/wp\/v2\/product_brand?post=893"},{"taxonomy":"product_cat","embeddable":true,"href":"https:\/\/tzionlibreria.com\/index.php\/wp-json\/wp\/v2\/product_cat?post=893"},{"taxonomy":"product_tag","embeddable":true,"href":"https:\/\/tzionlibreria.com\/index.php\/wp-json\/wp\/v2\/product_tag?post=893"}],"curies":[{"name":"wp","href":"https:\/\/api.w.org\/{rel}","templated":true}]}}