{"id":901,"date":"2023-10-24T00:52:56","date_gmt":"2023-10-24T00:52:56","guid":{"rendered":"https:\/\/tzionlibreria.com\/?post_type=product&#038;p=901"},"modified":"2025-08-16T14:38:08","modified_gmt":"2025-08-16T14:38:08","slug":"los-cinco-lenguajes-del-amor-gary-chapman","status":"publish","type":"product","link":"https:\/\/tzionlibreria.com\/index.php\/product\/los-cinco-lenguajes-del-amor-gary-chapman\/","title":{"rendered":"Los Cinco Lenguajes del Amor &#8211; Gary Chapman"},"content":{"rendered":"<div>M\u00e1s de seis millones de ejemplares vendidos<\/div>\n<div><\/div>\n<div><strong>El secreto del amor que perdura<\/strong><\/div>\n<div><\/div>\n<div><em>\u201c\u00bfC\u00f3mo nos suplimos el uno al otro las profundas necesidades emocionales a fin de sentirnos amados? Si aprendemos eso y lo hacemos, el amor mutuo ser\u00e1 emocionante m\u00e1s all\u00e1 de lo que sentimos alguna vez cuando nos enamoramos \u201c<\/em>\u00a0<strong><em>Gary Chapman<\/em><\/strong><\/div>\n<div><\/div>\n<div>Las parejas que comprenden el lenguaje del amor de cada uno poseen una invaluable ventaja en la b\u00fasqueda del mor que perdura toda la vida: conocen c\u00f3mo hacer de manera eficiente y coherente que ambos se sientan muy amados de verdad. Ese regalo nunca desaparece.<\/div>\n<div><\/div>\n<div><strong>Editorial<\/strong>: Unilit<br \/>\n<strong>Idioma<\/strong>: Espa\u00f1ol<br \/>\n<strong>ISBN<\/strong>: 9780789923745<\/div>\n<div><strong>Dimensiones<\/strong>: 110 x 170 x 10 mm<br \/>\n<strong>Peso<\/strong>: 0,148kg<br \/>\n<strong>Cubierta<\/strong>: R\u00fastica<\/div>\n<div><\/div>\n<div>\n<div class=\"ast-oembed-container \" style=\"height: 100%;\"><iframe title=\"Los Cinco Lenguajes del Amor - Gary Chapman\" width=\"500\" height=\"281\" src=\"https:\/\/www.youtube.com\/embed\/NvpJD5i4znU?feature=oembed\" frameborder=\"0\" allow=\"accelerometer; autoplay; clipboard-write; encrypted-media; gyroscope; picture-in-picture; web-share\" referrerpolicy=\"strict-origin-when-cross-origin\" allowfullscreen><\/iframe><\/div>\n<p>&nbsp;<\/p>\n<\/div>\n","protected":false},"excerpt":{"rendered":"<p>M\u00e1s de seis millones de ejemplares vendidos El secreto del amor que perdura \u201c\u00bfC\u00f3mo nos suplimos el uno al otro las profundas necesidades emocionales a fin de sentirnos amados? Si aprendemos eso y lo hacemos, el amor mutuo ser\u00e1 emocionante m\u00e1s all\u00e1 de lo que sentimos alguna vez cuando nos enamoramos \u201c\u00a0Gary Chapman Las parejas [&hellip;]<\/p>\n","protected":false},"featured_media":902,"comment_status":"open","ping_status":"closed","template":"","meta":{"om_disable_all_campaigns":false,"_monsterinsights_skip_tracking":false,"_monsterinsights_sitenote_active":false,"_monsterinsights_sitenote_note":"","_monsterinsights_sitenote_category":0,"site-sidebar-layout":"default","site-content-layout":"","ast-site-content-layout":"default","site-content-style":"default","site-sidebar-style":"default","ast-global-header-display":"","ast-banner-title-visibility":"","ast-main-header-display":"","ast-hfb-above-header-display":"","ast-hfb-below-header-display":"","ast-hfb-mobile-header-display":"","site-post-title":"","ast-breadcrumbs-content":"","ast-featured-img":"","footer-sml-layout":"","ast-disable-related-posts":"","theme-transparent-header-meta":"default","adv-header-id-meta":"","stick-header-meta":"","header-above-stick-meta":"","header-main-stick-meta":"","header-below-stick-meta":"","astra-migrate-meta-layouts":"set","ast-page-background-enabled":"default","ast-page-background-meta":{"desktop":{"background-color":"var(--ast-global-color-4)","background-image":"","background-repeat":"repeat","background-position":"center center","background-size":"auto","background-attachment":"scroll","background-type":"","background-media":"","overlay-type":"","overlay-color":"","overlay-opacity":"","overlay-gradient":""},"tablet":{"background-color":"","background-image":"","background-repeat":"repeat","background-position":"center center","background-size":"auto","background-attachment":"scroll","background-type":"","background-media":"","overlay-type":"","overlay-color":"","overlay-opacity":"","overlay-gradient":""},"mobile":{"background-color":"","background-image":"","background-repeat":"repeat","background-position":"center center","background-size":"auto","background-attachment":"scroll","background-type":"","background-media":"","overlay-type":"","overlay-color":"","overlay-opacity":"","overlay-gradient":""}},"ast-content-background-meta":{"desktop":{"background-color":"var(--ast-global-color-5)","background-image":"","background-repeat":"repeat","background-position":"center center","background-size":"auto","background-attachment":"scroll","background-type":"","background-media":"","overlay-type":"","overlay-color":"","overlay-opacity":"","overlay-gradient":""},"tablet":{"background-color":"var(--ast-global-color-5)","background-image":"","background-repeat":"repeat","background-position":"center center","background-size":"auto","background-attachment":"scroll","background-type":"","background-media":"","overlay-type":"","overlay-color":"","overlay-opacity":"","overlay-gradient":""},"mobile":{"background-color":"var(--ast-global-color-5)","background-image":"","background-repeat":"repeat","background-position":"center center","background-size":"auto","background-attachment":"scroll","background-type":"","background-media":"","overlay-type":"","overlay-color":"","overlay-opacity":"","overlay-gradient":""}}},"product_brand":[],"product_cat":[18],"product_tag":[],"class_list":{"0":"post-901","1":"product","2":"type-product","3":"status-publish","4":"has-post-thumbnail","6":"product_cat-uncategorized","7":"desktop-align-left","8":"tablet-align-left","9":"mobile-align-left","11":"first","12":"instock","13":"shipping-taxable","14":"purchasable","15":"product-type-simple"},"yoast_head":"<!-- This site is optimized with the Yoast SEO plugin v27.3 - https:\/\/yoast.com\/product\/yoast-seo-wordpress\/ -->\n<title>Los Cinco Lenguajes del Amor - Gary Chapman - tzionlibreria.com<\/title>\n<meta name=\"robots\" content=\"index, follow, max-snippet:-1, max-image-preview:large, max-video-preview:-1\" \/>\n<link rel=\"canonical\" href=\"https:\/\/tzionlibreria.com\/index.php\/product\/los-cinco-lenguajes-del-amor-gary-chapman\/\" \/>\n<meta property=\"og:locale\" content=\"es_ES\" \/>\n<meta property=\"og:type\" content=\"article\" \/>\n<meta property=\"og:title\" content=\"Los Cinco Lenguajes del Amor - Gary Chapman - tzionlibreria.com\" \/>\n<meta property=\"og:description\" content=\"M\u00e1s de seis millones de ejemplares vendidos El secreto del amor que perdura \u201c\u00bfC\u00f3mo nos suplimos el uno al otro las profundas necesidades emocionales a fin de sentirnos amados? Si aprendemos eso y lo hacemos, el amor mutuo ser\u00e1 emocionante m\u00e1s all\u00e1 de lo que sentimos alguna vez cuando nos enamoramos \u201c\u00a0Gary Chapman Las parejas [&hellip;]\" \/>\n<meta property=\"og:url\" content=\"https:\/\/tzionlibreria.com\/index.php\/product\/los-cinco-lenguajes-del-amor-gary-chapman\/\" \/>\n<meta property=\"og:site_name\" content=\"tzionlibreria.com\" \/>\n<meta property=\"article:modified_time\" content=\"2025-08-16T14:38:08+00:00\" \/>\n<meta property=\"og:image\" content=\"http:\/\/tzionlibreria.com\/wp-content\/uploads\/2023\/10\/32.png\" \/>\n\t<meta property=\"og:image:width\" content=\"1080\" \/>\n\t<meta property=\"og:image:height\" content=\"1080\" \/>\n\t<meta property=\"og:image:type\" content=\"image\/png\" \/>\n<meta name=\"twitter:card\" content=\"summary_large_image\" \/>\n<meta name=\"twitter:label1\" content=\"Tiempo de lectura\" \/>\n\t<meta name=\"twitter:data1\" content=\"1 minuto\" \/>\n<script type=\"application\/ld+json\" class=\"yoast-schema-graph\">{\"@context\":\"https:\\\/\\\/schema.org\",\"@graph\":[{\"@type\":\"WebPage\",\"@id\":\"https:\\\/\\\/tzionlibreria.com\\\/index.php\\\/product\\\/los-cinco-lenguajes-del-amor-gary-chapman\\\/\",\"url\":\"https:\\\/\\\/tzionlibreria.com\\\/index.php\\\/product\\\/los-cinco-lenguajes-del-amor-gary-chapman\\\/\",\"name\":\"Los Cinco Lenguajes del Amor - Gary Chapman - tzionlibreria.com\",\"isPartOf\":{\"@id\":\"https:\\\/\\\/tzionlibreria.com\\\/#website\"},\"primaryImageOfPage\":{\"@id\":\"https:\\\/\\\/tzionlibreria.com\\\/index.php\\\/product\\\/los-cinco-lenguajes-del-amor-gary-chapman\\\/#primaryimage\"},\"image\":{\"@id\":\"https:\\\/\\\/tzionlibreria.com\\\/index.php\\\/product\\\/los-cinco-lenguajes-del-amor-gary-chapman\\\/#primaryimage\"},\"thumbnailUrl\":\"https:\\\/\\\/tzionlibreria.com\\\/wp-content\\\/uploads\\\/2023\\\/10\\\/32.png\",\"datePublished\":\"2023-10-24T00:52:56+00:00\",\"dateModified\":\"2025-08-16T14:38:08+00:00\",\"breadcrumb\":{\"@id\":\"https:\\\/\\\/tzionlibreria.com\\\/index.php\\\/product\\\/los-cinco-lenguajes-del-amor-gary-chapman\\\/#breadcrumb\"},\"inLanguage\":\"es-CO\",\"potentialAction\":[{\"@type\":\"ReadAction\",\"target\":[\"https:\\\/\\\/tzionlibreria.com\\\/index.php\\\/product\\\/los-cinco-lenguajes-del-amor-gary-chapman\\\/\"]}]},{\"@type\":\"ImageObject\",\"inLanguage\":\"es-CO\",\"@id\":\"https:\\\/\\\/tzionlibreria.com\\\/index.php\\\/product\\\/los-cinco-lenguajes-del-amor-gary-chapman\\\/#primaryimage\",\"url\":\"https:\\\/\\\/tzionlibreria.com\\\/wp-content\\\/uploads\\\/2023\\\/10\\\/32.png\",\"contentUrl\":\"https:\\\/\\\/tzionlibreria.com\\\/wp-content\\\/uploads\\\/2023\\\/10\\\/32.png\",\"width\":1080,\"height\":1080},{\"@type\":\"BreadcrumbList\",\"@id\":\"https:\\\/\\\/tzionlibreria.com\\\/index.php\\\/product\\\/los-cinco-lenguajes-del-amor-gary-chapman\\\/#breadcrumb\",\"itemListElement\":[{\"@type\":\"ListItem\",\"position\":1,\"name\":\"Inicio\",\"item\":\"https:\\\/\\\/tzionlibreria.com\\\/\"},{\"@type\":\"ListItem\",\"position\":2,\"name\":\"Shop\",\"item\":\"https:\\\/\\\/tzionlibreria.com\\\/index.php\\\/shop\\\/\"},{\"@type\":\"ListItem\",\"position\":3,\"name\":\"Los Cinco Lenguajes del Amor &#8211; Gary Chapman\"}]},{\"@type\":\"WebSite\",\"@id\":\"https:\\\/\\\/tzionlibreria.com\\\/#website\",\"url\":\"https:\\\/\\\/tzionlibreria.com\\\/\",\"name\":\"tzionlibreria.com\",\"description\":\"Libreria Cristiana Venezuela\",\"publisher\":{\"@id\":\"https:\\\/\\\/tzionlibreria.com\\\/#organization\"},\"potentialAction\":[{\"@type\":\"SearchAction\",\"target\":{\"@type\":\"EntryPoint\",\"urlTemplate\":\"https:\\\/\\\/tzionlibreria.com\\\/?s={search_term_string}\"},\"query-input\":{\"@type\":\"PropertyValueSpecification\",\"valueRequired\":true,\"valueName\":\"search_term_string\"}}],\"inLanguage\":\"es-CO\"},{\"@type\":\"Organization\",\"@id\":\"https:\\\/\\\/tzionlibreria.com\\\/#organization\",\"name\":\"tzionlibreria.com\",\"url\":\"https:\\\/\\\/tzionlibreria.com\\\/\",\"logo\":{\"@type\":\"ImageObject\",\"inLanguage\":\"es-CO\",\"@id\":\"https:\\\/\\\/tzionlibreria.com\\\/#\\\/schema\\\/logo\\\/image\\\/\",\"url\":\"https:\\\/\\\/tzionlibreria.com\\\/wp-content\\\/uploads\\\/2023\\\/10\\\/cropped-Cuadricula-scaled-1.jpg\",\"contentUrl\":\"https:\\\/\\\/tzionlibreria.com\\\/wp-content\\\/uploads\\\/2023\\\/10\\\/cropped-Cuadricula-scaled-1.jpg\",\"width\":2560,\"height\":2560,\"caption\":\"tzionlibreria.com\"},\"image\":{\"@id\":\"https:\\\/\\\/tzionlibreria.com\\\/#\\\/schema\\\/logo\\\/image\\\/\"}}]}<\/script>\n<!-- \/ Yoast SEO plugin. -->","yoast_head_json":{"title":"Los Cinco Lenguajes del Amor - Gary Chapman - tzionlibreria.com","robots":{"index":"index","follow":"follow","max-snippet":"max-snippet:-1","max-image-preview":"max-image-preview:large","max-video-preview":"max-video-preview:-1"},"canonical":"https:\/\/tzionlibreria.com\/index.php\/product\/los-cinco-lenguajes-del-amor-gary-chapman\/","og_locale":"es_ES","og_type":"article","og_title":"Los Cinco Lenguajes del Amor - Gary Chapman - tzionlibreria.com","og_description":"M\u00e1s de seis millones de ejemplares vendidos El secreto del amor que perdura \u201c\u00bfC\u00f3mo nos suplimos el uno al otro las profundas necesidades emocionales a fin de sentirnos amados? Si aprendemos eso y lo hacemos, el amor mutuo ser\u00e1 emocionante m\u00e1s all\u00e1 de lo que sentimos alguna vez cuando nos enamoramos \u201c\u00a0Gary Chapman Las parejas [&hellip;]","og_url":"https:\/\/tzionlibreria.com\/index.php\/product\/los-cinco-lenguajes-del-amor-gary-chapman\/","og_site_name":"tzionlibreria.com","article_modified_time":"2025-08-16T14:38:08+00:00","og_image":[{"width":1080,"height":1080,"url":"http:\/\/tzionlibreria.com\/wp-content\/uploads\/2023\/10\/32.png","type":"image\/png"}],"twitter_card":"summary_large_image","twitter_misc":{"Tiempo de lectura":"1 minuto"},"schema":{"@context":"https:\/\/schema.org","@graph":[{"@type":"WebPage","@id":"https:\/\/tzionlibreria.com\/index.php\/product\/los-cinco-lenguajes-del-amor-gary-chapman\/","url":"https:\/\/tzionlibreria.com\/index.php\/product\/los-cinco-lenguajes-del-amor-gary-chapman\/","name":"Los Cinco Lenguajes del Amor - Gary Chapman - tzionlibreria.com","isPartOf":{"@id":"https:\/\/tzionlibreria.com\/#website"},"primaryImageOfPage":{"@id":"https:\/\/tzionlibreria.com\/index.php\/product\/los-cinco-lenguajes-del-amor-gary-chapman\/#primaryimage"},"image":{"@id":"https:\/\/tzionlibreria.com\/index.php\/product\/los-cinco-lenguajes-del-amor-gary-chapman\/#primaryimage"},"thumbnailUrl":"https:\/\/tzionlibreria.com\/wp-content\/uploads\/2023\/10\/32.png","datePublished":"2023-10-24T00:52:56+00:00","dateModified":"2025-08-16T14:38:08+00:00","breadcrumb":{"@id":"https:\/\/tzionlibreria.com\/index.php\/product\/los-cinco-lenguajes-del-amor-gary-chapman\/#breadcrumb"},"inLanguage":"es-CO","potentialAction":[{"@type":"ReadAction","target":["https:\/\/tzionlibreria.com\/index.php\/product\/los-cinco-lenguajes-del-amor-gary-chapman\/"]}]},{"@type":"ImageObject","inLanguage":"es-CO","@id":"https:\/\/tzionlibreria.com\/index.php\/product\/los-cinco-lenguajes-del-amor-gary-chapman\/#primaryimage","url":"https:\/\/tzionlibreria.com\/wp-content\/uploads\/2023\/10\/32.png","contentUrl":"https:\/\/tzionlibreria.com\/wp-content\/uploads\/2023\/10\/32.png","width":1080,"height":1080},{"@type":"BreadcrumbList","@id":"https:\/\/tzionlibreria.com\/index.php\/product\/los-cinco-lenguajes-del-amor-gary-chapman\/#breadcrumb","itemListElement":[{"@type":"ListItem","position":1,"name":"Inicio","item":"https:\/\/tzionlibreria.com\/"},{"@type":"ListItem","position":2,"name":"Shop","item":"https:\/\/tzionlibreria.com\/index.php\/shop\/"},{"@type":"ListItem","position":3,"name":"Los Cinco Lenguajes del Amor &#8211; Gary Chapman"}]},{"@type":"WebSite","@id":"https:\/\/tzionlibreria.com\/#website","url":"https:\/\/tzionlibreria.com\/","name":"tzionlibreria.com","description":"Libreria Cristiana Venezuela","publisher":{"@id":"https:\/\/tzionlibreria.com\/#organization"},"potentialAction":[{"@type":"SearchAction","target":{"@type":"EntryPoint","urlTemplate":"https:\/\/tzionlibreria.com\/?s={search_term_string}"},"query-input":{"@type":"PropertyValueSpecification","valueRequired":true,"valueName":"search_term_string"}}],"inLanguage":"es-CO"},{"@type":"Organization","@id":"https:\/\/tzionlibreria.com\/#organization","name":"tzionlibreria.com","url":"https:\/\/tzionlibreria.com\/","logo":{"@type":"ImageObject","inLanguage":"es-CO","@id":"https:\/\/tzionlibreria.com\/#\/schema\/logo\/image\/","url":"https:\/\/tzionlibreria.com\/wp-content\/uploads\/2023\/10\/cropped-Cuadricula-scaled-1.jpg","contentUrl":"https:\/\/tzionlibreria.com\/wp-content\/uploads\/2023\/10\/cropped-Cuadricula-scaled-1.jpg","width":2560,"height":2560,"caption":"tzionlibreria.com"},"image":{"@id":"https:\/\/tzionlibreria.com\/#\/schema\/logo\/image\/"}}]}},"jetpack_sharing_enabled":true,"_links":{"self":[{"href":"https:\/\/tzionlibreria.com\/index.php\/wp-json\/wp\/v2\/product\/901","targetHints":{"allow":["GET"]}}],"collection":[{"href":"https:\/\/tzionlibreria.com\/index.php\/wp-json\/wp\/v2\/product"}],"about":[{"href":"https:\/\/tzionlibreria.com\/index.php\/wp-json\/wp\/v2\/types\/product"}],"replies":[{"embeddable":true,"href":"https:\/\/tzionlibreria.com\/index.php\/wp-json\/wp\/v2\/comments?post=901"}],"wp:featuredmedia":[{"embeddable":true,"href":"https:\/\/tzionlibreria.com\/index.php\/wp-json\/wp\/v2\/media\/902"}],"wp:attachment":[{"href":"https:\/\/tzionlibreria.com\/index.php\/wp-json\/wp\/v2\/media?parent=901"}],"wp:term":[{"taxonomy":"product_brand","embeddable":true,"href":"https:\/\/tzionlibreria.com\/index.php\/wp-json\/wp\/v2\/product_brand?post=901"},{"taxonomy":"product_cat","embeddable":true,"href":"https:\/\/tzionlibreria.com\/index.php\/wp-json\/wp\/v2\/product_cat?post=901"},{"taxonomy":"product_tag","embeddable":true,"href":"https:\/\/tzionlibreria.com\/index.php\/wp-json\/wp\/v2\/product_tag?post=901"}],"curies":[{"name":"wp","href":"https:\/\/api.w.org\/{rel}","templated":true}]}}