{"id":919,"date":"2023-10-24T11:54:46","date_gmt":"2023-10-24T11:54:46","guid":{"rendered":"https:\/\/tzionlibreria.com\/?post_type=product&#038;p=919"},"modified":"2026-04-09T19:43:35","modified_gmt":"2026-04-09T19:43:35","slug":"biblia-de-estudio-scofield-tapa-dura-con-indice-reina-valera-1960","status":"publish","type":"product","link":"https:\/\/tzionlibreria.com\/index.php\/product\/biblia-de-estudio-scofield-tapa-dura-con-indice-reina-valera-1960\/","title":{"rendered":"Biblia De Estudio Scofield- Reina Valera 1960- Con \u00edndice"},"content":{"rendered":"<div class=\"ast-oembed-container \" style=\"height: 100%;\"><iframe title=\"Biblia De Estudio Scofield Tapa Dura Con Indice Reina Valera 1960\" width=\"500\" height=\"281\" src=\"https:\/\/www.youtube.com\/embed\/iF-uju5uRgA?feature=oembed\" frameborder=\"0\" allow=\"accelerometer; autoplay; clipboard-write; encrypted-media; gyroscope; picture-in-picture; web-share\" referrerpolicy=\"strict-origin-when-cross-origin\" allowfullscreen><\/iframe><\/div>\n<p>&nbsp;<\/p>\n<div>Esta Biblia se basa en el texto tradicional de la RVR 1960 e incluye la interpretaci\u00f3n de la teolog\u00eda dispensacional y escatol\u00f3gica que present\u00f3 originalmente el te\u00f3logo Dr. C.I. Scofield (1843-1921).<\/div>\n<div><\/div>\n<div>Caracter\u00edsticas:<\/div>\n<div>-Introducci\u00f3n a secciones y libros<\/div>\n<div>-Breve resumen de cada libro de la Biblia<\/div>\n<div>-Subt\u00edtulos en todo el texto b\u00edblico<\/div>\n<div>-1,700 notas al pie<\/div>\n<div>-Referencias en la columna central en el Antiguo Testamento<\/div>\n<div>-Referencias en columnas laterales en el Nuevo Testamento<\/div>\n<div>-Las palabras de Cristo en rojo<\/div>\n<div>-Un sistema de referencias tem\u00e1ticas en cadena<\/div>\n<div>-\u00cdndice de notas<\/div>\n<div>-Gu\u00eda a citas del Antiguo Testamento en el Nuevo Testamento<\/div>\n<div>-Breve concordancia<\/div>\n<div>-Mapas a cuatro colores<\/div>\n<div>-P\u00e1gina de dedicatoria y secci\u00f3n de registro familiar<\/div>\n<div>-Caja para regalo<\/div>\n<div><\/div>\n<div><strong>ISBN<\/strong>: 9781433636202<br \/>\n<strong>Dimensiones<\/strong>: 165 x 240 x 30 mm<br \/>\n<strong>Cubierta<\/strong>: Tapa Dura<br \/>\n<strong>Idioma<\/strong>: Espa\u00f1ol<\/div>\n","protected":false},"excerpt":{"rendered":"<p>&nbsp; Esta Biblia se basa en el texto tradicional de la RVR 1960 e incluye la interpretaci\u00f3n de la teolog\u00eda dispensacional y escatol\u00f3gica que present\u00f3 originalmente el te\u00f3logo Dr. C.I. Scofield (1843-1921). Caracter\u00edsticas: -Introducci\u00f3n a secciones y libros -Breve resumen de cada libro de la Biblia -Subt\u00edtulos en todo el texto b\u00edblico -1,700 notas al [&hellip;]<\/p>\n","protected":false},"featured_media":920,"comment_status":"open","ping_status":"closed","template":"","meta":{"om_disable_all_campaigns":false,"_monsterinsights_skip_tracking":false,"_monsterinsights_sitenote_active":false,"_monsterinsights_sitenote_note":"","_monsterinsights_sitenote_category":0,"site-sidebar-layout":"default","site-content-layout":"","ast-site-content-layout":"default","site-content-style":"default","site-sidebar-style":"default","ast-global-header-display":"","ast-banner-title-visibility":"","ast-main-header-display":"","ast-hfb-above-header-display":"","ast-hfb-below-header-display":"","ast-hfb-mobile-header-display":"","site-post-title":"","ast-breadcrumbs-content":"","ast-featured-img":"","footer-sml-layout":"","ast-disable-related-posts":"","theme-transparent-header-meta":"default","adv-header-id-meta":"","stick-header-meta":"","header-above-stick-meta":"","header-main-stick-meta":"","header-below-stick-meta":"","astra-migrate-meta-layouts":"set","ast-page-background-enabled":"default","ast-page-background-meta":{"desktop":{"background-color":"var(--ast-global-color-4)","background-image":"","background-repeat":"repeat","background-position":"center center","background-size":"auto","background-attachment":"scroll","background-type":"","background-media":"","overlay-type":"","overlay-color":"","overlay-opacity":"","overlay-gradient":""},"tablet":{"background-color":"","background-image":"","background-repeat":"repeat","background-position":"center center","background-size":"auto","background-attachment":"scroll","background-type":"","background-media":"","overlay-type":"","overlay-color":"","overlay-opacity":"","overlay-gradient":""},"mobile":{"background-color":"","background-image":"","background-repeat":"repeat","background-position":"center center","background-size":"auto","background-attachment":"scroll","background-type":"","background-media":"","overlay-type":"","overlay-color":"","overlay-opacity":"","overlay-gradient":""}},"ast-content-background-meta":{"desktop":{"background-color":"var(--ast-global-color-5)","background-image":"","background-repeat":"repeat","background-position":"center center","background-size":"auto","background-attachment":"scroll","background-type":"","background-media":"","overlay-type":"","overlay-color":"","overlay-opacity":"","overlay-gradient":""},"tablet":{"background-color":"var(--ast-global-color-5)","background-image":"","background-repeat":"repeat","background-position":"center center","background-size":"auto","background-attachment":"scroll","background-type":"","background-media":"","overlay-type":"","overlay-color":"","overlay-opacity":"","overlay-gradient":""},"mobile":{"background-color":"var(--ast-global-color-5)","background-image":"","background-repeat":"repeat","background-position":"center center","background-size":"auto","background-attachment":"scroll","background-type":"","background-media":"","overlay-type":"","overlay-color":"","overlay-opacity":"","overlay-gradient":""}}},"product_brand":[],"product_cat":[30],"product_tag":[91,62],"class_list":{"0":"post-919","1":"product","2":"type-product","3":"status-publish","4":"has-post-thumbnail","6":"product_cat-biblia-de-estudio","7":"product_tag-estudio","8":"product_tag-scofield","9":"desktop-align-left","10":"tablet-align-left","11":"mobile-align-left","13":"first","14":"instock","15":"shipping-taxable","16":"purchasable","17":"product-type-simple"},"yoast_head":"<!-- This site is optimized with the Yoast SEO plugin v27.4 - https:\/\/yoast.com\/product\/yoast-seo-wordpress\/ -->\n<title>Biblia De Estudio Scofield- Reina Valera 1960- Con \u00edndice - tzionlibreria.com<\/title>\n<meta name=\"description\" content=\"Biblia se basa en el texto de la RVR 1960 e incluye la interpretaci\u00f3n de la teolog\u00eda dispensacional y escatol\u00f3gica del te\u00f3logo Dr. C.I. Scofield.\" \/>\n<meta name=\"robots\" content=\"index, follow, max-snippet:-1, max-image-preview:large, max-video-preview:-1\" \/>\n<link rel=\"canonical\" href=\"https:\/\/tzionlibreria.com\/index.php\/product\/biblia-de-estudio-scofield-tapa-dura-con-indice-reina-valera-1960\/\" \/>\n<meta property=\"og:locale\" content=\"es_ES\" \/>\n<meta property=\"og:type\" content=\"article\" \/>\n<meta property=\"og:title\" content=\"Biblia De Estudio Scofield- Reina Valera 1960- Con \u00edndice - tzionlibreria.com\" \/>\n<meta property=\"og:description\" content=\"Biblia se basa en el texto de la RVR 1960 e incluye la interpretaci\u00f3n de la teolog\u00eda dispensacional y escatol\u00f3gica del te\u00f3logo Dr. C.I. Scofield.\" \/>\n<meta property=\"og:url\" content=\"https:\/\/tzionlibreria.com\/index.php\/product\/biblia-de-estudio-scofield-tapa-dura-con-indice-reina-valera-1960\/\" \/>\n<meta property=\"og:site_name\" content=\"tzionlibreria.com\" \/>\n<meta property=\"article:modified_time\" content=\"2026-04-09T19:43:35+00:00\" \/>\n<meta property=\"og:image\" content=\"http:\/\/tzionlibreria.com\/wp-content\/uploads\/2023\/10\/D_NQ_NP_2X_646191-MLV52800081878_122022-F-1.webp\" \/>\n\t<meta property=\"og:image:width\" content=\"1092\" \/>\n\t<meta property=\"og:image:height\" content=\"988\" \/>\n\t<meta property=\"og:image:type\" content=\"image\/webp\" \/>\n<meta name=\"twitter:card\" content=\"summary_large_image\" \/>\n<meta name=\"twitter:label1\" content=\"Tiempo de lectura\" \/>\n\t<meta name=\"twitter:data1\" content=\"1 minuto\" \/>\n<script type=\"application\/ld+json\" class=\"yoast-schema-graph\">{\"@context\":\"https:\\\/\\\/schema.org\",\"@graph\":[{\"@type\":\"WebPage\",\"@id\":\"https:\\\/\\\/tzionlibreria.com\\\/index.php\\\/product\\\/biblia-de-estudio-scofield-tapa-dura-con-indice-reina-valera-1960\\\/\",\"url\":\"https:\\\/\\\/tzionlibreria.com\\\/index.php\\\/product\\\/biblia-de-estudio-scofield-tapa-dura-con-indice-reina-valera-1960\\\/\",\"name\":\"Biblia De Estudio Scofield- Reina Valera 1960- Con \u00edndice - tzionlibreria.com\",\"isPartOf\":{\"@id\":\"https:\\\/\\\/tzionlibreria.com\\\/#website\"},\"primaryImageOfPage\":{\"@id\":\"https:\\\/\\\/tzionlibreria.com\\\/index.php\\\/product\\\/biblia-de-estudio-scofield-tapa-dura-con-indice-reina-valera-1960\\\/#primaryimage\"},\"image\":{\"@id\":\"https:\\\/\\\/tzionlibreria.com\\\/index.php\\\/product\\\/biblia-de-estudio-scofield-tapa-dura-con-indice-reina-valera-1960\\\/#primaryimage\"},\"thumbnailUrl\":\"https:\\\/\\\/tzionlibreria.com\\\/wp-content\\\/uploads\\\/2023\\\/10\\\/D_NQ_NP_2X_646191-MLV52800081878_122022-F-1.webp\",\"datePublished\":\"2023-10-24T11:54:46+00:00\",\"dateModified\":\"2026-04-09T19:43:35+00:00\",\"description\":\"Biblia se basa en el texto de la RVR 1960 e incluye la interpretaci\u00f3n de la teolog\u00eda dispensacional y escatol\u00f3gica del te\u00f3logo Dr. C.I. Scofield.\",\"breadcrumb\":{\"@id\":\"https:\\\/\\\/tzionlibreria.com\\\/index.php\\\/product\\\/biblia-de-estudio-scofield-tapa-dura-con-indice-reina-valera-1960\\\/#breadcrumb\"},\"inLanguage\":\"es-CO\",\"potentialAction\":[{\"@type\":\"ReadAction\",\"target\":[\"https:\\\/\\\/tzionlibreria.com\\\/index.php\\\/product\\\/biblia-de-estudio-scofield-tapa-dura-con-indice-reina-valera-1960\\\/\"]}]},{\"@type\":\"ImageObject\",\"inLanguage\":\"es-CO\",\"@id\":\"https:\\\/\\\/tzionlibreria.com\\\/index.php\\\/product\\\/biblia-de-estudio-scofield-tapa-dura-con-indice-reina-valera-1960\\\/#primaryimage\",\"url\":\"https:\\\/\\\/tzionlibreria.com\\\/wp-content\\\/uploads\\\/2023\\\/10\\\/D_NQ_NP_2X_646191-MLV52800081878_122022-F-1.webp\",\"contentUrl\":\"https:\\\/\\\/tzionlibreria.com\\\/wp-content\\\/uploads\\\/2023\\\/10\\\/D_NQ_NP_2X_646191-MLV52800081878_122022-F-1.webp\",\"width\":1092,\"height\":988,\"caption\":\"Scofield\"},{\"@type\":\"BreadcrumbList\",\"@id\":\"https:\\\/\\\/tzionlibreria.com\\\/index.php\\\/product\\\/biblia-de-estudio-scofield-tapa-dura-con-indice-reina-valera-1960\\\/#breadcrumb\",\"itemListElement\":[{\"@type\":\"ListItem\",\"position\":1,\"name\":\"Inicio\",\"item\":\"https:\\\/\\\/tzionlibreria.com\\\/\"},{\"@type\":\"ListItem\",\"position\":2,\"name\":\"Shop\",\"item\":\"https:\\\/\\\/tzionlibreria.com\\\/index.php\\\/shop\\\/\"},{\"@type\":\"ListItem\",\"position\":3,\"name\":\"Biblia De Estudio Scofield- Reina Valera 1960- Con \u00edndice\"}]},{\"@type\":\"WebSite\",\"@id\":\"https:\\\/\\\/tzionlibreria.com\\\/#website\",\"url\":\"https:\\\/\\\/tzionlibreria.com\\\/\",\"name\":\"tzionlibreria.com\",\"description\":\"Libreria Cristiana Venezuela\",\"publisher\":{\"@id\":\"https:\\\/\\\/tzionlibreria.com\\\/#organization\"},\"potentialAction\":[{\"@type\":\"SearchAction\",\"target\":{\"@type\":\"EntryPoint\",\"urlTemplate\":\"https:\\\/\\\/tzionlibreria.com\\\/?s={search_term_string}\"},\"query-input\":{\"@type\":\"PropertyValueSpecification\",\"valueRequired\":true,\"valueName\":\"search_term_string\"}}],\"inLanguage\":\"es-CO\"},{\"@type\":\"Organization\",\"@id\":\"https:\\\/\\\/tzionlibreria.com\\\/#organization\",\"name\":\"tzionlibreria.com\",\"url\":\"https:\\\/\\\/tzionlibreria.com\\\/\",\"logo\":{\"@type\":\"ImageObject\",\"inLanguage\":\"es-CO\",\"@id\":\"https:\\\/\\\/tzionlibreria.com\\\/#\\\/schema\\\/logo\\\/image\\\/\",\"url\":\"https:\\\/\\\/tzionlibreria.com\\\/wp-content\\\/uploads\\\/2023\\\/10\\\/cropped-Cuadricula-scaled-1.jpg\",\"contentUrl\":\"https:\\\/\\\/tzionlibreria.com\\\/wp-content\\\/uploads\\\/2023\\\/10\\\/cropped-Cuadricula-scaled-1.jpg\",\"width\":2560,\"height\":2560,\"caption\":\"tzionlibreria.com\"},\"image\":{\"@id\":\"https:\\\/\\\/tzionlibreria.com\\\/#\\\/schema\\\/logo\\\/image\\\/\"}}]}<\/script>\n<!-- \/ Yoast SEO plugin. -->","yoast_head_json":{"title":"Biblia De Estudio Scofield- Reina Valera 1960- Con \u00edndice - tzionlibreria.com","description":"Biblia se basa en el texto de la RVR 1960 e incluye la interpretaci\u00f3n de la teolog\u00eda dispensacional y escatol\u00f3gica del te\u00f3logo Dr. C.I. Scofield.","robots":{"index":"index","follow":"follow","max-snippet":"max-snippet:-1","max-image-preview":"max-image-preview:large","max-video-preview":"max-video-preview:-1"},"canonical":"https:\/\/tzionlibreria.com\/index.php\/product\/biblia-de-estudio-scofield-tapa-dura-con-indice-reina-valera-1960\/","og_locale":"es_ES","og_type":"article","og_title":"Biblia De Estudio Scofield- Reina Valera 1960- Con \u00edndice - tzionlibreria.com","og_description":"Biblia se basa en el texto de la RVR 1960 e incluye la interpretaci\u00f3n de la teolog\u00eda dispensacional y escatol\u00f3gica del te\u00f3logo Dr. C.I. Scofield.","og_url":"https:\/\/tzionlibreria.com\/index.php\/product\/biblia-de-estudio-scofield-tapa-dura-con-indice-reina-valera-1960\/","og_site_name":"tzionlibreria.com","article_modified_time":"2026-04-09T19:43:35+00:00","og_image":[{"width":1092,"height":988,"url":"http:\/\/tzionlibreria.com\/wp-content\/uploads\/2023\/10\/D_NQ_NP_2X_646191-MLV52800081878_122022-F-1.webp","type":"image\/webp"}],"twitter_card":"summary_large_image","twitter_misc":{"Tiempo de lectura":"1 minuto"},"schema":{"@context":"https:\/\/schema.org","@graph":[{"@type":"WebPage","@id":"https:\/\/tzionlibreria.com\/index.php\/product\/biblia-de-estudio-scofield-tapa-dura-con-indice-reina-valera-1960\/","url":"https:\/\/tzionlibreria.com\/index.php\/product\/biblia-de-estudio-scofield-tapa-dura-con-indice-reina-valera-1960\/","name":"Biblia De Estudio Scofield- Reina Valera 1960- Con \u00edndice - tzionlibreria.com","isPartOf":{"@id":"https:\/\/tzionlibreria.com\/#website"},"primaryImageOfPage":{"@id":"https:\/\/tzionlibreria.com\/index.php\/product\/biblia-de-estudio-scofield-tapa-dura-con-indice-reina-valera-1960\/#primaryimage"},"image":{"@id":"https:\/\/tzionlibreria.com\/index.php\/product\/biblia-de-estudio-scofield-tapa-dura-con-indice-reina-valera-1960\/#primaryimage"},"thumbnailUrl":"https:\/\/tzionlibreria.com\/wp-content\/uploads\/2023\/10\/D_NQ_NP_2X_646191-MLV52800081878_122022-F-1.webp","datePublished":"2023-10-24T11:54:46+00:00","dateModified":"2026-04-09T19:43:35+00:00","description":"Biblia se basa en el texto de la RVR 1960 e incluye la interpretaci\u00f3n de la teolog\u00eda dispensacional y escatol\u00f3gica del te\u00f3logo Dr. C.I. Scofield.","breadcrumb":{"@id":"https:\/\/tzionlibreria.com\/index.php\/product\/biblia-de-estudio-scofield-tapa-dura-con-indice-reina-valera-1960\/#breadcrumb"},"inLanguage":"es-CO","potentialAction":[{"@type":"ReadAction","target":["https:\/\/tzionlibreria.com\/index.php\/product\/biblia-de-estudio-scofield-tapa-dura-con-indice-reina-valera-1960\/"]}]},{"@type":"ImageObject","inLanguage":"es-CO","@id":"https:\/\/tzionlibreria.com\/index.php\/product\/biblia-de-estudio-scofield-tapa-dura-con-indice-reina-valera-1960\/#primaryimage","url":"https:\/\/tzionlibreria.com\/wp-content\/uploads\/2023\/10\/D_NQ_NP_2X_646191-MLV52800081878_122022-F-1.webp","contentUrl":"https:\/\/tzionlibreria.com\/wp-content\/uploads\/2023\/10\/D_NQ_NP_2X_646191-MLV52800081878_122022-F-1.webp","width":1092,"height":988,"caption":"Scofield"},{"@type":"BreadcrumbList","@id":"https:\/\/tzionlibreria.com\/index.php\/product\/biblia-de-estudio-scofield-tapa-dura-con-indice-reina-valera-1960\/#breadcrumb","itemListElement":[{"@type":"ListItem","position":1,"name":"Inicio","item":"https:\/\/tzionlibreria.com\/"},{"@type":"ListItem","position":2,"name":"Shop","item":"https:\/\/tzionlibreria.com\/index.php\/shop\/"},{"@type":"ListItem","position":3,"name":"Biblia De Estudio Scofield- Reina Valera 1960- Con \u00edndice"}]},{"@type":"WebSite","@id":"https:\/\/tzionlibreria.com\/#website","url":"https:\/\/tzionlibreria.com\/","name":"tzionlibreria.com","description":"Libreria Cristiana Venezuela","publisher":{"@id":"https:\/\/tzionlibreria.com\/#organization"},"potentialAction":[{"@type":"SearchAction","target":{"@type":"EntryPoint","urlTemplate":"https:\/\/tzionlibreria.com\/?s={search_term_string}"},"query-input":{"@type":"PropertyValueSpecification","valueRequired":true,"valueName":"search_term_string"}}],"inLanguage":"es-CO"},{"@type":"Organization","@id":"https:\/\/tzionlibreria.com\/#organization","name":"tzionlibreria.com","url":"https:\/\/tzionlibreria.com\/","logo":{"@type":"ImageObject","inLanguage":"es-CO","@id":"https:\/\/tzionlibreria.com\/#\/schema\/logo\/image\/","url":"https:\/\/tzionlibreria.com\/wp-content\/uploads\/2023\/10\/cropped-Cuadricula-scaled-1.jpg","contentUrl":"https:\/\/tzionlibreria.com\/wp-content\/uploads\/2023\/10\/cropped-Cuadricula-scaled-1.jpg","width":2560,"height":2560,"caption":"tzionlibreria.com"},"image":{"@id":"https:\/\/tzionlibreria.com\/#\/schema\/logo\/image\/"}}]}},"jetpack_sharing_enabled":true,"_links":{"self":[{"href":"https:\/\/tzionlibreria.com\/index.php\/wp-json\/wp\/v2\/product\/919","targetHints":{"allow":["GET"]}}],"collection":[{"href":"https:\/\/tzionlibreria.com\/index.php\/wp-json\/wp\/v2\/product"}],"about":[{"href":"https:\/\/tzionlibreria.com\/index.php\/wp-json\/wp\/v2\/types\/product"}],"replies":[{"embeddable":true,"href":"https:\/\/tzionlibreria.com\/index.php\/wp-json\/wp\/v2\/comments?post=919"}],"wp:featuredmedia":[{"embeddable":true,"href":"https:\/\/tzionlibreria.com\/index.php\/wp-json\/wp\/v2\/media\/920"}],"wp:attachment":[{"href":"https:\/\/tzionlibreria.com\/index.php\/wp-json\/wp\/v2\/media?parent=919"}],"wp:term":[{"taxonomy":"product_brand","embeddable":true,"href":"https:\/\/tzionlibreria.com\/index.php\/wp-json\/wp\/v2\/product_brand?post=919"},{"taxonomy":"product_cat","embeddable":true,"href":"https:\/\/tzionlibreria.com\/index.php\/wp-json\/wp\/v2\/product_cat?post=919"},{"taxonomy":"product_tag","embeddable":true,"href":"https:\/\/tzionlibreria.com\/index.php\/wp-json\/wp\/v2\/product_tag?post=919"}],"curies":[{"name":"wp","href":"https:\/\/api.w.org\/{rel}","templated":true}]}}