{"id":938,"date":"2023-10-25T11:00:11","date_gmt":"2023-10-25T11:00:11","guid":{"rendered":"https:\/\/tzionlibreria.com\/?post_type=product&#038;p=938"},"modified":"2025-08-26T22:46:45","modified_gmt":"2025-08-26T22:46:45","slug":"la-biblia-para-todas-las-ninas","status":"publish","type":"product","link":"https:\/\/tzionlibreria.com\/index.php\/product\/la-biblia-para-todas-las-ninas\/","title":{"rendered":"La Biblia para todas las Ni\u00f1as Edad 3-8 a\u00f1os"},"content":{"rendered":"<div class=\"ast-oembed-container \" style=\"height: 100%;\"><iframe title=\"Biblia para todas las Ni\u00f1as y Ni\u00f1os\" width=\"500\" height=\"281\" src=\"https:\/\/www.youtube.com\/embed\/JQGsUjwjLgM?feature=oembed\" frameborder=\"0\" allow=\"accelerometer; autoplay; clipboard-write; encrypted-media; gyroscope; picture-in-picture; web-share\" referrerpolicy=\"strict-origin-when-cross-origin\" allowfullscreen><\/iframe><\/div>\n<p>&nbsp;<\/p>\n<p style=\"text-align: center;\"><strong>\u00bfTe gustan las aventuras? Pues ag\u00e1rrate fuerte, porque est\u00e1s a punto de vivir la mayor aventura de tu vida.<\/strong><\/p>\n<p>En estas p\u00e1ginas vas a leer c\u00f3mo se cre\u00f3 el mundo. Ver\u00e1s serpientes malvadas, navegar\u00e1s en barcos gigantes repletos de animales, cabalgar\u00e1s en camellos entre pir\u00e1mides, conocer\u00e1s tierras d\u00f3nde mana leche y miel, contemplar\u00e1s a faraones y a princesas, 10 plagas asolar\u00e1n magn\u00edficos templos, ver\u00e1s peque\u00f1os pastores matando a horrendos gigantes y a reyes sabios que impartan justicias.<\/p>\n<p>Y lo m\u00e1s importante\u2026 Lo conocer\u00e1s a \u00c9l. A Jes\u00fas de Nazaret, El Hijo de Dios que vino a dar una nueva esperanza al mundo.<\/p>\n<p>Lee las p\u00e1ginas de este libro y descubre lo que \u00c9l ha hecho por ti.<\/p>\n<p>&nbsp;<\/p>\n<h4><strong>Edici\u00f3n de ni\u00f1as.<\/strong><\/h4>\n<p>En esta nueva edici\u00f3n la Biblia es a tapa rosa, acolchada con efectos de brillo y plateado en la portada, y con algunas p\u00e1ginas m\u00e1s. Se trata de una Biblia ilustrada que contiene las historias b\u00edblicas m\u00e1s destacadas resumidas en 277 p\u00e1ginas a todo color.<\/p>\n<p>Est\u00e1 pensada especialmente para ni\u00f1as de 3 a 8 a\u00f1os.<\/p>\n<p>&nbsp;<\/p>\n<p><strong>ISBN<\/strong>: 9788460891710<br \/>\n<strong>Editorial<\/strong>: Mundo Abba<br \/>\n<strong>Cubierta<\/strong>: Tapa Dura Acolchada<br \/>\n<strong>Idioma<\/strong>: Espa\u00f1ol<\/p>\n","protected":false},"excerpt":{"rendered":"<p>&nbsp; \u00bfTe gustan las aventuras? Pues ag\u00e1rrate fuerte, porque est\u00e1s a punto de vivir la mayor aventura de tu vida. En estas p\u00e1ginas vas a leer c\u00f3mo se cre\u00f3 el mundo. Ver\u00e1s serpientes malvadas, navegar\u00e1s en barcos gigantes repletos de animales, cabalgar\u00e1s en camellos entre pir\u00e1mides, conocer\u00e1s tierras d\u00f3nde mana leche y miel, contemplar\u00e1s a [&hellip;]<\/p>\n","protected":false},"featured_media":941,"comment_status":"open","ping_status":"closed","template":"","meta":{"om_disable_all_campaigns":false,"_monsterinsights_skip_tracking":false,"_monsterinsights_sitenote_active":false,"_monsterinsights_sitenote_note":"","_monsterinsights_sitenote_category":0,"site-sidebar-layout":"default","site-content-layout":"","ast-site-content-layout":"default","site-content-style":"default","site-sidebar-style":"default","ast-global-header-display":"","ast-banner-title-visibility":"","ast-main-header-display":"","ast-hfb-above-header-display":"","ast-hfb-below-header-display":"","ast-hfb-mobile-header-display":"","site-post-title":"","ast-breadcrumbs-content":"","ast-featured-img":"","footer-sml-layout":"","ast-disable-related-posts":"","theme-transparent-header-meta":"default","adv-header-id-meta":"","stick-header-meta":"","header-above-stick-meta":"","header-main-stick-meta":"","header-below-stick-meta":"","astra-migrate-meta-layouts":"set","ast-page-background-enabled":"default","ast-page-background-meta":{"desktop":{"background-color":"var(--ast-global-color-4)","background-image":"","background-repeat":"repeat","background-position":"center center","background-size":"auto","background-attachment":"scroll","background-type":"","background-media":"","overlay-type":"","overlay-color":"","overlay-opacity":"","overlay-gradient":""},"tablet":{"background-color":"","background-image":"","background-repeat":"repeat","background-position":"center center","background-size":"auto","background-attachment":"scroll","background-type":"","background-media":"","overlay-type":"","overlay-color":"","overlay-opacity":"","overlay-gradient":""},"mobile":{"background-color":"","background-image":"","background-repeat":"repeat","background-position":"center center","background-size":"auto","background-attachment":"scroll","background-type":"","background-media":"","overlay-type":"","overlay-color":"","overlay-opacity":"","overlay-gradient":""}},"ast-content-background-meta":{"desktop":{"background-color":"var(--ast-global-color-5)","background-image":"","background-repeat":"repeat","background-position":"center center","background-size":"auto","background-attachment":"scroll","background-type":"","background-media":"","overlay-type":"","overlay-color":"","overlay-opacity":"","overlay-gradient":""},"tablet":{"background-color":"var(--ast-global-color-5)","background-image":"","background-repeat":"repeat","background-position":"center center","background-size":"auto","background-attachment":"scroll","background-type":"","background-media":"","overlay-type":"","overlay-color":"","overlay-opacity":"","overlay-gradient":""},"mobile":{"background-color":"var(--ast-global-color-5)","background-image":"","background-repeat":"repeat","background-position":"center center","background-size":"auto","background-attachment":"scroll","background-type":"","background-media":"","overlay-type":"","overlay-color":"","overlay-opacity":"","overlay-gradient":""}}},"product_brand":[],"product_cat":[38,25],"product_tag":[117],"class_list":{"0":"post-938","1":"product","2":"type-product","3":"status-publish","4":"has-post-thumbnail","6":"product_cat-biblias-de-ninos","7":"product_cat-kids","8":"product_tag-ninas","9":"desktop-align-left","10":"tablet-align-left","11":"mobile-align-left","13":"first","14":"instock","15":"shipping-taxable","16":"purchasable","17":"product-type-simple"},"yoast_head":"<!-- This site is optimized with the Yoast SEO plugin v27.4 - https:\/\/yoast.com\/product\/yoast-seo-wordpress\/ -->\n<title>La Biblia para todas las Ni\u00f1as Edad 3-8 a\u00f1os - tzionlibreria.com<\/title>\n<meta name=\"description\" content=\"Se trata de una Biblia ilustrada que contiene las historias b\u00edblicas m\u00e1s destacadas resumidas en 277 p\u00e1ginas a todo color.\" \/>\n<meta name=\"robots\" content=\"index, follow, max-snippet:-1, max-image-preview:large, max-video-preview:-1\" \/>\n<link rel=\"canonical\" href=\"https:\/\/tzionlibreria.com\/index.php\/product\/la-biblia-para-todas-las-ninas\/\" \/>\n<meta property=\"og:locale\" content=\"es_ES\" \/>\n<meta property=\"og:type\" content=\"article\" \/>\n<meta property=\"og:title\" content=\"La Biblia para todas las Ni\u00f1as Edad 3-8 a\u00f1os - tzionlibreria.com\" \/>\n<meta property=\"og:description\" content=\"Se trata de una Biblia ilustrada que contiene las historias b\u00edblicas m\u00e1s destacadas resumidas en 277 p\u00e1ginas a todo color.\" \/>\n<meta property=\"og:url\" content=\"https:\/\/tzionlibreria.com\/index.php\/product\/la-biblia-para-todas-las-ninas\/\" \/>\n<meta property=\"og:site_name\" content=\"tzionlibreria.com\" \/>\n<meta property=\"article:modified_time\" content=\"2025-08-26T22:46:45+00:00\" \/>\n<meta property=\"og:image\" content=\"http:\/\/tzionlibreria.com\/wp-content\/uploads\/2023\/10\/38.png\" \/>\n\t<meta property=\"og:image:width\" content=\"1080\" \/>\n\t<meta property=\"og:image:height\" content=\"1080\" \/>\n\t<meta property=\"og:image:type\" content=\"image\/png\" \/>\n<meta name=\"twitter:card\" content=\"summary_large_image\" \/>\n<meta name=\"twitter:label1\" content=\"Tiempo de lectura\" \/>\n\t<meta name=\"twitter:data1\" content=\"2 minutos\" \/>\n<script type=\"application\/ld+json\" class=\"yoast-schema-graph\">{\"@context\":\"https:\\\/\\\/schema.org\",\"@graph\":[{\"@type\":\"WebPage\",\"@id\":\"https:\\\/\\\/tzionlibreria.com\\\/index.php\\\/product\\\/la-biblia-para-todas-las-ninas\\\/\",\"url\":\"https:\\\/\\\/tzionlibreria.com\\\/index.php\\\/product\\\/la-biblia-para-todas-las-ninas\\\/\",\"name\":\"La Biblia para todas las Ni\u00f1as Edad 3-8 a\u00f1os - tzionlibreria.com\",\"isPartOf\":{\"@id\":\"https:\\\/\\\/tzionlibreria.com\\\/#website\"},\"primaryImageOfPage\":{\"@id\":\"https:\\\/\\\/tzionlibreria.com\\\/index.php\\\/product\\\/la-biblia-para-todas-las-ninas\\\/#primaryimage\"},\"image\":{\"@id\":\"https:\\\/\\\/tzionlibreria.com\\\/index.php\\\/product\\\/la-biblia-para-todas-las-ninas\\\/#primaryimage\"},\"thumbnailUrl\":\"https:\\\/\\\/tzionlibreria.com\\\/wp-content\\\/uploads\\\/2023\\\/10\\\/38.png\",\"datePublished\":\"2023-10-25T11:00:11+00:00\",\"dateModified\":\"2025-08-26T22:46:45+00:00\",\"description\":\"Se trata de una Biblia ilustrada que contiene las historias b\u00edblicas m\u00e1s destacadas resumidas en 277 p\u00e1ginas a todo color.\",\"breadcrumb\":{\"@id\":\"https:\\\/\\\/tzionlibreria.com\\\/index.php\\\/product\\\/la-biblia-para-todas-las-ninas\\\/#breadcrumb\"},\"inLanguage\":\"es-CO\",\"potentialAction\":[{\"@type\":\"ReadAction\",\"target\":[\"https:\\\/\\\/tzionlibreria.com\\\/index.php\\\/product\\\/la-biblia-para-todas-las-ninas\\\/\"]}]},{\"@type\":\"ImageObject\",\"inLanguage\":\"es-CO\",\"@id\":\"https:\\\/\\\/tzionlibreria.com\\\/index.php\\\/product\\\/la-biblia-para-todas-las-ninas\\\/#primaryimage\",\"url\":\"https:\\\/\\\/tzionlibreria.com\\\/wp-content\\\/uploads\\\/2023\\\/10\\\/38.png\",\"contentUrl\":\"https:\\\/\\\/tzionlibreria.com\\\/wp-content\\\/uploads\\\/2023\\\/10\\\/38.png\",\"width\":1080,\"height\":1080},{\"@type\":\"BreadcrumbList\",\"@id\":\"https:\\\/\\\/tzionlibreria.com\\\/index.php\\\/product\\\/la-biblia-para-todas-las-ninas\\\/#breadcrumb\",\"itemListElement\":[{\"@type\":\"ListItem\",\"position\":1,\"name\":\"Inicio\",\"item\":\"https:\\\/\\\/tzionlibreria.com\\\/\"},{\"@type\":\"ListItem\",\"position\":2,\"name\":\"Shop\",\"item\":\"https:\\\/\\\/tzionlibreria.com\\\/index.php\\\/shop\\\/\"},{\"@type\":\"ListItem\",\"position\":3,\"name\":\"La Biblia para todas las Ni\u00f1as Edad 3-8 a\u00f1os\"}]},{\"@type\":\"WebSite\",\"@id\":\"https:\\\/\\\/tzionlibreria.com\\\/#website\",\"url\":\"https:\\\/\\\/tzionlibreria.com\\\/\",\"name\":\"tzionlibreria.com\",\"description\":\"Libreria Cristiana Venezuela\",\"publisher\":{\"@id\":\"https:\\\/\\\/tzionlibreria.com\\\/#organization\"},\"potentialAction\":[{\"@type\":\"SearchAction\",\"target\":{\"@type\":\"EntryPoint\",\"urlTemplate\":\"https:\\\/\\\/tzionlibreria.com\\\/?s={search_term_string}\"},\"query-input\":{\"@type\":\"PropertyValueSpecification\",\"valueRequired\":true,\"valueName\":\"search_term_string\"}}],\"inLanguage\":\"es-CO\"},{\"@type\":\"Organization\",\"@id\":\"https:\\\/\\\/tzionlibreria.com\\\/#organization\",\"name\":\"tzionlibreria.com\",\"url\":\"https:\\\/\\\/tzionlibreria.com\\\/\",\"logo\":{\"@type\":\"ImageObject\",\"inLanguage\":\"es-CO\",\"@id\":\"https:\\\/\\\/tzionlibreria.com\\\/#\\\/schema\\\/logo\\\/image\\\/\",\"url\":\"https:\\\/\\\/tzionlibreria.com\\\/wp-content\\\/uploads\\\/2023\\\/10\\\/cropped-Cuadricula-scaled-1.jpg\",\"contentUrl\":\"https:\\\/\\\/tzionlibreria.com\\\/wp-content\\\/uploads\\\/2023\\\/10\\\/cropped-Cuadricula-scaled-1.jpg\",\"width\":2560,\"height\":2560,\"caption\":\"tzionlibreria.com\"},\"image\":{\"@id\":\"https:\\\/\\\/tzionlibreria.com\\\/#\\\/schema\\\/logo\\\/image\\\/\"}}]}<\/script>\n<!-- \/ Yoast SEO plugin. -->","yoast_head_json":{"title":"La Biblia para todas las Ni\u00f1as Edad 3-8 a\u00f1os - tzionlibreria.com","description":"Se trata de una Biblia ilustrada que contiene las historias b\u00edblicas m\u00e1s destacadas resumidas en 277 p\u00e1ginas a todo color.","robots":{"index":"index","follow":"follow","max-snippet":"max-snippet:-1","max-image-preview":"max-image-preview:large","max-video-preview":"max-video-preview:-1"},"canonical":"https:\/\/tzionlibreria.com\/index.php\/product\/la-biblia-para-todas-las-ninas\/","og_locale":"es_ES","og_type":"article","og_title":"La Biblia para todas las Ni\u00f1as Edad 3-8 a\u00f1os - tzionlibreria.com","og_description":"Se trata de una Biblia ilustrada que contiene las historias b\u00edblicas m\u00e1s destacadas resumidas en 277 p\u00e1ginas a todo color.","og_url":"https:\/\/tzionlibreria.com\/index.php\/product\/la-biblia-para-todas-las-ninas\/","og_site_name":"tzionlibreria.com","article_modified_time":"2025-08-26T22:46:45+00:00","og_image":[{"width":1080,"height":1080,"url":"http:\/\/tzionlibreria.com\/wp-content\/uploads\/2023\/10\/38.png","type":"image\/png"}],"twitter_card":"summary_large_image","twitter_misc":{"Tiempo de lectura":"2 minutos"},"schema":{"@context":"https:\/\/schema.org","@graph":[{"@type":"WebPage","@id":"https:\/\/tzionlibreria.com\/index.php\/product\/la-biblia-para-todas-las-ninas\/","url":"https:\/\/tzionlibreria.com\/index.php\/product\/la-biblia-para-todas-las-ninas\/","name":"La Biblia para todas las Ni\u00f1as Edad 3-8 a\u00f1os - tzionlibreria.com","isPartOf":{"@id":"https:\/\/tzionlibreria.com\/#website"},"primaryImageOfPage":{"@id":"https:\/\/tzionlibreria.com\/index.php\/product\/la-biblia-para-todas-las-ninas\/#primaryimage"},"image":{"@id":"https:\/\/tzionlibreria.com\/index.php\/product\/la-biblia-para-todas-las-ninas\/#primaryimage"},"thumbnailUrl":"https:\/\/tzionlibreria.com\/wp-content\/uploads\/2023\/10\/38.png","datePublished":"2023-10-25T11:00:11+00:00","dateModified":"2025-08-26T22:46:45+00:00","description":"Se trata de una Biblia ilustrada que contiene las historias b\u00edblicas m\u00e1s destacadas resumidas en 277 p\u00e1ginas a todo color.","breadcrumb":{"@id":"https:\/\/tzionlibreria.com\/index.php\/product\/la-biblia-para-todas-las-ninas\/#breadcrumb"},"inLanguage":"es-CO","potentialAction":[{"@type":"ReadAction","target":["https:\/\/tzionlibreria.com\/index.php\/product\/la-biblia-para-todas-las-ninas\/"]}]},{"@type":"ImageObject","inLanguage":"es-CO","@id":"https:\/\/tzionlibreria.com\/index.php\/product\/la-biblia-para-todas-las-ninas\/#primaryimage","url":"https:\/\/tzionlibreria.com\/wp-content\/uploads\/2023\/10\/38.png","contentUrl":"https:\/\/tzionlibreria.com\/wp-content\/uploads\/2023\/10\/38.png","width":1080,"height":1080},{"@type":"BreadcrumbList","@id":"https:\/\/tzionlibreria.com\/index.php\/product\/la-biblia-para-todas-las-ninas\/#breadcrumb","itemListElement":[{"@type":"ListItem","position":1,"name":"Inicio","item":"https:\/\/tzionlibreria.com\/"},{"@type":"ListItem","position":2,"name":"Shop","item":"https:\/\/tzionlibreria.com\/index.php\/shop\/"},{"@type":"ListItem","position":3,"name":"La Biblia para todas las Ni\u00f1as Edad 3-8 a\u00f1os"}]},{"@type":"WebSite","@id":"https:\/\/tzionlibreria.com\/#website","url":"https:\/\/tzionlibreria.com\/","name":"tzionlibreria.com","description":"Libreria Cristiana Venezuela","publisher":{"@id":"https:\/\/tzionlibreria.com\/#organization"},"potentialAction":[{"@type":"SearchAction","target":{"@type":"EntryPoint","urlTemplate":"https:\/\/tzionlibreria.com\/?s={search_term_string}"},"query-input":{"@type":"PropertyValueSpecification","valueRequired":true,"valueName":"search_term_string"}}],"inLanguage":"es-CO"},{"@type":"Organization","@id":"https:\/\/tzionlibreria.com\/#organization","name":"tzionlibreria.com","url":"https:\/\/tzionlibreria.com\/","logo":{"@type":"ImageObject","inLanguage":"es-CO","@id":"https:\/\/tzionlibreria.com\/#\/schema\/logo\/image\/","url":"https:\/\/tzionlibreria.com\/wp-content\/uploads\/2023\/10\/cropped-Cuadricula-scaled-1.jpg","contentUrl":"https:\/\/tzionlibreria.com\/wp-content\/uploads\/2023\/10\/cropped-Cuadricula-scaled-1.jpg","width":2560,"height":2560,"caption":"tzionlibreria.com"},"image":{"@id":"https:\/\/tzionlibreria.com\/#\/schema\/logo\/image\/"}}]}},"jetpack_sharing_enabled":true,"_links":{"self":[{"href":"https:\/\/tzionlibreria.com\/index.php\/wp-json\/wp\/v2\/product\/938","targetHints":{"allow":["GET"]}}],"collection":[{"href":"https:\/\/tzionlibreria.com\/index.php\/wp-json\/wp\/v2\/product"}],"about":[{"href":"https:\/\/tzionlibreria.com\/index.php\/wp-json\/wp\/v2\/types\/product"}],"replies":[{"embeddable":true,"href":"https:\/\/tzionlibreria.com\/index.php\/wp-json\/wp\/v2\/comments?post=938"}],"wp:featuredmedia":[{"embeddable":true,"href":"https:\/\/tzionlibreria.com\/index.php\/wp-json\/wp\/v2\/media\/941"}],"wp:attachment":[{"href":"https:\/\/tzionlibreria.com\/index.php\/wp-json\/wp\/v2\/media?parent=938"}],"wp:term":[{"taxonomy":"product_brand","embeddable":true,"href":"https:\/\/tzionlibreria.com\/index.php\/wp-json\/wp\/v2\/product_brand?post=938"},{"taxonomy":"product_cat","embeddable":true,"href":"https:\/\/tzionlibreria.com\/index.php\/wp-json\/wp\/v2\/product_cat?post=938"},{"taxonomy":"product_tag","embeddable":true,"href":"https:\/\/tzionlibreria.com\/index.php\/wp-json\/wp\/v2\/product_tag?post=938"}],"curies":[{"name":"wp","href":"https:\/\/api.w.org\/{rel}","templated":true}]}}