{"id":983,"date":"2023-10-25T20:29:51","date_gmt":"2023-10-25T20:29:51","guid":{"rendered":"https:\/\/tzionlibreria.com\/?post_type=product&#038;p=983"},"modified":"2024-11-22T03:09:17","modified_gmt":"2024-11-22T03:09:17","slug":"oraciones-desesperadas-para-tiempos-desesperados-john-eckhardt","status":"publish","type":"product","link":"https:\/\/tzionlibreria.com\/index.php\/product\/oraciones-desesperadas-para-tiempos-desesperados-john-eckhardt\/","title":{"rendered":"Oraciones Desesperadas Para Tiempos Desesperados \u2013 John Eckhardt"},"content":{"rendered":"<h5 class=\"product-subtitle\" style=\"text-align: center;\">Libere El Poder de Dios en La Hora m\u00e1s Oscura de Su Vida<\/h5>\n<p>&nbsp;<\/p>\n<p>Cuando ha agotado todas sus opciones y todo a lo que se aferraba ha fallado, Dios se hace presente. \u00c9l escucha su clamor y recuerda las promesas que le hizo. \u00c9l nunca se aparta del desesperado. Nunca ignora sus l\u00e1grimas. Los sue\u00f1os y visiones que Dios ha puesto en el coraz\u00f3n de su pueblo se har\u00e1n realidad. Su \u00fanica tarea es aprender a hacer oraciones desesperadas. El autor de libros de mayor venta, John Eckhardt, usa la oraci\u00f3n de Ana como modelo para invitarlo a usted a llevar una vida de oraci\u00f3n que produzca resultados consistentemente. A trav\u00e9s de la ense\u00f1anza b\u00edblica y la aplicaci\u00f3n pr\u00e1ctica, usted puede perseverar en la oraci\u00f3n sin importar d\u00f3nde est\u00e9 en su vida, cu\u00e1n mal parezcan las cosas o la situaci\u00f3n en la que se halle. Tenga la \u00faltima palabra sobre el enemigo y experimente gozo en la presencia de Dios.<\/p>\n<p>&nbsp;<\/p>\n<p><strong>ISBN<\/strong>: 9781629993966<br \/>\n<strong>Editorial<\/strong>: Editorial Casa Creaci\u00f3n<br \/>\n<strong>Dimensiones<\/strong>: 140 x 20 x 220 mm<br \/>\n<strong>Peso<\/strong>: 0,236kg<br \/>\n<strong>Cubierta<\/strong>: R\u00fastica<br \/>\n<strong>N\u00famero de p\u00e1ginas<\/strong>: 224<br \/>\n<strong>Idioma<\/strong>: Espa\u00f1ol<\/p>\n","protected":false},"excerpt":{"rendered":"<p>Libere El Poder de Dios en La Hora m\u00e1s Oscura de Su Vida &nbsp; Cuando ha agotado todas sus opciones y todo a lo que se aferraba ha fallado, Dios se hace presente. \u00c9l escucha su clamor y recuerda las promesas que le hizo. \u00c9l nunca se aparta del desesperado. Nunca ignora sus l\u00e1grimas. Los [&hellip;]<\/p>\n","protected":false},"featured_media":974,"comment_status":"open","ping_status":"closed","template":"","meta":{"om_disable_all_campaigns":false,"_monsterinsights_skip_tracking":false,"_monsterinsights_sitenote_active":false,"_monsterinsights_sitenote_note":"","_monsterinsights_sitenote_category":0,"site-sidebar-layout":"default","site-content-layout":"","ast-site-content-layout":"default","site-content-style":"default","site-sidebar-style":"default","ast-global-header-display":"","ast-banner-title-visibility":"","ast-main-header-display":"","ast-hfb-above-header-display":"","ast-hfb-below-header-display":"","ast-hfb-mobile-header-display":"","site-post-title":"","ast-breadcrumbs-content":"","ast-featured-img":"","footer-sml-layout":"","ast-disable-related-posts":"","theme-transparent-header-meta":"default","adv-header-id-meta":"","stick-header-meta":"","header-above-stick-meta":"","header-main-stick-meta":"","header-below-stick-meta":"","astra-migrate-meta-layouts":"set","ast-page-background-enabled":"default","ast-page-background-meta":{"desktop":{"background-color":"var(--ast-global-color-4)","background-image":"","background-repeat":"repeat","background-position":"center center","background-size":"auto","background-attachment":"scroll","background-type":"","background-media":"","overlay-type":"","overlay-color":"","overlay-opacity":"","overlay-gradient":""},"tablet":{"background-color":"","background-image":"","background-repeat":"repeat","background-position":"center center","background-size":"auto","background-attachment":"scroll","background-type":"","background-media":"","overlay-type":"","overlay-color":"","overlay-opacity":"","overlay-gradient":""},"mobile":{"background-color":"","background-image":"","background-repeat":"repeat","background-position":"center center","background-size":"auto","background-attachment":"scroll","background-type":"","background-media":"","overlay-type":"","overlay-color":"","overlay-opacity":"","overlay-gradient":""}},"ast-content-background-meta":{"desktop":{"background-color":"var(--ast-global-color-5)","background-image":"","background-repeat":"repeat","background-position":"center center","background-size":"auto","background-attachment":"scroll","background-type":"","background-media":"","overlay-type":"","overlay-color":"","overlay-opacity":"","overlay-gradient":""},"tablet":{"background-color":"var(--ast-global-color-5)","background-image":"","background-repeat":"repeat","background-position":"center center","background-size":"auto","background-attachment":"scroll","background-type":"","background-media":"","overlay-type":"","overlay-color":"","overlay-opacity":"","overlay-gradient":""},"mobile":{"background-color":"var(--ast-global-color-5)","background-image":"","background-repeat":"repeat","background-position":"center center","background-size":"auto","background-attachment":"scroll","background-type":"","background-media":"","overlay-type":"","overlay-color":"","overlay-opacity":"","overlay-gradient":""}}},"product_brand":[],"product_cat":[168,23,176],"product_tag":[56],"class_list":{"0":"post-983","1":"product","2":"type-product","3":"status-publish","4":"has-post-thumbnail","6":"product_cat-guerra-espiritual","7":"product_cat-libros","8":"product_cat-oraciones","9":"product_tag-john-eckhardt","10":"desktop-align-left","11":"tablet-align-left","12":"mobile-align-left","14":"first","15":"instock","16":"shipping-taxable","17":"purchasable","18":"product-type-simple"},"yoast_head":"<!-- This site is optimized with the Yoast SEO plugin v27.4 - https:\/\/yoast.com\/product\/yoast-seo-wordpress\/ -->\n<title>Oraciones Desesperadas Para Tiempos Desesperados \u2013 John Eckhardt - tzionlibreria.com<\/title>\n<meta name=\"robots\" content=\"index, follow, max-snippet:-1, max-image-preview:large, max-video-preview:-1\" \/>\n<link rel=\"canonical\" href=\"https:\/\/tzionlibreria.com\/index.php\/product\/oraciones-desesperadas-para-tiempos-desesperados-john-eckhardt\/\" \/>\n<meta property=\"og:locale\" content=\"es_ES\" \/>\n<meta property=\"og:type\" content=\"article\" \/>\n<meta property=\"og:title\" content=\"Oraciones Desesperadas Para Tiempos Desesperados \u2013 John Eckhardt - tzionlibreria.com\" \/>\n<meta property=\"og:description\" content=\"Libere El Poder de Dios en La Hora m\u00e1s Oscura de Su Vida &nbsp; Cuando ha agotado todas sus opciones y todo a lo que se aferraba ha fallado, Dios se hace presente. \u00c9l escucha su clamor y recuerda las promesas que le hizo. \u00c9l nunca se aparta del desesperado. Nunca ignora sus l\u00e1grimas. Los [&hellip;]\" \/>\n<meta property=\"og:url\" content=\"https:\/\/tzionlibreria.com\/index.php\/product\/oraciones-desesperadas-para-tiempos-desesperados-john-eckhardt\/\" \/>\n<meta property=\"og:site_name\" content=\"tzionlibreria.com\" \/>\n<meta property=\"article:modified_time\" content=\"2024-11-22T03:09:17+00:00\" \/>\n<meta property=\"og:image\" content=\"http:\/\/tzionlibreria.com\/wp-content\/uploads\/2023\/10\/D_NQ_NP_2X_856821-MLV69744511953_052023-F.webp\" \/>\n\t<meta property=\"og:image:width\" content=\"1080\" \/>\n\t<meta property=\"og:image:height\" content=\"1000\" \/>\n\t<meta property=\"og:image:type\" content=\"image\/webp\" \/>\n<meta name=\"twitter:card\" content=\"summary_large_image\" \/>\n<meta name=\"twitter:label1\" content=\"Tiempo de lectura\" \/>\n\t<meta name=\"twitter:data1\" content=\"2 minutos\" \/>\n<script type=\"application\/ld+json\" class=\"yoast-schema-graph\">{\"@context\":\"https:\\\/\\\/schema.org\",\"@graph\":[{\"@type\":\"WebPage\",\"@id\":\"https:\\\/\\\/tzionlibreria.com\\\/index.php\\\/product\\\/oraciones-desesperadas-para-tiempos-desesperados-john-eckhardt\\\/\",\"url\":\"https:\\\/\\\/tzionlibreria.com\\\/index.php\\\/product\\\/oraciones-desesperadas-para-tiempos-desesperados-john-eckhardt\\\/\",\"name\":\"Oraciones Desesperadas Para Tiempos Desesperados \u2013 John Eckhardt - tzionlibreria.com\",\"isPartOf\":{\"@id\":\"https:\\\/\\\/tzionlibreria.com\\\/#website\"},\"primaryImageOfPage\":{\"@id\":\"https:\\\/\\\/tzionlibreria.com\\\/index.php\\\/product\\\/oraciones-desesperadas-para-tiempos-desesperados-john-eckhardt\\\/#primaryimage\"},\"image\":{\"@id\":\"https:\\\/\\\/tzionlibreria.com\\\/index.php\\\/product\\\/oraciones-desesperadas-para-tiempos-desesperados-john-eckhardt\\\/#primaryimage\"},\"thumbnailUrl\":\"https:\\\/\\\/tzionlibreria.com\\\/wp-content\\\/uploads\\\/2023\\\/10\\\/D_NQ_NP_2X_856821-MLV69744511953_052023-F.webp\",\"datePublished\":\"2023-10-25T20:29:51+00:00\",\"dateModified\":\"2024-11-22T03:09:17+00:00\",\"breadcrumb\":{\"@id\":\"https:\\\/\\\/tzionlibreria.com\\\/index.php\\\/product\\\/oraciones-desesperadas-para-tiempos-desesperados-john-eckhardt\\\/#breadcrumb\"},\"inLanguage\":\"es-CO\",\"potentialAction\":[{\"@type\":\"ReadAction\",\"target\":[\"https:\\\/\\\/tzionlibreria.com\\\/index.php\\\/product\\\/oraciones-desesperadas-para-tiempos-desesperados-john-eckhardt\\\/\"]}]},{\"@type\":\"ImageObject\",\"inLanguage\":\"es-CO\",\"@id\":\"https:\\\/\\\/tzionlibreria.com\\\/index.php\\\/product\\\/oraciones-desesperadas-para-tiempos-desesperados-john-eckhardt\\\/#primaryimage\",\"url\":\"https:\\\/\\\/tzionlibreria.com\\\/wp-content\\\/uploads\\\/2023\\\/10\\\/D_NQ_NP_2X_856821-MLV69744511953_052023-F.webp\",\"contentUrl\":\"https:\\\/\\\/tzionlibreria.com\\\/wp-content\\\/uploads\\\/2023\\\/10\\\/D_NQ_NP_2X_856821-MLV69744511953_052023-F.webp\",\"width\":1080,\"height\":1000},{\"@type\":\"BreadcrumbList\",\"@id\":\"https:\\\/\\\/tzionlibreria.com\\\/index.php\\\/product\\\/oraciones-desesperadas-para-tiempos-desesperados-john-eckhardt\\\/#breadcrumb\",\"itemListElement\":[{\"@type\":\"ListItem\",\"position\":1,\"name\":\"Inicio\",\"item\":\"https:\\\/\\\/tzionlibreria.com\\\/\"},{\"@type\":\"ListItem\",\"position\":2,\"name\":\"Shop\",\"item\":\"https:\\\/\\\/tzionlibreria.com\\\/index.php\\\/shop\\\/\"},{\"@type\":\"ListItem\",\"position\":3,\"name\":\"Oraciones Desesperadas Para Tiempos Desesperados \u2013 John Eckhardt\"}]},{\"@type\":\"WebSite\",\"@id\":\"https:\\\/\\\/tzionlibreria.com\\\/#website\",\"url\":\"https:\\\/\\\/tzionlibreria.com\\\/\",\"name\":\"tzionlibreria.com\",\"description\":\"Libreria Cristiana Venezuela\",\"publisher\":{\"@id\":\"https:\\\/\\\/tzionlibreria.com\\\/#organization\"},\"potentialAction\":[{\"@type\":\"SearchAction\",\"target\":{\"@type\":\"EntryPoint\",\"urlTemplate\":\"https:\\\/\\\/tzionlibreria.com\\\/?s={search_term_string}\"},\"query-input\":{\"@type\":\"PropertyValueSpecification\",\"valueRequired\":true,\"valueName\":\"search_term_string\"}}],\"inLanguage\":\"es-CO\"},{\"@type\":\"Organization\",\"@id\":\"https:\\\/\\\/tzionlibreria.com\\\/#organization\",\"name\":\"tzionlibreria.com\",\"url\":\"https:\\\/\\\/tzionlibreria.com\\\/\",\"logo\":{\"@type\":\"ImageObject\",\"inLanguage\":\"es-CO\",\"@id\":\"https:\\\/\\\/tzionlibreria.com\\\/#\\\/schema\\\/logo\\\/image\\\/\",\"url\":\"https:\\\/\\\/tzionlibreria.com\\\/wp-content\\\/uploads\\\/2023\\\/10\\\/cropped-Cuadricula-scaled-1.jpg\",\"contentUrl\":\"https:\\\/\\\/tzionlibreria.com\\\/wp-content\\\/uploads\\\/2023\\\/10\\\/cropped-Cuadricula-scaled-1.jpg\",\"width\":2560,\"height\":2560,\"caption\":\"tzionlibreria.com\"},\"image\":{\"@id\":\"https:\\\/\\\/tzionlibreria.com\\\/#\\\/schema\\\/logo\\\/image\\\/\"}}]}<\/script>\n<!-- \/ Yoast SEO plugin. -->","yoast_head_json":{"title":"Oraciones Desesperadas Para Tiempos Desesperados \u2013 John Eckhardt - tzionlibreria.com","robots":{"index":"index","follow":"follow","max-snippet":"max-snippet:-1","max-image-preview":"max-image-preview:large","max-video-preview":"max-video-preview:-1"},"canonical":"https:\/\/tzionlibreria.com\/index.php\/product\/oraciones-desesperadas-para-tiempos-desesperados-john-eckhardt\/","og_locale":"es_ES","og_type":"article","og_title":"Oraciones Desesperadas Para Tiempos Desesperados \u2013 John Eckhardt - tzionlibreria.com","og_description":"Libere El Poder de Dios en La Hora m\u00e1s Oscura de Su Vida &nbsp; Cuando ha agotado todas sus opciones y todo a lo que se aferraba ha fallado, Dios se hace presente. \u00c9l escucha su clamor y recuerda las promesas que le hizo. \u00c9l nunca se aparta del desesperado. Nunca ignora sus l\u00e1grimas. Los [&hellip;]","og_url":"https:\/\/tzionlibreria.com\/index.php\/product\/oraciones-desesperadas-para-tiempos-desesperados-john-eckhardt\/","og_site_name":"tzionlibreria.com","article_modified_time":"2024-11-22T03:09:17+00:00","og_image":[{"width":1080,"height":1000,"url":"http:\/\/tzionlibreria.com\/wp-content\/uploads\/2023\/10\/D_NQ_NP_2X_856821-MLV69744511953_052023-F.webp","type":"image\/webp"}],"twitter_card":"summary_large_image","twitter_misc":{"Tiempo de lectura":"2 minutos"},"schema":{"@context":"https:\/\/schema.org","@graph":[{"@type":"WebPage","@id":"https:\/\/tzionlibreria.com\/index.php\/product\/oraciones-desesperadas-para-tiempos-desesperados-john-eckhardt\/","url":"https:\/\/tzionlibreria.com\/index.php\/product\/oraciones-desesperadas-para-tiempos-desesperados-john-eckhardt\/","name":"Oraciones Desesperadas Para Tiempos Desesperados \u2013 John Eckhardt - tzionlibreria.com","isPartOf":{"@id":"https:\/\/tzionlibreria.com\/#website"},"primaryImageOfPage":{"@id":"https:\/\/tzionlibreria.com\/index.php\/product\/oraciones-desesperadas-para-tiempos-desesperados-john-eckhardt\/#primaryimage"},"image":{"@id":"https:\/\/tzionlibreria.com\/index.php\/product\/oraciones-desesperadas-para-tiempos-desesperados-john-eckhardt\/#primaryimage"},"thumbnailUrl":"https:\/\/tzionlibreria.com\/wp-content\/uploads\/2023\/10\/D_NQ_NP_2X_856821-MLV69744511953_052023-F.webp","datePublished":"2023-10-25T20:29:51+00:00","dateModified":"2024-11-22T03:09:17+00:00","breadcrumb":{"@id":"https:\/\/tzionlibreria.com\/index.php\/product\/oraciones-desesperadas-para-tiempos-desesperados-john-eckhardt\/#breadcrumb"},"inLanguage":"es-CO","potentialAction":[{"@type":"ReadAction","target":["https:\/\/tzionlibreria.com\/index.php\/product\/oraciones-desesperadas-para-tiempos-desesperados-john-eckhardt\/"]}]},{"@type":"ImageObject","inLanguage":"es-CO","@id":"https:\/\/tzionlibreria.com\/index.php\/product\/oraciones-desesperadas-para-tiempos-desesperados-john-eckhardt\/#primaryimage","url":"https:\/\/tzionlibreria.com\/wp-content\/uploads\/2023\/10\/D_NQ_NP_2X_856821-MLV69744511953_052023-F.webp","contentUrl":"https:\/\/tzionlibreria.com\/wp-content\/uploads\/2023\/10\/D_NQ_NP_2X_856821-MLV69744511953_052023-F.webp","width":1080,"height":1000},{"@type":"BreadcrumbList","@id":"https:\/\/tzionlibreria.com\/index.php\/product\/oraciones-desesperadas-para-tiempos-desesperados-john-eckhardt\/#breadcrumb","itemListElement":[{"@type":"ListItem","position":1,"name":"Inicio","item":"https:\/\/tzionlibreria.com\/"},{"@type":"ListItem","position":2,"name":"Shop","item":"https:\/\/tzionlibreria.com\/index.php\/shop\/"},{"@type":"ListItem","position":3,"name":"Oraciones Desesperadas Para Tiempos Desesperados \u2013 John Eckhardt"}]},{"@type":"WebSite","@id":"https:\/\/tzionlibreria.com\/#website","url":"https:\/\/tzionlibreria.com\/","name":"tzionlibreria.com","description":"Libreria Cristiana Venezuela","publisher":{"@id":"https:\/\/tzionlibreria.com\/#organization"},"potentialAction":[{"@type":"SearchAction","target":{"@type":"EntryPoint","urlTemplate":"https:\/\/tzionlibreria.com\/?s={search_term_string}"},"query-input":{"@type":"PropertyValueSpecification","valueRequired":true,"valueName":"search_term_string"}}],"inLanguage":"es-CO"},{"@type":"Organization","@id":"https:\/\/tzionlibreria.com\/#organization","name":"tzionlibreria.com","url":"https:\/\/tzionlibreria.com\/","logo":{"@type":"ImageObject","inLanguage":"es-CO","@id":"https:\/\/tzionlibreria.com\/#\/schema\/logo\/image\/","url":"https:\/\/tzionlibreria.com\/wp-content\/uploads\/2023\/10\/cropped-Cuadricula-scaled-1.jpg","contentUrl":"https:\/\/tzionlibreria.com\/wp-content\/uploads\/2023\/10\/cropped-Cuadricula-scaled-1.jpg","width":2560,"height":2560,"caption":"tzionlibreria.com"},"image":{"@id":"https:\/\/tzionlibreria.com\/#\/schema\/logo\/image\/"}}]}},"jetpack_sharing_enabled":true,"_links":{"self":[{"href":"https:\/\/tzionlibreria.com\/index.php\/wp-json\/wp\/v2\/product\/983","targetHints":{"allow":["GET"]}}],"collection":[{"href":"https:\/\/tzionlibreria.com\/index.php\/wp-json\/wp\/v2\/product"}],"about":[{"href":"https:\/\/tzionlibreria.com\/index.php\/wp-json\/wp\/v2\/types\/product"}],"replies":[{"embeddable":true,"href":"https:\/\/tzionlibreria.com\/index.php\/wp-json\/wp\/v2\/comments?post=983"}],"wp:featuredmedia":[{"embeddable":true,"href":"https:\/\/tzionlibreria.com\/index.php\/wp-json\/wp\/v2\/media\/974"}],"wp:attachment":[{"href":"https:\/\/tzionlibreria.com\/index.php\/wp-json\/wp\/v2\/media?parent=983"}],"wp:term":[{"taxonomy":"product_brand","embeddable":true,"href":"https:\/\/tzionlibreria.com\/index.php\/wp-json\/wp\/v2\/product_brand?post=983"},{"taxonomy":"product_cat","embeddable":true,"href":"https:\/\/tzionlibreria.com\/index.php\/wp-json\/wp\/v2\/product_cat?post=983"},{"taxonomy":"product_tag","embeddable":true,"href":"https:\/\/tzionlibreria.com\/index.php\/wp-json\/wp\/v2\/product_tag?post=983"}],"curies":[{"name":"wp","href":"https:\/\/api.w.org\/{rel}","templated":true}]}}