{"id":992,"date":"2023-10-25T21:27:03","date_gmt":"2023-10-25T21:27:03","guid":{"rendered":"https:\/\/tzionlibreria.com\/?post_type=product&#038;p=992"},"modified":"2025-12-09T15:51:16","modified_gmt":"2025-12-09T15:51:16","slug":"una-vida-con-proposito-rick-warren","status":"publish","type":"product","link":"https:\/\/tzionlibreria.com\/index.php\/product\/una-vida-con-proposito-rick-warren\/","title":{"rendered":"Una Vida Con Prop\u00f3sito \u2013 Rick Warren"},"content":{"rendered":"<div class=\"ast-oembed-container \" style=\"height: 100%;\"><iframe title=\"Una #Vida Con #Prop\u00f3sito\" width=\"500\" height=\"281\" src=\"https:\/\/www.youtube.com\/embed\/dl_l8XPP8M0?feature=oembed\" frameborder=\"0\" allow=\"accelerometer; autoplay; clipboard-write; encrypted-media; gyroscope; picture-in-picture; web-share\" referrerpolicy=\"strict-origin-when-cross-origin\" allowfullscreen><\/iframe><\/div>\n<p>&nbsp;<\/p>\n<h3 data-start=\"177\" data-end=\"230\">\ud83d\udcd8 <em data-start=\"184\" data-end=\"228\">Una Vida con Prop\u00f3sito \u2013 Edici\u00f3n Expandida<\/em><\/h3>\n<p>&nbsp;<\/p>\n<p data-start=\"231\" data-end=\"363\"><strong data-start=\"231\" data-end=\"283\">Rick Warren \u2013 \u00bfPara qu\u00e9 estoy aqu\u00ed en la tierra?<\/strong><br data-start=\"283\" data-end=\"286\" \/>\ud83e\udded <em data-start=\"289\" data-end=\"363\">Encuentra el verdadero prop\u00f3sito para tu vida, desde el coraz\u00f3n de Dios.<\/em><\/p>\n<p data-start=\"365\" data-end=\"561\"><strong data-start=\"365\" data-end=\"374\">ISBN:<\/strong> 9780829763782 | <strong data-start=\"391\" data-end=\"405\">Editorial:<\/strong> Vida<br data-start=\"410\" data-end=\"413\" \/>\ud83d\udcc5 <strong data-start=\"416\" data-end=\"432\">Lanzamiento:<\/strong> 12 de diciembre de 2017 | \ud83d\udcc4 <strong data-start=\"462\" data-end=\"477\">368 p\u00e1ginas<\/strong><br data-start=\"477\" data-end=\"480\" \/>\ud83d\udcd0 <strong data-start=\"483\" data-end=\"499\">Dimensiones:<\/strong> 13.8 x 21.5 x 2 cm | \u2696\ufe0f <strong data-start=\"524\" data-end=\"533\">Peso:<\/strong> 437 g | \ud83d\udcda <strong data-start=\"545\" data-end=\"561\">Tapa r\u00fastica<\/strong><\/p>\n<hr data-start=\"563\" data-end=\"566\" \/>\n<p data-start=\"568\" data-end=\"808\">Este libro transformador ha impactado la vida de m\u00e1s de <strong data-start=\"624\" data-end=\"668\">32 millones de lectores en todo el mundo<\/strong>. En <em data-start=\"673\" data-end=\"697\">Una Vida con Prop\u00f3sito<\/em>, Rick Warren responde a una de las preguntas m\u00e1s profundas que todos nos hacemos:<br data-start=\"779\" data-end=\"782\" \/><strong data-start=\"782\" data-end=\"808\">\u201c\u00bfPor qu\u00e9 estoy aqu\u00ed?\u201d<\/strong><\/p>\n<p data-start=\"810\" data-end=\"999\">\ud83d\udcd6 En lugar de buscar las respuestas en nuestro interior, Warren nos gu\u00eda a <strong data-start=\"886\" data-end=\"942\">descubrir el plan eterno de Dios para nuestras vidas<\/strong>, ayud\u00e1ndonos a vivir con sentido, intenci\u00f3n y direcci\u00f3n.<\/p>\n<p data-start=\"1001\" data-end=\"1038\">\ud83d\udca1 <strong data-start=\"1004\" data-end=\"1038\">Qu\u00e9 encontrar\u00e1s en este libro:<\/strong><\/p>\n<ul data-start=\"1039\" data-end=\"1289\">\n<li data-start=\"1039\" data-end=\"1107\">\n<p data-start=\"1041\" data-end=\"1107\">Fundamentos b\u00edblicos para entender el prop\u00f3sito de tu existencia<\/p>\n<\/li>\n<li data-start=\"1108\" data-end=\"1169\">\n<p data-start=\"1110\" data-end=\"1169\">Enfoque pr\u00e1ctico y espiritual para aplicar a tu d\u00eda a d\u00eda<\/p>\n<\/li>\n<li data-start=\"1170\" data-end=\"1230\">\n<p data-start=\"1172\" data-end=\"1230\">40 cap\u00edtulos devocionales, ideales para leer uno por d\u00eda<\/p>\n<\/li>\n<li data-start=\"1231\" data-end=\"1289\">\n<p data-start=\"1233\" data-end=\"1289\">Inspiraci\u00f3n para vivir centrado en Dios, no en uno mismo<\/p>\n<\/li>\n<\/ul>\n<p data-start=\"1291\" data-end=\"1405\">\ud83e\udeb4 <em data-start=\"1294\" data-end=\"1334\">\u201cNo se trata de ti\u2026 Se trata de Dios.\u201d<\/em><br data-start=\"1334\" data-end=\"1337\" \/>Este libro no solo cambiar\u00e1 tu perspectiva, sino tambi\u00e9n tu destino.<\/p>\n","protected":false},"excerpt":{"rendered":"<p>&nbsp; \ud83d\udcd8 Una Vida con Prop\u00f3sito \u2013 Edici\u00f3n Expandida &nbsp; Rick Warren \u2013 \u00bfPara qu\u00e9 estoy aqu\u00ed en la tierra?\ud83e\udded Encuentra el verdadero prop\u00f3sito para tu vida, desde el coraz\u00f3n de Dios. ISBN: 9780829763782 | Editorial: Vida\ud83d\udcc5 Lanzamiento: 12 de diciembre de 2017 | \ud83d\udcc4 368 p\u00e1ginas\ud83d\udcd0 Dimensiones: 13.8 x 21.5 x 2 cm | [&hellip;]<\/p>\n","protected":false},"featured_media":1003,"comment_status":"open","ping_status":"closed","template":"","meta":{"om_disable_all_campaigns":false,"_monsterinsights_skip_tracking":false,"_monsterinsights_sitenote_active":false,"_monsterinsights_sitenote_note":"","_monsterinsights_sitenote_category":0,"site-sidebar-layout":"default","site-content-layout":"","ast-site-content-layout":"default","site-content-style":"default","site-sidebar-style":"default","ast-global-header-display":"","ast-banner-title-visibility":"","ast-main-header-display":"","ast-hfb-above-header-display":"","ast-hfb-below-header-display":"","ast-hfb-mobile-header-display":"","site-post-title":"","ast-breadcrumbs-content":"","ast-featured-img":"","footer-sml-layout":"","ast-disable-related-posts":"","theme-transparent-header-meta":"default","adv-header-id-meta":"","stick-header-meta":"","header-above-stick-meta":"","header-main-stick-meta":"","header-below-stick-meta":"","astra-migrate-meta-layouts":"set","ast-page-background-enabled":"default","ast-page-background-meta":{"desktop":{"background-color":"var(--ast-global-color-4)","background-image":"","background-repeat":"repeat","background-position":"center center","background-size":"auto","background-attachment":"scroll","background-type":"","background-media":"","overlay-type":"","overlay-color":"","overlay-opacity":"","overlay-gradient":""},"tablet":{"background-color":"","background-image":"","background-repeat":"repeat","background-position":"center center","background-size":"auto","background-attachment":"scroll","background-type":"","background-media":"","overlay-type":"","overlay-color":"","overlay-opacity":"","overlay-gradient":""},"mobile":{"background-color":"","background-image":"","background-repeat":"repeat","background-position":"center center","background-size":"auto","background-attachment":"scroll","background-type":"","background-media":"","overlay-type":"","overlay-color":"","overlay-opacity":"","overlay-gradient":""}},"ast-content-background-meta":{"desktop":{"background-color":"var(--ast-global-color-5)","background-image":"","background-repeat":"repeat","background-position":"center center","background-size":"auto","background-attachment":"scroll","background-type":"","background-media":"","overlay-type":"","overlay-color":"","overlay-opacity":"","overlay-gradient":""},"tablet":{"background-color":"var(--ast-global-color-5)","background-image":"","background-repeat":"repeat","background-position":"center center","background-size":"auto","background-attachment":"scroll","background-type":"","background-media":"","overlay-type":"","overlay-color":"","overlay-opacity":"","overlay-gradient":""},"mobile":{"background-color":"var(--ast-global-color-5)","background-image":"","background-repeat":"repeat","background-position":"center center","background-size":"auto","background-attachment":"scroll","background-type":"","background-media":"","overlay-type":"","overlay-color":"","overlay-opacity":"","overlay-gradient":""}}},"product_brand":[],"product_cat":[167,169,174,23,175,172],"product_tag":[125,124],"class_list":{"0":"post-992","1":"product","2":"type-product","3":"status-publish","4":"has-post-thumbnail","6":"product_cat-familia","7":"product_cat-hombres","8":"product_cat-iglesia","9":"product_cat-libros","10":"product_cat-liderazgo","11":"product_cat-matrimonio-y-relaciones","12":"product_tag-autoayuda","13":"product_tag-rick-warren","14":"desktop-align-left","15":"tablet-align-left","16":"mobile-align-left","18":"first","19":"instock","20":"shipping-taxable","21":"purchasable","22":"product-type-simple"},"yoast_head":"<!-- This site is optimized with the Yoast SEO plugin v27.4 - https:\/\/yoast.com\/product\/yoast-seo-wordpress\/ -->\n<title>Una Vida Con Prop\u00f3sito \u2013 Rick Warren - tzionlibreria.com<\/title>\n<meta name=\"description\" content=\"Este libro ayuda a entender el incre\u00edble plan de Dios para sus vidas, y empezar a vivir la vida para la cual Dios nos cre\u00f3.\" \/>\n<meta name=\"robots\" content=\"index, follow, max-snippet:-1, max-image-preview:large, max-video-preview:-1\" \/>\n<link rel=\"canonical\" href=\"https:\/\/tzionlibreria.com\/index.php\/product\/una-vida-con-proposito-rick-warren\/\" \/>\n<meta property=\"og:locale\" content=\"es_ES\" \/>\n<meta property=\"og:type\" content=\"article\" \/>\n<meta property=\"og:title\" content=\"Una Vida Con Prop\u00f3sito \u2013 Rick Warren - tzionlibreria.com\" \/>\n<meta property=\"og:description\" content=\"Este libro ayuda a entender el incre\u00edble plan de Dios para sus vidas, y empezar a vivir la vida para la cual Dios nos cre\u00f3.\" \/>\n<meta property=\"og:url\" content=\"https:\/\/tzionlibreria.com\/index.php\/product\/una-vida-con-proposito-rick-warren\/\" \/>\n<meta property=\"og:site_name\" content=\"tzionlibreria.com\" \/>\n<meta property=\"article:modified_time\" content=\"2025-12-09T15:51:16+00:00\" \/>\n<meta property=\"og:image\" content=\"http:\/\/tzionlibreria.com\/wp-content\/uploads\/2023\/10\/Vida-con-Proposito.webp\" \/>\n\t<meta property=\"og:image:width\" content=\"1070\" \/>\n\t<meta property=\"og:image:height\" content=\"991\" \/>\n\t<meta property=\"og:image:type\" content=\"image\/webp\" \/>\n<meta name=\"twitter:card\" content=\"summary_large_image\" \/>\n<meta name=\"twitter:label1\" content=\"Tiempo de lectura\" \/>\n\t<meta name=\"twitter:data1\" content=\"2 minutos\" \/>\n<script type=\"application\/ld+json\" class=\"yoast-schema-graph\">{\"@context\":\"https:\\\/\\\/schema.org\",\"@graph\":[{\"@type\":\"WebPage\",\"@id\":\"https:\\\/\\\/tzionlibreria.com\\\/index.php\\\/product\\\/una-vida-con-proposito-rick-warren\\\/\",\"url\":\"https:\\\/\\\/tzionlibreria.com\\\/index.php\\\/product\\\/una-vida-con-proposito-rick-warren\\\/\",\"name\":\"Una Vida Con Prop\u00f3sito \u2013 Rick Warren - tzionlibreria.com\",\"isPartOf\":{\"@id\":\"https:\\\/\\\/tzionlibreria.com\\\/#website\"},\"primaryImageOfPage\":{\"@id\":\"https:\\\/\\\/tzionlibreria.com\\\/index.php\\\/product\\\/una-vida-con-proposito-rick-warren\\\/#primaryimage\"},\"image\":{\"@id\":\"https:\\\/\\\/tzionlibreria.com\\\/index.php\\\/product\\\/una-vida-con-proposito-rick-warren\\\/#primaryimage\"},\"thumbnailUrl\":\"https:\\\/\\\/tzionlibreria.com\\\/wp-content\\\/uploads\\\/2023\\\/10\\\/Vida-con-Proposito.webp\",\"datePublished\":\"2023-10-25T21:27:03+00:00\",\"dateModified\":\"2025-12-09T15:51:16+00:00\",\"description\":\"Este libro ayuda a entender el incre\u00edble plan de Dios para sus vidas, y empezar a vivir la vida para la cual Dios nos cre\u00f3.\",\"breadcrumb\":{\"@id\":\"https:\\\/\\\/tzionlibreria.com\\\/index.php\\\/product\\\/una-vida-con-proposito-rick-warren\\\/#breadcrumb\"},\"inLanguage\":\"es-CO\",\"potentialAction\":[{\"@type\":\"ReadAction\",\"target\":[\"https:\\\/\\\/tzionlibreria.com\\\/index.php\\\/product\\\/una-vida-con-proposito-rick-warren\\\/\"]}]},{\"@type\":\"ImageObject\",\"inLanguage\":\"es-CO\",\"@id\":\"https:\\\/\\\/tzionlibreria.com\\\/index.php\\\/product\\\/una-vida-con-proposito-rick-warren\\\/#primaryimage\",\"url\":\"https:\\\/\\\/tzionlibreria.com\\\/wp-content\\\/uploads\\\/2023\\\/10\\\/Vida-con-Proposito.webp\",\"contentUrl\":\"https:\\\/\\\/tzionlibreria.com\\\/wp-content\\\/uploads\\\/2023\\\/10\\\/Vida-con-Proposito.webp\",\"width\":1070,\"height\":991},{\"@type\":\"BreadcrumbList\",\"@id\":\"https:\\\/\\\/tzionlibreria.com\\\/index.php\\\/product\\\/una-vida-con-proposito-rick-warren\\\/#breadcrumb\",\"itemListElement\":[{\"@type\":\"ListItem\",\"position\":1,\"name\":\"Inicio\",\"item\":\"https:\\\/\\\/tzionlibreria.com\\\/\"},{\"@type\":\"ListItem\",\"position\":2,\"name\":\"Shop\",\"item\":\"https:\\\/\\\/tzionlibreria.com\\\/index.php\\\/shop\\\/\"},{\"@type\":\"ListItem\",\"position\":3,\"name\":\"Una Vida Con Prop\u00f3sito \u2013 Rick Warren\"}]},{\"@type\":\"WebSite\",\"@id\":\"https:\\\/\\\/tzionlibreria.com\\\/#website\",\"url\":\"https:\\\/\\\/tzionlibreria.com\\\/\",\"name\":\"tzionlibreria.com\",\"description\":\"Libreria Cristiana Venezuela\",\"publisher\":{\"@id\":\"https:\\\/\\\/tzionlibreria.com\\\/#organization\"},\"potentialAction\":[{\"@type\":\"SearchAction\",\"target\":{\"@type\":\"EntryPoint\",\"urlTemplate\":\"https:\\\/\\\/tzionlibreria.com\\\/?s={search_term_string}\"},\"query-input\":{\"@type\":\"PropertyValueSpecification\",\"valueRequired\":true,\"valueName\":\"search_term_string\"}}],\"inLanguage\":\"es-CO\"},{\"@type\":\"Organization\",\"@id\":\"https:\\\/\\\/tzionlibreria.com\\\/#organization\",\"name\":\"tzionlibreria.com\",\"url\":\"https:\\\/\\\/tzionlibreria.com\\\/\",\"logo\":{\"@type\":\"ImageObject\",\"inLanguage\":\"es-CO\",\"@id\":\"https:\\\/\\\/tzionlibreria.com\\\/#\\\/schema\\\/logo\\\/image\\\/\",\"url\":\"https:\\\/\\\/tzionlibreria.com\\\/wp-content\\\/uploads\\\/2023\\\/10\\\/cropped-Cuadricula-scaled-1.jpg\",\"contentUrl\":\"https:\\\/\\\/tzionlibreria.com\\\/wp-content\\\/uploads\\\/2023\\\/10\\\/cropped-Cuadricula-scaled-1.jpg\",\"width\":2560,\"height\":2560,\"caption\":\"tzionlibreria.com\"},\"image\":{\"@id\":\"https:\\\/\\\/tzionlibreria.com\\\/#\\\/schema\\\/logo\\\/image\\\/\"}}]}<\/script>\n<!-- \/ Yoast SEO plugin. -->","yoast_head_json":{"title":"Una Vida Con Prop\u00f3sito \u2013 Rick Warren - tzionlibreria.com","description":"Este libro ayuda a entender el incre\u00edble plan de Dios para sus vidas, y empezar a vivir la vida para la cual Dios nos cre\u00f3.","robots":{"index":"index","follow":"follow","max-snippet":"max-snippet:-1","max-image-preview":"max-image-preview:large","max-video-preview":"max-video-preview:-1"},"canonical":"https:\/\/tzionlibreria.com\/index.php\/product\/una-vida-con-proposito-rick-warren\/","og_locale":"es_ES","og_type":"article","og_title":"Una Vida Con Prop\u00f3sito \u2013 Rick Warren - tzionlibreria.com","og_description":"Este libro ayuda a entender el incre\u00edble plan de Dios para sus vidas, y empezar a vivir la vida para la cual Dios nos cre\u00f3.","og_url":"https:\/\/tzionlibreria.com\/index.php\/product\/una-vida-con-proposito-rick-warren\/","og_site_name":"tzionlibreria.com","article_modified_time":"2025-12-09T15:51:16+00:00","og_image":[{"width":1070,"height":991,"url":"http:\/\/tzionlibreria.com\/wp-content\/uploads\/2023\/10\/Vida-con-Proposito.webp","type":"image\/webp"}],"twitter_card":"summary_large_image","twitter_misc":{"Tiempo de lectura":"2 minutos"},"schema":{"@context":"https:\/\/schema.org","@graph":[{"@type":"WebPage","@id":"https:\/\/tzionlibreria.com\/index.php\/product\/una-vida-con-proposito-rick-warren\/","url":"https:\/\/tzionlibreria.com\/index.php\/product\/una-vida-con-proposito-rick-warren\/","name":"Una Vida Con Prop\u00f3sito \u2013 Rick Warren - tzionlibreria.com","isPartOf":{"@id":"https:\/\/tzionlibreria.com\/#website"},"primaryImageOfPage":{"@id":"https:\/\/tzionlibreria.com\/index.php\/product\/una-vida-con-proposito-rick-warren\/#primaryimage"},"image":{"@id":"https:\/\/tzionlibreria.com\/index.php\/product\/una-vida-con-proposito-rick-warren\/#primaryimage"},"thumbnailUrl":"https:\/\/tzionlibreria.com\/wp-content\/uploads\/2023\/10\/Vida-con-Proposito.webp","datePublished":"2023-10-25T21:27:03+00:00","dateModified":"2025-12-09T15:51:16+00:00","description":"Este libro ayuda a entender el incre\u00edble plan de Dios para sus vidas, y empezar a vivir la vida para la cual Dios nos cre\u00f3.","breadcrumb":{"@id":"https:\/\/tzionlibreria.com\/index.php\/product\/una-vida-con-proposito-rick-warren\/#breadcrumb"},"inLanguage":"es-CO","potentialAction":[{"@type":"ReadAction","target":["https:\/\/tzionlibreria.com\/index.php\/product\/una-vida-con-proposito-rick-warren\/"]}]},{"@type":"ImageObject","inLanguage":"es-CO","@id":"https:\/\/tzionlibreria.com\/index.php\/product\/una-vida-con-proposito-rick-warren\/#primaryimage","url":"https:\/\/tzionlibreria.com\/wp-content\/uploads\/2023\/10\/Vida-con-Proposito.webp","contentUrl":"https:\/\/tzionlibreria.com\/wp-content\/uploads\/2023\/10\/Vida-con-Proposito.webp","width":1070,"height":991},{"@type":"BreadcrumbList","@id":"https:\/\/tzionlibreria.com\/index.php\/product\/una-vida-con-proposito-rick-warren\/#breadcrumb","itemListElement":[{"@type":"ListItem","position":1,"name":"Inicio","item":"https:\/\/tzionlibreria.com\/"},{"@type":"ListItem","position":2,"name":"Shop","item":"https:\/\/tzionlibreria.com\/index.php\/shop\/"},{"@type":"ListItem","position":3,"name":"Una Vida Con Prop\u00f3sito \u2013 Rick Warren"}]},{"@type":"WebSite","@id":"https:\/\/tzionlibreria.com\/#website","url":"https:\/\/tzionlibreria.com\/","name":"tzionlibreria.com","description":"Libreria Cristiana Venezuela","publisher":{"@id":"https:\/\/tzionlibreria.com\/#organization"},"potentialAction":[{"@type":"SearchAction","target":{"@type":"EntryPoint","urlTemplate":"https:\/\/tzionlibreria.com\/?s={search_term_string}"},"query-input":{"@type":"PropertyValueSpecification","valueRequired":true,"valueName":"search_term_string"}}],"inLanguage":"es-CO"},{"@type":"Organization","@id":"https:\/\/tzionlibreria.com\/#organization","name":"tzionlibreria.com","url":"https:\/\/tzionlibreria.com\/","logo":{"@type":"ImageObject","inLanguage":"es-CO","@id":"https:\/\/tzionlibreria.com\/#\/schema\/logo\/image\/","url":"https:\/\/tzionlibreria.com\/wp-content\/uploads\/2023\/10\/cropped-Cuadricula-scaled-1.jpg","contentUrl":"https:\/\/tzionlibreria.com\/wp-content\/uploads\/2023\/10\/cropped-Cuadricula-scaled-1.jpg","width":2560,"height":2560,"caption":"tzionlibreria.com"},"image":{"@id":"https:\/\/tzionlibreria.com\/#\/schema\/logo\/image\/"}}]}},"jetpack_sharing_enabled":true,"_links":{"self":[{"href":"https:\/\/tzionlibreria.com\/index.php\/wp-json\/wp\/v2\/product\/992","targetHints":{"allow":["GET"]}}],"collection":[{"href":"https:\/\/tzionlibreria.com\/index.php\/wp-json\/wp\/v2\/product"}],"about":[{"href":"https:\/\/tzionlibreria.com\/index.php\/wp-json\/wp\/v2\/types\/product"}],"replies":[{"embeddable":true,"href":"https:\/\/tzionlibreria.com\/index.php\/wp-json\/wp\/v2\/comments?post=992"}],"wp:featuredmedia":[{"embeddable":true,"href":"https:\/\/tzionlibreria.com\/index.php\/wp-json\/wp\/v2\/media\/1003"}],"wp:attachment":[{"href":"https:\/\/tzionlibreria.com\/index.php\/wp-json\/wp\/v2\/media?parent=992"}],"wp:term":[{"taxonomy":"product_brand","embeddable":true,"href":"https:\/\/tzionlibreria.com\/index.php\/wp-json\/wp\/v2\/product_brand?post=992"},{"taxonomy":"product_cat","embeddable":true,"href":"https:\/\/tzionlibreria.com\/index.php\/wp-json\/wp\/v2\/product_cat?post=992"},{"taxonomy":"product_tag","embeddable":true,"href":"https:\/\/tzionlibreria.com\/index.php\/wp-json\/wp\/v2\/product_tag?post=992"}],"curies":[{"name":"wp","href":"https:\/\/api.w.org\/{rel}","templated":true}]}}